{"id":291740,"date":"2025-02-07T10:05:58","date_gmt":"2025-02-07T10:05:58","guid":{"rendered":"https:\/\/www.visatravel.fr\/?post_type=product&#038;p=291740"},"modified":"2026-02-27T16:12:03","modified_gmt":"2026-02-27T16:12:03","slug":"visa-tunisia-tourism-single-entry-2","status":"publish","type":"product","link":"https:\/\/www.visatravel.fr\/en\/product\/visa-tunisia-tourism-single-entry-2\/","title":{"rendered":"Visa &#8211; Tunisia Tourism Single entry"},"content":{"rendered":"<p>To travel to Tunisia, if you are of French nationality, you generally do not need a visa for a business or tourist stay not exceeding 90 days. However, certain requests may require a visa, particularly depending on your nationality or dual nationality.<\/p>\n<p>Visa Travel International is an agency approved by the Tunisian consulate to assist you in your procedures, whatever the type of visa you need.<\/p>\n<p>To this end, you will find on this page all the information and answers to questions that will be useful to you in obtaining your visa. If this is not the case, do not hesitate to get back to us so that we can give you all the information you need.<\/p>\n","protected":false},"excerpt":{"rendered":"<p>To travel to Tunisia, if you are of French nationality, you generally do not need a visa for a business or tourist stay not exceeding 90 days. However, certain requests may require a visa, particularly depending on your nationality or dual nationality.<\/p>\n<p>Visa Travel International is an agency approved by the Tunisian consulate to assist you in your procedures, whatever the type of visa you need.<\/p>\n<p>To this end, you will find on this page all the information and answers to questions that will be useful to you in obtaining your visa. If this is not the case, do not hesitate to get back to us so that we can give you all the information you need.<\/p>\n","protected":false},"featured_media":0,"template":"","meta":{"_et_pb_use_builder":"","_et_pb_old_content":"","_et_gb_content_width":""},"product_cat":[45],"product_tag":[1316],"yoast_head":"<!-- This site is optimized with the Yoast SEO plugin v19.7.1 - https:\/\/yoast.com\/wordpress\/plugins\/seo\/ -->\n<title>VISA | TUNISIA | VISA TRAVEL INTERNATIONAL<\/title>\n<meta name=\"robots\" content=\"index, follow, max-snippet:-1, max-image-preview:large, max-video-preview:-1\" \/>\n<link rel=\"canonical\" href=\"https:\/\/www.visatravel.fr\/en\/product\/visa-tunisia-tourism-single-entry-2\/\" \/>\n<meta property=\"og:locale\" content=\"en_US\" \/>\n<meta property=\"og:type\" content=\"article\" \/>\n<meta property=\"og:title\" content=\"VISA | TUNISIA | VISA TRAVEL INTERNATIONAL\" \/>\n<meta property=\"og:description\" content=\"To travel to Tunisia, if you are of French nationality, you generally do not need a visa for a business or tourist stay not exceeding 90 days. However, certain requests may require a visa, particularly depending on your nationality or dual nationality.  Visa Travel International is an agency approved by the Tunisian consulate to assist you in your procedures, whatever the type of visa you need.  To this end, you will find on this page all the information and answers to questions that will be useful to you in obtaining your visa. If this is not the case, do not hesitate to get back to us so that we can give you all the information you need.\" \/>\n<meta property=\"og:url\" content=\"https:\/\/www.visatravel.fr\/en\/product\/visa-tunisia-tourism-single-entry-2\/\" \/>\n<meta property=\"og:site_name\" content=\"Visa Travel International\" \/>\n<meta property=\"article:modified_time\" content=\"2026-02-27T16:12:03+00:00\" \/>\n<meta name=\"twitter:card\" content=\"summary_large_image\" \/>\n<meta name=\"twitter:label1\" content=\"Est. reading time\" \/>\n\t<meta name=\"twitter:data1\" content=\"1 minute\" \/>\n<script type=\"application\/ld+json\" class=\"yoast-schema-graph\">{\"@context\":\"https:\/\/schema.org\",\"@graph\":[{\"@type\":\"WebPage\",\"@id\":\"https:\/\/www.visatravel.fr\/en\/product\/visa-tunisia-tourism-single-entry-2\/\",\"url\":\"https:\/\/www.visatravel.fr\/en\/product\/visa-tunisia-tourism-single-entry-2\/\",\"name\":\"VISA | TUNISIA | VISA TRAVEL INTERNATIONAL\",\"isPartOf\":{\"@id\":\"https:\/\/www.visatravel.fr\/en\/#website\"},\"datePublished\":\"2025-02-07T10:05:58+00:00\",\"dateModified\":\"2026-02-27T16:12:03+00:00\",\"breadcrumb\":{\"@id\":\"https:\/\/www.visatravel.fr\/en\/product\/visa-tunisia-tourism-single-entry-2\/#breadcrumb\"},\"inLanguage\":\"en-US\",\"potentialAction\":[{\"@type\":\"ReadAction\",\"target\":[\"https:\/\/www.visatravel.fr\/en\/product\/visa-tunisia-tourism-single-entry-2\/\"]}]},{\"@type\":\"BreadcrumbList\",\"@id\":\"https:\/\/www.visatravel.fr\/en\/product\/visa-tunisia-tourism-single-entry-2\/#breadcrumb\",\"itemListElement\":[{\"@type\":\"ListItem\",\"position\":1,\"name\":\"Home\",\"item\":\"https:\/\/www.visatravel.fr\/en\/\"},{\"@type\":\"ListItem\",\"position\":2,\"name\":\"Products\",\"item\":\"https:\/\/www.visatravel.fr\/en\/shop\/\"},{\"@type\":\"ListItem\",\"position\":3,\"name\":\"Visa &#8211; Tunisia Tourism Single entry\"}]},{\"@type\":\"WebSite\",\"@id\":\"https:\/\/www.visatravel.fr\/en\/#website\",\"url\":\"https:\/\/www.visatravel.fr\/en\/\",\"name\":\"Visa Travel International\",\"description\":\"Visa Travel International est une soci\u00e9t\u00e9 fran\u00e7aise d\u00e9di\u00e9e \u00e0 la mobilit\u00e9 dans le monde, dirig\u00e9e par des professionnels du tourisme \u00e0 votre \u00e9coute.\",\"potentialAction\":[{\"@type\":\"SearchAction\",\"target\":{\"@type\":\"EntryPoint\",\"urlTemplate\":\"https:\/\/www.visatravel.fr\/en\/?s={search_term_string}\"},\"query-input\":\"required name=search_term_string\"}],\"inLanguage\":\"en-US\"}]}<\/script>\n<!-- \/ Yoast SEO plugin. -->","yoast_head_json":{"title":"VISA | TUNISIA | VISA TRAVEL INTERNATIONAL","robots":{"index":"index","follow":"follow","max-snippet":"max-snippet:-1","max-image-preview":"max-image-preview:large","max-video-preview":"max-video-preview:-1"},"canonical":"https:\/\/www.visatravel.fr\/en\/product\/visa-tunisia-tourism-single-entry-2\/","og_locale":"en_US","og_type":"article","og_title":"VISA | TUNISIA | VISA TRAVEL INTERNATIONAL","og_description":"To travel to Tunisia, if you are of French nationality, you generally do not need a visa for a business or tourist stay not exceeding 90 days. However, certain requests may require a visa, particularly depending on your nationality or dual nationality.  Visa Travel International is an agency approved by the Tunisian consulate to assist you in your procedures, whatever the type of visa you need.  To this end, you will find on this page all the information and answers to questions that will be useful to you in obtaining your visa. If this is not the case, do not hesitate to get back to us so that we can give you all the information you need.","og_url":"https:\/\/www.visatravel.fr\/en\/product\/visa-tunisia-tourism-single-entry-2\/","og_site_name":"Visa Travel International","article_modified_time":"2026-02-27T16:12:03+00:00","twitter_card":"summary_large_image","twitter_misc":{"Est. reading time":"1 minute"},"schema":{"@context":"https:\/\/schema.org","@graph":[{"@type":"WebPage","@id":"https:\/\/www.visatravel.fr\/en\/product\/visa-tunisia-tourism-single-entry-2\/","url":"https:\/\/www.visatravel.fr\/en\/product\/visa-tunisia-tourism-single-entry-2\/","name":"VISA | TUNISIA | VISA TRAVEL INTERNATIONAL","isPartOf":{"@id":"https:\/\/www.visatravel.fr\/en\/#website"},"datePublished":"2025-02-07T10:05:58+00:00","dateModified":"2026-02-27T16:12:03+00:00","breadcrumb":{"@id":"https:\/\/www.visatravel.fr\/en\/product\/visa-tunisia-tourism-single-entry-2\/#breadcrumb"},"inLanguage":"en-US","potentialAction":[{"@type":"ReadAction","target":["https:\/\/www.visatravel.fr\/en\/product\/visa-tunisia-tourism-single-entry-2\/"]}]},{"@type":"BreadcrumbList","@id":"https:\/\/www.visatravel.fr\/en\/product\/visa-tunisia-tourism-single-entry-2\/#breadcrumb","itemListElement":[{"@type":"ListItem","position":1,"name":"Home","item":"https:\/\/www.visatravel.fr\/en\/"},{"@type":"ListItem","position":2,"name":"Products","item":"https:\/\/www.visatravel.fr\/en\/shop\/"},{"@type":"ListItem","position":3,"name":"Visa &#8211; Tunisia Tourism Single entry"}]},{"@type":"WebSite","@id":"https:\/\/www.visatravel.fr\/en\/#website","url":"https:\/\/www.visatravel.fr\/en\/","name":"Visa Travel International","description":"Visa Travel International est une soci\u00e9t\u00e9 fran\u00e7aise d\u00e9di\u00e9e \u00e0 la mobilit\u00e9 dans le monde, dirig\u00e9e par des professionnels du tourisme \u00e0 votre \u00e9coute.","potentialAction":[{"@type":"SearchAction","target":{"@type":"EntryPoint","urlTemplate":"https:\/\/www.visatravel.fr\/en\/?s={search_term_string}"},"query-input":"required name=search_term_string"}],"inLanguage":"en-US"}]}},"_links":{"self":[{"href":"https:\/\/www.visatravel.fr\/en\/wp-json\/wp\/v2\/product\/291740"}],"collection":[{"href":"https:\/\/www.visatravel.fr\/en\/wp-json\/wp\/v2\/product"}],"about":[{"href":"https:\/\/www.visatravel.fr\/en\/wp-json\/wp\/v2\/types\/product"}],"wp:attachment":[{"href":"https:\/\/www.visatravel.fr\/en\/wp-json\/wp\/v2\/media?parent=291740"}],"wp:term":[{"taxonomy":"product_cat","embeddable":true,"href":"https:\/\/www.visatravel.fr\/en\/wp-json\/wp\/v2\/product_cat?post=291740"},{"taxonomy":"product_tag","embeddable":true,"href":"https:\/\/www.visatravel.fr\/en\/wp-json\/wp\/v2\/product_tag?post=291740"}],"curies":[{"name":"wp","href":"https:\/\/api.w.org\/{rel}","templated":true}]}}