{"id":291613,"date":"2025-02-07T10:02:44","date_gmt":"2025-02-07T10:02:44","guid":{"rendered":"https:\/\/www.visatravel.fr\/?post_type=product&#038;p=291613"},"modified":"2026-02-27T16:11:10","modified_gmt":"2026-02-27T16:11:10","slug":"afghanistan-multiple-entry-between-5-and-8-days-processing-time","status":"publish","type":"product","link":"https:\/\/www.visatravel.fr\/en\/product\/afghanistan-multiple-entry-between-5-and-8-days-processing-time\/","title":{"rendered":"Afghanistan &#8211; Multiple entry &#8211; Between 5 and 8 days processing time"},"content":{"rendered":"<p>To travel to Afghanistan a visa is required. For visa applications, it is imperative that the applicant presents himself in person at the Consular Section of the embassy to submit his file. On this page you will find all the information and answers to questions that will be useful to you in order to obtain your visa. If this is not the case, please do not hesitate to get back to us so that we can give you all the information you need.<\/p>\n","protected":false},"excerpt":{"rendered":"<p>To travel to Afghanistan a visa is required. For visa applications, it is imperative that the applicant presents himself in person at the Consular Section of the embassy to submit his file. On this page you will find all the information and answers to questions that will be useful to you in order to obtain your visa. If this is not the case, please do not hesitate to get back to us so that we can give you all the information you need.<\/p>\n","protected":false},"featured_media":0,"template":"","meta":{"_et_pb_use_builder":"","_et_pb_old_content":"","_et_gb_content_width":""},"product_cat":[45],"product_tag":[724],"yoast_head":"<!-- This site is optimized with the Yoast SEO plugin v19.7.1 - https:\/\/yoast.com\/wordpress\/plugins\/seo\/ -->\n<title>VISA | AFGHANISTAN | VISA TRAVEL INTERNATIONAL<\/title>\n<meta name=\"robots\" content=\"index, follow, max-snippet:-1, max-image-preview:large, max-video-preview:-1\" \/>\n<link rel=\"canonical\" href=\"https:\/\/www.visatravel.fr\/en\/product\/afghanistan-multiple-entry-between-5-and-8-days-processing-time\/\" \/>\n<meta property=\"og:locale\" content=\"en_US\" \/>\n<meta property=\"og:type\" content=\"article\" \/>\n<meta property=\"og:title\" content=\"VISA | AFGHANISTAN | VISA TRAVEL INTERNATIONAL\" \/>\n<meta property=\"og:description\" content=\"To travel to Afghanistan a visa is required. For visa applications, it is imperative that the applicant presents himself in person at the Consular Section of the embassy to submit his file. On this page you will find all the information and answers to questions that will be useful to you in order to obtain your visa. If this is not the case, please do not hesitate to get back to us so that we can give you all the information you need.\" \/>\n<meta property=\"og:url\" content=\"https:\/\/www.visatravel.fr\/en\/product\/afghanistan-multiple-entry-between-5-and-8-days-processing-time\/\" \/>\n<meta property=\"og:site_name\" content=\"Visa Travel International\" \/>\n<meta property=\"article:modified_time\" content=\"2026-02-27T16:11:10+00:00\" \/>\n<meta name=\"twitter:card\" content=\"summary_large_image\" \/>\n<meta name=\"twitter:label1\" content=\"Est. reading time\" \/>\n\t<meta name=\"twitter:data1\" content=\"1 minute\" \/>\n<script type=\"application\/ld+json\" class=\"yoast-schema-graph\">{\"@context\":\"https:\/\/schema.org\",\"@graph\":[{\"@type\":\"WebPage\",\"@id\":\"https:\/\/www.visatravel.fr\/en\/product\/afghanistan-multiple-entry-between-5-and-8-days-processing-time\/\",\"url\":\"https:\/\/www.visatravel.fr\/en\/product\/afghanistan-multiple-entry-between-5-and-8-days-processing-time\/\",\"name\":\"VISA | AFGHANISTAN | VISA TRAVEL INTERNATIONAL\",\"isPartOf\":{\"@id\":\"https:\/\/www.visatravel.fr\/en\/#website\"},\"datePublished\":\"2025-02-07T10:02:44+00:00\",\"dateModified\":\"2026-02-27T16:11:10+00:00\",\"breadcrumb\":{\"@id\":\"https:\/\/www.visatravel.fr\/en\/product\/afghanistan-multiple-entry-between-5-and-8-days-processing-time\/#breadcrumb\"},\"inLanguage\":\"en-US\",\"potentialAction\":[{\"@type\":\"ReadAction\",\"target\":[\"https:\/\/www.visatravel.fr\/en\/product\/afghanistan-multiple-entry-between-5-and-8-days-processing-time\/\"]}]},{\"@type\":\"BreadcrumbList\",\"@id\":\"https:\/\/www.visatravel.fr\/en\/product\/afghanistan-multiple-entry-between-5-and-8-days-processing-time\/#breadcrumb\",\"itemListElement\":[{\"@type\":\"ListItem\",\"position\":1,\"name\":\"Home\",\"item\":\"https:\/\/www.visatravel.fr\/en\/\"},{\"@type\":\"ListItem\",\"position\":2,\"name\":\"Products\",\"item\":\"https:\/\/www.visatravel.fr\/en\/shop\/\"},{\"@type\":\"ListItem\",\"position\":3,\"name\":\"Afghanistan &#8211; Multiple entry &#8211; Between 5 and 8 days processing time\"}]},{\"@type\":\"WebSite\",\"@id\":\"https:\/\/www.visatravel.fr\/en\/#website\",\"url\":\"https:\/\/www.visatravel.fr\/en\/\",\"name\":\"Visa Travel International\",\"description\":\"Visa Travel International est une soci\u00e9t\u00e9 fran\u00e7aise d\u00e9di\u00e9e \u00e0 la mobilit\u00e9 dans le monde, dirig\u00e9e par des professionnels du tourisme \u00e0 votre \u00e9coute.\",\"potentialAction\":[{\"@type\":\"SearchAction\",\"target\":{\"@type\":\"EntryPoint\",\"urlTemplate\":\"https:\/\/www.visatravel.fr\/en\/?s={search_term_string}\"},\"query-input\":\"required name=search_term_string\"}],\"inLanguage\":\"en-US\"}]}<\/script>\n<!-- \/ Yoast SEO plugin. -->","yoast_head_json":{"title":"VISA | AFGHANISTAN | VISA TRAVEL INTERNATIONAL","robots":{"index":"index","follow":"follow","max-snippet":"max-snippet:-1","max-image-preview":"max-image-preview:large","max-video-preview":"max-video-preview:-1"},"canonical":"https:\/\/www.visatravel.fr\/en\/product\/afghanistan-multiple-entry-between-5-and-8-days-processing-time\/","og_locale":"en_US","og_type":"article","og_title":"VISA | AFGHANISTAN | VISA TRAVEL INTERNATIONAL","og_description":"To travel to Afghanistan a visa is required. For visa applications, it is imperative that the applicant presents himself in person at the Consular Section of the embassy to submit his file. On this page you will find all the information and answers to questions that will be useful to you in order to obtain your visa. If this is not the case, please do not hesitate to get back to us so that we can give you all the information you need.","og_url":"https:\/\/www.visatravel.fr\/en\/product\/afghanistan-multiple-entry-between-5-and-8-days-processing-time\/","og_site_name":"Visa Travel International","article_modified_time":"2026-02-27T16:11:10+00:00","twitter_card":"summary_large_image","twitter_misc":{"Est. reading time":"1 minute"},"schema":{"@context":"https:\/\/schema.org","@graph":[{"@type":"WebPage","@id":"https:\/\/www.visatravel.fr\/en\/product\/afghanistan-multiple-entry-between-5-and-8-days-processing-time\/","url":"https:\/\/www.visatravel.fr\/en\/product\/afghanistan-multiple-entry-between-5-and-8-days-processing-time\/","name":"VISA | AFGHANISTAN | VISA TRAVEL INTERNATIONAL","isPartOf":{"@id":"https:\/\/www.visatravel.fr\/en\/#website"},"datePublished":"2025-02-07T10:02:44+00:00","dateModified":"2026-02-27T16:11:10+00:00","breadcrumb":{"@id":"https:\/\/www.visatravel.fr\/en\/product\/afghanistan-multiple-entry-between-5-and-8-days-processing-time\/#breadcrumb"},"inLanguage":"en-US","potentialAction":[{"@type":"ReadAction","target":["https:\/\/www.visatravel.fr\/en\/product\/afghanistan-multiple-entry-between-5-and-8-days-processing-time\/"]}]},{"@type":"BreadcrumbList","@id":"https:\/\/www.visatravel.fr\/en\/product\/afghanistan-multiple-entry-between-5-and-8-days-processing-time\/#breadcrumb","itemListElement":[{"@type":"ListItem","position":1,"name":"Home","item":"https:\/\/www.visatravel.fr\/en\/"},{"@type":"ListItem","position":2,"name":"Products","item":"https:\/\/www.visatravel.fr\/en\/shop\/"},{"@type":"ListItem","position":3,"name":"Afghanistan &#8211; Multiple entry &#8211; Between 5 and 8 days processing time"}]},{"@type":"WebSite","@id":"https:\/\/www.visatravel.fr\/en\/#website","url":"https:\/\/www.visatravel.fr\/en\/","name":"Visa Travel International","description":"Visa Travel International est une soci\u00e9t\u00e9 fran\u00e7aise d\u00e9di\u00e9e \u00e0 la mobilit\u00e9 dans le monde, dirig\u00e9e par des professionnels du tourisme \u00e0 votre \u00e9coute.","potentialAction":[{"@type":"SearchAction","target":{"@type":"EntryPoint","urlTemplate":"https:\/\/www.visatravel.fr\/en\/?s={search_term_string}"},"query-input":"required name=search_term_string"}],"inLanguage":"en-US"}]}},"_links":{"self":[{"href":"https:\/\/www.visatravel.fr\/en\/wp-json\/wp\/v2\/product\/291613"}],"collection":[{"href":"https:\/\/www.visatravel.fr\/en\/wp-json\/wp\/v2\/product"}],"about":[{"href":"https:\/\/www.visatravel.fr\/en\/wp-json\/wp\/v2\/types\/product"}],"wp:attachment":[{"href":"https:\/\/www.visatravel.fr\/en\/wp-json\/wp\/v2\/media?parent=291613"}],"wp:term":[{"taxonomy":"product_cat","embeddable":true,"href":"https:\/\/www.visatravel.fr\/en\/wp-json\/wp\/v2\/product_cat?post=291613"},{"taxonomy":"product_tag","embeddable":true,"href":"https:\/\/www.visatravel.fr\/en\/wp-json\/wp\/v2\/product_tag?post=291613"}],"curies":[{"name":"wp","href":"https:\/\/api.w.org\/{rel}","templated":true}]}}