{"id":290189,"date":"2024-12-05T12:43:57","date_gmt":"2024-12-05T12:43:57","guid":{"rendered":"https:\/\/www.visatravel.fr\/?post_type=product&#038;p=290189"},"modified":"2026-02-13T12:01:26","modified_gmt":"2026-02-13T12:01:26","slug":"afghanistan-assistance-constitution-dossier-et-recuperation-passeport","status":"publish","type":"product","link":"https:\/\/www.visatravel.fr\/en\/product\/afghanistan-assistance-constitution-dossier-et-recuperation-passeport\/","title":{"rendered":"Afghanistan &#8211; Assistance constitution dossier et r\u00e9cup\u00e9ration passeport"},"content":{"rendered":"","protected":false},"excerpt":{"rendered":"","protected":false},"featured_media":0,"template":"","meta":{"_et_pb_use_builder":"","_et_pb_old_content":"","_et_gb_content_width":""},"product_cat":[45],"product_tag":[724],"yoast_head":"<!-- This site is optimized with the Yoast SEO plugin v19.7.1 - https:\/\/yoast.com\/wordpress\/plugins\/seo\/ -->\n<title>Afghanistan - Assistance constitution dossier et r\u00e9cup\u00e9ration passeport - Visa Travel International<\/title>\n<meta name=\"robots\" content=\"index, follow, max-snippet:-1, max-image-preview:large, max-video-preview:-1\" \/>\n<link rel=\"canonical\" href=\"https:\/\/www.visatravel.fr\/product\/afghanistan-assistance-constitution-dossier-et-recuperation-passeport\/\" \/>\n<meta property=\"og:locale\" content=\"en_US\" \/>\n<meta property=\"og:type\" content=\"article\" \/>\n<meta property=\"og:title\" content=\"Afghanistan - Assistance constitution dossier et r\u00e9cup\u00e9ration passeport - Visa Travel International\" \/>\n<meta property=\"og:url\" content=\"https:\/\/www.visatravel.fr\/product\/afghanistan-assistance-constitution-dossier-et-recuperation-passeport\/\" \/>\n<meta property=\"og:site_name\" content=\"Visa Travel International\" \/>\n<meta property=\"article:modified_time\" content=\"2026-02-13T12:01:26+00:00\" \/>\n<meta name=\"twitter:card\" content=\"summary_large_image\" \/>\n<script type=\"application\/ld+json\" class=\"yoast-schema-graph\">{\"@context\":\"https:\/\/schema.org\",\"@graph\":[{\"@type\":\"WebPage\",\"@id\":\"https:\/\/www.visatravel.fr\/product\/afghanistan-assistance-constitution-dossier-et-recuperation-passeport\/\",\"url\":\"https:\/\/www.visatravel.fr\/product\/afghanistan-assistance-constitution-dossier-et-recuperation-passeport\/\",\"name\":\"Afghanistan - Assistance constitution dossier et r\u00e9cup\u00e9ration passeport - Visa Travel International\",\"isPartOf\":{\"@id\":\"https:\/\/www.visatravel.fr\/en\/#website\"},\"datePublished\":\"2024-12-05T12:43:57+00:00\",\"dateModified\":\"2026-02-13T12:01:26+00:00\",\"breadcrumb\":{\"@id\":\"https:\/\/www.visatravel.fr\/product\/afghanistan-assistance-constitution-dossier-et-recuperation-passeport\/#breadcrumb\"},\"inLanguage\":\"en-US\",\"potentialAction\":[{\"@type\":\"ReadAction\",\"target\":[\"https:\/\/www.visatravel.fr\/product\/afghanistan-assistance-constitution-dossier-et-recuperation-passeport\/\"]}]},{\"@type\":\"BreadcrumbList\",\"@id\":\"https:\/\/www.visatravel.fr\/product\/afghanistan-assistance-constitution-dossier-et-recuperation-passeport\/#breadcrumb\",\"itemListElement\":[{\"@type\":\"ListItem\",\"position\":1,\"name\":\"Home\",\"item\":\"https:\/\/www.visatravel.fr\/en\/\"},{\"@type\":\"ListItem\",\"position\":2,\"name\":\"Products\",\"item\":\"https:\/\/www.visatravel.fr\/en\/shop\/\"},{\"@type\":\"ListItem\",\"position\":3,\"name\":\"Afghanistan &#8211; Assistance constitution dossier et r\u00e9cup\u00e9ration passeport\"}]},{\"@type\":\"WebSite\",\"@id\":\"https:\/\/www.visatravel.fr\/en\/#website\",\"url\":\"https:\/\/www.visatravel.fr\/en\/\",\"name\":\"Visa Travel International\",\"description\":\"Visa Travel International est une soci\u00e9t\u00e9 fran\u00e7aise d\u00e9di\u00e9e \u00e0 la mobilit\u00e9 dans le monde, dirig\u00e9e par des professionnels du tourisme \u00e0 votre \u00e9coute.\",\"potentialAction\":[{\"@type\":\"SearchAction\",\"target\":{\"@type\":\"EntryPoint\",\"urlTemplate\":\"https:\/\/www.visatravel.fr\/en\/?s={search_term_string}\"},\"query-input\":\"required name=search_term_string\"}],\"inLanguage\":\"en-US\"}]}<\/script>\n<!-- \/ Yoast SEO plugin. -->","yoast_head_json":{"title":"Afghanistan - Assistance constitution dossier et r\u00e9cup\u00e9ration passeport - Visa Travel International","robots":{"index":"index","follow":"follow","max-snippet":"max-snippet:-1","max-image-preview":"max-image-preview:large","max-video-preview":"max-video-preview:-1"},"canonical":"https:\/\/www.visatravel.fr\/product\/afghanistan-assistance-constitution-dossier-et-recuperation-passeport\/","og_locale":"en_US","og_type":"article","og_title":"Afghanistan - Assistance constitution dossier et r\u00e9cup\u00e9ration passeport - Visa Travel International","og_url":"https:\/\/www.visatravel.fr\/product\/afghanistan-assistance-constitution-dossier-et-recuperation-passeport\/","og_site_name":"Visa Travel International","article_modified_time":"2026-02-13T12:01:26+00:00","twitter_card":"summary_large_image","schema":{"@context":"https:\/\/schema.org","@graph":[{"@type":"WebPage","@id":"https:\/\/www.visatravel.fr\/product\/afghanistan-assistance-constitution-dossier-et-recuperation-passeport\/","url":"https:\/\/www.visatravel.fr\/product\/afghanistan-assistance-constitution-dossier-et-recuperation-passeport\/","name":"Afghanistan - Assistance constitution dossier et r\u00e9cup\u00e9ration passeport - Visa Travel International","isPartOf":{"@id":"https:\/\/www.visatravel.fr\/en\/#website"},"datePublished":"2024-12-05T12:43:57+00:00","dateModified":"2026-02-13T12:01:26+00:00","breadcrumb":{"@id":"https:\/\/www.visatravel.fr\/product\/afghanistan-assistance-constitution-dossier-et-recuperation-passeport\/#breadcrumb"},"inLanguage":"en-US","potentialAction":[{"@type":"ReadAction","target":["https:\/\/www.visatravel.fr\/product\/afghanistan-assistance-constitution-dossier-et-recuperation-passeport\/"]}]},{"@type":"BreadcrumbList","@id":"https:\/\/www.visatravel.fr\/product\/afghanistan-assistance-constitution-dossier-et-recuperation-passeport\/#breadcrumb","itemListElement":[{"@type":"ListItem","position":1,"name":"Home","item":"https:\/\/www.visatravel.fr\/en\/"},{"@type":"ListItem","position":2,"name":"Products","item":"https:\/\/www.visatravel.fr\/en\/shop\/"},{"@type":"ListItem","position":3,"name":"Afghanistan &#8211; Assistance constitution dossier et r\u00e9cup\u00e9ration passeport"}]},{"@type":"WebSite","@id":"https:\/\/www.visatravel.fr\/en\/#website","url":"https:\/\/www.visatravel.fr\/en\/","name":"Visa Travel International","description":"Visa Travel International est une soci\u00e9t\u00e9 fran\u00e7aise d\u00e9di\u00e9e \u00e0 la mobilit\u00e9 dans le monde, dirig\u00e9e par des professionnels du tourisme \u00e0 votre \u00e9coute.","potentialAction":[{"@type":"SearchAction","target":{"@type":"EntryPoint","urlTemplate":"https:\/\/www.visatravel.fr\/en\/?s={search_term_string}"},"query-input":"required name=search_term_string"}],"inLanguage":"en-US"}]}},"_links":{"self":[{"href":"https:\/\/www.visatravel.fr\/en\/wp-json\/wp\/v2\/product\/290189"}],"collection":[{"href":"https:\/\/www.visatravel.fr\/en\/wp-json\/wp\/v2\/product"}],"about":[{"href":"https:\/\/www.visatravel.fr\/en\/wp-json\/wp\/v2\/types\/product"}],"wp:attachment":[{"href":"https:\/\/www.visatravel.fr\/en\/wp-json\/wp\/v2\/media?parent=290189"}],"wp:term":[{"taxonomy":"product_cat","embeddable":true,"href":"https:\/\/www.visatravel.fr\/en\/wp-json\/wp\/v2\/product_cat?post=290189"},{"taxonomy":"product_tag","embeddable":true,"href":"https:\/\/www.visatravel.fr\/en\/wp-json\/wp\/v2\/product_tag?post=290189"}],"curies":[{"name":"wp","href":"https:\/\/api.w.org\/{rel}","templated":true}]}}