{"id":288804,"date":"2024-09-27T14:06:25","date_gmt":"2024-09-27T14:06:25","guid":{"rendered":"https:\/\/www.visatravel.fr\/?post_type=product&#038;p=288804"},"modified":"2026-02-13T12:01:23","modified_gmt":"2026-02-13T12:01:23","slug":"eta-sri-lanka-tourisme-carte-arrivee","status":"publish","type":"product","link":"https:\/\/www.visatravel.fr\/en\/product\/eta-sri-lanka-tourisme-carte-arrivee\/","title":{"rendered":"ETA &#8211; Sri Lanka Tourisme + Carte Arriv\u00e9e"},"content":{"rendered":"","protected":false},"excerpt":{"rendered":"","protected":false},"featured_media":0,"template":"","meta":{"_et_pb_use_builder":"","_et_pb_old_content":"","_et_gb_content_width":""},"product_cat":[46,318,1354],"product_tag":[1355],"yoast_head":"<!-- This site is optimized with the Yoast SEO plugin v19.7.1 - https:\/\/yoast.com\/wordpress\/plugins\/seo\/ -->\n<title>ETA - Sri Lanka Tourisme + Carte Arriv\u00e9e - Visa Travel International<\/title>\n<meta name=\"robots\" content=\"index, follow, max-snippet:-1, max-image-preview:large, max-video-preview:-1\" \/>\n<link rel=\"canonical\" href=\"https:\/\/www.visatravel.fr\/product\/eta-sri-lanka-tourisme-carte-arrivee\/\" \/>\n<meta property=\"og:locale\" content=\"en_US\" \/>\n<meta property=\"og:type\" content=\"article\" \/>\n<meta property=\"og:title\" content=\"ETA - Sri Lanka Tourisme + Carte Arriv\u00e9e - Visa Travel International\" \/>\n<meta property=\"og:url\" content=\"https:\/\/www.visatravel.fr\/product\/eta-sri-lanka-tourisme-carte-arrivee\/\" \/>\n<meta property=\"og:site_name\" content=\"Visa Travel International\" \/>\n<meta property=\"article:modified_time\" content=\"2026-02-13T12:01:23+00:00\" \/>\n<meta name=\"twitter:card\" content=\"summary_large_image\" \/>\n<script type=\"application\/ld+json\" class=\"yoast-schema-graph\">{\"@context\":\"https:\/\/schema.org\",\"@graph\":[{\"@type\":\"WebPage\",\"@id\":\"https:\/\/www.visatravel.fr\/product\/eta-sri-lanka-tourisme-carte-arrivee\/\",\"url\":\"https:\/\/www.visatravel.fr\/product\/eta-sri-lanka-tourisme-carte-arrivee\/\",\"name\":\"ETA - Sri Lanka Tourisme + Carte Arriv\u00e9e - Visa Travel International\",\"isPartOf\":{\"@id\":\"https:\/\/www.visatravel.fr\/en\/#website\"},\"datePublished\":\"2024-09-27T14:06:25+00:00\",\"dateModified\":\"2026-02-13T12:01:23+00:00\",\"breadcrumb\":{\"@id\":\"https:\/\/www.visatravel.fr\/product\/eta-sri-lanka-tourisme-carte-arrivee\/#breadcrumb\"},\"inLanguage\":\"en-US\",\"potentialAction\":[{\"@type\":\"ReadAction\",\"target\":[\"https:\/\/www.visatravel.fr\/product\/eta-sri-lanka-tourisme-carte-arrivee\/\"]}]},{\"@type\":\"BreadcrumbList\",\"@id\":\"https:\/\/www.visatravel.fr\/product\/eta-sri-lanka-tourisme-carte-arrivee\/#breadcrumb\",\"itemListElement\":[{\"@type\":\"ListItem\",\"position\":1,\"name\":\"Home\",\"item\":\"https:\/\/www.visatravel.fr\/en\/\"},{\"@type\":\"ListItem\",\"position\":2,\"name\":\"Products\",\"item\":\"https:\/\/www.visatravel.fr\/en\/shop\/\"},{\"@type\":\"ListItem\",\"position\":3,\"name\":\"ETA &#8211; Sri Lanka Tourisme + Carte Arriv\u00e9e\"}]},{\"@type\":\"WebSite\",\"@id\":\"https:\/\/www.visatravel.fr\/en\/#website\",\"url\":\"https:\/\/www.visatravel.fr\/en\/\",\"name\":\"Visa Travel International\",\"description\":\"Visa Travel International est une soci\u00e9t\u00e9 fran\u00e7aise d\u00e9di\u00e9e \u00e0 la mobilit\u00e9 dans le monde, dirig\u00e9e par des professionnels du tourisme \u00e0 votre \u00e9coute.\",\"potentialAction\":[{\"@type\":\"SearchAction\",\"target\":{\"@type\":\"EntryPoint\",\"urlTemplate\":\"https:\/\/www.visatravel.fr\/en\/?s={search_term_string}\"},\"query-input\":\"required name=search_term_string\"}],\"inLanguage\":\"en-US\"}]}<\/script>\n<!-- \/ Yoast SEO plugin. -->","yoast_head_json":{"title":"ETA - Sri Lanka Tourisme + Carte Arriv\u00e9e - Visa Travel International","robots":{"index":"index","follow":"follow","max-snippet":"max-snippet:-1","max-image-preview":"max-image-preview:large","max-video-preview":"max-video-preview:-1"},"canonical":"https:\/\/www.visatravel.fr\/product\/eta-sri-lanka-tourisme-carte-arrivee\/","og_locale":"en_US","og_type":"article","og_title":"ETA - Sri Lanka Tourisme + Carte Arriv\u00e9e - Visa Travel International","og_url":"https:\/\/www.visatravel.fr\/product\/eta-sri-lanka-tourisme-carte-arrivee\/","og_site_name":"Visa Travel International","article_modified_time":"2026-02-13T12:01:23+00:00","twitter_card":"summary_large_image","schema":{"@context":"https:\/\/schema.org","@graph":[{"@type":"WebPage","@id":"https:\/\/www.visatravel.fr\/product\/eta-sri-lanka-tourisme-carte-arrivee\/","url":"https:\/\/www.visatravel.fr\/product\/eta-sri-lanka-tourisme-carte-arrivee\/","name":"ETA - Sri Lanka Tourisme + Carte Arriv\u00e9e - Visa Travel International","isPartOf":{"@id":"https:\/\/www.visatravel.fr\/en\/#website"},"datePublished":"2024-09-27T14:06:25+00:00","dateModified":"2026-02-13T12:01:23+00:00","breadcrumb":{"@id":"https:\/\/www.visatravel.fr\/product\/eta-sri-lanka-tourisme-carte-arrivee\/#breadcrumb"},"inLanguage":"en-US","potentialAction":[{"@type":"ReadAction","target":["https:\/\/www.visatravel.fr\/product\/eta-sri-lanka-tourisme-carte-arrivee\/"]}]},{"@type":"BreadcrumbList","@id":"https:\/\/www.visatravel.fr\/product\/eta-sri-lanka-tourisme-carte-arrivee\/#breadcrumb","itemListElement":[{"@type":"ListItem","position":1,"name":"Home","item":"https:\/\/www.visatravel.fr\/en\/"},{"@type":"ListItem","position":2,"name":"Products","item":"https:\/\/www.visatravel.fr\/en\/shop\/"},{"@type":"ListItem","position":3,"name":"ETA &#8211; Sri Lanka Tourisme + Carte Arriv\u00e9e"}]},{"@type":"WebSite","@id":"https:\/\/www.visatravel.fr\/en\/#website","url":"https:\/\/www.visatravel.fr\/en\/","name":"Visa Travel International","description":"Visa Travel International est une soci\u00e9t\u00e9 fran\u00e7aise d\u00e9di\u00e9e \u00e0 la mobilit\u00e9 dans le monde, dirig\u00e9e par des professionnels du tourisme \u00e0 votre \u00e9coute.","potentialAction":[{"@type":"SearchAction","target":{"@type":"EntryPoint","urlTemplate":"https:\/\/www.visatravel.fr\/en\/?s={search_term_string}"},"query-input":"required name=search_term_string"}],"inLanguage":"en-US"}]}},"_links":{"self":[{"href":"https:\/\/www.visatravel.fr\/en\/wp-json\/wp\/v2\/product\/288804"}],"collection":[{"href":"https:\/\/www.visatravel.fr\/en\/wp-json\/wp\/v2\/product"}],"about":[{"href":"https:\/\/www.visatravel.fr\/en\/wp-json\/wp\/v2\/types\/product"}],"wp:attachment":[{"href":"https:\/\/www.visatravel.fr\/en\/wp-json\/wp\/v2\/media?parent=288804"}],"wp:term":[{"taxonomy":"product_cat","embeddable":true,"href":"https:\/\/www.visatravel.fr\/en\/wp-json\/wp\/v2\/product_cat?post=288804"},{"taxonomy":"product_tag","embeddable":true,"href":"https:\/\/www.visatravel.fr\/en\/wp-json\/wp\/v2\/product_tag?post=288804"}],"curies":[{"name":"wp","href":"https:\/\/api.w.org\/{rel}","templated":true}]}}