{"id":284364,"date":"2024-01-30T10:17:43","date_gmt":"2024-01-30T10:17:43","guid":{"rendered":"https:\/\/www.visatravel.fr\/?post_type=product&#038;p=284364"},"modified":"2026-02-13T12:01:10","modified_gmt":"2026-02-13T12:01:10","slug":"visa-bolivie-travail","status":"publish","type":"product","link":"https:\/\/www.visatravel.fr\/en\/product\/visa-bolivie-travail\/","title":{"rendered":"Visa &#8211; Bolivie Travail"},"content":{"rendered":"<p>Les Fran\u00e7ais souhaitant se rendre en Bolivie pour un s\u00e9jour touristique de moins de 90 jours obtiennent le visa \u00e0 l\u2019arriv\u00e9e.<\/p>\n<p>Pour les s\u00e9jours d\u2019affaires, si le passager n\u2019est pas r\u00e9mun\u00e9r\u00e9 par une soci\u00e9t\u00e9 bolivienne pendant son s\u00e9jour, il peut entrer sans visa en tant que touriste.<\/p>\n<p>Pour tout motif autre que tourisme ou familial, le passager devra obtenir un visa avant le d\u00e9part.<\/p>\n<p>A cet effet, vous trouverez sur cette page toutes les informations et r\u00e9ponses aux questions qui vous seront utiles dans l\u2019objectif de l\u2019obtention de votre Visa. Si tel n\u2019est pas le cas n\u2019h\u00e9sitez pas \u00e0 revenir vers nous afin que nous puissions vous donner toutes les informations qui vous seraient n\u00e9cessaires.<\/p>\n","protected":false},"excerpt":{"rendered":"<p>Les Fran\u00e7ais souhaitant se rendre en Bolivie pour un s\u00e9jour touristique de moins de 90 jours obtiennent le visa \u00e0 l\u2019arriv\u00e9e. Pour les s\u00e9jours d\u2019affaires, si le passager n\u2019est pas r\u00e9mun\u00e9r\u00e9 par une soci\u00e9t\u00e9 bolivienne pendant son s\u00e9jour, il peut entrer sans visa en tant que touriste. Pour tout motif autre que tourisme ou familial, [&hellip;]<\/p>\n","protected":false},"featured_media":0,"template":"","meta":{"_et_pb_use_builder":"","_et_pb_old_content":"","_et_gb_content_width":""},"product_cat":[45],"product_tag":[1342],"yoast_head":"<!-- This site is optimized with the Yoast SEO plugin v19.7.1 - https:\/\/yoast.com\/wordpress\/plugins\/seo\/ -->\n<title>VISA | BOLIVIE | VISA TRAVEL INTERNATIONAL<\/title>\n<meta name=\"robots\" content=\"index, follow, max-snippet:-1, max-image-preview:large, max-video-preview:-1\" \/>\n<link rel=\"canonical\" href=\"https:\/\/www.visatravel.fr\/product\/visa-bolivie-travail\/\" \/>\n<meta property=\"og:locale\" content=\"en_US\" \/>\n<meta property=\"og:type\" content=\"article\" \/>\n<meta property=\"og:title\" content=\"VISA | BOLIVIE | VISA TRAVEL INTERNATIONAL\" \/>\n<meta property=\"og:description\" content=\"Les Fran\u00e7ais souhaitant se rendre en Bolivie pour un s\u00e9jour touristique de moins de 90 jours obtiennent le visa \u00e0 l\u2019arriv\u00e9e. Pour les s\u00e9jours d\u2019affaires, si le passager n\u2019est pas r\u00e9mun\u00e9r\u00e9 par une soci\u00e9t\u00e9 bolivienne pendant son s\u00e9jour, il peut entrer sans visa en tant que touriste. Pour tout motif autre que tourisme ou familial, [&hellip;]\" \/>\n<meta property=\"og:url\" content=\"https:\/\/www.visatravel.fr\/product\/visa-bolivie-travail\/\" \/>\n<meta property=\"og:site_name\" content=\"Visa Travel International\" \/>\n<meta property=\"article:modified_time\" content=\"2026-02-13T12:01:10+00:00\" \/>\n<meta name=\"twitter:card\" content=\"summary_large_image\" \/>\n<meta name=\"twitter:label1\" content=\"Est. reading time\" \/>\n\t<meta name=\"twitter:data1\" content=\"1 minute\" \/>\n<script type=\"application\/ld+json\" class=\"yoast-schema-graph\">{\"@context\":\"https:\/\/schema.org\",\"@graph\":[{\"@type\":\"WebPage\",\"@id\":\"https:\/\/www.visatravel.fr\/product\/visa-bolivie-travail\/\",\"url\":\"https:\/\/www.visatravel.fr\/product\/visa-bolivie-travail\/\",\"name\":\"VISA | BOLIVIE | VISA TRAVEL INTERNATIONAL\",\"isPartOf\":{\"@id\":\"https:\/\/www.visatravel.fr\/en\/#website\"},\"datePublished\":\"2024-01-30T10:17:43+00:00\",\"dateModified\":\"2026-02-13T12:01:10+00:00\",\"breadcrumb\":{\"@id\":\"https:\/\/www.visatravel.fr\/product\/visa-bolivie-travail\/#breadcrumb\"},\"inLanguage\":\"en-US\",\"potentialAction\":[{\"@type\":\"ReadAction\",\"target\":[\"https:\/\/www.visatravel.fr\/product\/visa-bolivie-travail\/\"]}]},{\"@type\":\"BreadcrumbList\",\"@id\":\"https:\/\/www.visatravel.fr\/product\/visa-bolivie-travail\/#breadcrumb\",\"itemListElement\":[{\"@type\":\"ListItem\",\"position\":1,\"name\":\"Home\",\"item\":\"https:\/\/www.visatravel.fr\/en\/\"},{\"@type\":\"ListItem\",\"position\":2,\"name\":\"Products\",\"item\":\"https:\/\/www.visatravel.fr\/en\/shop\/\"},{\"@type\":\"ListItem\",\"position\":3,\"name\":\"Visa &#8211; Bolivie Travail\"}]},{\"@type\":\"WebSite\",\"@id\":\"https:\/\/www.visatravel.fr\/en\/#website\",\"url\":\"https:\/\/www.visatravel.fr\/en\/\",\"name\":\"Visa Travel International\",\"description\":\"Visa Travel International est une soci\u00e9t\u00e9 fran\u00e7aise d\u00e9di\u00e9e \u00e0 la mobilit\u00e9 dans le monde, dirig\u00e9e par des professionnels du tourisme \u00e0 votre \u00e9coute.\",\"potentialAction\":[{\"@type\":\"SearchAction\",\"target\":{\"@type\":\"EntryPoint\",\"urlTemplate\":\"https:\/\/www.visatravel.fr\/en\/?s={search_term_string}\"},\"query-input\":\"required name=search_term_string\"}],\"inLanguage\":\"en-US\"}]}<\/script>\n<!-- \/ Yoast SEO plugin. -->","yoast_head_json":{"title":"VISA | BOLIVIE | VISA TRAVEL INTERNATIONAL","robots":{"index":"index","follow":"follow","max-snippet":"max-snippet:-1","max-image-preview":"max-image-preview:large","max-video-preview":"max-video-preview:-1"},"canonical":"https:\/\/www.visatravel.fr\/product\/visa-bolivie-travail\/","og_locale":"en_US","og_type":"article","og_title":"VISA | BOLIVIE | VISA TRAVEL INTERNATIONAL","og_description":"Les Fran\u00e7ais souhaitant se rendre en Bolivie pour un s\u00e9jour touristique de moins de 90 jours obtiennent le visa \u00e0 l\u2019arriv\u00e9e. Pour les s\u00e9jours d\u2019affaires, si le passager n\u2019est pas r\u00e9mun\u00e9r\u00e9 par une soci\u00e9t\u00e9 bolivienne pendant son s\u00e9jour, il peut entrer sans visa en tant que touriste. Pour tout motif autre que tourisme ou familial, [&hellip;]","og_url":"https:\/\/www.visatravel.fr\/product\/visa-bolivie-travail\/","og_site_name":"Visa Travel International","article_modified_time":"2026-02-13T12:01:10+00:00","twitter_card":"summary_large_image","twitter_misc":{"Est. reading time":"1 minute"},"schema":{"@context":"https:\/\/schema.org","@graph":[{"@type":"WebPage","@id":"https:\/\/www.visatravel.fr\/product\/visa-bolivie-travail\/","url":"https:\/\/www.visatravel.fr\/product\/visa-bolivie-travail\/","name":"VISA | BOLIVIE | VISA TRAVEL INTERNATIONAL","isPartOf":{"@id":"https:\/\/www.visatravel.fr\/en\/#website"},"datePublished":"2024-01-30T10:17:43+00:00","dateModified":"2026-02-13T12:01:10+00:00","breadcrumb":{"@id":"https:\/\/www.visatravel.fr\/product\/visa-bolivie-travail\/#breadcrumb"},"inLanguage":"en-US","potentialAction":[{"@type":"ReadAction","target":["https:\/\/www.visatravel.fr\/product\/visa-bolivie-travail\/"]}]},{"@type":"BreadcrumbList","@id":"https:\/\/www.visatravel.fr\/product\/visa-bolivie-travail\/#breadcrumb","itemListElement":[{"@type":"ListItem","position":1,"name":"Home","item":"https:\/\/www.visatravel.fr\/en\/"},{"@type":"ListItem","position":2,"name":"Products","item":"https:\/\/www.visatravel.fr\/en\/shop\/"},{"@type":"ListItem","position":3,"name":"Visa &#8211; Bolivie Travail"}]},{"@type":"WebSite","@id":"https:\/\/www.visatravel.fr\/en\/#website","url":"https:\/\/www.visatravel.fr\/en\/","name":"Visa Travel International","description":"Visa Travel International est une soci\u00e9t\u00e9 fran\u00e7aise d\u00e9di\u00e9e \u00e0 la mobilit\u00e9 dans le monde, dirig\u00e9e par des professionnels du tourisme \u00e0 votre \u00e9coute.","potentialAction":[{"@type":"SearchAction","target":{"@type":"EntryPoint","urlTemplate":"https:\/\/www.visatravel.fr\/en\/?s={search_term_string}"},"query-input":"required name=search_term_string"}],"inLanguage":"en-US"}]}},"_links":{"self":[{"href":"https:\/\/www.visatravel.fr\/en\/wp-json\/wp\/v2\/product\/284364"}],"collection":[{"href":"https:\/\/www.visatravel.fr\/en\/wp-json\/wp\/v2\/product"}],"about":[{"href":"https:\/\/www.visatravel.fr\/en\/wp-json\/wp\/v2\/types\/product"}],"wp:attachment":[{"href":"https:\/\/www.visatravel.fr\/en\/wp-json\/wp\/v2\/media?parent=284364"}],"wp:term":[{"taxonomy":"product_cat","embeddable":true,"href":"https:\/\/www.visatravel.fr\/en\/wp-json\/wp\/v2\/product_cat?post=284364"},{"taxonomy":"product_tag","embeddable":true,"href":"https:\/\/www.visatravel.fr\/en\/wp-json\/wp\/v2\/product_tag?post=284364"}],"curies":[{"name":"wp","href":"https:\/\/api.w.org\/{rel}","templated":true}]}}