{"id":283750,"date":"2024-01-15T16:16:08","date_gmt":"2024-01-15T16:16:08","guid":{"rendered":"https:\/\/www.visatravel.fr\/?post_type=product&#038;p=283750"},"modified":"2026-02-27T16:09:49","modified_gmt":"2026-02-27T16:09:49","slug":"mauritania-visa-pick-up-and-delivery","status":"publish","type":"product","link":"https:\/\/www.visatravel.fr\/en\/product\/mauritania-visa-pick-up-and-delivery\/","title":{"rendered":"Mauritania &#8211; Visa pick-up and delivery"},"content":{"rendered":"<p>To travel to the Islamic Republic of Mauritania, a Visa is generally required.<\/p>\n<p>If you are a French national, you will need to obtain a visa (Business or Tourism) before your departure for Mauritania.<\/p>\n<p>Please note that intermediaries are not authorized by the Consulate to submit the application. The visa must be obtained in person, without any possible intermediary, at the Consulate of Mauritania in Paris.<\/p>\n<p>However, Visa Travel International can assist you in compiling your file and collecting your passport with Visa.<\/p>\n","protected":false},"excerpt":{"rendered":"<p>To travel to the Islamic Republic of Mauritania, a Visa is generally required. If you are a French national, you will need to obtain a visa (Business or Tourism) before your departure for Mauritania. Please note that intermediaries are not authorized by the Consulate to submit the application. The visa must be obtained in person, [&hellip;]<\/p>\n","protected":false},"featured_media":0,"template":"","meta":{"_et_pb_use_builder":"","_et_pb_old_content":"","_et_gb_content_width":""},"product_cat":[45],"product_tag":[1315],"yoast_head":"<!-- This site is optimized with the Yoast SEO plugin v19.7.1 - https:\/\/yoast.com\/wordpress\/plugins\/seo\/ -->\n<title>VISA | MAURITANIA | VISA TRAVEL INTERNATIONAL<\/title>\n<meta name=\"robots\" content=\"index, follow, max-snippet:-1, max-image-preview:large, max-video-preview:-1\" \/>\n<link rel=\"canonical\" href=\"https:\/\/www.visatravel.fr\/en\/product\/mauritania-visa-pick-up-and-delivery\/\" \/>\n<meta property=\"og:locale\" content=\"en_US\" \/>\n<meta property=\"og:type\" content=\"article\" \/>\n<meta property=\"og:title\" content=\"VISA | MAURITANIA | VISA TRAVEL INTERNATIONAL\" \/>\n<meta property=\"og:description\" content=\"To travel to the Islamic Republic of Mauritania, a Visa is generally required. If you are a French national, you will need to obtain a visa (Business or Tourism) before your departure for Mauritania. Please note that intermediaries are not authorized by the Consulate to submit the application. The visa must be obtained in person, [&hellip;]\" \/>\n<meta property=\"og:url\" content=\"https:\/\/www.visatravel.fr\/en\/product\/mauritania-visa-pick-up-and-delivery\/\" \/>\n<meta property=\"og:site_name\" content=\"Visa Travel International\" \/>\n<meta property=\"article:modified_time\" content=\"2026-02-27T16:09:49+00:00\" \/>\n<meta name=\"twitter:card\" content=\"summary_large_image\" \/>\n<meta name=\"twitter:label1\" content=\"Est. reading time\" \/>\n\t<meta name=\"twitter:data1\" content=\"1 minute\" \/>\n<script type=\"application\/ld+json\" class=\"yoast-schema-graph\">{\"@context\":\"https:\/\/schema.org\",\"@graph\":[{\"@type\":\"WebPage\",\"@id\":\"https:\/\/www.visatravel.fr\/en\/product\/mauritania-visa-pick-up-and-delivery\/\",\"url\":\"https:\/\/www.visatravel.fr\/en\/product\/mauritania-visa-pick-up-and-delivery\/\",\"name\":\"VISA | MAURITANIA | VISA TRAVEL INTERNATIONAL\",\"isPartOf\":{\"@id\":\"https:\/\/www.visatravel.fr\/en\/#website\"},\"datePublished\":\"2024-01-15T16:16:08+00:00\",\"dateModified\":\"2026-02-27T16:09:49+00:00\",\"breadcrumb\":{\"@id\":\"https:\/\/www.visatravel.fr\/en\/product\/mauritania-visa-pick-up-and-delivery\/#breadcrumb\"},\"inLanguage\":\"en-US\",\"potentialAction\":[{\"@type\":\"ReadAction\",\"target\":[\"https:\/\/www.visatravel.fr\/en\/product\/mauritania-visa-pick-up-and-delivery\/\"]}]},{\"@type\":\"BreadcrumbList\",\"@id\":\"https:\/\/www.visatravel.fr\/en\/product\/mauritania-visa-pick-up-and-delivery\/#breadcrumb\",\"itemListElement\":[{\"@type\":\"ListItem\",\"position\":1,\"name\":\"Home\",\"item\":\"https:\/\/www.visatravel.fr\/en\/\"},{\"@type\":\"ListItem\",\"position\":2,\"name\":\"Products\",\"item\":\"https:\/\/www.visatravel.fr\/en\/shop\/\"},{\"@type\":\"ListItem\",\"position\":3,\"name\":\"Mauritania &#8211; Visa pick-up and delivery\"}]},{\"@type\":\"WebSite\",\"@id\":\"https:\/\/www.visatravel.fr\/en\/#website\",\"url\":\"https:\/\/www.visatravel.fr\/en\/\",\"name\":\"Visa Travel International\",\"description\":\"Visa Travel International est une soci\u00e9t\u00e9 fran\u00e7aise d\u00e9di\u00e9e \u00e0 la mobilit\u00e9 dans le monde, dirig\u00e9e par des professionnels du tourisme \u00e0 votre \u00e9coute.\",\"potentialAction\":[{\"@type\":\"SearchAction\",\"target\":{\"@type\":\"EntryPoint\",\"urlTemplate\":\"https:\/\/www.visatravel.fr\/en\/?s={search_term_string}\"},\"query-input\":\"required name=search_term_string\"}],\"inLanguage\":\"en-US\"}]}<\/script>\n<!-- \/ Yoast SEO plugin. -->","yoast_head_json":{"title":"VISA | MAURITANIA | VISA TRAVEL INTERNATIONAL","robots":{"index":"index","follow":"follow","max-snippet":"max-snippet:-1","max-image-preview":"max-image-preview:large","max-video-preview":"max-video-preview:-1"},"canonical":"https:\/\/www.visatravel.fr\/en\/product\/mauritania-visa-pick-up-and-delivery\/","og_locale":"en_US","og_type":"article","og_title":"VISA | MAURITANIA | VISA TRAVEL INTERNATIONAL","og_description":"To travel to the Islamic Republic of Mauritania, a Visa is generally required. If you are a French national, you will need to obtain a visa (Business or Tourism) before your departure for Mauritania. Please note that intermediaries are not authorized by the Consulate to submit the application. The visa must be obtained in person, [&hellip;]","og_url":"https:\/\/www.visatravel.fr\/en\/product\/mauritania-visa-pick-up-and-delivery\/","og_site_name":"Visa Travel International","article_modified_time":"2026-02-27T16:09:49+00:00","twitter_card":"summary_large_image","twitter_misc":{"Est. reading time":"1 minute"},"schema":{"@context":"https:\/\/schema.org","@graph":[{"@type":"WebPage","@id":"https:\/\/www.visatravel.fr\/en\/product\/mauritania-visa-pick-up-and-delivery\/","url":"https:\/\/www.visatravel.fr\/en\/product\/mauritania-visa-pick-up-and-delivery\/","name":"VISA | MAURITANIA | VISA TRAVEL INTERNATIONAL","isPartOf":{"@id":"https:\/\/www.visatravel.fr\/en\/#website"},"datePublished":"2024-01-15T16:16:08+00:00","dateModified":"2026-02-27T16:09:49+00:00","breadcrumb":{"@id":"https:\/\/www.visatravel.fr\/en\/product\/mauritania-visa-pick-up-and-delivery\/#breadcrumb"},"inLanguage":"en-US","potentialAction":[{"@type":"ReadAction","target":["https:\/\/www.visatravel.fr\/en\/product\/mauritania-visa-pick-up-and-delivery\/"]}]},{"@type":"BreadcrumbList","@id":"https:\/\/www.visatravel.fr\/en\/product\/mauritania-visa-pick-up-and-delivery\/#breadcrumb","itemListElement":[{"@type":"ListItem","position":1,"name":"Home","item":"https:\/\/www.visatravel.fr\/en\/"},{"@type":"ListItem","position":2,"name":"Products","item":"https:\/\/www.visatravel.fr\/en\/shop\/"},{"@type":"ListItem","position":3,"name":"Mauritania &#8211; Visa pick-up and delivery"}]},{"@type":"WebSite","@id":"https:\/\/www.visatravel.fr\/en\/#website","url":"https:\/\/www.visatravel.fr\/en\/","name":"Visa Travel International","description":"Visa Travel International est une soci\u00e9t\u00e9 fran\u00e7aise d\u00e9di\u00e9e \u00e0 la mobilit\u00e9 dans le monde, dirig\u00e9e par des professionnels du tourisme \u00e0 votre \u00e9coute.","potentialAction":[{"@type":"SearchAction","target":{"@type":"EntryPoint","urlTemplate":"https:\/\/www.visatravel.fr\/en\/?s={search_term_string}"},"query-input":"required name=search_term_string"}],"inLanguage":"en-US"}]}},"_links":{"self":[{"href":"https:\/\/www.visatravel.fr\/en\/wp-json\/wp\/v2\/product\/283750"}],"collection":[{"href":"https:\/\/www.visatravel.fr\/en\/wp-json\/wp\/v2\/product"}],"about":[{"href":"https:\/\/www.visatravel.fr\/en\/wp-json\/wp\/v2\/types\/product"}],"wp:attachment":[{"href":"https:\/\/www.visatravel.fr\/en\/wp-json\/wp\/v2\/media?parent=283750"}],"wp:term":[{"taxonomy":"product_cat","embeddable":true,"href":"https:\/\/www.visatravel.fr\/en\/wp-json\/wp\/v2\/product_cat?post=283750"},{"taxonomy":"product_tag","embeddable":true,"href":"https:\/\/www.visatravel.fr\/en\/wp-json\/wp\/v2\/product_tag?post=283750"}],"curies":[{"name":"wp","href":"https:\/\/api.w.org\/{rel}","templated":true}]}}