{"id":283556,"date":"2024-01-12T15:34:50","date_gmt":"2024-01-12T15:34:50","guid":{"rendered":"https:\/\/www.visatravel.fr\/?post_type=product&#038;p=283556"},"modified":"2026-02-13T12:01:06","modified_gmt":"2026-02-13T12:01:06","slug":"visa-mongolie-affaires-multiple-entree","status":"publish","type":"product","link":"https:\/\/www.visatravel.fr\/en\/product\/visa-mongolie-affaires-multiple-entree\/","title":{"rendered":"Visa &#8211; Mongolie Affaires Multiple entr\u00e9e"},"content":{"rendered":"<p>Pour voyager en Mongolie un visa est n\u00e9cessaire. <\/p>\n<p>Visa Travel International reste \u00e0 votre disposition pour v\u00e9rifier votre dossier, et d\u00e9poser votre demande aupr\u00e8s du Consulat.<\/p>\n<p>Vous trouverez sur cette page toutes les informations et r\u00e9ponses aux questions qui vous seront utiles dans l\u2019objectif de l\u2019obtention de votre visa. Si tel n\u2019est pas le cas n\u2019h\u00e9sitez pas \u00e0 revenir vers nous afin que nous puissions vous donner tous les informations qui vous seraient n\u00e9cessaires.<\/p>\n","protected":false},"excerpt":{"rendered":"<p>Pour voyager en Mongolie un visa est n\u00e9cessaire. Visa Travel International reste \u00e0 votre disposition pour v\u00e9rifier votre dossier, et d\u00e9poser votre demande aupr\u00e8s du Consulat. Vous trouverez sur cette page toutes les informations et r\u00e9ponses aux questions qui vous seront utiles dans l\u2019objectif de l\u2019obtention de votre visa. Si tel n\u2019est pas le cas [&hellip;]<\/p>\n","protected":false},"featured_media":0,"template":"","meta":{"_et_pb_use_builder":"","_et_pb_old_content":"","_et_gb_content_width":""},"product_cat":[45],"product_tag":[1306],"yoast_head":"<!-- This site is optimized with the Yoast SEO plugin v19.7.1 - https:\/\/yoast.com\/wordpress\/plugins\/seo\/ -->\n<title>VISA | MONGOLIE | VISA TRAVEL INTERNATIONAL<\/title>\n<meta name=\"description\" content=\"Pour voyager en Mongolie un visa est n\u00e9cessaire. Visa Travel International reste \u00e0 votre disposition pour v\u00e9rifier votre dossier, et d\u00e9poser votre demande aupr\u00e8s du Consulat. Vous trouverez sur cette page toutes les informations et r\u00e9ponses aux questions qui vous seront utiles dans l\u2019objectif de l\u2019obtention de votre visa. Si tel n\u2019est pas le cas n\u2019h\u00e9sitez pas \u00e0 revenir vers nous afin que nous puissions vous donner tous les informations qui vous seraient n\u00e9cessaires.\" \/>\n<meta name=\"robots\" content=\"index, follow, max-snippet:-1, max-image-preview:large, max-video-preview:-1\" \/>\n<link rel=\"canonical\" href=\"https:\/\/www.visatravel.fr\/product\/visa-mongolie-affaires-multiple-entree\/\" \/>\n<meta property=\"og:locale\" content=\"en_US\" \/>\n<meta property=\"og:type\" content=\"article\" \/>\n<meta property=\"og:title\" content=\"VISA | MONGOLIE | VISA TRAVEL INTERNATIONAL\" \/>\n<meta property=\"og:description\" content=\"Pour voyager en Mongolie un visa est n\u00e9cessaire. Visa Travel International reste \u00e0 votre disposition pour v\u00e9rifier votre dossier, et d\u00e9poser votre demande aupr\u00e8s du Consulat. Vous trouverez sur cette page toutes les informations et r\u00e9ponses aux questions qui vous seront utiles dans l\u2019objectif de l\u2019obtention de votre visa. Si tel n\u2019est pas le cas n\u2019h\u00e9sitez pas \u00e0 revenir vers nous afin que nous puissions vous donner tous les informations qui vous seraient n\u00e9cessaires.\" \/>\n<meta property=\"og:url\" content=\"https:\/\/www.visatravel.fr\/product\/visa-mongolie-affaires-multiple-entree\/\" \/>\n<meta property=\"og:site_name\" content=\"Visa Travel International\" \/>\n<meta property=\"article:modified_time\" content=\"2026-02-13T12:01:06+00:00\" \/>\n<meta name=\"twitter:card\" content=\"summary_large_image\" \/>\n<meta name=\"twitter:label1\" content=\"Est. reading time\" \/>\n\t<meta name=\"twitter:data1\" content=\"1 minute\" \/>\n<script type=\"application\/ld+json\" class=\"yoast-schema-graph\">{\"@context\":\"https:\/\/schema.org\",\"@graph\":[{\"@type\":\"WebPage\",\"@id\":\"https:\/\/www.visatravel.fr\/product\/visa-mongolie-affaires-multiple-entree\/\",\"url\":\"https:\/\/www.visatravel.fr\/product\/visa-mongolie-affaires-multiple-entree\/\",\"name\":\"VISA | MONGOLIE | VISA TRAVEL INTERNATIONAL\",\"isPartOf\":{\"@id\":\"https:\/\/www.visatravel.fr\/en\/#website\"},\"datePublished\":\"2024-01-12T15:34:50+00:00\",\"dateModified\":\"2026-02-13T12:01:06+00:00\",\"description\":\"Pour voyager en Mongolie un visa est n\u00e9cessaire. Visa Travel International reste \u00e0 votre disposition pour v\u00e9rifier votre dossier, et d\u00e9poser votre demande aupr\u00e8s du Consulat. Vous trouverez sur cette page toutes les informations et r\u00e9ponses aux questions qui vous seront utiles dans l\u2019objectif de l\u2019obtention de votre visa. Si tel n\u2019est pas le cas n\u2019h\u00e9sitez pas \u00e0 revenir vers nous afin que nous puissions vous donner tous les informations qui vous seraient n\u00e9cessaires.\",\"breadcrumb\":{\"@id\":\"https:\/\/www.visatravel.fr\/product\/visa-mongolie-affaires-multiple-entree\/#breadcrumb\"},\"inLanguage\":\"en-US\",\"potentialAction\":[{\"@type\":\"ReadAction\",\"target\":[\"https:\/\/www.visatravel.fr\/product\/visa-mongolie-affaires-multiple-entree\/\"]}]},{\"@type\":\"BreadcrumbList\",\"@id\":\"https:\/\/www.visatravel.fr\/product\/visa-mongolie-affaires-multiple-entree\/#breadcrumb\",\"itemListElement\":[{\"@type\":\"ListItem\",\"position\":1,\"name\":\"Home\",\"item\":\"https:\/\/www.visatravel.fr\/en\/\"},{\"@type\":\"ListItem\",\"position\":2,\"name\":\"Products\",\"item\":\"https:\/\/www.visatravel.fr\/en\/shop\/\"},{\"@type\":\"ListItem\",\"position\":3,\"name\":\"Visa &#8211; Mongolie Affaires Multiple entr\u00e9e\"}]},{\"@type\":\"WebSite\",\"@id\":\"https:\/\/www.visatravel.fr\/en\/#website\",\"url\":\"https:\/\/www.visatravel.fr\/en\/\",\"name\":\"Visa Travel International\",\"description\":\"Visa Travel International est une soci\u00e9t\u00e9 fran\u00e7aise d\u00e9di\u00e9e \u00e0 la mobilit\u00e9 dans le monde, dirig\u00e9e par des professionnels du tourisme \u00e0 votre \u00e9coute.\",\"potentialAction\":[{\"@type\":\"SearchAction\",\"target\":{\"@type\":\"EntryPoint\",\"urlTemplate\":\"https:\/\/www.visatravel.fr\/en\/?s={search_term_string}\"},\"query-input\":\"required name=search_term_string\"}],\"inLanguage\":\"en-US\"}]}<\/script>\n<!-- \/ Yoast SEO plugin. -->","yoast_head_json":{"title":"VISA | MONGOLIE | VISA TRAVEL INTERNATIONAL","description":"Pour voyager en Mongolie un visa est n\u00e9cessaire. Visa Travel International reste \u00e0 votre disposition pour v\u00e9rifier votre dossier, et d\u00e9poser votre demande aupr\u00e8s du Consulat. Vous trouverez sur cette page toutes les informations et r\u00e9ponses aux questions qui vous seront utiles dans l\u2019objectif de l\u2019obtention de votre visa. Si tel n\u2019est pas le cas n\u2019h\u00e9sitez pas \u00e0 revenir vers nous afin que nous puissions vous donner tous les informations qui vous seraient n\u00e9cessaires.","robots":{"index":"index","follow":"follow","max-snippet":"max-snippet:-1","max-image-preview":"max-image-preview:large","max-video-preview":"max-video-preview:-1"},"canonical":"https:\/\/www.visatravel.fr\/product\/visa-mongolie-affaires-multiple-entree\/","og_locale":"en_US","og_type":"article","og_title":"VISA | MONGOLIE | VISA TRAVEL INTERNATIONAL","og_description":"Pour voyager en Mongolie un visa est n\u00e9cessaire. Visa Travel International reste \u00e0 votre disposition pour v\u00e9rifier votre dossier, et d\u00e9poser votre demande aupr\u00e8s du Consulat. Vous trouverez sur cette page toutes les informations et r\u00e9ponses aux questions qui vous seront utiles dans l\u2019objectif de l\u2019obtention de votre visa. Si tel n\u2019est pas le cas n\u2019h\u00e9sitez pas \u00e0 revenir vers nous afin que nous puissions vous donner tous les informations qui vous seraient n\u00e9cessaires.","og_url":"https:\/\/www.visatravel.fr\/product\/visa-mongolie-affaires-multiple-entree\/","og_site_name":"Visa Travel International","article_modified_time":"2026-02-13T12:01:06+00:00","twitter_card":"summary_large_image","twitter_misc":{"Est. reading time":"1 minute"},"schema":{"@context":"https:\/\/schema.org","@graph":[{"@type":"WebPage","@id":"https:\/\/www.visatravel.fr\/product\/visa-mongolie-affaires-multiple-entree\/","url":"https:\/\/www.visatravel.fr\/product\/visa-mongolie-affaires-multiple-entree\/","name":"VISA | MONGOLIE | VISA TRAVEL INTERNATIONAL","isPartOf":{"@id":"https:\/\/www.visatravel.fr\/en\/#website"},"datePublished":"2024-01-12T15:34:50+00:00","dateModified":"2026-02-13T12:01:06+00:00","description":"Pour voyager en Mongolie un visa est n\u00e9cessaire. Visa Travel International reste \u00e0 votre disposition pour v\u00e9rifier votre dossier, et d\u00e9poser votre demande aupr\u00e8s du Consulat. Vous trouverez sur cette page toutes les informations et r\u00e9ponses aux questions qui vous seront utiles dans l\u2019objectif de l\u2019obtention de votre visa. Si tel n\u2019est pas le cas n\u2019h\u00e9sitez pas \u00e0 revenir vers nous afin que nous puissions vous donner tous les informations qui vous seraient n\u00e9cessaires.","breadcrumb":{"@id":"https:\/\/www.visatravel.fr\/product\/visa-mongolie-affaires-multiple-entree\/#breadcrumb"},"inLanguage":"en-US","potentialAction":[{"@type":"ReadAction","target":["https:\/\/www.visatravel.fr\/product\/visa-mongolie-affaires-multiple-entree\/"]}]},{"@type":"BreadcrumbList","@id":"https:\/\/www.visatravel.fr\/product\/visa-mongolie-affaires-multiple-entree\/#breadcrumb","itemListElement":[{"@type":"ListItem","position":1,"name":"Home","item":"https:\/\/www.visatravel.fr\/en\/"},{"@type":"ListItem","position":2,"name":"Products","item":"https:\/\/www.visatravel.fr\/en\/shop\/"},{"@type":"ListItem","position":3,"name":"Visa &#8211; Mongolie Affaires Multiple entr\u00e9e"}]},{"@type":"WebSite","@id":"https:\/\/www.visatravel.fr\/en\/#website","url":"https:\/\/www.visatravel.fr\/en\/","name":"Visa Travel International","description":"Visa Travel International est une soci\u00e9t\u00e9 fran\u00e7aise d\u00e9di\u00e9e \u00e0 la mobilit\u00e9 dans le monde, dirig\u00e9e par des professionnels du tourisme \u00e0 votre \u00e9coute.","potentialAction":[{"@type":"SearchAction","target":{"@type":"EntryPoint","urlTemplate":"https:\/\/www.visatravel.fr\/en\/?s={search_term_string}"},"query-input":"required name=search_term_string"}],"inLanguage":"en-US"}]}},"_links":{"self":[{"href":"https:\/\/www.visatravel.fr\/en\/wp-json\/wp\/v2\/product\/283556"}],"collection":[{"href":"https:\/\/www.visatravel.fr\/en\/wp-json\/wp\/v2\/product"}],"about":[{"href":"https:\/\/www.visatravel.fr\/en\/wp-json\/wp\/v2\/types\/product"}],"wp:attachment":[{"href":"https:\/\/www.visatravel.fr\/en\/wp-json\/wp\/v2\/media?parent=283556"}],"wp:term":[{"taxonomy":"product_cat","embeddable":true,"href":"https:\/\/www.visatravel.fr\/en\/wp-json\/wp\/v2\/product_cat?post=283556"},{"taxonomy":"product_tag","embeddable":true,"href":"https:\/\/www.visatravel.fr\/en\/wp-json\/wp\/v2\/product_tag?post=283556"}],"curies":[{"name":"wp","href":"https:\/\/api.w.org\/{rel}","templated":true}]}}