{"id":283456,"date":"2024-01-12T11:11:03","date_gmt":"2024-01-12T11:11:03","guid":{"rendered":"https:\/\/www.visatravel.fr\/?post_type=product&#038;p=283456"},"modified":"2026-02-13T12:01:05","modified_gmt":"2026-02-13T12:01:05","slug":"evisa-burkina-faso-tourisme-multiple-entree","status":"publish","type":"product","link":"https:\/\/www.visatravel.fr\/en\/product\/evisa-burkina-faso-tourisme-multiple-entree\/","title":{"rendered":"eVisa &#8211; Burkina Faso Tourisme Multiple entr\u00e9e"},"content":{"rendered":"<p>Pour voyager au Burkina Faso un Visa est g\u00e9n\u00e9ralement n\u00e9cessaire \u00e0 quelques exceptions.<\/p>\n<p>Visa Travel International est une agence agr\u00e9\u00e9e par le consulat du Burkina Faso afin de vous accompagner dans vos d\u00e9marches et ce quel que soit le type de Visa dont vous auriez besoin.<\/p>\n","protected":false},"excerpt":{"rendered":"<p>Pour voyager au Burkina Faso un Visa est g\u00e9n\u00e9ralement n\u00e9cessaire \u00e0 quelques exceptions. Visa Travel International est une agence agr\u00e9\u00e9e par le consulat du Burkina Faso afin de vous accompagner dans vos d\u00e9marches et ce quel que soit le type de Visa dont vous auriez besoin.<\/p>\n","protected":false},"featured_media":0,"template":"","meta":{"_et_pb_use_builder":"","_et_pb_old_content":"","_et_gb_content_width":""},"product_cat":[318,1305],"product_tag":[57],"yoast_head":"<!-- This site is optimized with the Yoast SEO plugin v19.7.1 - https:\/\/yoast.com\/wordpress\/plugins\/seo\/ -->\n<title>VISA | BURKINA FASO | VISA TRAVEL INTERNATIONAL<\/title>\n<meta name=\"robots\" content=\"index, follow, max-snippet:-1, max-image-preview:large, max-video-preview:-1\" \/>\n<link rel=\"canonical\" href=\"https:\/\/www.visatravel.fr\/product\/evisa-burkina-faso-tourisme-multiple-entree\/\" \/>\n<meta property=\"og:locale\" content=\"en_US\" \/>\n<meta property=\"og:type\" content=\"article\" \/>\n<meta property=\"og:title\" content=\"VISA | BURKINA FASO | VISA TRAVEL INTERNATIONAL\" \/>\n<meta property=\"og:description\" content=\"Pour voyager au Burkina Faso un Visa est g\u00e9n\u00e9ralement n\u00e9cessaire \u00e0 quelques exceptions. Visa Travel International est une agence agr\u00e9\u00e9e par le consulat du Burkina Faso afin de vous accompagner dans vos d\u00e9marches et ce quel que soit le type de Visa dont vous auriez besoin.\" \/>\n<meta property=\"og:url\" content=\"https:\/\/www.visatravel.fr\/product\/evisa-burkina-faso-tourisme-multiple-entree\/\" \/>\n<meta property=\"og:site_name\" content=\"Visa Travel International\" \/>\n<meta property=\"article:modified_time\" content=\"2026-02-13T12:01:05+00:00\" \/>\n<meta name=\"twitter:card\" content=\"summary_large_image\" \/>\n<meta name=\"twitter:label1\" content=\"Est. reading time\" \/>\n\t<meta name=\"twitter:data1\" content=\"1 minute\" \/>\n<script type=\"application\/ld+json\" class=\"yoast-schema-graph\">{\"@context\":\"https:\/\/schema.org\",\"@graph\":[{\"@type\":\"WebPage\",\"@id\":\"https:\/\/www.visatravel.fr\/product\/evisa-burkina-faso-tourisme-multiple-entree\/\",\"url\":\"https:\/\/www.visatravel.fr\/product\/evisa-burkina-faso-tourisme-multiple-entree\/\",\"name\":\"VISA | BURKINA FASO | VISA TRAVEL INTERNATIONAL\",\"isPartOf\":{\"@id\":\"https:\/\/www.visatravel.fr\/en\/#website\"},\"datePublished\":\"2024-01-12T11:11:03+00:00\",\"dateModified\":\"2026-02-13T12:01:05+00:00\",\"breadcrumb\":{\"@id\":\"https:\/\/www.visatravel.fr\/product\/evisa-burkina-faso-tourisme-multiple-entree\/#breadcrumb\"},\"inLanguage\":\"en-US\",\"potentialAction\":[{\"@type\":\"ReadAction\",\"target\":[\"https:\/\/www.visatravel.fr\/product\/evisa-burkina-faso-tourisme-multiple-entree\/\"]}]},{\"@type\":\"BreadcrumbList\",\"@id\":\"https:\/\/www.visatravel.fr\/product\/evisa-burkina-faso-tourisme-multiple-entree\/#breadcrumb\",\"itemListElement\":[{\"@type\":\"ListItem\",\"position\":1,\"name\":\"Home\",\"item\":\"https:\/\/www.visatravel.fr\/en\/\"},{\"@type\":\"ListItem\",\"position\":2,\"name\":\"Products\",\"item\":\"https:\/\/www.visatravel.fr\/en\/shop\/\"},{\"@type\":\"ListItem\",\"position\":3,\"name\":\"eVisa &#8211; Burkina Faso Tourisme Multiple entr\u00e9e\"}]},{\"@type\":\"WebSite\",\"@id\":\"https:\/\/www.visatravel.fr\/en\/#website\",\"url\":\"https:\/\/www.visatravel.fr\/en\/\",\"name\":\"Visa Travel International\",\"description\":\"Visa Travel International est une soci\u00e9t\u00e9 fran\u00e7aise d\u00e9di\u00e9e \u00e0 la mobilit\u00e9 dans le monde, dirig\u00e9e par des professionnels du tourisme \u00e0 votre \u00e9coute.\",\"potentialAction\":[{\"@type\":\"SearchAction\",\"target\":{\"@type\":\"EntryPoint\",\"urlTemplate\":\"https:\/\/www.visatravel.fr\/en\/?s={search_term_string}\"},\"query-input\":\"required name=search_term_string\"}],\"inLanguage\":\"en-US\"}]}<\/script>\n<!-- \/ Yoast SEO plugin. -->","yoast_head_json":{"title":"VISA | BURKINA FASO | VISA TRAVEL INTERNATIONAL","robots":{"index":"index","follow":"follow","max-snippet":"max-snippet:-1","max-image-preview":"max-image-preview:large","max-video-preview":"max-video-preview:-1"},"canonical":"https:\/\/www.visatravel.fr\/product\/evisa-burkina-faso-tourisme-multiple-entree\/","og_locale":"en_US","og_type":"article","og_title":"VISA | BURKINA FASO | VISA TRAVEL INTERNATIONAL","og_description":"Pour voyager au Burkina Faso un Visa est g\u00e9n\u00e9ralement n\u00e9cessaire \u00e0 quelques exceptions. Visa Travel International est une agence agr\u00e9\u00e9e par le consulat du Burkina Faso afin de vous accompagner dans vos d\u00e9marches et ce quel que soit le type de Visa dont vous auriez besoin.","og_url":"https:\/\/www.visatravel.fr\/product\/evisa-burkina-faso-tourisme-multiple-entree\/","og_site_name":"Visa Travel International","article_modified_time":"2026-02-13T12:01:05+00:00","twitter_card":"summary_large_image","twitter_misc":{"Est. reading time":"1 minute"},"schema":{"@context":"https:\/\/schema.org","@graph":[{"@type":"WebPage","@id":"https:\/\/www.visatravel.fr\/product\/evisa-burkina-faso-tourisme-multiple-entree\/","url":"https:\/\/www.visatravel.fr\/product\/evisa-burkina-faso-tourisme-multiple-entree\/","name":"VISA | BURKINA FASO | VISA TRAVEL INTERNATIONAL","isPartOf":{"@id":"https:\/\/www.visatravel.fr\/en\/#website"},"datePublished":"2024-01-12T11:11:03+00:00","dateModified":"2026-02-13T12:01:05+00:00","breadcrumb":{"@id":"https:\/\/www.visatravel.fr\/product\/evisa-burkina-faso-tourisme-multiple-entree\/#breadcrumb"},"inLanguage":"en-US","potentialAction":[{"@type":"ReadAction","target":["https:\/\/www.visatravel.fr\/product\/evisa-burkina-faso-tourisme-multiple-entree\/"]}]},{"@type":"BreadcrumbList","@id":"https:\/\/www.visatravel.fr\/product\/evisa-burkina-faso-tourisme-multiple-entree\/#breadcrumb","itemListElement":[{"@type":"ListItem","position":1,"name":"Home","item":"https:\/\/www.visatravel.fr\/en\/"},{"@type":"ListItem","position":2,"name":"Products","item":"https:\/\/www.visatravel.fr\/en\/shop\/"},{"@type":"ListItem","position":3,"name":"eVisa &#8211; Burkina Faso Tourisme Multiple entr\u00e9e"}]},{"@type":"WebSite","@id":"https:\/\/www.visatravel.fr\/en\/#website","url":"https:\/\/www.visatravel.fr\/en\/","name":"Visa Travel International","description":"Visa Travel International est une soci\u00e9t\u00e9 fran\u00e7aise d\u00e9di\u00e9e \u00e0 la mobilit\u00e9 dans le monde, dirig\u00e9e par des professionnels du tourisme \u00e0 votre \u00e9coute.","potentialAction":[{"@type":"SearchAction","target":{"@type":"EntryPoint","urlTemplate":"https:\/\/www.visatravel.fr\/en\/?s={search_term_string}"},"query-input":"required name=search_term_string"}],"inLanguage":"en-US"}]}},"_links":{"self":[{"href":"https:\/\/www.visatravel.fr\/en\/wp-json\/wp\/v2\/product\/283456"}],"collection":[{"href":"https:\/\/www.visatravel.fr\/en\/wp-json\/wp\/v2\/product"}],"about":[{"href":"https:\/\/www.visatravel.fr\/en\/wp-json\/wp\/v2\/types\/product"}],"wp:attachment":[{"href":"https:\/\/www.visatravel.fr\/en\/wp-json\/wp\/v2\/media?parent=283456"}],"wp:term":[{"taxonomy":"product_cat","embeddable":true,"href":"https:\/\/www.visatravel.fr\/en\/wp-json\/wp\/v2\/product_cat?post=283456"},{"taxonomy":"product_tag","embeddable":true,"href":"https:\/\/www.visatravel.fr\/en\/wp-json\/wp\/v2\/product_tag?post=283456"}],"curies":[{"name":"wp","href":"https:\/\/api.w.org\/{rel}","templated":true}]}}