{"id":283083,"date":"2023-12-21T15:12:11","date_gmt":"2023-12-21T15:12:11","guid":{"rendered":"https:\/\/www.visatravel.fr\/?post_type=product&#038;p=283083"},"modified":"2026-04-05T21:59:15","modified_gmt":"2026-04-05T21:59:15","slug":"evisa-indonesia-tourism-30-days","status":"publish","type":"product","link":"https:\/\/www.visatravel.fr\/en\/product\/evisa-indonesia-tourism-30-days\/","title":{"rendered":"eVisa &#8211; Indonesia Business Tourism 30 days Single entry"},"content":{"rendered":"<p>To travel to Indonesia, you can try to obtain the Visa on arrival (also called VOA), or obtain the eVisa (also called E-VOA) before departure for more peace of mind.<\/p>\n<p>Travelers must have a passport (in very good condition) with a validity greater than 6 months on the date of entry into Indonesia and a sufficient number of blank pages to affix the visa and entry and travel stamps. exit from the territory.<\/p>\n","protected":false},"excerpt":{"rendered":"<p>To travel to Indonesia, you can try to obtain the Visa on arrival (also called VOA), or obtain the eVisa (also called E-VOA) before departure for more peace of mind. Travelers must have a passport (in very good condition) with a validity greater than 6 months on the date of entry into Indonesia and a [&hellip;]<\/p>\n","protected":false},"featured_media":0,"template":"","meta":{"_et_pb_use_builder":"","_et_pb_old_content":"","_et_gb_content_width":""},"product_cat":[318,1236],"product_tag":[1237],"yoast_head":"<!-- This site is optimized with the Yoast SEO plugin v19.7.1 - https:\/\/yoast.com\/wordpress\/plugins\/seo\/ -->\n<title>VISA | INDONESIA | VISA TRAVEL INTERNATIONAL<\/title>\n<meta name=\"robots\" content=\"index, follow, max-snippet:-1, max-image-preview:large, max-video-preview:-1\" \/>\n<link rel=\"canonical\" href=\"https:\/\/www.visatravel.fr\/en\/product\/evisa-indonesia-tourism-30-days\/\" \/>\n<meta property=\"og:locale\" content=\"en_US\" \/>\n<meta property=\"og:type\" content=\"article\" \/>\n<meta property=\"og:title\" content=\"VISA | INDONESIA | VISA TRAVEL INTERNATIONAL\" \/>\n<meta property=\"og:description\" content=\"To travel to Indonesia, you can try to obtain the Visa on arrival (also called VOA), or obtain the eVisa (also called E-VOA) before departure for more peace of mind. Travelers must have a passport (in very good condition) with a validity greater than 6 months on the date of entry into Indonesia and a [&hellip;]\" \/>\n<meta property=\"og:url\" content=\"https:\/\/www.visatravel.fr\/en\/product\/evisa-indonesia-tourism-30-days\/\" \/>\n<meta property=\"og:site_name\" content=\"Visa Travel International\" \/>\n<meta property=\"article:modified_time\" content=\"2026-04-05T21:59:15+00:00\" \/>\n<meta name=\"twitter:card\" content=\"summary_large_image\" \/>\n<meta name=\"twitter:label1\" content=\"Est. reading time\" \/>\n\t<meta name=\"twitter:data1\" content=\"1 minute\" \/>\n<script type=\"application\/ld+json\" class=\"yoast-schema-graph\">{\"@context\":\"https:\/\/schema.org\",\"@graph\":[{\"@type\":\"WebPage\",\"@id\":\"https:\/\/www.visatravel.fr\/en\/product\/evisa-indonesia-tourism-30-days\/\",\"url\":\"https:\/\/www.visatravel.fr\/en\/product\/evisa-indonesia-tourism-30-days\/\",\"name\":\"VISA | INDONESIA | VISA TRAVEL INTERNATIONAL\",\"isPartOf\":{\"@id\":\"https:\/\/www.visatravel.fr\/en\/#website\"},\"datePublished\":\"2023-12-21T15:12:11+00:00\",\"dateModified\":\"2026-04-05T21:59:15+00:00\",\"breadcrumb\":{\"@id\":\"https:\/\/www.visatravel.fr\/en\/product\/evisa-indonesia-tourism-30-days\/#breadcrumb\"},\"inLanguage\":\"en-US\",\"potentialAction\":[{\"@type\":\"ReadAction\",\"target\":[\"https:\/\/www.visatravel.fr\/en\/product\/evisa-indonesia-tourism-30-days\/\"]}]},{\"@type\":\"BreadcrumbList\",\"@id\":\"https:\/\/www.visatravel.fr\/en\/product\/evisa-indonesia-tourism-30-days\/#breadcrumb\",\"itemListElement\":[{\"@type\":\"ListItem\",\"position\":1,\"name\":\"Home\",\"item\":\"https:\/\/www.visatravel.fr\/en\/\"},{\"@type\":\"ListItem\",\"position\":2,\"name\":\"Products\",\"item\":\"https:\/\/www.visatravel.fr\/en\/shop\/\"},{\"@type\":\"ListItem\",\"position\":3,\"name\":\"eVisa &#8211; Indonesia Business Tourism 30 days Single entry\"}]},{\"@type\":\"WebSite\",\"@id\":\"https:\/\/www.visatravel.fr\/en\/#website\",\"url\":\"https:\/\/www.visatravel.fr\/en\/\",\"name\":\"Visa Travel International\",\"description\":\"Visa Travel International est une soci\u00e9t\u00e9 fran\u00e7aise d\u00e9di\u00e9e \u00e0 la mobilit\u00e9 dans le monde, dirig\u00e9e par des professionnels du tourisme \u00e0 votre \u00e9coute.\",\"potentialAction\":[{\"@type\":\"SearchAction\",\"target\":{\"@type\":\"EntryPoint\",\"urlTemplate\":\"https:\/\/www.visatravel.fr\/en\/?s={search_term_string}\"},\"query-input\":\"required name=search_term_string\"}],\"inLanguage\":\"en-US\"}]}<\/script>\n<!-- \/ Yoast SEO plugin. -->","yoast_head_json":{"title":"VISA | INDONESIA | VISA TRAVEL INTERNATIONAL","robots":{"index":"index","follow":"follow","max-snippet":"max-snippet:-1","max-image-preview":"max-image-preview:large","max-video-preview":"max-video-preview:-1"},"canonical":"https:\/\/www.visatravel.fr\/en\/product\/evisa-indonesia-tourism-30-days\/","og_locale":"en_US","og_type":"article","og_title":"VISA | INDONESIA | VISA TRAVEL INTERNATIONAL","og_description":"To travel to Indonesia, you can try to obtain the Visa on arrival (also called VOA), or obtain the eVisa (also called E-VOA) before departure for more peace of mind. Travelers must have a passport (in very good condition) with a validity greater than 6 months on the date of entry into Indonesia and a [&hellip;]","og_url":"https:\/\/www.visatravel.fr\/en\/product\/evisa-indonesia-tourism-30-days\/","og_site_name":"Visa Travel International","article_modified_time":"2026-04-05T21:59:15+00:00","twitter_card":"summary_large_image","twitter_misc":{"Est. reading time":"1 minute"},"schema":{"@context":"https:\/\/schema.org","@graph":[{"@type":"WebPage","@id":"https:\/\/www.visatravel.fr\/en\/product\/evisa-indonesia-tourism-30-days\/","url":"https:\/\/www.visatravel.fr\/en\/product\/evisa-indonesia-tourism-30-days\/","name":"VISA | INDONESIA | VISA TRAVEL INTERNATIONAL","isPartOf":{"@id":"https:\/\/www.visatravel.fr\/en\/#website"},"datePublished":"2023-12-21T15:12:11+00:00","dateModified":"2026-04-05T21:59:15+00:00","breadcrumb":{"@id":"https:\/\/www.visatravel.fr\/en\/product\/evisa-indonesia-tourism-30-days\/#breadcrumb"},"inLanguage":"en-US","potentialAction":[{"@type":"ReadAction","target":["https:\/\/www.visatravel.fr\/en\/product\/evisa-indonesia-tourism-30-days\/"]}]},{"@type":"BreadcrumbList","@id":"https:\/\/www.visatravel.fr\/en\/product\/evisa-indonesia-tourism-30-days\/#breadcrumb","itemListElement":[{"@type":"ListItem","position":1,"name":"Home","item":"https:\/\/www.visatravel.fr\/en\/"},{"@type":"ListItem","position":2,"name":"Products","item":"https:\/\/www.visatravel.fr\/en\/shop\/"},{"@type":"ListItem","position":3,"name":"eVisa &#8211; Indonesia Business Tourism 30 days Single entry"}]},{"@type":"WebSite","@id":"https:\/\/www.visatravel.fr\/en\/#website","url":"https:\/\/www.visatravel.fr\/en\/","name":"Visa Travel International","description":"Visa Travel International est une soci\u00e9t\u00e9 fran\u00e7aise d\u00e9di\u00e9e \u00e0 la mobilit\u00e9 dans le monde, dirig\u00e9e par des professionnels du tourisme \u00e0 votre \u00e9coute.","potentialAction":[{"@type":"SearchAction","target":{"@type":"EntryPoint","urlTemplate":"https:\/\/www.visatravel.fr\/en\/?s={search_term_string}"},"query-input":"required name=search_term_string"}],"inLanguage":"en-US"}]}},"_links":{"self":[{"href":"https:\/\/www.visatravel.fr\/en\/wp-json\/wp\/v2\/product\/283083"}],"collection":[{"href":"https:\/\/www.visatravel.fr\/en\/wp-json\/wp\/v2\/product"}],"about":[{"href":"https:\/\/www.visatravel.fr\/en\/wp-json\/wp\/v2\/types\/product"}],"wp:attachment":[{"href":"https:\/\/www.visatravel.fr\/en\/wp-json\/wp\/v2\/media?parent=283083"}],"wp:term":[{"taxonomy":"product_cat","embeddable":true,"href":"https:\/\/www.visatravel.fr\/en\/wp-json\/wp\/v2\/product_cat?post=283083"},{"taxonomy":"product_tag","embeddable":true,"href":"https:\/\/www.visatravel.fr\/en\/wp-json\/wp\/v2\/product_tag?post=283083"}],"curies":[{"name":"wp","href":"https:\/\/api.w.org\/{rel}","templated":true}]}}