{"id":282829,"date":"2023-12-15T10:52:10","date_gmt":"2023-12-15T10:52:10","guid":{"rendered":"https:\/\/www.visatravel.fr\/?post_type=product&#038;p=282829"},"modified":"2026-02-13T12:01:02","modified_gmt":"2026-02-13T12:01:02","slug":"evisa-djibouti-tourisme-de-15-a-90-jours","status":"publish","type":"product","link":"https:\/\/www.visatravel.fr\/en\/product\/evisa-djibouti-tourisme-de-15-a-90-jours\/","title":{"rendered":"eVisa &#8211; Djibouti Tourisme de 15 \u00e0 90 jours"},"content":{"rendered":"<p>L\u2019acc\u00e8s au territoire djiboutien est soumis \u00e0 l\u2019obtention d\u2019un visa.<\/p>\n<p>Pour les visas de transit et de court s\u00e9jour, les Fran\u00e7ais peuvent demander un e-visa.<\/p>\n<p>Ils peuvent sinon obtenir le visa \u00e0 l\u2019arriv\u00e9e pour une dur\u00e9e d\u2019un mois.<\/p>\n<p>A cet effet, vous trouverez sur cette page toutes les informations et r\u00e9ponses aux questions qui vous seront utiles dans l\u2019objectif de l\u2019obtention de votre Visa. Si tel n\u2019est pas le cas n\u2019h\u00e9sitez pas \u00e0 revenir vers nous afin que nous puissions vous donner toutes les informations qui vous seraient n\u00e9cessaires<\/p>\n","protected":false},"excerpt":{"rendered":"<p>L\u2019acc\u00e8s au territoire djiboutien est soumis \u00e0 l\u2019obtention d\u2019un visa. Pour les visas de transit et de court s\u00e9jour, les Fran\u00e7ais peuvent demander un e-visa. Ils peuvent sinon obtenir le visa \u00e0 l\u2019arriv\u00e9e pour une dur\u00e9e d\u2019un mois. A cet effet, vous trouverez sur cette page toutes les informations et r\u00e9ponses aux questions qui vous [&hellip;]<\/p>\n","protected":false},"featured_media":0,"template":"","meta":{"_et_pb_use_builder":"","_et_pb_old_content":"","_et_gb_content_width":""},"product_cat":[318,1232],"product_tag":[1231],"yoast_head":"<!-- This site is optimized with the Yoast SEO plugin v19.7.1 - https:\/\/yoast.com\/wordpress\/plugins\/seo\/ -->\n<title>VISA | DJIBOUTI | VISA TRAVEL INTERNATIONAL<\/title>\n<meta name=\"robots\" content=\"index, follow, max-snippet:-1, max-image-preview:large, max-video-preview:-1\" \/>\n<link rel=\"canonical\" href=\"https:\/\/www.visatravel.fr\/product\/evisa-djibouti-tourisme-de-15-a-90-jours\/\" \/>\n<meta property=\"og:locale\" content=\"en_US\" \/>\n<meta property=\"og:type\" content=\"article\" \/>\n<meta property=\"og:title\" content=\"VISA | DJIBOUTI | VISA TRAVEL INTERNATIONAL\" \/>\n<meta property=\"og:description\" content=\"L\u2019acc\u00e8s au territoire djiboutien est soumis \u00e0 l\u2019obtention d\u2019un visa. Pour les visas de transit et de court s\u00e9jour, les Fran\u00e7ais peuvent demander un e-visa. Ils peuvent sinon obtenir le visa \u00e0 l\u2019arriv\u00e9e pour une dur\u00e9e d\u2019un mois. A cet effet, vous trouverez sur cette page toutes les informations et r\u00e9ponses aux questions qui vous [&hellip;]\" \/>\n<meta property=\"og:url\" content=\"https:\/\/www.visatravel.fr\/product\/evisa-djibouti-tourisme-de-15-a-90-jours\/\" \/>\n<meta property=\"og:site_name\" content=\"Visa Travel International\" \/>\n<meta property=\"article:modified_time\" content=\"2026-02-13T12:01:02+00:00\" \/>\n<meta name=\"twitter:card\" content=\"summary_large_image\" \/>\n<meta name=\"twitter:label1\" content=\"Est. reading time\" \/>\n\t<meta name=\"twitter:data1\" content=\"1 minute\" \/>\n<script type=\"application\/ld+json\" class=\"yoast-schema-graph\">{\"@context\":\"https:\/\/schema.org\",\"@graph\":[{\"@type\":\"WebPage\",\"@id\":\"https:\/\/www.visatravel.fr\/product\/evisa-djibouti-tourisme-de-15-a-90-jours\/\",\"url\":\"https:\/\/www.visatravel.fr\/product\/evisa-djibouti-tourisme-de-15-a-90-jours\/\",\"name\":\"VISA | DJIBOUTI | VISA TRAVEL INTERNATIONAL\",\"isPartOf\":{\"@id\":\"https:\/\/www.visatravel.fr\/en\/#website\"},\"datePublished\":\"2023-12-15T10:52:10+00:00\",\"dateModified\":\"2026-02-13T12:01:02+00:00\",\"breadcrumb\":{\"@id\":\"https:\/\/www.visatravel.fr\/product\/evisa-djibouti-tourisme-de-15-a-90-jours\/#breadcrumb\"},\"inLanguage\":\"en-US\",\"potentialAction\":[{\"@type\":\"ReadAction\",\"target\":[\"https:\/\/www.visatravel.fr\/product\/evisa-djibouti-tourisme-de-15-a-90-jours\/\"]}]},{\"@type\":\"BreadcrumbList\",\"@id\":\"https:\/\/www.visatravel.fr\/product\/evisa-djibouti-tourisme-de-15-a-90-jours\/#breadcrumb\",\"itemListElement\":[{\"@type\":\"ListItem\",\"position\":1,\"name\":\"Home\",\"item\":\"https:\/\/www.visatravel.fr\/en\/\"},{\"@type\":\"ListItem\",\"position\":2,\"name\":\"Products\",\"item\":\"https:\/\/www.visatravel.fr\/en\/shop\/\"},{\"@type\":\"ListItem\",\"position\":3,\"name\":\"eVisa &#8211; Djibouti Tourisme de 15 \u00e0 90 jours\"}]},{\"@type\":\"WebSite\",\"@id\":\"https:\/\/www.visatravel.fr\/en\/#website\",\"url\":\"https:\/\/www.visatravel.fr\/en\/\",\"name\":\"Visa Travel International\",\"description\":\"Visa Travel International est une soci\u00e9t\u00e9 fran\u00e7aise d\u00e9di\u00e9e \u00e0 la mobilit\u00e9 dans le monde, dirig\u00e9e par des professionnels du tourisme \u00e0 votre \u00e9coute.\",\"potentialAction\":[{\"@type\":\"SearchAction\",\"target\":{\"@type\":\"EntryPoint\",\"urlTemplate\":\"https:\/\/www.visatravel.fr\/en\/?s={search_term_string}\"},\"query-input\":\"required name=search_term_string\"}],\"inLanguage\":\"en-US\"}]}<\/script>\n<!-- \/ Yoast SEO plugin. -->","yoast_head_json":{"title":"VISA | DJIBOUTI | VISA TRAVEL INTERNATIONAL","robots":{"index":"index","follow":"follow","max-snippet":"max-snippet:-1","max-image-preview":"max-image-preview:large","max-video-preview":"max-video-preview:-1"},"canonical":"https:\/\/www.visatravel.fr\/product\/evisa-djibouti-tourisme-de-15-a-90-jours\/","og_locale":"en_US","og_type":"article","og_title":"VISA | DJIBOUTI | VISA TRAVEL INTERNATIONAL","og_description":"L\u2019acc\u00e8s au territoire djiboutien est soumis \u00e0 l\u2019obtention d\u2019un visa. Pour les visas de transit et de court s\u00e9jour, les Fran\u00e7ais peuvent demander un e-visa. Ils peuvent sinon obtenir le visa \u00e0 l\u2019arriv\u00e9e pour une dur\u00e9e d\u2019un mois. A cet effet, vous trouverez sur cette page toutes les informations et r\u00e9ponses aux questions qui vous [&hellip;]","og_url":"https:\/\/www.visatravel.fr\/product\/evisa-djibouti-tourisme-de-15-a-90-jours\/","og_site_name":"Visa Travel International","article_modified_time":"2026-02-13T12:01:02+00:00","twitter_card":"summary_large_image","twitter_misc":{"Est. reading time":"1 minute"},"schema":{"@context":"https:\/\/schema.org","@graph":[{"@type":"WebPage","@id":"https:\/\/www.visatravel.fr\/product\/evisa-djibouti-tourisme-de-15-a-90-jours\/","url":"https:\/\/www.visatravel.fr\/product\/evisa-djibouti-tourisme-de-15-a-90-jours\/","name":"VISA | DJIBOUTI | VISA TRAVEL INTERNATIONAL","isPartOf":{"@id":"https:\/\/www.visatravel.fr\/en\/#website"},"datePublished":"2023-12-15T10:52:10+00:00","dateModified":"2026-02-13T12:01:02+00:00","breadcrumb":{"@id":"https:\/\/www.visatravel.fr\/product\/evisa-djibouti-tourisme-de-15-a-90-jours\/#breadcrumb"},"inLanguage":"en-US","potentialAction":[{"@type":"ReadAction","target":["https:\/\/www.visatravel.fr\/product\/evisa-djibouti-tourisme-de-15-a-90-jours\/"]}]},{"@type":"BreadcrumbList","@id":"https:\/\/www.visatravel.fr\/product\/evisa-djibouti-tourisme-de-15-a-90-jours\/#breadcrumb","itemListElement":[{"@type":"ListItem","position":1,"name":"Home","item":"https:\/\/www.visatravel.fr\/en\/"},{"@type":"ListItem","position":2,"name":"Products","item":"https:\/\/www.visatravel.fr\/en\/shop\/"},{"@type":"ListItem","position":3,"name":"eVisa &#8211; Djibouti Tourisme de 15 \u00e0 90 jours"}]},{"@type":"WebSite","@id":"https:\/\/www.visatravel.fr\/en\/#website","url":"https:\/\/www.visatravel.fr\/en\/","name":"Visa Travel International","description":"Visa Travel International est une soci\u00e9t\u00e9 fran\u00e7aise d\u00e9di\u00e9e \u00e0 la mobilit\u00e9 dans le monde, dirig\u00e9e par des professionnels du tourisme \u00e0 votre \u00e9coute.","potentialAction":[{"@type":"SearchAction","target":{"@type":"EntryPoint","urlTemplate":"https:\/\/www.visatravel.fr\/en\/?s={search_term_string}"},"query-input":"required name=search_term_string"}],"inLanguage":"en-US"}]}},"_links":{"self":[{"href":"https:\/\/www.visatravel.fr\/en\/wp-json\/wp\/v2\/product\/282829"}],"collection":[{"href":"https:\/\/www.visatravel.fr\/en\/wp-json\/wp\/v2\/product"}],"about":[{"href":"https:\/\/www.visatravel.fr\/en\/wp-json\/wp\/v2\/types\/product"}],"wp:attachment":[{"href":"https:\/\/www.visatravel.fr\/en\/wp-json\/wp\/v2\/media?parent=282829"}],"wp:term":[{"taxonomy":"product_cat","embeddable":true,"href":"https:\/\/www.visatravel.fr\/en\/wp-json\/wp\/v2\/product_cat?post=282829"},{"taxonomy":"product_tag","embeddable":true,"href":"https:\/\/www.visatravel.fr\/en\/wp-json\/wp\/v2\/product_tag?post=282829"}],"curies":[{"name":"wp","href":"https:\/\/api.w.org\/{rel}","templated":true}]}}