{"id":282236,"date":"2023-11-24T13:13:50","date_gmt":"2023-11-24T13:13:50","guid":{"rendered":"https:\/\/www.visatravel.fr\/?post_type=product&#038;p=282236"},"modified":"2026-02-27T16:09:36","modified_gmt":"2026-02-27T16:09:36","slug":"egypt-evisa-tourism-single-entry","status":"publish","type":"product","link":"https:\/\/www.visatravel.fr\/en\/product\/egypt-evisa-tourism-single-entry\/","title":{"rendered":"Egypt &#8211; eVisa Tourism Single entry"},"content":{"rendered":"<p>A Visa is required to travel to Egypt except for nationals of the following countries: Bahrain, Kuwait, Oman, Qatar, Saudi Arabia, United Arab Emirates and Yemen (if the stay does not exceed three months).<\/p>\n<p>With regard to travel for Business reasons, if you wish to reduce the delays compared to a Visa request affixed in the passport and secure your travel by having a Visa before departure, then obtaining and presenting it to customs of a Tourism eVisa will be tolerated for short-term Business visits. Visa Travel International can get you this eVisa.<\/p>\n","protected":false},"excerpt":{"rendered":"<p>A Visa is required to travel to Egypt except for nationals of the following countries: Bahrain, Kuwait, Oman, Qatar, Saudi Arabia, United Arab Emirates and Yemen (if the stay does not exceed three months). With regard to travel for Business reasons, if you wish to reduce the delays compared to a Visa request affixed in [&hellip;]<\/p>\n","protected":false},"featured_media":0,"template":"","meta":{"_et_pb_use_builder":"","_et_pb_old_content":"","_et_gb_content_width":""},"product_cat":[46,708],"product_tag":[95],"yoast_head":"<!-- This site is optimized with the Yoast SEO plugin v19.7.1 - https:\/\/yoast.com\/wordpress\/plugins\/seo\/ -->\n<title>VISA | EGYPT | VISA TRAVEL INTERNATIONAL<\/title>\n<meta name=\"description\" content=\"A Visa is required to travel to Egypt except for nationals of the following countries: Bahrain, Kuwait, Oman, Qatar, Saudi Arabia, United Arab Emirates and Yemen (if the stay does not exceed three months).With regard to travel for Business reasons, if you wish to reduce the delays compared to a Visa request affixed in the passport and secure your travel by having a Visa before departure, then obtaining and presenting it to customs of a Tourism eVisa will be tolerated for short-term Business visits. Visa Travel International can get you this eVisa.\" \/>\n<meta name=\"robots\" content=\"index, follow, max-snippet:-1, max-image-preview:large, max-video-preview:-1\" \/>\n<link rel=\"canonical\" href=\"https:\/\/www.visatravel.fr\/en\/product\/egypt-evisa-tourism-single-entry\/\" \/>\n<meta property=\"og:locale\" content=\"en_US\" \/>\n<meta property=\"og:type\" content=\"article\" \/>\n<meta property=\"og:title\" content=\"VISA | EGYPT | VISA TRAVEL INTERNATIONAL\" \/>\n<meta property=\"og:description\" content=\"A Visa is required to travel to Egypt except for nationals of the following countries: Bahrain, Kuwait, Oman, Qatar, Saudi Arabia, United Arab Emirates and Yemen (if the stay does not exceed three months).With regard to travel for Business reasons, if you wish to reduce the delays compared to a Visa request affixed in the passport and secure your travel by having a Visa before departure, then obtaining and presenting it to customs of a Tourism eVisa will be tolerated for short-term Business visits. Visa Travel International can get you this eVisa.\" \/>\n<meta property=\"og:url\" content=\"https:\/\/www.visatravel.fr\/en\/product\/egypt-evisa-tourism-single-entry\/\" \/>\n<meta property=\"og:site_name\" content=\"Visa Travel International\" \/>\n<meta property=\"article:modified_time\" content=\"2026-02-27T16:09:36+00:00\" \/>\n<meta name=\"twitter:card\" content=\"summary_large_image\" \/>\n<meta name=\"twitter:label1\" content=\"Est. reading time\" \/>\n\t<meta name=\"twitter:data1\" content=\"1 minute\" \/>\n<script type=\"application\/ld+json\" class=\"yoast-schema-graph\">{\"@context\":\"https:\/\/schema.org\",\"@graph\":[{\"@type\":\"WebPage\",\"@id\":\"https:\/\/www.visatravel.fr\/en\/product\/egypt-evisa-tourism-single-entry\/\",\"url\":\"https:\/\/www.visatravel.fr\/en\/product\/egypt-evisa-tourism-single-entry\/\",\"name\":\"VISA | EGYPT | VISA TRAVEL INTERNATIONAL\",\"isPartOf\":{\"@id\":\"https:\/\/www.visatravel.fr\/en\/#website\"},\"datePublished\":\"2023-11-24T13:13:50+00:00\",\"dateModified\":\"2026-02-27T16:09:36+00:00\",\"description\":\"A Visa is required to travel to Egypt except for nationals of the following countries: Bahrain, Kuwait, Oman, Qatar, Saudi Arabia, United Arab Emirates and Yemen (if the stay does not exceed three months).With regard to travel for Business reasons, if you wish to reduce the delays compared to a Visa request affixed in the passport and secure your travel by having a Visa before departure, then obtaining and presenting it to customs of a Tourism eVisa will be tolerated for short-term Business visits. Visa Travel International can get you this eVisa.\",\"breadcrumb\":{\"@id\":\"https:\/\/www.visatravel.fr\/en\/product\/egypt-evisa-tourism-single-entry\/#breadcrumb\"},\"inLanguage\":\"en-US\",\"potentialAction\":[{\"@type\":\"ReadAction\",\"target\":[\"https:\/\/www.visatravel.fr\/en\/product\/egypt-evisa-tourism-single-entry\/\"]}]},{\"@type\":\"BreadcrumbList\",\"@id\":\"https:\/\/www.visatravel.fr\/en\/product\/egypt-evisa-tourism-single-entry\/#breadcrumb\",\"itemListElement\":[{\"@type\":\"ListItem\",\"position\":1,\"name\":\"Home\",\"item\":\"https:\/\/www.visatravel.fr\/en\/\"},{\"@type\":\"ListItem\",\"position\":2,\"name\":\"Products\",\"item\":\"https:\/\/www.visatravel.fr\/en\/shop\/\"},{\"@type\":\"ListItem\",\"position\":3,\"name\":\"Egypt &#8211; eVisa Tourism Single entry\"}]},{\"@type\":\"WebSite\",\"@id\":\"https:\/\/www.visatravel.fr\/en\/#website\",\"url\":\"https:\/\/www.visatravel.fr\/en\/\",\"name\":\"Visa Travel International\",\"description\":\"Visa Travel International est une soci\u00e9t\u00e9 fran\u00e7aise d\u00e9di\u00e9e \u00e0 la mobilit\u00e9 dans le monde, dirig\u00e9e par des professionnels du tourisme \u00e0 votre \u00e9coute.\",\"potentialAction\":[{\"@type\":\"SearchAction\",\"target\":{\"@type\":\"EntryPoint\",\"urlTemplate\":\"https:\/\/www.visatravel.fr\/en\/?s={search_term_string}\"},\"query-input\":\"required name=search_term_string\"}],\"inLanguage\":\"en-US\"}]}<\/script>\n<!-- \/ Yoast SEO plugin. -->","yoast_head_json":{"title":"VISA | EGYPT | VISA TRAVEL INTERNATIONAL","description":"A Visa is required to travel to Egypt except for nationals of the following countries: Bahrain, Kuwait, Oman, Qatar, Saudi Arabia, United Arab Emirates and Yemen (if the stay does not exceed three months).With regard to travel for Business reasons, if you wish to reduce the delays compared to a Visa request affixed in the passport and secure your travel by having a Visa before departure, then obtaining and presenting it to customs of a Tourism eVisa will be tolerated for short-term Business visits. Visa Travel International can get you this eVisa.","robots":{"index":"index","follow":"follow","max-snippet":"max-snippet:-1","max-image-preview":"max-image-preview:large","max-video-preview":"max-video-preview:-1"},"canonical":"https:\/\/www.visatravel.fr\/en\/product\/egypt-evisa-tourism-single-entry\/","og_locale":"en_US","og_type":"article","og_title":"VISA | EGYPT | VISA TRAVEL INTERNATIONAL","og_description":"A Visa is required to travel to Egypt except for nationals of the following countries: Bahrain, Kuwait, Oman, Qatar, Saudi Arabia, United Arab Emirates and Yemen (if the stay does not exceed three months).With regard to travel for Business reasons, if you wish to reduce the delays compared to a Visa request affixed in the passport and secure your travel by having a Visa before departure, then obtaining and presenting it to customs of a Tourism eVisa will be tolerated for short-term Business visits. Visa Travel International can get you this eVisa.","og_url":"https:\/\/www.visatravel.fr\/en\/product\/egypt-evisa-tourism-single-entry\/","og_site_name":"Visa Travel International","article_modified_time":"2026-02-27T16:09:36+00:00","twitter_card":"summary_large_image","twitter_misc":{"Est. reading time":"1 minute"},"schema":{"@context":"https:\/\/schema.org","@graph":[{"@type":"WebPage","@id":"https:\/\/www.visatravel.fr\/en\/product\/egypt-evisa-tourism-single-entry\/","url":"https:\/\/www.visatravel.fr\/en\/product\/egypt-evisa-tourism-single-entry\/","name":"VISA | EGYPT | VISA TRAVEL INTERNATIONAL","isPartOf":{"@id":"https:\/\/www.visatravel.fr\/en\/#website"},"datePublished":"2023-11-24T13:13:50+00:00","dateModified":"2026-02-27T16:09:36+00:00","description":"A Visa is required to travel to Egypt except for nationals of the following countries: Bahrain, Kuwait, Oman, Qatar, Saudi Arabia, United Arab Emirates and Yemen (if the stay does not exceed three months).With regard to travel for Business reasons, if you wish to reduce the delays compared to a Visa request affixed in the passport and secure your travel by having a Visa before departure, then obtaining and presenting it to customs of a Tourism eVisa will be tolerated for short-term Business visits. Visa Travel International can get you this eVisa.","breadcrumb":{"@id":"https:\/\/www.visatravel.fr\/en\/product\/egypt-evisa-tourism-single-entry\/#breadcrumb"},"inLanguage":"en-US","potentialAction":[{"@type":"ReadAction","target":["https:\/\/www.visatravel.fr\/en\/product\/egypt-evisa-tourism-single-entry\/"]}]},{"@type":"BreadcrumbList","@id":"https:\/\/www.visatravel.fr\/en\/product\/egypt-evisa-tourism-single-entry\/#breadcrumb","itemListElement":[{"@type":"ListItem","position":1,"name":"Home","item":"https:\/\/www.visatravel.fr\/en\/"},{"@type":"ListItem","position":2,"name":"Products","item":"https:\/\/www.visatravel.fr\/en\/shop\/"},{"@type":"ListItem","position":3,"name":"Egypt &#8211; eVisa Tourism Single entry"}]},{"@type":"WebSite","@id":"https:\/\/www.visatravel.fr\/en\/#website","url":"https:\/\/www.visatravel.fr\/en\/","name":"Visa Travel International","description":"Visa Travel International est une soci\u00e9t\u00e9 fran\u00e7aise d\u00e9di\u00e9e \u00e0 la mobilit\u00e9 dans le monde, dirig\u00e9e par des professionnels du tourisme \u00e0 votre \u00e9coute.","potentialAction":[{"@type":"SearchAction","target":{"@type":"EntryPoint","urlTemplate":"https:\/\/www.visatravel.fr\/en\/?s={search_term_string}"},"query-input":"required name=search_term_string"}],"inLanguage":"en-US"}]}},"_links":{"self":[{"href":"https:\/\/www.visatravel.fr\/en\/wp-json\/wp\/v2\/product\/282236"}],"collection":[{"href":"https:\/\/www.visatravel.fr\/en\/wp-json\/wp\/v2\/product"}],"about":[{"href":"https:\/\/www.visatravel.fr\/en\/wp-json\/wp\/v2\/types\/product"}],"wp:attachment":[{"href":"https:\/\/www.visatravel.fr\/en\/wp-json\/wp\/v2\/media?parent=282236"}],"wp:term":[{"taxonomy":"product_cat","embeddable":true,"href":"https:\/\/www.visatravel.fr\/en\/wp-json\/wp\/v2\/product_cat?post=282236"},{"taxonomy":"product_tag","embeddable":true,"href":"https:\/\/www.visatravel.fr\/en\/wp-json\/wp\/v2\/product_tag?post=282236"}],"curies":[{"name":"wp","href":"https:\/\/api.w.org\/{rel}","templated":true}]}}