{"id":281985,"date":"2023-11-22T13:45:50","date_gmt":"2023-11-22T13:45:50","guid":{"rendered":"https:\/\/www.visatravel.fr\/?post_type=product&#038;p=281985"},"modified":"2026-02-13T12:00:56","modified_gmt":"2026-02-13T12:00:56","slug":"evisa-vietnam-affaires-et-tourisme-multiple-entree","status":"publish","type":"product","link":"https:\/\/www.visatravel.fr\/en\/product\/evisa-vietnam-affaires-et-tourisme-multiple-entree\/","title":{"rendered":"eVisa &#8211; Vietnam Affaires et Tourisme Multiple entr\u00e9e"},"content":{"rendered":"<p>Le\u00a0<strong>eVisa pour le Vietnam <\/strong>est une autorisation dont les d\u00e9marches se font exclusivement sur internet et <span style=\"color: #0000ff;\"><strong>Visa Travel International<\/strong> <\/span>peut vous l&#8217;obtenir. Ce eVisa est \u00e9ligible \u00e0 tout voyageur touristique ou d&#8217;affaires. Ce visa \u00e9lectronique est valable pour de multiples entr\u00e9es de 90 jours maximum sur place. La validit\u00e9 du visa est aux dates du s\u00e9jour.<\/p>\n","protected":false},"excerpt":{"rendered":"<p>Le\u00a0<strong>eVisa pour le Vietnam <\/strong>est une autorisation dont les d\u00e9marches se font exclusivement sur internet et <span style=\"color: #0000ff;\"><strong>Visa Travel International<\/strong> <\/span>peut vous l&#8217;obtenir. Ce eVisa est \u00e9ligible \u00e0 tout voyageur touristique ou d&#8217;affaires. Ce visa \u00e9lectronique est valable pour de multiples entr\u00e9es de 90 jours maximum sur place. La validit\u00e9 du visa est aux dates du s\u00e9jour.<\/p>\n","protected":false},"featured_media":0,"template":"","meta":{"_et_pb_use_builder":"","_et_pb_old_content":"","_et_gb_content_width":""},"product_cat":[318],"product_tag":[1203],"yoast_head":"<!-- This site is optimized with the Yoast SEO plugin v19.7.1 - https:\/\/yoast.com\/wordpress\/plugins\/seo\/ -->\n<title>VISA | VIETNAM | VISA TRAVEL INTERNATIONAL<\/title>\n<meta name=\"description\" content=\"Le\u00a0eVisa pour le Vietnam est une autorisation dont les d\u00e9marches se font exclusivement sur internet et Visa Travel International peut vous l&#039;obtenir. Ce eVisa est \u00e9ligible \u00e0 tout voyageur touristique ou d&#039;affaires. Ce visa \u00e9lectronique est valable pour de multiples entr\u00e9es de 90 jours maximum sur place. La validit\u00e9 du visa est aux dates du s\u00e9jour.\" \/>\n<meta name=\"robots\" content=\"index, follow, max-snippet:-1, max-image-preview:large, max-video-preview:-1\" \/>\n<link rel=\"canonical\" href=\"https:\/\/www.visatravel.fr\/product\/evisa-vietnam-affaires-et-tourisme-multiple-entree\/\" \/>\n<meta property=\"og:locale\" content=\"en_US\" \/>\n<meta property=\"og:type\" content=\"article\" \/>\n<meta property=\"og:title\" content=\"VISA | VIETNAM | VISA TRAVEL INTERNATIONAL\" \/>\n<meta property=\"og:description\" content=\"Le\u00a0eVisa pour le Vietnam est une autorisation dont les d\u00e9marches se font exclusivement sur internet et Visa Travel International peut vous l&#039;obtenir. Ce eVisa est \u00e9ligible \u00e0 tout voyageur touristique ou d&#039;affaires. Ce visa \u00e9lectronique est valable pour de multiples entr\u00e9es de 90 jours maximum sur place. La validit\u00e9 du visa est aux dates du s\u00e9jour.\" \/>\n<meta property=\"og:url\" content=\"https:\/\/www.visatravel.fr\/product\/evisa-vietnam-affaires-et-tourisme-multiple-entree\/\" \/>\n<meta property=\"og:site_name\" content=\"Visa Travel International\" \/>\n<meta property=\"article:modified_time\" content=\"2026-02-13T12:00:56+00:00\" \/>\n<meta name=\"twitter:card\" content=\"summary_large_image\" \/>\n<meta name=\"twitter:label1\" content=\"Est. reading time\" \/>\n\t<meta name=\"twitter:data1\" content=\"1 minute\" \/>\n<script type=\"application\/ld+json\" class=\"yoast-schema-graph\">{\"@context\":\"https:\/\/schema.org\",\"@graph\":[{\"@type\":\"WebPage\",\"@id\":\"https:\/\/www.visatravel.fr\/product\/evisa-vietnam-affaires-et-tourisme-multiple-entree\/\",\"url\":\"https:\/\/www.visatravel.fr\/product\/evisa-vietnam-affaires-et-tourisme-multiple-entree\/\",\"name\":\"VISA | VIETNAM | VISA TRAVEL INTERNATIONAL\",\"isPartOf\":{\"@id\":\"https:\/\/www.visatravel.fr\/en\/#website\"},\"datePublished\":\"2023-11-22T13:45:50+00:00\",\"dateModified\":\"2026-02-13T12:00:56+00:00\",\"description\":\"Le\u00a0eVisa pour le Vietnam est une autorisation dont les d\u00e9marches se font exclusivement sur internet et Visa Travel International peut vous l'obtenir. Ce eVisa est \u00e9ligible \u00e0 tout voyageur touristique ou d'affaires. Ce visa \u00e9lectronique est valable pour de multiples entr\u00e9es de 90 jours maximum sur place. La validit\u00e9 du visa est aux dates du s\u00e9jour.\",\"breadcrumb\":{\"@id\":\"https:\/\/www.visatravel.fr\/product\/evisa-vietnam-affaires-et-tourisme-multiple-entree\/#breadcrumb\"},\"inLanguage\":\"en-US\",\"potentialAction\":[{\"@type\":\"ReadAction\",\"target\":[\"https:\/\/www.visatravel.fr\/product\/evisa-vietnam-affaires-et-tourisme-multiple-entree\/\"]}]},{\"@type\":\"BreadcrumbList\",\"@id\":\"https:\/\/www.visatravel.fr\/product\/evisa-vietnam-affaires-et-tourisme-multiple-entree\/#breadcrumb\",\"itemListElement\":[{\"@type\":\"ListItem\",\"position\":1,\"name\":\"Home\",\"item\":\"https:\/\/www.visatravel.fr\/en\/\"},{\"@type\":\"ListItem\",\"position\":2,\"name\":\"Products\",\"item\":\"https:\/\/www.visatravel.fr\/en\/shop\/\"},{\"@type\":\"ListItem\",\"position\":3,\"name\":\"eVisa &#8211; Vietnam Affaires et Tourisme Multiple entr\u00e9e\"}]},{\"@type\":\"WebSite\",\"@id\":\"https:\/\/www.visatravel.fr\/en\/#website\",\"url\":\"https:\/\/www.visatravel.fr\/en\/\",\"name\":\"Visa Travel International\",\"description\":\"Visa Travel International est une soci\u00e9t\u00e9 fran\u00e7aise d\u00e9di\u00e9e \u00e0 la mobilit\u00e9 dans le monde, dirig\u00e9e par des professionnels du tourisme \u00e0 votre \u00e9coute.\",\"potentialAction\":[{\"@type\":\"SearchAction\",\"target\":{\"@type\":\"EntryPoint\",\"urlTemplate\":\"https:\/\/www.visatravel.fr\/en\/?s={search_term_string}\"},\"query-input\":\"required name=search_term_string\"}],\"inLanguage\":\"en-US\"}]}<\/script>\n<!-- \/ Yoast SEO plugin. -->","yoast_head_json":{"title":"VISA | VIETNAM | VISA TRAVEL INTERNATIONAL","description":"Le\u00a0eVisa pour le Vietnam est une autorisation dont les d\u00e9marches se font exclusivement sur internet et Visa Travel International peut vous l'obtenir. Ce eVisa est \u00e9ligible \u00e0 tout voyageur touristique ou d'affaires. Ce visa \u00e9lectronique est valable pour de multiples entr\u00e9es de 90 jours maximum sur place. La validit\u00e9 du visa est aux dates du s\u00e9jour.","robots":{"index":"index","follow":"follow","max-snippet":"max-snippet:-1","max-image-preview":"max-image-preview:large","max-video-preview":"max-video-preview:-1"},"canonical":"https:\/\/www.visatravel.fr\/product\/evisa-vietnam-affaires-et-tourisme-multiple-entree\/","og_locale":"en_US","og_type":"article","og_title":"VISA | VIETNAM | VISA TRAVEL INTERNATIONAL","og_description":"Le\u00a0eVisa pour le Vietnam est une autorisation dont les d\u00e9marches se font exclusivement sur internet et Visa Travel International peut vous l'obtenir. Ce eVisa est \u00e9ligible \u00e0 tout voyageur touristique ou d'affaires. Ce visa \u00e9lectronique est valable pour de multiples entr\u00e9es de 90 jours maximum sur place. La validit\u00e9 du visa est aux dates du s\u00e9jour.","og_url":"https:\/\/www.visatravel.fr\/product\/evisa-vietnam-affaires-et-tourisme-multiple-entree\/","og_site_name":"Visa Travel International","article_modified_time":"2026-02-13T12:00:56+00:00","twitter_card":"summary_large_image","twitter_misc":{"Est. reading time":"1 minute"},"schema":{"@context":"https:\/\/schema.org","@graph":[{"@type":"WebPage","@id":"https:\/\/www.visatravel.fr\/product\/evisa-vietnam-affaires-et-tourisme-multiple-entree\/","url":"https:\/\/www.visatravel.fr\/product\/evisa-vietnam-affaires-et-tourisme-multiple-entree\/","name":"VISA | VIETNAM | VISA TRAVEL INTERNATIONAL","isPartOf":{"@id":"https:\/\/www.visatravel.fr\/en\/#website"},"datePublished":"2023-11-22T13:45:50+00:00","dateModified":"2026-02-13T12:00:56+00:00","description":"Le\u00a0eVisa pour le Vietnam est une autorisation dont les d\u00e9marches se font exclusivement sur internet et Visa Travel International peut vous l'obtenir. Ce eVisa est \u00e9ligible \u00e0 tout voyageur touristique ou d'affaires. Ce visa \u00e9lectronique est valable pour de multiples entr\u00e9es de 90 jours maximum sur place. La validit\u00e9 du visa est aux dates du s\u00e9jour.","breadcrumb":{"@id":"https:\/\/www.visatravel.fr\/product\/evisa-vietnam-affaires-et-tourisme-multiple-entree\/#breadcrumb"},"inLanguage":"en-US","potentialAction":[{"@type":"ReadAction","target":["https:\/\/www.visatravel.fr\/product\/evisa-vietnam-affaires-et-tourisme-multiple-entree\/"]}]},{"@type":"BreadcrumbList","@id":"https:\/\/www.visatravel.fr\/product\/evisa-vietnam-affaires-et-tourisme-multiple-entree\/#breadcrumb","itemListElement":[{"@type":"ListItem","position":1,"name":"Home","item":"https:\/\/www.visatravel.fr\/en\/"},{"@type":"ListItem","position":2,"name":"Products","item":"https:\/\/www.visatravel.fr\/en\/shop\/"},{"@type":"ListItem","position":3,"name":"eVisa &#8211; Vietnam Affaires et Tourisme Multiple entr\u00e9e"}]},{"@type":"WebSite","@id":"https:\/\/www.visatravel.fr\/en\/#website","url":"https:\/\/www.visatravel.fr\/en\/","name":"Visa Travel International","description":"Visa Travel International est une soci\u00e9t\u00e9 fran\u00e7aise d\u00e9di\u00e9e \u00e0 la mobilit\u00e9 dans le monde, dirig\u00e9e par des professionnels du tourisme \u00e0 votre \u00e9coute.","potentialAction":[{"@type":"SearchAction","target":{"@type":"EntryPoint","urlTemplate":"https:\/\/www.visatravel.fr\/en\/?s={search_term_string}"},"query-input":"required name=search_term_string"}],"inLanguage":"en-US"}]}},"_links":{"self":[{"href":"https:\/\/www.visatravel.fr\/en\/wp-json\/wp\/v2\/product\/281985"}],"collection":[{"href":"https:\/\/www.visatravel.fr\/en\/wp-json\/wp\/v2\/product"}],"about":[{"href":"https:\/\/www.visatravel.fr\/en\/wp-json\/wp\/v2\/types\/product"}],"wp:attachment":[{"href":"https:\/\/www.visatravel.fr\/en\/wp-json\/wp\/v2\/media?parent=281985"}],"wp:term":[{"taxonomy":"product_cat","embeddable":true,"href":"https:\/\/www.visatravel.fr\/en\/wp-json\/wp\/v2\/product_cat?post=281985"},{"taxonomy":"product_tag","embeddable":true,"href":"https:\/\/www.visatravel.fr\/en\/wp-json\/wp\/v2\/product_tag?post=281985"}],"curies":[{"name":"wp","href":"https:\/\/api.w.org\/{rel}","templated":true}]}}