{"id":277786,"date":"2023-02-27T16:53:23","date_gmt":"2023-02-27T16:53:23","guid":{"rendered":"https:\/\/www.visatravel.fr\/?post_type=product&#038;p=277786"},"modified":"2026-04-02T20:06:16","modified_gmt":"2026-04-02T20:06:16","slug":"visa-arabie-saoudite-tourisme-mofa","status":"publish","type":"product","link":"https:\/\/www.visatravel.fr\/en\/product\/visa-arabie-saoudite-tourisme-mofa\/","title":{"rendered":"Visa &#8211; Arabie Saoudite Tourisme Complete"},"content":{"rendered":"<p>Pour voyager en Arabie Saoudite un visa est g\u00e9n\u00e9ralement n\u00e9cessaire \u00e0 quelques exceptions.<\/p>\n<p>Le consulat de l\u2019Arabie Saoudite ne permet pas aux particuliers de se rendre directement aupr\u00e8s de leur service de visa et c\u2019est pourquoi certaines agences ont \u00e9t\u00e9 agr\u00e9\u00e9 aupr\u00e8s des autorit\u00e9s saoudiennes afin de pouvoir servir d\u2019interm\u00e9diaire.<\/p>\n<p>Visa Travel International fait partie des seules 10 agences agr\u00e9\u00e9es en France aupr\u00e8s du consulat d\u2019Arabie Saoudite pour pouvoir vous accompagner dans vos d\u00e9marches et ce quel que soit le type de visa dont vous auriez besoin.<\/p>\n","protected":false},"excerpt":{"rendered":"<p>Pour voyager en Arabie Saoudite un visa est g\u00e9n\u00e9ralement n\u00e9cessaire \u00e0 quelques exceptions.<\/p>\n<p>Le consulat de l\u2019Arabie Saoudite ne permet pas aux particuliers de se rendre directement aupr\u00e8s de leur service de visa et c\u2019est pourquoi certaines agences ont \u00e9t\u00e9 agr\u00e9\u00e9 aupr\u00e8s des autorit\u00e9s saoudiennes afin de pouvoir servir d\u2019interm\u00e9diaire.<\/p>\n<p>Visa Travel International fait partie des seules 10 agences agr\u00e9\u00e9es en France aupr\u00e8s du consulat d\u2019Arabie Saoudite pour pouvoir vous accompagner dans vos d\u00e9marches et ce quel que soit le type de visa dont vous auriez besoin.<\/p>\n","protected":false},"featured_media":0,"template":"","meta":{"_et_pb_use_builder":"","_et_pb_old_content":"","_et_gb_content_width":""},"product_cat":[45],"product_tag":[608],"yoast_head":"<!-- This site is optimized with the Yoast SEO plugin v19.7.1 - https:\/\/yoast.com\/wordpress\/plugins\/seo\/ -->\n<title>VISA | ARABIE SAOUDITE | VISA TRAVEL INTERNATIONAL<\/title>\n<meta name=\"description\" content=\"Pour voyager en Arabie Saoudite un visa est g\u00e9n\u00e9ralement n\u00e9cessaire \u00e0 quelques exceptions. Le consulat de l\u2019Arabie Saoudite ne permet pas aux particuliers de se rendre directement aupr\u00e8s de leur service de visa et c\u2019est pourquoi certaines agences ont \u00e9t\u00e9 agr\u00e9\u00e9 aupr\u00e8s des autorit\u00e9s saoudiennes afin de pouvoir servir d\u2019interm\u00e9diaire. Visa Travel International fait partie des seules 10 agences agr\u00e9\u00e9es en France aupr\u00e8s du consulat d\u2019Arabie Saoudite pour pouvoir vous accompagner dans vos d\u00e9marches et ce quel que soit le type de visa dont vous auriez besoin.\" \/>\n<meta name=\"robots\" content=\"index, follow, max-snippet:-1, max-image-preview:large, max-video-preview:-1\" \/>\n<link rel=\"canonical\" href=\"https:\/\/www.visatravel.fr\/product\/visa-arabie-saoudite-tourisme-mofa\/\" \/>\n<meta property=\"og:locale\" content=\"en_US\" \/>\n<meta property=\"og:type\" content=\"article\" \/>\n<meta property=\"og:title\" content=\"VISA | ARABIE SAOUDITE | VISA TRAVEL INTERNATIONAL\" \/>\n<meta property=\"og:description\" content=\"Pour voyager en Arabie Saoudite un visa est g\u00e9n\u00e9ralement n\u00e9cessaire \u00e0 quelques exceptions. Le consulat de l\u2019Arabie Saoudite ne permet pas aux particuliers de se rendre directement aupr\u00e8s de leur service de visa et c\u2019est pourquoi certaines agences ont \u00e9t\u00e9 agr\u00e9\u00e9 aupr\u00e8s des autorit\u00e9s saoudiennes afin de pouvoir servir d\u2019interm\u00e9diaire. Visa Travel International fait partie des seules 10 agences agr\u00e9\u00e9es en France aupr\u00e8s du consulat d\u2019Arabie Saoudite pour pouvoir vous accompagner dans vos d\u00e9marches et ce quel que soit le type de visa dont vous auriez besoin.\" \/>\n<meta property=\"og:url\" content=\"https:\/\/www.visatravel.fr\/product\/visa-arabie-saoudite-tourisme-mofa\/\" \/>\n<meta property=\"og:site_name\" content=\"Visa Travel International\" \/>\n<meta property=\"article:modified_time\" content=\"2026-04-02T20:06:16+00:00\" \/>\n<meta name=\"twitter:card\" content=\"summary_large_image\" \/>\n<meta name=\"twitter:label1\" content=\"Est. reading time\" \/>\n\t<meta name=\"twitter:data1\" content=\"1 minute\" \/>\n<script type=\"application\/ld+json\" class=\"yoast-schema-graph\">{\"@context\":\"https:\/\/schema.org\",\"@graph\":[{\"@type\":\"WebPage\",\"@id\":\"https:\/\/www.visatravel.fr\/product\/visa-arabie-saoudite-tourisme-mofa\/\",\"url\":\"https:\/\/www.visatravel.fr\/product\/visa-arabie-saoudite-tourisme-mofa\/\",\"name\":\"VISA | ARABIE SAOUDITE | VISA TRAVEL INTERNATIONAL\",\"isPartOf\":{\"@id\":\"https:\/\/www.visatravel.fr\/en\/#website\"},\"datePublished\":\"2023-02-27T16:53:23+00:00\",\"dateModified\":\"2026-04-02T20:06:16+00:00\",\"description\":\"Pour voyager en Arabie Saoudite un visa est g\u00e9n\u00e9ralement n\u00e9cessaire \u00e0 quelques exceptions. Le consulat de l\u2019Arabie Saoudite ne permet pas aux particuliers de se rendre directement aupr\u00e8s de leur service de visa et c\u2019est pourquoi certaines agences ont \u00e9t\u00e9 agr\u00e9\u00e9 aupr\u00e8s des autorit\u00e9s saoudiennes afin de pouvoir servir d\u2019interm\u00e9diaire. Visa Travel International fait partie des seules 10 agences agr\u00e9\u00e9es en France aupr\u00e8s du consulat d\u2019Arabie Saoudite pour pouvoir vous accompagner dans vos d\u00e9marches et ce quel que soit le type de visa dont vous auriez besoin.\",\"breadcrumb\":{\"@id\":\"https:\/\/www.visatravel.fr\/product\/visa-arabie-saoudite-tourisme-mofa\/#breadcrumb\"},\"inLanguage\":\"en-US\",\"potentialAction\":[{\"@type\":\"ReadAction\",\"target\":[\"https:\/\/www.visatravel.fr\/product\/visa-arabie-saoudite-tourisme-mofa\/\"]}]},{\"@type\":\"BreadcrumbList\",\"@id\":\"https:\/\/www.visatravel.fr\/product\/visa-arabie-saoudite-tourisme-mofa\/#breadcrumb\",\"itemListElement\":[{\"@type\":\"ListItem\",\"position\":1,\"name\":\"Home\",\"item\":\"https:\/\/www.visatravel.fr\/en\/\"},{\"@type\":\"ListItem\",\"position\":2,\"name\":\"Products\",\"item\":\"https:\/\/www.visatravel.fr\/en\/shop\/\"},{\"@type\":\"ListItem\",\"position\":3,\"name\":\"Visa &#8211; Arabie Saoudite Tourisme Complete\"}]},{\"@type\":\"WebSite\",\"@id\":\"https:\/\/www.visatravel.fr\/en\/#website\",\"url\":\"https:\/\/www.visatravel.fr\/en\/\",\"name\":\"Visa Travel International\",\"description\":\"Visa Travel International est une soci\u00e9t\u00e9 fran\u00e7aise d\u00e9di\u00e9e \u00e0 la mobilit\u00e9 dans le monde, dirig\u00e9e par des professionnels du tourisme \u00e0 votre \u00e9coute.\",\"potentialAction\":[{\"@type\":\"SearchAction\",\"target\":{\"@type\":\"EntryPoint\",\"urlTemplate\":\"https:\/\/www.visatravel.fr\/en\/?s={search_term_string}\"},\"query-input\":\"required name=search_term_string\"}],\"inLanguage\":\"en-US\"}]}<\/script>\n<!-- \/ Yoast SEO plugin. -->","yoast_head_json":{"title":"VISA | ARABIE SAOUDITE | VISA TRAVEL INTERNATIONAL","description":"Pour voyager en Arabie Saoudite un visa est g\u00e9n\u00e9ralement n\u00e9cessaire \u00e0 quelques exceptions. Le consulat de l\u2019Arabie Saoudite ne permet pas aux particuliers de se rendre directement aupr\u00e8s de leur service de visa et c\u2019est pourquoi certaines agences ont \u00e9t\u00e9 agr\u00e9\u00e9 aupr\u00e8s des autorit\u00e9s saoudiennes afin de pouvoir servir d\u2019interm\u00e9diaire. Visa Travel International fait partie des seules 10 agences agr\u00e9\u00e9es en France aupr\u00e8s du consulat d\u2019Arabie Saoudite pour pouvoir vous accompagner dans vos d\u00e9marches et ce quel que soit le type de visa dont vous auriez besoin.","robots":{"index":"index","follow":"follow","max-snippet":"max-snippet:-1","max-image-preview":"max-image-preview:large","max-video-preview":"max-video-preview:-1"},"canonical":"https:\/\/www.visatravel.fr\/product\/visa-arabie-saoudite-tourisme-mofa\/","og_locale":"en_US","og_type":"article","og_title":"VISA | ARABIE SAOUDITE | VISA TRAVEL INTERNATIONAL","og_description":"Pour voyager en Arabie Saoudite un visa est g\u00e9n\u00e9ralement n\u00e9cessaire \u00e0 quelques exceptions. Le consulat de l\u2019Arabie Saoudite ne permet pas aux particuliers de se rendre directement aupr\u00e8s de leur service de visa et c\u2019est pourquoi certaines agences ont \u00e9t\u00e9 agr\u00e9\u00e9 aupr\u00e8s des autorit\u00e9s saoudiennes afin de pouvoir servir d\u2019interm\u00e9diaire. Visa Travel International fait partie des seules 10 agences agr\u00e9\u00e9es en France aupr\u00e8s du consulat d\u2019Arabie Saoudite pour pouvoir vous accompagner dans vos d\u00e9marches et ce quel que soit le type de visa dont vous auriez besoin.","og_url":"https:\/\/www.visatravel.fr\/product\/visa-arabie-saoudite-tourisme-mofa\/","og_site_name":"Visa Travel International","article_modified_time":"2026-04-02T20:06:16+00:00","twitter_card":"summary_large_image","twitter_misc":{"Est. reading time":"1 minute"},"schema":{"@context":"https:\/\/schema.org","@graph":[{"@type":"WebPage","@id":"https:\/\/www.visatravel.fr\/product\/visa-arabie-saoudite-tourisme-mofa\/","url":"https:\/\/www.visatravel.fr\/product\/visa-arabie-saoudite-tourisme-mofa\/","name":"VISA | ARABIE SAOUDITE | VISA TRAVEL INTERNATIONAL","isPartOf":{"@id":"https:\/\/www.visatravel.fr\/en\/#website"},"datePublished":"2023-02-27T16:53:23+00:00","dateModified":"2026-04-02T20:06:16+00:00","description":"Pour voyager en Arabie Saoudite un visa est g\u00e9n\u00e9ralement n\u00e9cessaire \u00e0 quelques exceptions. Le consulat de l\u2019Arabie Saoudite ne permet pas aux particuliers de se rendre directement aupr\u00e8s de leur service de visa et c\u2019est pourquoi certaines agences ont \u00e9t\u00e9 agr\u00e9\u00e9 aupr\u00e8s des autorit\u00e9s saoudiennes afin de pouvoir servir d\u2019interm\u00e9diaire. Visa Travel International fait partie des seules 10 agences agr\u00e9\u00e9es en France aupr\u00e8s du consulat d\u2019Arabie Saoudite pour pouvoir vous accompagner dans vos d\u00e9marches et ce quel que soit le type de visa dont vous auriez besoin.","breadcrumb":{"@id":"https:\/\/www.visatravel.fr\/product\/visa-arabie-saoudite-tourisme-mofa\/#breadcrumb"},"inLanguage":"en-US","potentialAction":[{"@type":"ReadAction","target":["https:\/\/www.visatravel.fr\/product\/visa-arabie-saoudite-tourisme-mofa\/"]}]},{"@type":"BreadcrumbList","@id":"https:\/\/www.visatravel.fr\/product\/visa-arabie-saoudite-tourisme-mofa\/#breadcrumb","itemListElement":[{"@type":"ListItem","position":1,"name":"Home","item":"https:\/\/www.visatravel.fr\/en\/"},{"@type":"ListItem","position":2,"name":"Products","item":"https:\/\/www.visatravel.fr\/en\/shop\/"},{"@type":"ListItem","position":3,"name":"Visa &#8211; Arabie Saoudite Tourisme Complete"}]},{"@type":"WebSite","@id":"https:\/\/www.visatravel.fr\/en\/#website","url":"https:\/\/www.visatravel.fr\/en\/","name":"Visa Travel International","description":"Visa Travel International est une soci\u00e9t\u00e9 fran\u00e7aise d\u00e9di\u00e9e \u00e0 la mobilit\u00e9 dans le monde, dirig\u00e9e par des professionnels du tourisme \u00e0 votre \u00e9coute.","potentialAction":[{"@type":"SearchAction","target":{"@type":"EntryPoint","urlTemplate":"https:\/\/www.visatravel.fr\/en\/?s={search_term_string}"},"query-input":"required name=search_term_string"}],"inLanguage":"en-US"}]}},"_links":{"self":[{"href":"https:\/\/www.visatravel.fr\/en\/wp-json\/wp\/v2\/product\/277786"}],"collection":[{"href":"https:\/\/www.visatravel.fr\/en\/wp-json\/wp\/v2\/product"}],"about":[{"href":"https:\/\/www.visatravel.fr\/en\/wp-json\/wp\/v2\/types\/product"}],"wp:attachment":[{"href":"https:\/\/www.visatravel.fr\/en\/wp-json\/wp\/v2\/media?parent=277786"}],"wp:term":[{"taxonomy":"product_cat","embeddable":true,"href":"https:\/\/www.visatravel.fr\/en\/wp-json\/wp\/v2\/product_cat?post=277786"},{"taxonomy":"product_tag","embeddable":true,"href":"https:\/\/www.visatravel.fr\/en\/wp-json\/wp\/v2\/product_tag?post=277786"}],"curies":[{"name":"wp","href":"https:\/\/api.w.org\/{rel}","templated":true}]}}