{"id":275784,"date":"2022-10-24T09:12:56","date_gmt":"2022-10-24T09:12:56","guid":{"rendered":"https:\/\/www.visatravel.fr\/?post_type=product&#038;p=275784"},"modified":"2026-01-19T16:33:30","modified_gmt":"2026-01-19T16:33:30","slug":"photos","status":"publish","type":"product","link":"https:\/\/www.visatravel.fr\/en\/product\/photos\/","title":{"rendered":"Photos, Business card"},"content":{"rendered":"<p>[et_pb_section fb_built=&#8221;1&#8243; _builder_version=&#8221;4.18.0&#8243; _module_preset=&#8221;default&#8221; global_colors_info=&#8221;{}&#8221;][\/et_pb_section]<\/p>\n","protected":false},"excerpt":{"rendered":"<p>Send us (contact@visatravel.fr) a JPEG or PDF <strong>photo<\/strong> (portrait mode &#8211; bright background \u2013 no glasses &#8211; no white clothe &#8211; photo less than 6 months \/ click <span style=\"text-decoration: underline;\"><strong><a href=\"https:\/\/www.visatravel.fr\/wp-content\/uploads\/2023\/04\/China-photoRequirementsEn-scaled.jpg\" target=\"_blank\" rel=\"noopener\">here<\/a> <\/strong><\/span>for more details with regards to China requirements) in HD quality and we will edit it, finalize its format so that it meets the expectations of the Consulate and to complete your file.<\/p>\n<p>You don&#8217;t have a <strong>Business Card<\/strong> (as required for your eVisa application) and you want us to create one for you? No problem, just select this option!<\/p>\n","protected":false},"featured_media":0,"template":"","meta":{"_et_pb_use_builder":"on","_et_pb_old_content":"","_et_gb_content_width":""},"product_cat":[1053],"product_tag":[],"yoast_head":"<!-- This site is optimized with the Yoast SEO plugin v19.7.1 - https:\/\/yoast.com\/wordpress\/plugins\/seo\/ -->\n<title>Photos, Business card - Visa Travel International<\/title>\n<meta name=\"robots\" content=\"index, follow, max-snippet:-1, max-image-preview:large, max-video-preview:-1\" \/>\n<link rel=\"canonical\" href=\"https:\/\/www.visatravel.fr\/en\/product\/photos\/\" \/>\n<meta property=\"og:locale\" content=\"en_US\" \/>\n<meta property=\"og:type\" content=\"article\" \/>\n<meta property=\"og:title\" content=\"Photos, Business card - Visa Travel International\" \/>\n<meta property=\"og:description\" content=\"Send us (contact@visatravel.fr) a JPEG or PDF photo (portrait mode - bright background \u2013 no glasses - no white clothe - photo less than 6 months \/ click here for more details with regards to China requirements) in HD quality and we will edit it, finalize its format so that it meets the expectations of the Consulate and to complete your file.  You don&#039;t have a Business Card (as required for your eVisa application) and you want us to create one for you? No problem, just select this option!\" \/>\n<meta property=\"og:url\" content=\"https:\/\/www.visatravel.fr\/en\/product\/photos\/\" \/>\n<meta property=\"og:site_name\" content=\"Visa Travel International\" \/>\n<meta property=\"article:modified_time\" content=\"2026-01-19T16:33:30+00:00\" \/>\n<meta name=\"twitter:card\" content=\"summary_large_image\" \/>\n<meta name=\"twitter:label1\" content=\"Est. reading time\" \/>\n\t<meta name=\"twitter:data1\" content=\"1 minute\" \/>\n<script type=\"application\/ld+json\" class=\"yoast-schema-graph\">{\"@context\":\"https:\/\/schema.org\",\"@graph\":[{\"@type\":\"WebPage\",\"@id\":\"https:\/\/www.visatravel.fr\/en\/product\/photos\/\",\"url\":\"https:\/\/www.visatravel.fr\/en\/product\/photos\/\",\"name\":\"Photos, Business card - Visa Travel International\",\"isPartOf\":{\"@id\":\"https:\/\/www.visatravel.fr\/en\/#website\"},\"datePublished\":\"2022-10-24T09:12:56+00:00\",\"dateModified\":\"2026-01-19T16:33:30+00:00\",\"breadcrumb\":{\"@id\":\"https:\/\/www.visatravel.fr\/en\/product\/photos\/#breadcrumb\"},\"inLanguage\":\"en-US\",\"potentialAction\":[{\"@type\":\"ReadAction\",\"target\":[\"https:\/\/www.visatravel.fr\/en\/product\/photos\/\"]}]},{\"@type\":\"BreadcrumbList\",\"@id\":\"https:\/\/www.visatravel.fr\/en\/product\/photos\/#breadcrumb\",\"itemListElement\":[{\"@type\":\"ListItem\",\"position\":1,\"name\":\"Home\",\"item\":\"https:\/\/www.visatravel.fr\/en\/\"},{\"@type\":\"ListItem\",\"position\":2,\"name\":\"Products\",\"item\":\"https:\/\/www.visatravel.fr\/en\/shop\/\"},{\"@type\":\"ListItem\",\"position\":3,\"name\":\"Photos, Business card\"}]},{\"@type\":\"WebSite\",\"@id\":\"https:\/\/www.visatravel.fr\/en\/#website\",\"url\":\"https:\/\/www.visatravel.fr\/en\/\",\"name\":\"Visa Travel International\",\"description\":\"Visa Travel International est une soci\u00e9t\u00e9 fran\u00e7aise d\u00e9di\u00e9e \u00e0 la mobilit\u00e9 dans le monde, dirig\u00e9e par des professionnels du tourisme \u00e0 votre \u00e9coute.\",\"potentialAction\":[{\"@type\":\"SearchAction\",\"target\":{\"@type\":\"EntryPoint\",\"urlTemplate\":\"https:\/\/www.visatravel.fr\/en\/?s={search_term_string}\"},\"query-input\":\"required name=search_term_string\"}],\"inLanguage\":\"en-US\"}]}<\/script>\n<!-- \/ Yoast SEO plugin. -->","yoast_head_json":{"title":"Photos, Business card - Visa Travel International","robots":{"index":"index","follow":"follow","max-snippet":"max-snippet:-1","max-image-preview":"max-image-preview:large","max-video-preview":"max-video-preview:-1"},"canonical":"https:\/\/www.visatravel.fr\/en\/product\/photos\/","og_locale":"en_US","og_type":"article","og_title":"Photos, Business card - Visa Travel International","og_description":"Send us (contact@visatravel.fr) a JPEG or PDF photo (portrait mode - bright background \u2013 no glasses - no white clothe - photo less than 6 months \/ click here for more details with regards to China requirements) in HD quality and we will edit it, finalize its format so that it meets the expectations of the Consulate and to complete your file.  You don't have a Business Card (as required for your eVisa application) and you want us to create one for you? No problem, just select this option!","og_url":"https:\/\/www.visatravel.fr\/en\/product\/photos\/","og_site_name":"Visa Travel International","article_modified_time":"2026-01-19T16:33:30+00:00","twitter_card":"summary_large_image","twitter_misc":{"Est. reading time":"1 minute"},"schema":{"@context":"https:\/\/schema.org","@graph":[{"@type":"WebPage","@id":"https:\/\/www.visatravel.fr\/en\/product\/photos\/","url":"https:\/\/www.visatravel.fr\/en\/product\/photos\/","name":"Photos, Business card - Visa Travel International","isPartOf":{"@id":"https:\/\/www.visatravel.fr\/en\/#website"},"datePublished":"2022-10-24T09:12:56+00:00","dateModified":"2026-01-19T16:33:30+00:00","breadcrumb":{"@id":"https:\/\/www.visatravel.fr\/en\/product\/photos\/#breadcrumb"},"inLanguage":"en-US","potentialAction":[{"@type":"ReadAction","target":["https:\/\/www.visatravel.fr\/en\/product\/photos\/"]}]},{"@type":"BreadcrumbList","@id":"https:\/\/www.visatravel.fr\/en\/product\/photos\/#breadcrumb","itemListElement":[{"@type":"ListItem","position":1,"name":"Home","item":"https:\/\/www.visatravel.fr\/en\/"},{"@type":"ListItem","position":2,"name":"Products","item":"https:\/\/www.visatravel.fr\/en\/shop\/"},{"@type":"ListItem","position":3,"name":"Photos, Business card"}]},{"@type":"WebSite","@id":"https:\/\/www.visatravel.fr\/en\/#website","url":"https:\/\/www.visatravel.fr\/en\/","name":"Visa Travel International","description":"Visa Travel International est une soci\u00e9t\u00e9 fran\u00e7aise d\u00e9di\u00e9e \u00e0 la mobilit\u00e9 dans le monde, dirig\u00e9e par des professionnels du tourisme \u00e0 votre \u00e9coute.","potentialAction":[{"@type":"SearchAction","target":{"@type":"EntryPoint","urlTemplate":"https:\/\/www.visatravel.fr\/en\/?s={search_term_string}"},"query-input":"required name=search_term_string"}],"inLanguage":"en-US"}]}},"_links":{"self":[{"href":"https:\/\/www.visatravel.fr\/en\/wp-json\/wp\/v2\/product\/275784"}],"collection":[{"href":"https:\/\/www.visatravel.fr\/en\/wp-json\/wp\/v2\/product"}],"about":[{"href":"https:\/\/www.visatravel.fr\/en\/wp-json\/wp\/v2\/types\/product"}],"wp:attachment":[{"href":"https:\/\/www.visatravel.fr\/en\/wp-json\/wp\/v2\/media?parent=275784"}],"wp:term":[{"taxonomy":"product_cat","embeddable":true,"href":"https:\/\/www.visatravel.fr\/en\/wp-json\/wp\/v2\/product_cat?post=275784"},{"taxonomy":"product_tag","embeddable":true,"href":"https:\/\/www.visatravel.fr\/en\/wp-json\/wp\/v2\/product_tag?post=275784"}],"curies":[{"name":"wp","href":"https:\/\/api.w.org\/{rel}","templated":true}]}}