{"id":274520,"date":"2022-06-27T11:25:23","date_gmt":"2022-06-27T11:25:23","guid":{"rendered":"https:\/\/www.visatravel.fr\/?post_type=product&#038;p=274520"},"modified":"2025-02-07T08:20:01","modified_gmt":"2025-02-07T08:20:01","slug":"passport-collection-japan","status":"publish","type":"product","link":"https:\/\/www.visatravel.fr\/en\/product\/passport-collection-japan\/","title":{"rendered":"Application support and passport collection &#8211; Japan"},"content":{"rendered":"<p>To travel to Japan, obtaining a visa is mandatory.<\/p>\n<p>The visa exemption for a temporary stay enjoyed by French nationals is now suspended until further notice. Thus, if you want to go to Japan you must apply for a visa from the consular department of the Japanese embassy.<\/p>\n<p>To obtain your visa, you will need to compile your file with the items requested according to the type of visa targeted (please refer to the Documents to provide section) and we can assist you to check the compliance of your request. You will also need to make an appointment with the Japanese consular service to submit your file<\/p>\n","protected":false},"excerpt":{"rendered":"<p>To travel to Japan, obtaining a visa is mandatory.<\/p>\n<p>The visa exemption for a temporary stay enjoyed by French nationals is now suspended until further notice. Thus, if you want to go to Japan you must apply for a visa from the consular department of the Japanese embassy.<\/p>\n<p>To obtain your visa, you will need to compile your file with the items requested according to the type of visa targeted (please refer to the Documents to provide section) and we can assist you to check the compliance of your request. You will also need to make an appointment with the Japanese consular service to submit your file<\/p>\n","protected":false},"featured_media":0,"template":"","meta":{"_et_pb_use_builder":"","_et_pb_old_content":"","_et_gb_content_width":""},"product_cat":[45],"product_tag":[949],"yoast_head":"<!-- This site is optimized with the Yoast SEO plugin v19.7.1 - https:\/\/yoast.com\/wordpress\/plugins\/seo\/ -->\n<title>VISA | Japan | Visa Travel International<\/title>\n<meta name=\"robots\" content=\"index, follow, max-snippet:-1, max-image-preview:large, max-video-preview:-1\" \/>\n<link rel=\"canonical\" href=\"https:\/\/www.visatravel.fr\/en\/product\/passport-collection-japan\/\" \/>\n<meta property=\"og:locale\" content=\"en_US\" \/>\n<meta property=\"og:type\" content=\"article\" \/>\n<meta property=\"og:title\" content=\"VISA | Japan | Visa Travel International\" \/>\n<meta property=\"og:description\" content=\"To travel to Japan, obtaining a visa is mandatory.  The visa exemption for a temporary stay enjoyed by French nationals is now suspended until further notice. Thus, if you want to go to Japan you must apply for a visa from the consular department of the Japanese embassy.  To obtain your visa, you will need to compile your file with the items requested according to the type of visa targeted (please refer to the Documents to provide section) and we can assist you to check the compliance of your request. You will also need to make an appointment with the Japanese consular service to submit your file\" \/>\n<meta property=\"og:url\" content=\"https:\/\/www.visatravel.fr\/en\/product\/passport-collection-japan\/\" \/>\n<meta property=\"og:site_name\" content=\"Visa Travel International\" \/>\n<meta property=\"article:modified_time\" content=\"2025-02-07T08:20:01+00:00\" \/>\n<meta name=\"twitter:card\" content=\"summary_large_image\" \/>\n<meta name=\"twitter:label1\" content=\"Est. reading time\" \/>\n\t<meta name=\"twitter:data1\" content=\"1 minute\" \/>\n<script type=\"application\/ld+json\" class=\"yoast-schema-graph\">{\"@context\":\"https:\/\/schema.org\",\"@graph\":[{\"@type\":\"WebPage\",\"@id\":\"https:\/\/www.visatravel.fr\/en\/product\/passport-collection-japan\/\",\"url\":\"https:\/\/www.visatravel.fr\/en\/product\/passport-collection-japan\/\",\"name\":\"VISA | Japan | Visa Travel International\",\"isPartOf\":{\"@id\":\"https:\/\/www.visatravel.fr\/en\/#website\"},\"datePublished\":\"2022-06-27T11:25:23+00:00\",\"dateModified\":\"2025-02-07T08:20:01+00:00\",\"breadcrumb\":{\"@id\":\"https:\/\/www.visatravel.fr\/en\/product\/passport-collection-japan\/#breadcrumb\"},\"inLanguage\":\"en-US\",\"potentialAction\":[{\"@type\":\"ReadAction\",\"target\":[\"https:\/\/www.visatravel.fr\/en\/product\/passport-collection-japan\/\"]}]},{\"@type\":\"BreadcrumbList\",\"@id\":\"https:\/\/www.visatravel.fr\/en\/product\/passport-collection-japan\/#breadcrumb\",\"itemListElement\":[{\"@type\":\"ListItem\",\"position\":1,\"name\":\"Home\",\"item\":\"https:\/\/www.visatravel.fr\/en\/\"},{\"@type\":\"ListItem\",\"position\":2,\"name\":\"Products\",\"item\":\"https:\/\/www.visatravel.fr\/en\/shop\/\"},{\"@type\":\"ListItem\",\"position\":3,\"name\":\"Application support and passport collection &#8211; Japan\"}]},{\"@type\":\"WebSite\",\"@id\":\"https:\/\/www.visatravel.fr\/en\/#website\",\"url\":\"https:\/\/www.visatravel.fr\/en\/\",\"name\":\"Visa Travel International\",\"description\":\"Visa Travel International est une soci\u00e9t\u00e9 fran\u00e7aise d\u00e9di\u00e9e \u00e0 la mobilit\u00e9 dans le monde, dirig\u00e9e par des professionnels du tourisme \u00e0 votre \u00e9coute.\",\"potentialAction\":[{\"@type\":\"SearchAction\",\"target\":{\"@type\":\"EntryPoint\",\"urlTemplate\":\"https:\/\/www.visatravel.fr\/en\/?s={search_term_string}\"},\"query-input\":\"required name=search_term_string\"}],\"inLanguage\":\"en-US\"}]}<\/script>\n<!-- \/ Yoast SEO plugin. -->","yoast_head_json":{"title":"VISA | Japan | Visa Travel International","robots":{"index":"index","follow":"follow","max-snippet":"max-snippet:-1","max-image-preview":"max-image-preview:large","max-video-preview":"max-video-preview:-1"},"canonical":"https:\/\/www.visatravel.fr\/en\/product\/passport-collection-japan\/","og_locale":"en_US","og_type":"article","og_title":"VISA | Japan | Visa Travel International","og_description":"To travel to Japan, obtaining a visa is mandatory.  The visa exemption for a temporary stay enjoyed by French nationals is now suspended until further notice. Thus, if you want to go to Japan you must apply for a visa from the consular department of the Japanese embassy.  To obtain your visa, you will need to compile your file with the items requested according to the type of visa targeted (please refer to the Documents to provide section) and we can assist you to check the compliance of your request. You will also need to make an appointment with the Japanese consular service to submit your file","og_url":"https:\/\/www.visatravel.fr\/en\/product\/passport-collection-japan\/","og_site_name":"Visa Travel International","article_modified_time":"2025-02-07T08:20:01+00:00","twitter_card":"summary_large_image","twitter_misc":{"Est. reading time":"1 minute"},"schema":{"@context":"https:\/\/schema.org","@graph":[{"@type":"WebPage","@id":"https:\/\/www.visatravel.fr\/en\/product\/passport-collection-japan\/","url":"https:\/\/www.visatravel.fr\/en\/product\/passport-collection-japan\/","name":"VISA | Japan | Visa Travel International","isPartOf":{"@id":"https:\/\/www.visatravel.fr\/en\/#website"},"datePublished":"2022-06-27T11:25:23+00:00","dateModified":"2025-02-07T08:20:01+00:00","breadcrumb":{"@id":"https:\/\/www.visatravel.fr\/en\/product\/passport-collection-japan\/#breadcrumb"},"inLanguage":"en-US","potentialAction":[{"@type":"ReadAction","target":["https:\/\/www.visatravel.fr\/en\/product\/passport-collection-japan\/"]}]},{"@type":"BreadcrumbList","@id":"https:\/\/www.visatravel.fr\/en\/product\/passport-collection-japan\/#breadcrumb","itemListElement":[{"@type":"ListItem","position":1,"name":"Home","item":"https:\/\/www.visatravel.fr\/en\/"},{"@type":"ListItem","position":2,"name":"Products","item":"https:\/\/www.visatravel.fr\/en\/shop\/"},{"@type":"ListItem","position":3,"name":"Application support and passport collection &#8211; Japan"}]},{"@type":"WebSite","@id":"https:\/\/www.visatravel.fr\/en\/#website","url":"https:\/\/www.visatravel.fr\/en\/","name":"Visa Travel International","description":"Visa Travel International est une soci\u00e9t\u00e9 fran\u00e7aise d\u00e9di\u00e9e \u00e0 la mobilit\u00e9 dans le monde, dirig\u00e9e par des professionnels du tourisme \u00e0 votre \u00e9coute.","potentialAction":[{"@type":"SearchAction","target":{"@type":"EntryPoint","urlTemplate":"https:\/\/www.visatravel.fr\/en\/?s={search_term_string}"},"query-input":"required name=search_term_string"}],"inLanguage":"en-US"}]}},"_links":{"self":[{"href":"https:\/\/www.visatravel.fr\/en\/wp-json\/wp\/v2\/product\/274520"}],"collection":[{"href":"https:\/\/www.visatravel.fr\/en\/wp-json\/wp\/v2\/product"}],"about":[{"href":"https:\/\/www.visatravel.fr\/en\/wp-json\/wp\/v2\/types\/product"}],"wp:attachment":[{"href":"https:\/\/www.visatravel.fr\/en\/wp-json\/wp\/v2\/media?parent=274520"}],"wp:term":[{"taxonomy":"product_cat","embeddable":true,"href":"https:\/\/www.visatravel.fr\/en\/wp-json\/wp\/v2\/product_cat?post=274520"},{"taxonomy":"product_tag","embeddable":true,"href":"https:\/\/www.visatravel.fr\/en\/wp-json\/wp\/v2\/product_tag?post=274520"}],"curies":[{"name":"wp","href":"https:\/\/api.w.org\/{rel}","templated":true}]}}