{"id":274190,"date":"2022-05-12T12:15:31","date_gmt":"2022-05-12T12:15:31","guid":{"rendered":"https:\/\/www.visatravel.fr\/?post_type=product&#038;p=274190"},"modified":"2026-02-27T16:09:34","modified_gmt":"2026-02-27T16:09:34","slug":"evisa-keta-south-korea","status":"publish","type":"product","link":"https:\/\/www.visatravel.fr\/en\/product\/evisa-keta-south-korea\/","title":{"rendered":"eVisa &#8211; KETA South Korea"},"content":{"rendered":"<p>To travel to South Korea a visa is now required, the visa exemption having been suspended following the health crisis.<\/p>\n<p>Visa Travel International is an agency approved by the Korean Consulate to assist you in your procedures, regardless of the type of Visa you need<\/p>\n","protected":false},"excerpt":{"rendered":"<p>To travel to South Korea a visa is now required, the visa exemption having been suspended following the health crisis.<\/p>\n<p>Visa Travel International is an agency approved by the Korean Consulate to assist you in your procedures, regardless of the type of Visa you need<\/p>\n","protected":false},"featured_media":0,"template":"","meta":{"_et_pb_use_builder":"","_et_pb_old_content":"","_et_gb_content_width":""},"product_cat":[318],"product_tag":[94],"yoast_head":"<!-- This site is optimized with the Yoast SEO plugin v19.7.1 - https:\/\/yoast.com\/wordpress\/plugins\/seo\/ -->\n<title>VISA | SOUTH KOREA | VISA TRAVEL INTERNATIONAL<\/title>\n<meta name=\"description\" content=\"To travel to South Korea a visa is now required, the visa exemption having been suspended following the health crisis. Visa Travel International is an agency approved by the Korean Consulate to assist you in your procedures, regardless of the type of Visa or eVisa (KETA) you need\" \/>\n<meta name=\"robots\" content=\"index, follow, max-snippet:-1, max-image-preview:large, max-video-preview:-1\" \/>\n<link rel=\"canonical\" href=\"https:\/\/www.visatravel.fr\/en\/product\/evisa-keta-south-korea\/\" \/>\n<meta property=\"og:locale\" content=\"en_US\" \/>\n<meta property=\"og:type\" content=\"article\" \/>\n<meta property=\"og:title\" content=\"VISA | SOUTH KOREA | VISA TRAVEL INTERNATIONAL\" \/>\n<meta property=\"og:description\" content=\"To travel to South Korea a visa is now required, the visa exemption having been suspended following the health crisis. Visa Travel International is an agency approved by the Korean Consulate to assist you in your procedures, regardless of the type of Visa or eVisa (KETA) you need\" \/>\n<meta property=\"og:url\" content=\"https:\/\/www.visatravel.fr\/en\/product\/evisa-keta-south-korea\/\" \/>\n<meta property=\"og:site_name\" content=\"Visa Travel International\" \/>\n<meta property=\"article:modified_time\" content=\"2026-02-27T16:09:34+00:00\" \/>\n<meta name=\"twitter:card\" content=\"summary_large_image\" \/>\n<meta name=\"twitter:label1\" content=\"Est. reading time\" \/>\n\t<meta name=\"twitter:data1\" content=\"1 minute\" \/>\n<script type=\"application\/ld+json\" class=\"yoast-schema-graph\">{\"@context\":\"https:\/\/schema.org\",\"@graph\":[{\"@type\":\"WebPage\",\"@id\":\"https:\/\/www.visatravel.fr\/en\/product\/evisa-keta-south-korea\/\",\"url\":\"https:\/\/www.visatravel.fr\/en\/product\/evisa-keta-south-korea\/\",\"name\":\"VISA | SOUTH KOREA | VISA TRAVEL INTERNATIONAL\",\"isPartOf\":{\"@id\":\"https:\/\/www.visatravel.fr\/en\/#website\"},\"datePublished\":\"2022-05-12T12:15:31+00:00\",\"dateModified\":\"2026-02-27T16:09:34+00:00\",\"description\":\"To travel to South Korea a visa is now required, the visa exemption having been suspended following the health crisis. Visa Travel International is an agency approved by the Korean Consulate to assist you in your procedures, regardless of the type of Visa or eVisa (KETA) you need\",\"breadcrumb\":{\"@id\":\"https:\/\/www.visatravel.fr\/en\/product\/evisa-keta-south-korea\/#breadcrumb\"},\"inLanguage\":\"en-US\",\"potentialAction\":[{\"@type\":\"ReadAction\",\"target\":[\"https:\/\/www.visatravel.fr\/en\/product\/evisa-keta-south-korea\/\"]}]},{\"@type\":\"BreadcrumbList\",\"@id\":\"https:\/\/www.visatravel.fr\/en\/product\/evisa-keta-south-korea\/#breadcrumb\",\"itemListElement\":[{\"@type\":\"ListItem\",\"position\":1,\"name\":\"Home\",\"item\":\"https:\/\/www.visatravel.fr\/en\/\"},{\"@type\":\"ListItem\",\"position\":2,\"name\":\"Products\",\"item\":\"https:\/\/www.visatravel.fr\/en\/shop\/\"},{\"@type\":\"ListItem\",\"position\":3,\"name\":\"eVisa &#8211; KETA South Korea\"}]},{\"@type\":\"WebSite\",\"@id\":\"https:\/\/www.visatravel.fr\/en\/#website\",\"url\":\"https:\/\/www.visatravel.fr\/en\/\",\"name\":\"Visa Travel International\",\"description\":\"Visa Travel International est une soci\u00e9t\u00e9 fran\u00e7aise d\u00e9di\u00e9e \u00e0 la mobilit\u00e9 dans le monde, dirig\u00e9e par des professionnels du tourisme \u00e0 votre \u00e9coute.\",\"potentialAction\":[{\"@type\":\"SearchAction\",\"target\":{\"@type\":\"EntryPoint\",\"urlTemplate\":\"https:\/\/www.visatravel.fr\/en\/?s={search_term_string}\"},\"query-input\":\"required name=search_term_string\"}],\"inLanguage\":\"en-US\"}]}<\/script>\n<!-- \/ Yoast SEO plugin. -->","yoast_head_json":{"title":"VISA | SOUTH KOREA | VISA TRAVEL INTERNATIONAL","description":"To travel to South Korea a visa is now required, the visa exemption having been suspended following the health crisis. Visa Travel International is an agency approved by the Korean Consulate to assist you in your procedures, regardless of the type of Visa or eVisa (KETA) you need","robots":{"index":"index","follow":"follow","max-snippet":"max-snippet:-1","max-image-preview":"max-image-preview:large","max-video-preview":"max-video-preview:-1"},"canonical":"https:\/\/www.visatravel.fr\/en\/product\/evisa-keta-south-korea\/","og_locale":"en_US","og_type":"article","og_title":"VISA | SOUTH KOREA | VISA TRAVEL INTERNATIONAL","og_description":"To travel to South Korea a visa is now required, the visa exemption having been suspended following the health crisis. Visa Travel International is an agency approved by the Korean Consulate to assist you in your procedures, regardless of the type of Visa or eVisa (KETA) you need","og_url":"https:\/\/www.visatravel.fr\/en\/product\/evisa-keta-south-korea\/","og_site_name":"Visa Travel International","article_modified_time":"2026-02-27T16:09:34+00:00","twitter_card":"summary_large_image","twitter_misc":{"Est. reading time":"1 minute"},"schema":{"@context":"https:\/\/schema.org","@graph":[{"@type":"WebPage","@id":"https:\/\/www.visatravel.fr\/en\/product\/evisa-keta-south-korea\/","url":"https:\/\/www.visatravel.fr\/en\/product\/evisa-keta-south-korea\/","name":"VISA | SOUTH KOREA | VISA TRAVEL INTERNATIONAL","isPartOf":{"@id":"https:\/\/www.visatravel.fr\/en\/#website"},"datePublished":"2022-05-12T12:15:31+00:00","dateModified":"2026-02-27T16:09:34+00:00","description":"To travel to South Korea a visa is now required, the visa exemption having been suspended following the health crisis. Visa Travel International is an agency approved by the Korean Consulate to assist you in your procedures, regardless of the type of Visa or eVisa (KETA) you need","breadcrumb":{"@id":"https:\/\/www.visatravel.fr\/en\/product\/evisa-keta-south-korea\/#breadcrumb"},"inLanguage":"en-US","potentialAction":[{"@type":"ReadAction","target":["https:\/\/www.visatravel.fr\/en\/product\/evisa-keta-south-korea\/"]}]},{"@type":"BreadcrumbList","@id":"https:\/\/www.visatravel.fr\/en\/product\/evisa-keta-south-korea\/#breadcrumb","itemListElement":[{"@type":"ListItem","position":1,"name":"Home","item":"https:\/\/www.visatravel.fr\/en\/"},{"@type":"ListItem","position":2,"name":"Products","item":"https:\/\/www.visatravel.fr\/en\/shop\/"},{"@type":"ListItem","position":3,"name":"eVisa &#8211; KETA South Korea"}]},{"@type":"WebSite","@id":"https:\/\/www.visatravel.fr\/en\/#website","url":"https:\/\/www.visatravel.fr\/en\/","name":"Visa Travel International","description":"Visa Travel International est une soci\u00e9t\u00e9 fran\u00e7aise d\u00e9di\u00e9e \u00e0 la mobilit\u00e9 dans le monde, dirig\u00e9e par des professionnels du tourisme \u00e0 votre \u00e9coute.","potentialAction":[{"@type":"SearchAction","target":{"@type":"EntryPoint","urlTemplate":"https:\/\/www.visatravel.fr\/en\/?s={search_term_string}"},"query-input":"required name=search_term_string"}],"inLanguage":"en-US"}]}},"_links":{"self":[{"href":"https:\/\/www.visatravel.fr\/en\/wp-json\/wp\/v2\/product\/274190"}],"collection":[{"href":"https:\/\/www.visatravel.fr\/en\/wp-json\/wp\/v2\/product"}],"about":[{"href":"https:\/\/www.visatravel.fr\/en\/wp-json\/wp\/v2\/types\/product"}],"wp:attachment":[{"href":"https:\/\/www.visatravel.fr\/en\/wp-json\/wp\/v2\/media?parent=274190"}],"wp:term":[{"taxonomy":"product_cat","embeddable":true,"href":"https:\/\/www.visatravel.fr\/en\/wp-json\/wp\/v2\/product_cat?post=274190"},{"taxonomy":"product_tag","embeddable":true,"href":"https:\/\/www.visatravel.fr\/en\/wp-json\/wp\/v2\/product_tag?post=274190"}],"curies":[{"name":"wp","href":"https:\/\/api.w.org\/{rel}","templated":true}]}}