{"id":274007,"date":"2022-04-21T15:13:29","date_gmt":"2022-04-21T15:13:29","guid":{"rendered":"https:\/\/www.visatravel.fr\/?post_type=product&#038;p=274007"},"modified":"2026-02-28T08:23:15","modified_gmt":"2026-02-28T08:23:15","slug":"evisa-k-eta-coree-du-sud","status":"publish","type":"product","link":"https:\/\/www.visatravel.fr\/en\/product\/evisa-k-eta-coree-du-sud\/","title":{"rendered":"eVisa &#8211; k-ETA Cor\u00e9e du Sud"},"content":{"rendered":"<p>Pour voyager en Cor\u00e9e du Sud un\u00a0<strong>visa est d\u00e9sormais n\u00e9cessaire<\/strong>, l\u2019exemption de visa ayant \u00e9t\u00e9 suspendu suite \u00e0 la crise sanitaire.<\/p>\n<p><b>Visa Travel International<\/b> est une agence agr\u00e9\u00e9e par le consulat cor\u00e9en pour vous accompagner dans vos d\u00e9marches et ce quel que soit le type de Visa dont vous auriez besoin.<\/p>\n<p>A cet effet, vous trouverez sur cette page toutes les informations et r\u00e9ponses aux questions qui vous seront utiles dans l\u2019objectif de l\u2019obtention de votre Visa.<\/p>\n","protected":false},"excerpt":{"rendered":"<p>Pour voyager en Cor\u00e9e du Sud un\u00a0<strong>visa est d\u00e9sormais n\u00e9cessaire<\/strong>, l\u2019exemption de visa ayant \u00e9t\u00e9 suspendu suite \u00e0 la crise sanitaire.<\/p>\n<p><b>Visa Travel International<\/b> est une agence agr\u00e9\u00e9e par le consulat cor\u00e9en pour vous accompagner dans vos d\u00e9marches et ce quel que soit le type de Visa dont vous auriez besoin.<\/p>\n<p>A cet effet, vous trouverez sur cette page toutes les informations et r\u00e9ponses aux questions qui vous seront utiles dans l\u2019objectif de l\u2019obtention de votre Visa.<\/p>\n","protected":false},"featured_media":0,"template":"","meta":{"_et_pb_use_builder":"","_et_pb_old_content":"","_et_gb_content_width":""},"product_cat":[318],"product_tag":[94],"yoast_head":"<!-- This site is optimized with the Yoast SEO plugin v19.7.1 - https:\/\/yoast.com\/wordpress\/plugins\/seo\/ -->\n<title>eVisa | Cor\u00e9e du Sud [ Visa Travel International<\/title>\n<meta name=\"description\" content=\"Pour voyager en Cor\u00e9e du Sud un\u00a0visa est d\u00e9sormais n\u00e9cessaire, l\u2019exemption de visa ayant \u00e9t\u00e9 suspendu suite \u00e0 la crise sanitaire. Visa Travel International est une agence agr\u00e9\u00e9e par le consulat cor\u00e9en pour vous accompagner dans vos d\u00e9marches et ce quel que soit le type de Visa dont vous auriez besoin. A cet effet, vous trouverez sur cette page toutes les informations et r\u00e9ponses aux questions qui vous seront utiles dans l\u2019objectif de l\u2019obtention de votre Visa.\" \/>\n<meta name=\"robots\" content=\"index, follow, max-snippet:-1, max-image-preview:large, max-video-preview:-1\" \/>\n<link rel=\"canonical\" href=\"https:\/\/www.visatravel.fr\/product\/evisa-k-eta-coree-du-sud\/\" \/>\n<meta property=\"og:locale\" content=\"en_US\" \/>\n<meta property=\"og:type\" content=\"article\" \/>\n<meta property=\"og:title\" content=\"eVisa | Cor\u00e9e du Sud [ Visa Travel International\" \/>\n<meta property=\"og:description\" content=\"Pour voyager en Cor\u00e9e du Sud un\u00a0visa est d\u00e9sormais n\u00e9cessaire, l\u2019exemption de visa ayant \u00e9t\u00e9 suspendu suite \u00e0 la crise sanitaire. Visa Travel International est une agence agr\u00e9\u00e9e par le consulat cor\u00e9en pour vous accompagner dans vos d\u00e9marches et ce quel que soit le type de Visa dont vous auriez besoin. A cet effet, vous trouverez sur cette page toutes les informations et r\u00e9ponses aux questions qui vous seront utiles dans l\u2019objectif de l\u2019obtention de votre Visa.\" \/>\n<meta property=\"og:url\" content=\"https:\/\/www.visatravel.fr\/product\/evisa-k-eta-coree-du-sud\/\" \/>\n<meta property=\"og:site_name\" content=\"Visa Travel International\" \/>\n<meta property=\"article:modified_time\" content=\"2026-02-28T08:23:15+00:00\" \/>\n<meta name=\"twitter:card\" content=\"summary_large_image\" \/>\n<meta name=\"twitter:label1\" content=\"Est. reading time\" \/>\n\t<meta name=\"twitter:data1\" content=\"1 minute\" \/>\n<script type=\"application\/ld+json\" class=\"yoast-schema-graph\">{\"@context\":\"https:\/\/schema.org\",\"@graph\":[{\"@type\":\"WebPage\",\"@id\":\"https:\/\/www.visatravel.fr\/product\/evisa-k-eta-coree-du-sud\/\",\"url\":\"https:\/\/www.visatravel.fr\/product\/evisa-k-eta-coree-du-sud\/\",\"name\":\"eVisa | Cor\u00e9e du Sud [ Visa Travel International\",\"isPartOf\":{\"@id\":\"https:\/\/www.visatravel.fr\/en\/#website\"},\"datePublished\":\"2022-04-21T15:13:29+00:00\",\"dateModified\":\"2026-02-28T08:23:15+00:00\",\"description\":\"Pour voyager en Cor\u00e9e du Sud un\u00a0visa est d\u00e9sormais n\u00e9cessaire, l\u2019exemption de visa ayant \u00e9t\u00e9 suspendu suite \u00e0 la crise sanitaire. Visa Travel International est une agence agr\u00e9\u00e9e par le consulat cor\u00e9en pour vous accompagner dans vos d\u00e9marches et ce quel que soit le type de Visa dont vous auriez besoin. A cet effet, vous trouverez sur cette page toutes les informations et r\u00e9ponses aux questions qui vous seront utiles dans l\u2019objectif de l\u2019obtention de votre Visa.\",\"breadcrumb\":{\"@id\":\"https:\/\/www.visatravel.fr\/product\/evisa-k-eta-coree-du-sud\/#breadcrumb\"},\"inLanguage\":\"en-US\",\"potentialAction\":[{\"@type\":\"ReadAction\",\"target\":[\"https:\/\/www.visatravel.fr\/product\/evisa-k-eta-coree-du-sud\/\"]}]},{\"@type\":\"BreadcrumbList\",\"@id\":\"https:\/\/www.visatravel.fr\/product\/evisa-k-eta-coree-du-sud\/#breadcrumb\",\"itemListElement\":[{\"@type\":\"ListItem\",\"position\":1,\"name\":\"Home\",\"item\":\"https:\/\/www.visatravel.fr\/en\/\"},{\"@type\":\"ListItem\",\"position\":2,\"name\":\"Products\",\"item\":\"https:\/\/www.visatravel.fr\/en\/shop\/\"},{\"@type\":\"ListItem\",\"position\":3,\"name\":\"eVisa &#8211; k-ETA Cor\u00e9e du Sud\"}]},{\"@type\":\"WebSite\",\"@id\":\"https:\/\/www.visatravel.fr\/en\/#website\",\"url\":\"https:\/\/www.visatravel.fr\/en\/\",\"name\":\"Visa Travel International\",\"description\":\"Visa Travel International est une soci\u00e9t\u00e9 fran\u00e7aise d\u00e9di\u00e9e \u00e0 la mobilit\u00e9 dans le monde, dirig\u00e9e par des professionnels du tourisme \u00e0 votre \u00e9coute.\",\"potentialAction\":[{\"@type\":\"SearchAction\",\"target\":{\"@type\":\"EntryPoint\",\"urlTemplate\":\"https:\/\/www.visatravel.fr\/en\/?s={search_term_string}\"},\"query-input\":\"required name=search_term_string\"}],\"inLanguage\":\"en-US\"}]}<\/script>\n<!-- \/ Yoast SEO plugin. -->","yoast_head_json":{"title":"eVisa | Cor\u00e9e du Sud [ Visa Travel International","description":"Pour voyager en Cor\u00e9e du Sud un\u00a0visa est d\u00e9sormais n\u00e9cessaire, l\u2019exemption de visa ayant \u00e9t\u00e9 suspendu suite \u00e0 la crise sanitaire. Visa Travel International est une agence agr\u00e9\u00e9e par le consulat cor\u00e9en pour vous accompagner dans vos d\u00e9marches et ce quel que soit le type de Visa dont vous auriez besoin. A cet effet, vous trouverez sur cette page toutes les informations et r\u00e9ponses aux questions qui vous seront utiles dans l\u2019objectif de l\u2019obtention de votre Visa.","robots":{"index":"index","follow":"follow","max-snippet":"max-snippet:-1","max-image-preview":"max-image-preview:large","max-video-preview":"max-video-preview:-1"},"canonical":"https:\/\/www.visatravel.fr\/product\/evisa-k-eta-coree-du-sud\/","og_locale":"en_US","og_type":"article","og_title":"eVisa | Cor\u00e9e du Sud [ Visa Travel International","og_description":"Pour voyager en Cor\u00e9e du Sud un\u00a0visa est d\u00e9sormais n\u00e9cessaire, l\u2019exemption de visa ayant \u00e9t\u00e9 suspendu suite \u00e0 la crise sanitaire. Visa Travel International est une agence agr\u00e9\u00e9e par le consulat cor\u00e9en pour vous accompagner dans vos d\u00e9marches et ce quel que soit le type de Visa dont vous auriez besoin. A cet effet, vous trouverez sur cette page toutes les informations et r\u00e9ponses aux questions qui vous seront utiles dans l\u2019objectif de l\u2019obtention de votre Visa.","og_url":"https:\/\/www.visatravel.fr\/product\/evisa-k-eta-coree-du-sud\/","og_site_name":"Visa Travel International","article_modified_time":"2026-02-28T08:23:15+00:00","twitter_card":"summary_large_image","twitter_misc":{"Est. reading time":"1 minute"},"schema":{"@context":"https:\/\/schema.org","@graph":[{"@type":"WebPage","@id":"https:\/\/www.visatravel.fr\/product\/evisa-k-eta-coree-du-sud\/","url":"https:\/\/www.visatravel.fr\/product\/evisa-k-eta-coree-du-sud\/","name":"eVisa | Cor\u00e9e du Sud [ Visa Travel International","isPartOf":{"@id":"https:\/\/www.visatravel.fr\/en\/#website"},"datePublished":"2022-04-21T15:13:29+00:00","dateModified":"2026-02-28T08:23:15+00:00","description":"Pour voyager en Cor\u00e9e du Sud un\u00a0visa est d\u00e9sormais n\u00e9cessaire, l\u2019exemption de visa ayant \u00e9t\u00e9 suspendu suite \u00e0 la crise sanitaire. Visa Travel International est une agence agr\u00e9\u00e9e par le consulat cor\u00e9en pour vous accompagner dans vos d\u00e9marches et ce quel que soit le type de Visa dont vous auriez besoin. A cet effet, vous trouverez sur cette page toutes les informations et r\u00e9ponses aux questions qui vous seront utiles dans l\u2019objectif de l\u2019obtention de votre Visa.","breadcrumb":{"@id":"https:\/\/www.visatravel.fr\/product\/evisa-k-eta-coree-du-sud\/#breadcrumb"},"inLanguage":"en-US","potentialAction":[{"@type":"ReadAction","target":["https:\/\/www.visatravel.fr\/product\/evisa-k-eta-coree-du-sud\/"]}]},{"@type":"BreadcrumbList","@id":"https:\/\/www.visatravel.fr\/product\/evisa-k-eta-coree-du-sud\/#breadcrumb","itemListElement":[{"@type":"ListItem","position":1,"name":"Home","item":"https:\/\/www.visatravel.fr\/en\/"},{"@type":"ListItem","position":2,"name":"Products","item":"https:\/\/www.visatravel.fr\/en\/shop\/"},{"@type":"ListItem","position":3,"name":"eVisa &#8211; k-ETA Cor\u00e9e du Sud"}]},{"@type":"WebSite","@id":"https:\/\/www.visatravel.fr\/en\/#website","url":"https:\/\/www.visatravel.fr\/en\/","name":"Visa Travel International","description":"Visa Travel International est une soci\u00e9t\u00e9 fran\u00e7aise d\u00e9di\u00e9e \u00e0 la mobilit\u00e9 dans le monde, dirig\u00e9e par des professionnels du tourisme \u00e0 votre \u00e9coute.","potentialAction":[{"@type":"SearchAction","target":{"@type":"EntryPoint","urlTemplate":"https:\/\/www.visatravel.fr\/en\/?s={search_term_string}"},"query-input":"required name=search_term_string"}],"inLanguage":"en-US"}]}},"_links":{"self":[{"href":"https:\/\/www.visatravel.fr\/en\/wp-json\/wp\/v2\/product\/274007"}],"collection":[{"href":"https:\/\/www.visatravel.fr\/en\/wp-json\/wp\/v2\/product"}],"about":[{"href":"https:\/\/www.visatravel.fr\/en\/wp-json\/wp\/v2\/types\/product"}],"wp:attachment":[{"href":"https:\/\/www.visatravel.fr\/en\/wp-json\/wp\/v2\/media?parent=274007"}],"wp:term":[{"taxonomy":"product_cat","embeddable":true,"href":"https:\/\/www.visatravel.fr\/en\/wp-json\/wp\/v2\/product_cat?post=274007"},{"taxonomy":"product_tag","embeddable":true,"href":"https:\/\/www.visatravel.fr\/en\/wp-json\/wp\/v2\/product_tag?post=274007"}],"curies":[{"name":"wp","href":"https:\/\/api.w.org\/{rel}","templated":true}]}}