{"id":273922,"date":"2022-04-11T08:49:45","date_gmt":"2022-04-11T08:49:45","guid":{"rendered":"https:\/\/www.visatravel.fr\/?post_type=product&#038;p=273922"},"modified":"2026-01-20T10:12:50","modified_gmt":"2026-01-20T10:12:50","slug":"multi-risk-insurance-91-365-days","status":"publish","type":"product","link":"https:\/\/www.visatravel.fr\/en\/product\/multi-risk-insurance-91-365-days\/","title":{"rendered":"MULTI-RISK insurance 91-365 days"},"content":{"rendered":"<p>To obtain a Visa (Russia, Thailand, \u2026), it is necessary to subscribe an insurance covering health risks, repatriation, medical costs, \u2026 it will be requested by the Consulate.<\/p>\n<p>Likewise, should you want to protect yourself against a visa refusal, trip cancellation, passport damage, \u2026 and therefore a potential loss of costs incurred? Then a \u201cCANCELLATION insurance\u201d taken out with the assistance of Visa Travel International can allow you to secure this subject.<\/p>\n<p>You want to travel with piece fo mind and insure yourself for multiple potential risks before or during your trip? \u201cMULTI-RISK insurance\u201d was designed for this!<\/p>\n<p>We have selected for you Insurance policies adapted to the many hazards that your international mobility can meet.<\/p>\n","protected":false},"excerpt":{"rendered":"<p>To obtain a Visa (Russia, Thailand, \u2026), it is necessary to subscribe an insurance covering health risks, repatriation, medical costs, \u2026 it will be requested by the Consulate.<\/p>\n<p>Likewise, should you want to protect yourself against a visa refusal, trip cancellation, passport damage, \u2026 and therefore a potential loss of costs incurred? Then a \u201cCANCELLATION insurance\u201d taken out with the assistance of Visa Travel International can allow you to secure this subject.<\/p>\n<p>You want to travel with piece fo mind and insure yourself for multiple potential risks before or during your trip? \u201cMULTI-RISK insurance\u201d was designed for this!<\/p>\n<p>We have selected for you Insurance policies adapted to the many hazards that your international mobility can meet.<\/p>\n","protected":false},"featured_media":0,"template":"","meta":{"_et_pb_use_builder":"","_et_pb_old_content":"","_et_gb_content_width":""},"product_cat":[53,406],"product_tag":[],"yoast_head":"<!-- This site is optimized with the Yoast SEO plugin v19.7.1 - https:\/\/yoast.com\/wordpress\/plugins\/seo\/ -->\n<title>MULTI-RISK insurance 91-365 days - Visa Travel International<\/title>\n<meta name=\"robots\" content=\"index, follow, max-snippet:-1, max-image-preview:large, max-video-preview:-1\" \/>\n<link rel=\"canonical\" href=\"https:\/\/www.visatravel.fr\/en\/product\/multi-risk-insurance-91-365-days\/\" \/>\n<meta property=\"og:locale\" content=\"en_US\" \/>\n<meta property=\"og:type\" content=\"article\" \/>\n<meta property=\"og:title\" content=\"MULTI-RISK insurance 91-365 days - Visa Travel International\" \/>\n<meta property=\"og:description\" content=\"To obtain a Visa (Russia, Thailand, \u2026), it is necessary to subscribe an insurance covering health risks, repatriation, medical costs, \u2026 it will be requested by the Consulate.  Likewise, should you want to protect yourself against a visa refusal, trip cancellation, passport damage, \u2026 and therefore a potential loss of costs incurred? Then a \u201cCANCELLATION insurance\u201d taken out with the assistance of Visa Travel International can allow you to secure this subject.  You want to travel with piece fo mind and insure yourself for multiple potential risks before or during your trip? \u201cMULTI-RISK insurance\u201d was designed for this!  We have selected for you Insurance policies adapted to the many hazards that your international mobility can meet.\" \/>\n<meta property=\"og:url\" content=\"https:\/\/www.visatravel.fr\/en\/product\/multi-risk-insurance-91-365-days\/\" \/>\n<meta property=\"og:site_name\" content=\"Visa Travel International\" \/>\n<meta property=\"article:modified_time\" content=\"2026-01-20T10:12:50+00:00\" \/>\n<meta name=\"twitter:card\" content=\"summary_large_image\" \/>\n<meta name=\"twitter:label1\" content=\"Est. reading time\" \/>\n\t<meta name=\"twitter:data1\" content=\"1 minute\" \/>\n<script type=\"application\/ld+json\" class=\"yoast-schema-graph\">{\"@context\":\"https:\/\/schema.org\",\"@graph\":[{\"@type\":\"WebPage\",\"@id\":\"https:\/\/www.visatravel.fr\/en\/product\/multi-risk-insurance-91-365-days\/\",\"url\":\"https:\/\/www.visatravel.fr\/en\/product\/multi-risk-insurance-91-365-days\/\",\"name\":\"MULTI-RISK insurance 91-365 days - Visa Travel International\",\"isPartOf\":{\"@id\":\"https:\/\/www.visatravel.fr\/en\/#website\"},\"datePublished\":\"2022-04-11T08:49:45+00:00\",\"dateModified\":\"2026-01-20T10:12:50+00:00\",\"breadcrumb\":{\"@id\":\"https:\/\/www.visatravel.fr\/en\/product\/multi-risk-insurance-91-365-days\/#breadcrumb\"},\"inLanguage\":\"en-US\",\"potentialAction\":[{\"@type\":\"ReadAction\",\"target\":[\"https:\/\/www.visatravel.fr\/en\/product\/multi-risk-insurance-91-365-days\/\"]}]},{\"@type\":\"BreadcrumbList\",\"@id\":\"https:\/\/www.visatravel.fr\/en\/product\/multi-risk-insurance-91-365-days\/#breadcrumb\",\"itemListElement\":[{\"@type\":\"ListItem\",\"position\":1,\"name\":\"Home\",\"item\":\"https:\/\/www.visatravel.fr\/en\/\"},{\"@type\":\"ListItem\",\"position\":2,\"name\":\"Products\",\"item\":\"https:\/\/www.visatravel.fr\/en\/shop\/\"},{\"@type\":\"ListItem\",\"position\":3,\"name\":\"MULTI-RISK insurance 91-365 days\"}]},{\"@type\":\"WebSite\",\"@id\":\"https:\/\/www.visatravel.fr\/en\/#website\",\"url\":\"https:\/\/www.visatravel.fr\/en\/\",\"name\":\"Visa Travel International\",\"description\":\"Visa Travel International est une soci\u00e9t\u00e9 fran\u00e7aise d\u00e9di\u00e9e \u00e0 la mobilit\u00e9 dans le monde, dirig\u00e9e par des professionnels du tourisme \u00e0 votre \u00e9coute.\",\"potentialAction\":[{\"@type\":\"SearchAction\",\"target\":{\"@type\":\"EntryPoint\",\"urlTemplate\":\"https:\/\/www.visatravel.fr\/en\/?s={search_term_string}\"},\"query-input\":\"required name=search_term_string\"}],\"inLanguage\":\"en-US\"}]}<\/script>\n<!-- \/ Yoast SEO plugin. -->","yoast_head_json":{"title":"MULTI-RISK insurance 91-365 days - Visa Travel International","robots":{"index":"index","follow":"follow","max-snippet":"max-snippet:-1","max-image-preview":"max-image-preview:large","max-video-preview":"max-video-preview:-1"},"canonical":"https:\/\/www.visatravel.fr\/en\/product\/multi-risk-insurance-91-365-days\/","og_locale":"en_US","og_type":"article","og_title":"MULTI-RISK insurance 91-365 days - Visa Travel International","og_description":"To obtain a Visa (Russia, Thailand, \u2026), it is necessary to subscribe an insurance covering health risks, repatriation, medical costs, \u2026 it will be requested by the Consulate.  Likewise, should you want to protect yourself against a visa refusal, trip cancellation, passport damage, \u2026 and therefore a potential loss of costs incurred? Then a \u201cCANCELLATION insurance\u201d taken out with the assistance of Visa Travel International can allow you to secure this subject.  You want to travel with piece fo mind and insure yourself for multiple potential risks before or during your trip? \u201cMULTI-RISK insurance\u201d was designed for this!  We have selected for you Insurance policies adapted to the many hazards that your international mobility can meet.","og_url":"https:\/\/www.visatravel.fr\/en\/product\/multi-risk-insurance-91-365-days\/","og_site_name":"Visa Travel International","article_modified_time":"2026-01-20T10:12:50+00:00","twitter_card":"summary_large_image","twitter_misc":{"Est. reading time":"1 minute"},"schema":{"@context":"https:\/\/schema.org","@graph":[{"@type":"WebPage","@id":"https:\/\/www.visatravel.fr\/en\/product\/multi-risk-insurance-91-365-days\/","url":"https:\/\/www.visatravel.fr\/en\/product\/multi-risk-insurance-91-365-days\/","name":"MULTI-RISK insurance 91-365 days - Visa Travel International","isPartOf":{"@id":"https:\/\/www.visatravel.fr\/en\/#website"},"datePublished":"2022-04-11T08:49:45+00:00","dateModified":"2026-01-20T10:12:50+00:00","breadcrumb":{"@id":"https:\/\/www.visatravel.fr\/en\/product\/multi-risk-insurance-91-365-days\/#breadcrumb"},"inLanguage":"en-US","potentialAction":[{"@type":"ReadAction","target":["https:\/\/www.visatravel.fr\/en\/product\/multi-risk-insurance-91-365-days\/"]}]},{"@type":"BreadcrumbList","@id":"https:\/\/www.visatravel.fr\/en\/product\/multi-risk-insurance-91-365-days\/#breadcrumb","itemListElement":[{"@type":"ListItem","position":1,"name":"Home","item":"https:\/\/www.visatravel.fr\/en\/"},{"@type":"ListItem","position":2,"name":"Products","item":"https:\/\/www.visatravel.fr\/en\/shop\/"},{"@type":"ListItem","position":3,"name":"MULTI-RISK insurance 91-365 days"}]},{"@type":"WebSite","@id":"https:\/\/www.visatravel.fr\/en\/#website","url":"https:\/\/www.visatravel.fr\/en\/","name":"Visa Travel International","description":"Visa Travel International est une soci\u00e9t\u00e9 fran\u00e7aise d\u00e9di\u00e9e \u00e0 la mobilit\u00e9 dans le monde, dirig\u00e9e par des professionnels du tourisme \u00e0 votre \u00e9coute.","potentialAction":[{"@type":"SearchAction","target":{"@type":"EntryPoint","urlTemplate":"https:\/\/www.visatravel.fr\/en\/?s={search_term_string}"},"query-input":"required name=search_term_string"}],"inLanguage":"en-US"}]}},"_links":{"self":[{"href":"https:\/\/www.visatravel.fr\/en\/wp-json\/wp\/v2\/product\/273922"}],"collection":[{"href":"https:\/\/www.visatravel.fr\/en\/wp-json\/wp\/v2\/product"}],"about":[{"href":"https:\/\/www.visatravel.fr\/en\/wp-json\/wp\/v2\/types\/product"}],"wp:attachment":[{"href":"https:\/\/www.visatravel.fr\/en\/wp-json\/wp\/v2\/media?parent=273922"}],"wp:term":[{"taxonomy":"product_cat","embeddable":true,"href":"https:\/\/www.visatravel.fr\/en\/wp-json\/wp\/v2\/product_cat?post=273922"},{"taxonomy":"product_tag","embeddable":true,"href":"https:\/\/www.visatravel.fr\/en\/wp-json\/wp\/v2\/product_tag?post=273922"}],"curies":[{"name":"wp","href":"https:\/\/api.w.org\/{rel}","templated":true}]}}