{"id":273918,"date":"2022-04-11T08:31:12","date_gmt":"2022-04-11T08:31:12","guid":{"rendered":"https:\/\/www.visatravel.fr\/?post_type=product&#038;p=273918"},"modified":"2025-10-24T14:56:44","modified_gmt":"2025-10-24T14:56:44","slug":"assurance-multirisque-91-365j","status":"publish","type":"product","link":"https:\/\/www.visatravel.fr\/en\/product\/assurance-multirisque-91-365j\/","title":{"rendered":"Assurance MULTIRISQUE &#8211; 91 \u00e0 365 jours"},"content":{"rendered":"<p><strong>\u25cf Frais d\u2019annulation<\/strong> <\/p>\n<p>&#8211; Maladie grave, accident grave, d\u00e9c\u00e8s de l\u2019assur\u00e9, et des membres de sa famille jusqu\u2019au second degr\u00e9 (y compris rechute, aggravation de maladie)<\/p>\n<p>&#8211; Complications de grossesse,<\/p>\n<p>&#8211; Maladies psychiques, mentales ou nerveuses avec hospitalisation sup\u00e9rieure \u00e0 4 jours,<\/p>\n<p>&#8211; Contre-indication et suite de vaccination <\/p>\n<p>&#8211; Licenciement \u00e9conomique,<\/p>\n<p>&#8211; Pr\u00e9judice grave au domicile, \u00e0 la r\u00e9sidence secondaire ou aux locaux professionnels,<\/p>\n<p>&#8211; Dommages graves au v\u00e9hicule de l\u2019Assur\u00e9,<\/p>\n<p>&#8211; Convocation \u00e0 un examen de rattrapage (universitaire uniquement),<\/p>\n<p>&#8211; Convocation devant un tribunal en tant que jur\u00e9 d\u2019assises, expert, ou en vue de l\u2019adoption d\u2019un enfant,<\/p>\n<p>&#8211; <strong>D\u00e9t\u00e9rioration ou perte du passeport<\/strong><\/p>\n<p>&#8211; <strong>Retard de livraison du passeport<\/strong><\/p>\n<p>&#8211; <strong>Refus de Visa non motiv\u00e9 par le consulat<\/strong><\/p>\n<p>Selon conditions du bar\u00e8me des frais d\u2019annulation<\/p>\n<p><strong>6 000\u20ac Maxi \/personne<\/strong><\/p>\n<p><strong>40 000 \u20ac\/\u00e9v\u00e9nement<\/strong><\/p>\n<p>Franchise : 30 \u20ac\/personne<\/p>\n<p><strong>\u25cf Bagages<\/strong><\/p>\n<p>En cas de d\u00e9t\u00e9rioration, destruction ou vol: <strong>800 \u20ac\/personne<\/strong><\/p>\n<p>Dont objets de valeurs: <strong>400 \u20ac<\/strong><\/p>\n<p>Franchise : 40 \u20ac\/dossier<\/p>\n<p><strong>\u25cf Responsabilit\u00e9 Civile vie priv\u00e9e<\/strong><\/p>\n<p>Dommages corporels, mat\u00e9riels, immat\u00e9riels: 4 500 000 \u20ac<\/p>\n<p>Dont dommages mat\u00e9riels et immat\u00e9riels cons\u00e9cutifs: 450 000 \u20ac<\/p>\n<p>Franchise : 75 \u20ac\/dossier<\/p>\n<p><strong>\u25cf Fermeture d\u2019a\u00e9roport suite \u00e0 catastrophes naturelles<\/strong><\/p>\n<p>Frais de prolongation de s\u00e9jour: 80 \u20ac\/personne\/jour, max 5 jours<\/p>\n<p>Franchise : 24 heures<\/p>\n<p>Pr\u00e9acheminement: Maximum 100 \u20ac\/personne<\/p>\n<p>Frais de liaison: Maximum 100 \u20ac\/personne<\/p>\n<p><strong>\u25cf Interruption de s\u00e9jour \/ activit\u00e9<\/strong><\/p>\n<p>Suite \u00e0 rapatriement de l\u2019assur\u00e9 ou retour anticip\u00e9 (remboursement au prorata temporis)<\/p>\n<p><strong>Maxi 1 500 \u20ac\/personne<\/strong><\/p>\n<p><strong>40 000 \u20ac\/\u00e9v\u00e9nement<\/strong><\/p>\n<p>Franchise : 30 \u20ac\/personne<\/p>\n<p><strong>\u25cf Rapatriement ou transport sanitaire:<\/strong><\/p>\n<p><strong>Frais r\u00e9els<\/strong><\/p>\n<p><strong>\u25cf Frais m\u00e9dicaux hors du pays de r\u00e9sidence:<\/strong><\/p>\n<p><strong>75 000\u20ac par personne et 150 000 \u20ac si pays de l\u2019extension<\/strong><\/p>\n<p>Franchise : 30 \u20ac \/personne<\/p>\n<p>Franchise dentaire : 300 \u20ac <\/p>\n<p><strong>\u25cf Autres garanties d\u2019assistance<\/strong><\/p>\n<p>Voir le <a href=\"\/wp-content\/uploads\/2024\/05\/FICHE-TARIFAIRE-VTI-epidemies-2024.pdf\" target=\"_blank\" rel=\"noopener noreferrer\">pdf<\/a><\/p>\n","protected":false},"excerpt":{"rendered":"<p>Pour l\u2019obtention d\u2019un Visa (Russie, Tha\u00eflande, \u2026), il est n\u00e9cessaire de souscrire une Assurance couvrant les risques sanitaires, rapatriement, les frais m\u00e9dicaux, \u2026 elle vous sera demand\u00e9e par le Consulat.<\/p>\n<p>De la m\u00eame mani\u00e8re, vous voulez vous pr\u00e9munir d\u2019un refus de Visa, d\u2019une annulation de voyage, d\u2019une d\u00e9t\u00e9rioration de passeport, \u2026 et donc d\u2019une perte potentielle de frais engag\u00e9s ? Alors une \u00ab Assurance ANNULATION \u00bb souscrite avec l\u2019assistance de Visa Travel International peut vous permettre de s\u00e9curiser ce sujet.<\/p>\n<p>Envie de voyager sereinement en vous assurant pour de multiples risques potentiels avant et durant votre voyage ? L\u2019 \u00ab Assurance MULTIRISQUE \u00bb a \u00e9t\u00e9 con\u00e7ue pour cela !<\/p>\n","protected":false},"featured_media":0,"template":"","meta":{"_et_pb_use_builder":"","_et_pb_old_content":"","_et_gb_content_width":""},"product_cat":[53,406],"product_tag":[],"yoast_head":"<!-- This site is optimized with the Yoast SEO plugin v19.7.1 - https:\/\/yoast.com\/wordpress\/plugins\/seo\/ -->\n<title>Assurance MULTIRISQUE - 91 \u00e0 365 jours - Visa Travel International<\/title>\n<meta name=\"robots\" content=\"index, follow, max-snippet:-1, max-image-preview:large, max-video-preview:-1\" \/>\n<link rel=\"canonical\" href=\"https:\/\/www.visatravel.fr\/product\/assurance-multirisque-91-365j\/\" \/>\n<meta property=\"og:locale\" content=\"en_US\" \/>\n<meta property=\"og:type\" content=\"article\" \/>\n<meta property=\"og:title\" content=\"Assurance MULTIRISQUE - 91 \u00e0 365 jours - Visa Travel International\" \/>\n<meta property=\"og:description\" content=\"Pour l\u2019obtention d\u2019un Visa (Russie, Tha\u00eflande, \u2026), il est n\u00e9cessaire de souscrire une Assurance couvrant les risques sanitaires, rapatriement, les frais m\u00e9dicaux, \u2026 elle vous sera demand\u00e9e par le Consulat.  De la m\u00eame mani\u00e8re, vous voulez vous pr\u00e9munir d\u2019un refus de Visa, d\u2019une annulation de voyage, d\u2019une d\u00e9t\u00e9rioration de passeport, \u2026 et donc d\u2019une perte potentielle de frais engag\u00e9s ? Alors une \u00ab Assurance ANNULATION \u00bb souscrite avec l\u2019assistance de Visa Travel International peut vous permettre de s\u00e9curiser ce sujet.  Envie de voyager sereinement en vous assurant pour de multiples risques potentiels avant et durant votre voyage ? L\u2019 \u00ab Assurance MULTIRISQUE \u00bb a \u00e9t\u00e9 con\u00e7ue pour cela !\" \/>\n<meta property=\"og:url\" content=\"https:\/\/www.visatravel.fr\/product\/assurance-multirisque-91-365j\/\" \/>\n<meta property=\"og:site_name\" content=\"Visa Travel International\" \/>\n<meta property=\"article:modified_time\" content=\"2025-10-24T14:56:44+00:00\" \/>\n<meta name=\"twitter:card\" content=\"summary_large_image\" \/>\n<meta name=\"twitter:label1\" content=\"Est. reading time\" \/>\n\t<meta name=\"twitter:data1\" content=\"2 minutes\" \/>\n<script type=\"application\/ld+json\" class=\"yoast-schema-graph\">{\"@context\":\"https:\/\/schema.org\",\"@graph\":[{\"@type\":\"WebPage\",\"@id\":\"https:\/\/www.visatravel.fr\/product\/assurance-multirisque-91-365j\/\",\"url\":\"https:\/\/www.visatravel.fr\/product\/assurance-multirisque-91-365j\/\",\"name\":\"Assurance MULTIRISQUE - 91 \u00e0 365 jours - Visa Travel International\",\"isPartOf\":{\"@id\":\"https:\/\/www.visatravel.fr\/en\/#website\"},\"datePublished\":\"2022-04-11T08:31:12+00:00\",\"dateModified\":\"2025-10-24T14:56:44+00:00\",\"breadcrumb\":{\"@id\":\"https:\/\/www.visatravel.fr\/product\/assurance-multirisque-91-365j\/#breadcrumb\"},\"inLanguage\":\"en-US\",\"potentialAction\":[{\"@type\":\"ReadAction\",\"target\":[\"https:\/\/www.visatravel.fr\/product\/assurance-multirisque-91-365j\/\"]}]},{\"@type\":\"BreadcrumbList\",\"@id\":\"https:\/\/www.visatravel.fr\/product\/assurance-multirisque-91-365j\/#breadcrumb\",\"itemListElement\":[{\"@type\":\"ListItem\",\"position\":1,\"name\":\"Home\",\"item\":\"https:\/\/www.visatravel.fr\/en\/\"},{\"@type\":\"ListItem\",\"position\":2,\"name\":\"Products\",\"item\":\"https:\/\/www.visatravel.fr\/en\/shop\/\"},{\"@type\":\"ListItem\",\"position\":3,\"name\":\"Assurance MULTIRISQUE &#8211; 91 \u00e0 365 jours\"}]},{\"@type\":\"WebSite\",\"@id\":\"https:\/\/www.visatravel.fr\/en\/#website\",\"url\":\"https:\/\/www.visatravel.fr\/en\/\",\"name\":\"Visa Travel International\",\"description\":\"Visa Travel International est une soci\u00e9t\u00e9 fran\u00e7aise d\u00e9di\u00e9e \u00e0 la mobilit\u00e9 dans le monde, dirig\u00e9e par des professionnels du tourisme \u00e0 votre \u00e9coute.\",\"potentialAction\":[{\"@type\":\"SearchAction\",\"target\":{\"@type\":\"EntryPoint\",\"urlTemplate\":\"https:\/\/www.visatravel.fr\/en\/?s={search_term_string}\"},\"query-input\":\"required name=search_term_string\"}],\"inLanguage\":\"en-US\"}]}<\/script>\n<!-- \/ Yoast SEO plugin. -->","yoast_head_json":{"title":"Assurance MULTIRISQUE - 91 \u00e0 365 jours - Visa Travel International","robots":{"index":"index","follow":"follow","max-snippet":"max-snippet:-1","max-image-preview":"max-image-preview:large","max-video-preview":"max-video-preview:-1"},"canonical":"https:\/\/www.visatravel.fr\/product\/assurance-multirisque-91-365j\/","og_locale":"en_US","og_type":"article","og_title":"Assurance MULTIRISQUE - 91 \u00e0 365 jours - Visa Travel International","og_description":"Pour l\u2019obtention d\u2019un Visa (Russie, Tha\u00eflande, \u2026), il est n\u00e9cessaire de souscrire une Assurance couvrant les risques sanitaires, rapatriement, les frais m\u00e9dicaux, \u2026 elle vous sera demand\u00e9e par le Consulat.  De la m\u00eame mani\u00e8re, vous voulez vous pr\u00e9munir d\u2019un refus de Visa, d\u2019une annulation de voyage, d\u2019une d\u00e9t\u00e9rioration de passeport, \u2026 et donc d\u2019une perte potentielle de frais engag\u00e9s ? Alors une \u00ab Assurance ANNULATION \u00bb souscrite avec l\u2019assistance de Visa Travel International peut vous permettre de s\u00e9curiser ce sujet.  Envie de voyager sereinement en vous assurant pour de multiples risques potentiels avant et durant votre voyage ? L\u2019 \u00ab Assurance MULTIRISQUE \u00bb a \u00e9t\u00e9 con\u00e7ue pour cela !","og_url":"https:\/\/www.visatravel.fr\/product\/assurance-multirisque-91-365j\/","og_site_name":"Visa Travel International","article_modified_time":"2025-10-24T14:56:44+00:00","twitter_card":"summary_large_image","twitter_misc":{"Est. reading time":"2 minutes"},"schema":{"@context":"https:\/\/schema.org","@graph":[{"@type":"WebPage","@id":"https:\/\/www.visatravel.fr\/product\/assurance-multirisque-91-365j\/","url":"https:\/\/www.visatravel.fr\/product\/assurance-multirisque-91-365j\/","name":"Assurance MULTIRISQUE - 91 \u00e0 365 jours - Visa Travel International","isPartOf":{"@id":"https:\/\/www.visatravel.fr\/en\/#website"},"datePublished":"2022-04-11T08:31:12+00:00","dateModified":"2025-10-24T14:56:44+00:00","breadcrumb":{"@id":"https:\/\/www.visatravel.fr\/product\/assurance-multirisque-91-365j\/#breadcrumb"},"inLanguage":"en-US","potentialAction":[{"@type":"ReadAction","target":["https:\/\/www.visatravel.fr\/product\/assurance-multirisque-91-365j\/"]}]},{"@type":"BreadcrumbList","@id":"https:\/\/www.visatravel.fr\/product\/assurance-multirisque-91-365j\/#breadcrumb","itemListElement":[{"@type":"ListItem","position":1,"name":"Home","item":"https:\/\/www.visatravel.fr\/en\/"},{"@type":"ListItem","position":2,"name":"Products","item":"https:\/\/www.visatravel.fr\/en\/shop\/"},{"@type":"ListItem","position":3,"name":"Assurance MULTIRISQUE &#8211; 91 \u00e0 365 jours"}]},{"@type":"WebSite","@id":"https:\/\/www.visatravel.fr\/en\/#website","url":"https:\/\/www.visatravel.fr\/en\/","name":"Visa Travel International","description":"Visa Travel International est une soci\u00e9t\u00e9 fran\u00e7aise d\u00e9di\u00e9e \u00e0 la mobilit\u00e9 dans le monde, dirig\u00e9e par des professionnels du tourisme \u00e0 votre \u00e9coute.","potentialAction":[{"@type":"SearchAction","target":{"@type":"EntryPoint","urlTemplate":"https:\/\/www.visatravel.fr\/en\/?s={search_term_string}"},"query-input":"required name=search_term_string"}],"inLanguage":"en-US"}]}},"_links":{"self":[{"href":"https:\/\/www.visatravel.fr\/en\/wp-json\/wp\/v2\/product\/273918"}],"collection":[{"href":"https:\/\/www.visatravel.fr\/en\/wp-json\/wp\/v2\/product"}],"about":[{"href":"https:\/\/www.visatravel.fr\/en\/wp-json\/wp\/v2\/types\/product"}],"wp:attachment":[{"href":"https:\/\/www.visatravel.fr\/en\/wp-json\/wp\/v2\/media?parent=273918"}],"wp:term":[{"taxonomy":"product_cat","embeddable":true,"href":"https:\/\/www.visatravel.fr\/en\/wp-json\/wp\/v2\/product_cat?post=273918"},{"taxonomy":"product_tag","embeddable":true,"href":"https:\/\/www.visatravel.fr\/en\/wp-json\/wp\/v2\/product_tag?post=273918"}],"curies":[{"name":"wp","href":"https:\/\/api.w.org\/{rel}","templated":true}]}}