{"id":273701,"date":"2022-03-10T16:53:27","date_gmt":"2022-03-10T16:53:27","guid":{"rendered":"https:\/\/www.visatravel.fr\/?post_type=product&#038;p=273701"},"modified":"2024-09-18T15:40:57","modified_gmt":"2024-09-18T15:40:57","slug":"evisa-canada-eta","status":"publish","type":"product","link":"https:\/\/www.visatravel.fr\/en\/product\/evisa-canada-eta\/","title":{"rendered":"eVisa &#8211; Canada eTA"},"content":{"rendered":"<p>Citizens of the following countries must obtain an eTA to travel to Canada:<\/p>\n<p>Germany, Andorra, Antigua and Barbuda, Australia, Austria, Bahamas, Barbados, Belgium, Brunei, Chile, Cyprus, British nationals, Croatia, Denmark, Spain, Estonia, Finland, France, Greece, Hungary, Ireland, Iceland, Italy , Japan, Latvia, Liechtenstein, Lithuania, Luxembourg, Malta, Monaco, Norway, New Zealand, Papua New Guinea, Netherlands, Poland, Portugal, Czech Republic, South Korea, San Marino, Samoa, Singapore, Slovakia, Slovenia, Sweden, Switzerland.<\/p>\n<p>It should be noted that this eTA is not necessary if entering Canadian territory is by land or sea.<\/p>\n<p>Visa Travel International accompanies you in your steps to obtain this AVE. To this end, you will find on this page all the information and answers to the questions that will be useful to you in order to obtain your electronic visa. If this is not the case, do not hesitate to come back to us so that we can give you all the information you need.<\/p>\n","protected":false},"excerpt":{"rendered":"<p>Citizens of the following countries must obtain an eTA to travel to Canada:<\/p>\n<p>Germany, Andorra, Antigua and Barbuda, Australia, Austria, Bahamas, Barbados, Belgium, Brunei, Chile, Cyprus, British nationals, Croatia, Denmark, Spain, Estonia, Finland, France, Greece, Hungary, Ireland, Iceland, Italy , Japan, Latvia, Liechtenstein, Lithuania, Luxembourg, Malta, Monaco, Norway, New Zealand, Papua New Guinea, Netherlands, Poland, Portugal, Czech Republic, South Korea, San Marino, Samoa, Singapore, Slovakia, Slovenia, Sweden, Switzerland.<\/p>\n<p>It should be noted that this eTA is not necessary if entering Canadian territory is by land or sea.<\/p>\n<p>Visa Travel International accompanies you in your steps to obtain this AVE. To this end, you will find on this page all the information and answers to the questions that will be useful to you in order to obtain your electronic visa. If this is not the case, do not hesitate to come back to us so that we can give you all the information you need.<\/p>\n","protected":false},"featured_media":0,"template":"","meta":{"_et_pb_use_builder":"","_et_pb_old_content":"","_et_gb_content_width":""},"product_cat":[919],"product_tag":[900],"yoast_head":"<!-- This site is optimized with the Yoast SEO plugin v19.7.1 - https:\/\/yoast.com\/wordpress\/plugins\/seo\/ -->\n<title>CANADA | eVISA and eTA | VISA TRAVEL INTERNATIONAL<\/title>\n<meta name=\"description\" content=\"Citizens of the following countries must obtain an eTA to travel to Canada:Germany, Andorra, Antigua and Barbuda, Australia, Austria, Bahamas, Barbados, Belgium, Brunei, Chile, Cyprus, British nationals, Croatia, Denmark, Spain, Estonia, Finland, France, Greece, Hungary, Ireland, Iceland, Italy , Japan, Latvia, Liechtenstein, Lithuania, Luxembourg, Malta, Monaco, Norway, New Zealand, Papua New Guinea, Netherlands, Poland, Portugal, Czech Republic, South Korea, San Marino, Samoa, Singapore, Slovakia, Slovenia, Sweden, Switzerland. Visa Travel International accompanies you in your steps to obtain this AVE.\" \/>\n<meta name=\"robots\" content=\"index, follow, max-snippet:-1, max-image-preview:large, max-video-preview:-1\" \/>\n<link rel=\"canonical\" href=\"https:\/\/www.visatravel.fr\/en\/product\/evisa-canada-eta\/\" \/>\n<meta property=\"og:locale\" content=\"en_US\" \/>\n<meta property=\"og:type\" content=\"article\" \/>\n<meta property=\"og:title\" content=\"CANADA | eVISA and eTA | VISA TRAVEL INTERNATIONAL\" \/>\n<meta property=\"og:description\" content=\"Citizens of the following countries must obtain an eTA to travel to Canada:Germany, Andorra, Antigua and Barbuda, Australia, Austria, Bahamas, Barbados, Belgium, Brunei, Chile, Cyprus, British nationals, Croatia, Denmark, Spain, Estonia, Finland, France, Greece, Hungary, Ireland, Iceland, Italy , Japan, Latvia, Liechtenstein, Lithuania, Luxembourg, Malta, Monaco, Norway, New Zealand, Papua New Guinea, Netherlands, Poland, Portugal, Czech Republic, South Korea, San Marino, Samoa, Singapore, Slovakia, Slovenia, Sweden, Switzerland. Visa Travel International accompanies you in your steps to obtain this AVE.\" \/>\n<meta property=\"og:url\" content=\"https:\/\/www.visatravel.fr\/en\/product\/evisa-canada-eta\/\" \/>\n<meta property=\"og:site_name\" content=\"Visa Travel International\" \/>\n<meta property=\"article:modified_time\" content=\"2024-09-18T15:40:57+00:00\" \/>\n<meta name=\"twitter:card\" content=\"summary_large_image\" \/>\n<meta name=\"twitter:label1\" content=\"Est. reading time\" \/>\n\t<meta name=\"twitter:data1\" content=\"1 minute\" \/>\n<script type=\"application\/ld+json\" class=\"yoast-schema-graph\">{\"@context\":\"https:\/\/schema.org\",\"@graph\":[{\"@type\":\"WebPage\",\"@id\":\"https:\/\/www.visatravel.fr\/en\/product\/evisa-canada-eta\/\",\"url\":\"https:\/\/www.visatravel.fr\/en\/product\/evisa-canada-eta\/\",\"name\":\"CANADA | eVISA and eTA | VISA TRAVEL INTERNATIONAL\",\"isPartOf\":{\"@id\":\"https:\/\/www.visatravel.fr\/en\/#website\"},\"datePublished\":\"2022-03-10T16:53:27+00:00\",\"dateModified\":\"2024-09-18T15:40:57+00:00\",\"description\":\"Citizens of the following countries must obtain an eTA to travel to Canada:Germany, Andorra, Antigua and Barbuda, Australia, Austria, Bahamas, Barbados, Belgium, Brunei, Chile, Cyprus, British nationals, Croatia, Denmark, Spain, Estonia, Finland, France, Greece, Hungary, Ireland, Iceland, Italy , Japan, Latvia, Liechtenstein, Lithuania, Luxembourg, Malta, Monaco, Norway, New Zealand, Papua New Guinea, Netherlands, Poland, Portugal, Czech Republic, South Korea, San Marino, Samoa, Singapore, Slovakia, Slovenia, Sweden, Switzerland. Visa Travel International accompanies you in your steps to obtain this AVE.\",\"breadcrumb\":{\"@id\":\"https:\/\/www.visatravel.fr\/en\/product\/evisa-canada-eta\/#breadcrumb\"},\"inLanguage\":\"en-US\",\"potentialAction\":[{\"@type\":\"ReadAction\",\"target\":[\"https:\/\/www.visatravel.fr\/en\/product\/evisa-canada-eta\/\"]}]},{\"@type\":\"BreadcrumbList\",\"@id\":\"https:\/\/www.visatravel.fr\/en\/product\/evisa-canada-eta\/#breadcrumb\",\"itemListElement\":[{\"@type\":\"ListItem\",\"position\":1,\"name\":\"Home\",\"item\":\"https:\/\/www.visatravel.fr\/en\/\"},{\"@type\":\"ListItem\",\"position\":2,\"name\":\"Products\",\"item\":\"https:\/\/www.visatravel.fr\/en\/shop\/\"},{\"@type\":\"ListItem\",\"position\":3,\"name\":\"eVisa &#8211; Canada eTA\"}]},{\"@type\":\"WebSite\",\"@id\":\"https:\/\/www.visatravel.fr\/en\/#website\",\"url\":\"https:\/\/www.visatravel.fr\/en\/\",\"name\":\"Visa Travel International\",\"description\":\"Visa Travel International est une soci\u00e9t\u00e9 fran\u00e7aise d\u00e9di\u00e9e \u00e0 la mobilit\u00e9 dans le monde, dirig\u00e9e par des professionnels du tourisme \u00e0 votre \u00e9coute.\",\"potentialAction\":[{\"@type\":\"SearchAction\",\"target\":{\"@type\":\"EntryPoint\",\"urlTemplate\":\"https:\/\/www.visatravel.fr\/en\/?s={search_term_string}\"},\"query-input\":\"required name=search_term_string\"}],\"inLanguage\":\"en-US\"}]}<\/script>\n<!-- \/ Yoast SEO plugin. -->","yoast_head_json":{"title":"CANADA | eVISA and eTA | VISA TRAVEL INTERNATIONAL","description":"Citizens of the following countries must obtain an eTA to travel to Canada:Germany, Andorra, Antigua and Barbuda, Australia, Austria, Bahamas, Barbados, Belgium, Brunei, Chile, Cyprus, British nationals, Croatia, Denmark, Spain, Estonia, Finland, France, Greece, Hungary, Ireland, Iceland, Italy , Japan, Latvia, Liechtenstein, Lithuania, Luxembourg, Malta, Monaco, Norway, New Zealand, Papua New Guinea, Netherlands, Poland, Portugal, Czech Republic, South Korea, San Marino, Samoa, Singapore, Slovakia, Slovenia, Sweden, Switzerland. Visa Travel International accompanies you in your steps to obtain this AVE.","robots":{"index":"index","follow":"follow","max-snippet":"max-snippet:-1","max-image-preview":"max-image-preview:large","max-video-preview":"max-video-preview:-1"},"canonical":"https:\/\/www.visatravel.fr\/en\/product\/evisa-canada-eta\/","og_locale":"en_US","og_type":"article","og_title":"CANADA | eVISA and eTA | VISA TRAVEL INTERNATIONAL","og_description":"Citizens of the following countries must obtain an eTA to travel to Canada:Germany, Andorra, Antigua and Barbuda, Australia, Austria, Bahamas, Barbados, Belgium, Brunei, Chile, Cyprus, British nationals, Croatia, Denmark, Spain, Estonia, Finland, France, Greece, Hungary, Ireland, Iceland, Italy , Japan, Latvia, Liechtenstein, Lithuania, Luxembourg, Malta, Monaco, Norway, New Zealand, Papua New Guinea, Netherlands, Poland, Portugal, Czech Republic, South Korea, San Marino, Samoa, Singapore, Slovakia, Slovenia, Sweden, Switzerland. Visa Travel International accompanies you in your steps to obtain this AVE.","og_url":"https:\/\/www.visatravel.fr\/en\/product\/evisa-canada-eta\/","og_site_name":"Visa Travel International","article_modified_time":"2024-09-18T15:40:57+00:00","twitter_card":"summary_large_image","twitter_misc":{"Est. reading time":"1 minute"},"schema":{"@context":"https:\/\/schema.org","@graph":[{"@type":"WebPage","@id":"https:\/\/www.visatravel.fr\/en\/product\/evisa-canada-eta\/","url":"https:\/\/www.visatravel.fr\/en\/product\/evisa-canada-eta\/","name":"CANADA | eVISA and eTA | VISA TRAVEL INTERNATIONAL","isPartOf":{"@id":"https:\/\/www.visatravel.fr\/en\/#website"},"datePublished":"2022-03-10T16:53:27+00:00","dateModified":"2024-09-18T15:40:57+00:00","description":"Citizens of the following countries must obtain an eTA to travel to Canada:Germany, Andorra, Antigua and Barbuda, Australia, Austria, Bahamas, Barbados, Belgium, Brunei, Chile, Cyprus, British nationals, Croatia, Denmark, Spain, Estonia, Finland, France, Greece, Hungary, Ireland, Iceland, Italy , Japan, Latvia, Liechtenstein, Lithuania, Luxembourg, Malta, Monaco, Norway, New Zealand, Papua New Guinea, Netherlands, Poland, Portugal, Czech Republic, South Korea, San Marino, Samoa, Singapore, Slovakia, Slovenia, Sweden, Switzerland. Visa Travel International accompanies you in your steps to obtain this AVE.","breadcrumb":{"@id":"https:\/\/www.visatravel.fr\/en\/product\/evisa-canada-eta\/#breadcrumb"},"inLanguage":"en-US","potentialAction":[{"@type":"ReadAction","target":["https:\/\/www.visatravel.fr\/en\/product\/evisa-canada-eta\/"]}]},{"@type":"BreadcrumbList","@id":"https:\/\/www.visatravel.fr\/en\/product\/evisa-canada-eta\/#breadcrumb","itemListElement":[{"@type":"ListItem","position":1,"name":"Home","item":"https:\/\/www.visatravel.fr\/en\/"},{"@type":"ListItem","position":2,"name":"Products","item":"https:\/\/www.visatravel.fr\/en\/shop\/"},{"@type":"ListItem","position":3,"name":"eVisa &#8211; Canada eTA"}]},{"@type":"WebSite","@id":"https:\/\/www.visatravel.fr\/en\/#website","url":"https:\/\/www.visatravel.fr\/en\/","name":"Visa Travel International","description":"Visa Travel International est une soci\u00e9t\u00e9 fran\u00e7aise d\u00e9di\u00e9e \u00e0 la mobilit\u00e9 dans le monde, dirig\u00e9e par des professionnels du tourisme \u00e0 votre \u00e9coute.","potentialAction":[{"@type":"SearchAction","target":{"@type":"EntryPoint","urlTemplate":"https:\/\/www.visatravel.fr\/en\/?s={search_term_string}"},"query-input":"required name=search_term_string"}],"inLanguage":"en-US"}]}},"_links":{"self":[{"href":"https:\/\/www.visatravel.fr\/en\/wp-json\/wp\/v2\/product\/273701"}],"collection":[{"href":"https:\/\/www.visatravel.fr\/en\/wp-json\/wp\/v2\/product"}],"about":[{"href":"https:\/\/www.visatravel.fr\/en\/wp-json\/wp\/v2\/types\/product"}],"wp:attachment":[{"href":"https:\/\/www.visatravel.fr\/en\/wp-json\/wp\/v2\/media?parent=273701"}],"wp:term":[{"taxonomy":"product_cat","embeddable":true,"href":"https:\/\/www.visatravel.fr\/en\/wp-json\/wp\/v2\/product_cat?post=273701"},{"taxonomy":"product_tag","embeddable":true,"href":"https:\/\/www.visatravel.fr\/en\/wp-json\/wp\/v2\/product_tag?post=273701"}],"curies":[{"name":"wp","href":"https:\/\/api.w.org\/{rel}","templated":true}]}}