{"id":273509,"date":"2022-03-09T12:36:50","date_gmt":"2022-03-09T12:36:50","guid":{"rendered":"https:\/\/www.visatravel.fr\/?post_type=product&#038;p=273509"},"modified":"2026-02-26T13:08:20","modified_gmt":"2026-02-26T13:08:20","slug":"etats-unis-esta","status":"publish","type":"product","link":"https:\/\/www.visatravel.fr\/en\/product\/etats-unis-esta\/","title":{"rendered":"Etats-Unis &#8211; eVisa &#8211; ESTA"},"content":{"rendered":"<p>L&#8217;ESTA est valable deux ans ou jusqu&#8217;\u00e0 la date d&#8217;epiration du passeport si cette derni\u00e8re est inf\u00e9rieure \u00e0 deux ans<\/p>\n","protected":false},"excerpt":{"rendered":"<p>L&#8217;ESTA est valable deux ans ou jusqu&#8217;\u00e0 la date d&#8217;epiration du passeport si cette derni\u00e8re est inf\u00e9rieure \u00e0 deux ans<\/p>\n","protected":false},"featured_media":0,"template":"","meta":{"_et_pb_use_builder":"","_et_pb_old_content":"","_et_gb_content_width":""},"product_cat":[318,918],"product_tag":[897],"yoast_head":"<!-- This site is optimized with the Yoast SEO plugin v19.7.1 - https:\/\/yoast.com\/wordpress\/plugins\/seo\/ -->\n<title>Etats Unis | ESTA et Visa | Visa Travel International<\/title>\n<meta name=\"description\" content=\"Les citoyens des pays suivants, b\u00e9n\u00e9ficiaires du Programme d\u2019Exemption de Visa, doivent obtenir un ESTA pour se rendre aux Etats-Unis pour un s\u00e9jour maximum de 90 jours :Allemagne, Andorre, Australie, Autriche, Belgique, Brunei, Cor\u00e9e du Sud, Danemark, Espagne, Estonie, Finlande, France, Gr\u00e8ce, Hongrie, Irlande, Islande, Italie, Japon, Lettonie, Liechtenstein, Lituanie, Luxembourg, Monaco, Norv\u00e8ge, Nouvelle-Z\u00e9lande, Pays-Bas, Portugal, R\u00e9publique de Malte, R\u00e9publique Tch\u00e8que, Royaume-Uni, Saint Marin, Singapour, Slovaquie, Slov\u00e9nie, Su\u00e8de, Suisse.Visa Travel International vous accompagne dans vos d\u00e9marches pour l\u2019obtention de ce visa \u00e9lectronique. A cet effet vous trouverez sur cette page toutes les informations et r\u00e9ponses aux questions qui vous seront utiles dans l\u2019objectif de l\u2019obtention de votre visa. Si tel n\u2019est pas le cas n\u2019h\u00e9sitez pas \u00e0 revenir vers nous afin que nous puissions vous donner tous les informations qui vous seraient n\u00e9cessaires.Il est \u00e0 noter que pour toutes autres nationalit\u00e9s non list\u00e9es ci-dessus, le voyageur se devra de solliciter en personne un visa aupr\u00e8s du service consulaire de l\u2019ambassade des Etats Unis.\" \/>\n<meta name=\"robots\" content=\"index, follow, max-snippet:-1, max-image-preview:large, max-video-preview:-1\" \/>\n<link rel=\"canonical\" href=\"https:\/\/www.visatravel.fr\/product\/etats-unis-esta\/\" \/>\n<meta property=\"og:locale\" content=\"en_US\" \/>\n<meta property=\"og:type\" content=\"article\" \/>\n<meta property=\"og:title\" content=\"Etats Unis | ESTA et Visa | Visa Travel International\" \/>\n<meta property=\"og:description\" content=\"Les citoyens des pays suivants, b\u00e9n\u00e9ficiaires du Programme d\u2019Exemption de Visa, doivent obtenir un ESTA pour se rendre aux Etats-Unis pour un s\u00e9jour maximum de 90 jours :Allemagne, Andorre, Australie, Autriche, Belgique, Brunei, Cor\u00e9e du Sud, Danemark, Espagne, Estonie, Finlande, France, Gr\u00e8ce, Hongrie, Irlande, Islande, Italie, Japon, Lettonie, Liechtenstein, Lituanie, Luxembourg, Monaco, Norv\u00e8ge, Nouvelle-Z\u00e9lande, Pays-Bas, Portugal, R\u00e9publique de Malte, R\u00e9publique Tch\u00e8que, Royaume-Uni, Saint Marin, Singapour, Slovaquie, Slov\u00e9nie, Su\u00e8de, Suisse.Visa Travel International vous accompagne dans vos d\u00e9marches pour l\u2019obtention de ce visa \u00e9lectronique. A cet effet vous trouverez sur cette page toutes les informations et r\u00e9ponses aux questions qui vous seront utiles dans l\u2019objectif de l\u2019obtention de votre visa. Si tel n\u2019est pas le cas n\u2019h\u00e9sitez pas \u00e0 revenir vers nous afin que nous puissions vous donner tous les informations qui vous seraient n\u00e9cessaires.Il est \u00e0 noter que pour toutes autres nationalit\u00e9s non list\u00e9es ci-dessus, le voyageur se devra de solliciter en personne un visa aupr\u00e8s du service consulaire de l\u2019ambassade des Etats Unis.\" \/>\n<meta property=\"og:url\" content=\"https:\/\/www.visatravel.fr\/product\/etats-unis-esta\/\" \/>\n<meta property=\"og:site_name\" content=\"Visa Travel International\" \/>\n<meta property=\"article:modified_time\" content=\"2026-02-26T13:08:20+00:00\" \/>\n<meta name=\"twitter:card\" content=\"summary_large_image\" \/>\n<meta name=\"twitter:label1\" content=\"Est. reading time\" \/>\n\t<meta name=\"twitter:data1\" content=\"1 minute\" \/>\n<script type=\"application\/ld+json\" class=\"yoast-schema-graph\">{\"@context\":\"https:\/\/schema.org\",\"@graph\":[{\"@type\":\"WebPage\",\"@id\":\"https:\/\/www.visatravel.fr\/product\/etats-unis-esta\/\",\"url\":\"https:\/\/www.visatravel.fr\/product\/etats-unis-esta\/\",\"name\":\"Etats Unis | ESTA et Visa | Visa Travel International\",\"isPartOf\":{\"@id\":\"https:\/\/www.visatravel.fr\/en\/#website\"},\"datePublished\":\"2022-03-09T12:36:50+00:00\",\"dateModified\":\"2026-02-26T13:08:20+00:00\",\"description\":\"Les citoyens des pays suivants, b\u00e9n\u00e9ficiaires du Programme d\u2019Exemption de Visa, doivent obtenir un ESTA pour se rendre aux Etats-Unis pour un s\u00e9jour maximum de 90 jours :Allemagne, Andorre, Australie, Autriche, Belgique, Brunei, Cor\u00e9e du Sud, Danemark, Espagne, Estonie, Finlande, France, Gr\u00e8ce, Hongrie, Irlande, Islande, Italie, Japon, Lettonie, Liechtenstein, Lituanie, Luxembourg, Monaco, Norv\u00e8ge, Nouvelle-Z\u00e9lande, Pays-Bas, Portugal, R\u00e9publique de Malte, R\u00e9publique Tch\u00e8que, Royaume-Uni, Saint Marin, Singapour, Slovaquie, Slov\u00e9nie, Su\u00e8de, Suisse.Visa Travel International vous accompagne dans vos d\u00e9marches pour l\u2019obtention de ce visa \u00e9lectronique. A cet effet vous trouverez sur cette page toutes les informations et r\u00e9ponses aux questions qui vous seront utiles dans l\u2019objectif de l\u2019obtention de votre visa. Si tel n\u2019est pas le cas n\u2019h\u00e9sitez pas \u00e0 revenir vers nous afin que nous puissions vous donner tous les informations qui vous seraient n\u00e9cessaires.Il est \u00e0 noter que pour toutes autres nationalit\u00e9s non list\u00e9es ci-dessus, le voyageur se devra de solliciter en personne un visa aupr\u00e8s du service consulaire de l\u2019ambassade des Etats Unis.\",\"breadcrumb\":{\"@id\":\"https:\/\/www.visatravel.fr\/product\/etats-unis-esta\/#breadcrumb\"},\"inLanguage\":\"en-US\",\"potentialAction\":[{\"@type\":\"ReadAction\",\"target\":[\"https:\/\/www.visatravel.fr\/product\/etats-unis-esta\/\"]}]},{\"@type\":\"BreadcrumbList\",\"@id\":\"https:\/\/www.visatravel.fr\/product\/etats-unis-esta\/#breadcrumb\",\"itemListElement\":[{\"@type\":\"ListItem\",\"position\":1,\"name\":\"Home\",\"item\":\"https:\/\/www.visatravel.fr\/en\/\"},{\"@type\":\"ListItem\",\"position\":2,\"name\":\"Products\",\"item\":\"https:\/\/www.visatravel.fr\/en\/shop\/\"},{\"@type\":\"ListItem\",\"position\":3,\"name\":\"Etats-Unis &#8211; eVisa &#8211; ESTA\"}]},{\"@type\":\"WebSite\",\"@id\":\"https:\/\/www.visatravel.fr\/en\/#website\",\"url\":\"https:\/\/www.visatravel.fr\/en\/\",\"name\":\"Visa Travel International\",\"description\":\"Visa Travel International est une soci\u00e9t\u00e9 fran\u00e7aise d\u00e9di\u00e9e \u00e0 la mobilit\u00e9 dans le monde, dirig\u00e9e par des professionnels du tourisme \u00e0 votre \u00e9coute.\",\"potentialAction\":[{\"@type\":\"SearchAction\",\"target\":{\"@type\":\"EntryPoint\",\"urlTemplate\":\"https:\/\/www.visatravel.fr\/en\/?s={search_term_string}\"},\"query-input\":\"required name=search_term_string\"}],\"inLanguage\":\"en-US\"}]}<\/script>\n<!-- \/ Yoast SEO plugin. -->","yoast_head_json":{"title":"Etats Unis | ESTA et Visa | Visa Travel International","description":"Les citoyens des pays suivants, b\u00e9n\u00e9ficiaires du Programme d\u2019Exemption de Visa, doivent obtenir un ESTA pour se rendre aux Etats-Unis pour un s\u00e9jour maximum de 90 jours :Allemagne, Andorre, Australie, Autriche, Belgique, Brunei, Cor\u00e9e du Sud, Danemark, Espagne, Estonie, Finlande, France, Gr\u00e8ce, Hongrie, Irlande, Islande, Italie, Japon, Lettonie, Liechtenstein, Lituanie, Luxembourg, Monaco, Norv\u00e8ge, Nouvelle-Z\u00e9lande, Pays-Bas, Portugal, R\u00e9publique de Malte, R\u00e9publique Tch\u00e8que, Royaume-Uni, Saint Marin, Singapour, Slovaquie, Slov\u00e9nie, Su\u00e8de, Suisse.Visa Travel International vous accompagne dans vos d\u00e9marches pour l\u2019obtention de ce visa \u00e9lectronique. A cet effet vous trouverez sur cette page toutes les informations et r\u00e9ponses aux questions qui vous seront utiles dans l\u2019objectif de l\u2019obtention de votre visa. Si tel n\u2019est pas le cas n\u2019h\u00e9sitez pas \u00e0 revenir vers nous afin que nous puissions vous donner tous les informations qui vous seraient n\u00e9cessaires.Il est \u00e0 noter que pour toutes autres nationalit\u00e9s non list\u00e9es ci-dessus, le voyageur se devra de solliciter en personne un visa aupr\u00e8s du service consulaire de l\u2019ambassade des Etats Unis.","robots":{"index":"index","follow":"follow","max-snippet":"max-snippet:-1","max-image-preview":"max-image-preview:large","max-video-preview":"max-video-preview:-1"},"canonical":"https:\/\/www.visatravel.fr\/product\/etats-unis-esta\/","og_locale":"en_US","og_type":"article","og_title":"Etats Unis | ESTA et Visa | Visa Travel International","og_description":"Les citoyens des pays suivants, b\u00e9n\u00e9ficiaires du Programme d\u2019Exemption de Visa, doivent obtenir un ESTA pour se rendre aux Etats-Unis pour un s\u00e9jour maximum de 90 jours :Allemagne, Andorre, Australie, Autriche, Belgique, Brunei, Cor\u00e9e du Sud, Danemark, Espagne, Estonie, Finlande, France, Gr\u00e8ce, Hongrie, Irlande, Islande, Italie, Japon, Lettonie, Liechtenstein, Lituanie, Luxembourg, Monaco, Norv\u00e8ge, Nouvelle-Z\u00e9lande, Pays-Bas, Portugal, R\u00e9publique de Malte, R\u00e9publique Tch\u00e8que, Royaume-Uni, Saint Marin, Singapour, Slovaquie, Slov\u00e9nie, Su\u00e8de, Suisse.Visa Travel International vous accompagne dans vos d\u00e9marches pour l\u2019obtention de ce visa \u00e9lectronique. A cet effet vous trouverez sur cette page toutes les informations et r\u00e9ponses aux questions qui vous seront utiles dans l\u2019objectif de l\u2019obtention de votre visa. Si tel n\u2019est pas le cas n\u2019h\u00e9sitez pas \u00e0 revenir vers nous afin que nous puissions vous donner tous les informations qui vous seraient n\u00e9cessaires.Il est \u00e0 noter que pour toutes autres nationalit\u00e9s non list\u00e9es ci-dessus, le voyageur se devra de solliciter en personne un visa aupr\u00e8s du service consulaire de l\u2019ambassade des Etats Unis.","og_url":"https:\/\/www.visatravel.fr\/product\/etats-unis-esta\/","og_site_name":"Visa Travel International","article_modified_time":"2026-02-26T13:08:20+00:00","twitter_card":"summary_large_image","twitter_misc":{"Est. reading time":"1 minute"},"schema":{"@context":"https:\/\/schema.org","@graph":[{"@type":"WebPage","@id":"https:\/\/www.visatravel.fr\/product\/etats-unis-esta\/","url":"https:\/\/www.visatravel.fr\/product\/etats-unis-esta\/","name":"Etats Unis | ESTA et Visa | Visa Travel International","isPartOf":{"@id":"https:\/\/www.visatravel.fr\/en\/#website"},"datePublished":"2022-03-09T12:36:50+00:00","dateModified":"2026-02-26T13:08:20+00:00","description":"Les citoyens des pays suivants, b\u00e9n\u00e9ficiaires du Programme d\u2019Exemption de Visa, doivent obtenir un ESTA pour se rendre aux Etats-Unis pour un s\u00e9jour maximum de 90 jours :Allemagne, Andorre, Australie, Autriche, Belgique, Brunei, Cor\u00e9e du Sud, Danemark, Espagne, Estonie, Finlande, France, Gr\u00e8ce, Hongrie, Irlande, Islande, Italie, Japon, Lettonie, Liechtenstein, Lituanie, Luxembourg, Monaco, Norv\u00e8ge, Nouvelle-Z\u00e9lande, Pays-Bas, Portugal, R\u00e9publique de Malte, R\u00e9publique Tch\u00e8que, Royaume-Uni, Saint Marin, Singapour, Slovaquie, Slov\u00e9nie, Su\u00e8de, Suisse.Visa Travel International vous accompagne dans vos d\u00e9marches pour l\u2019obtention de ce visa \u00e9lectronique. A cet effet vous trouverez sur cette page toutes les informations et r\u00e9ponses aux questions qui vous seront utiles dans l\u2019objectif de l\u2019obtention de votre visa. Si tel n\u2019est pas le cas n\u2019h\u00e9sitez pas \u00e0 revenir vers nous afin que nous puissions vous donner tous les informations qui vous seraient n\u00e9cessaires.Il est \u00e0 noter que pour toutes autres nationalit\u00e9s non list\u00e9es ci-dessus, le voyageur se devra de solliciter en personne un visa aupr\u00e8s du service consulaire de l\u2019ambassade des Etats Unis.","breadcrumb":{"@id":"https:\/\/www.visatravel.fr\/product\/etats-unis-esta\/#breadcrumb"},"inLanguage":"en-US","potentialAction":[{"@type":"ReadAction","target":["https:\/\/www.visatravel.fr\/product\/etats-unis-esta\/"]}]},{"@type":"BreadcrumbList","@id":"https:\/\/www.visatravel.fr\/product\/etats-unis-esta\/#breadcrumb","itemListElement":[{"@type":"ListItem","position":1,"name":"Home","item":"https:\/\/www.visatravel.fr\/en\/"},{"@type":"ListItem","position":2,"name":"Products","item":"https:\/\/www.visatravel.fr\/en\/shop\/"},{"@type":"ListItem","position":3,"name":"Etats-Unis &#8211; eVisa &#8211; ESTA"}]},{"@type":"WebSite","@id":"https:\/\/www.visatravel.fr\/en\/#website","url":"https:\/\/www.visatravel.fr\/en\/","name":"Visa Travel International","description":"Visa Travel International est une soci\u00e9t\u00e9 fran\u00e7aise d\u00e9di\u00e9e \u00e0 la mobilit\u00e9 dans le monde, dirig\u00e9e par des professionnels du tourisme \u00e0 votre \u00e9coute.","potentialAction":[{"@type":"SearchAction","target":{"@type":"EntryPoint","urlTemplate":"https:\/\/www.visatravel.fr\/en\/?s={search_term_string}"},"query-input":"required name=search_term_string"}],"inLanguage":"en-US"}]}},"_links":{"self":[{"href":"https:\/\/www.visatravel.fr\/en\/wp-json\/wp\/v2\/product\/273509"}],"collection":[{"href":"https:\/\/www.visatravel.fr\/en\/wp-json\/wp\/v2\/product"}],"about":[{"href":"https:\/\/www.visatravel.fr\/en\/wp-json\/wp\/v2\/types\/product"}],"wp:attachment":[{"href":"https:\/\/www.visatravel.fr\/en\/wp-json\/wp\/v2\/media?parent=273509"}],"wp:term":[{"taxonomy":"product_cat","embeddable":true,"href":"https:\/\/www.visatravel.fr\/en\/wp-json\/wp\/v2\/product_cat?post=273509"},{"taxonomy":"product_tag","embeddable":true,"href":"https:\/\/www.visatravel.fr\/en\/wp-json\/wp\/v2\/product_tag?post=273509"}],"curies":[{"name":"wp","href":"https:\/\/api.w.org\/{rel}","templated":true}]}}