{"id":273232,"date":"2022-02-02T13:31:53","date_gmt":"2022-02-02T13:31:53","guid":{"rendered":"https:\/\/www.visatravel.fr\/?post_type=product&#038;p=273232"},"modified":"2026-01-20T10:12:47","modified_gmt":"2026-01-20T10:12:47","slug":"schengen-insurance-simple-additionnal-month","status":"publish","type":"product","link":"https:\/\/www.visatravel.fr\/en\/product\/schengen-insurance-simple-additionnal-month\/","title":{"rendered":"Schengen Insurance Simple Additionnal month"},"content":{"rendered":"<p>Do you want to travel peacefully in the Schengen area by insuring yourself against multiple potential risks before and during your trip? Our Schengen insurance was designed for this!<\/p>\n<p>We have selected for you Insurance adapted to many risks that your international mobility can generate.<\/p>\n<p>Our partnership with Geodesk\/Assur Travel, recognized players in the insurance market for Tourism and Business Travel, offers unique coverage both in terms of content and value and all this to allow you to focus on your trip.<\/p>\n<p>In just a few clicks, take out the insurance that suits you, receive your certificate online and travel peacefully!<\/p>\n<p>Visa Travel International takes care of everything and especially you!<\/p>\n","protected":false},"excerpt":{"rendered":"<p>Do you want to travel peacefully in the Schengen area by insuring yourself against multiple potential risks before and during your trip? Our Schengen insurance was designed for this!<\/p>\n<p>We have selected for you Insurance adapted to many risks that your international mobility can generate.<\/p>\n<p>Our partnership with Geodesk\/Assur Travel, recognized players in the insurance market for Tourism and Business Travel, offers unique coverage both in terms of content and value and all this to allow you to focus on your trip.<\/p>\n<p>In just a few clicks, take out the insurance that suits you, receive your certificate online and travel peacefully!<\/p>\n<p>Visa Travel International takes care of everything and especially you!<\/p>\n","protected":false},"featured_media":0,"template":"","meta":{"_et_pb_use_builder":"","_et_pb_old_content":"","_et_gb_content_width":""},"product_cat":[853],"product_tag":[],"yoast_head":"<!-- This site is optimized with the Yoast SEO plugin v19.7.1 - https:\/\/yoast.com\/wordpress\/plugins\/seo\/ -->\n<title>Schengen Insurancve Simple Additionnal month | Visa Travel International<\/title>\n<meta name=\"description\" content=\"Do you want to travel peacefully in the Schengen area by insuring yourself against multiple potential risks before and during your trip? Our Schengen insurance was designed for this!We have selected for you Insurance adapted to many risks that your international mobility can generate. Our partnership with Geodesk\/Assur Travel, recognized players in the insurance market for Tourism and Business Travel, offers unique coverage both in terms of content and value and all this to allow you to focus on your trip.In just a few clicks, take out the insurance that suits you, receive your certificate online and travel peacefully!\" \/>\n<meta name=\"robots\" content=\"index, follow, max-snippet:-1, max-image-preview:large, max-video-preview:-1\" \/>\n<link rel=\"canonical\" href=\"https:\/\/www.visatravel.fr\/en\/product\/schengen-insurance-simple-additionnal-month\/\" \/>\n<meta property=\"og:locale\" content=\"en_US\" \/>\n<meta property=\"og:type\" content=\"article\" \/>\n<meta property=\"og:title\" content=\"Schengen Insurancve Simple Additionnal month | Visa Travel International\" \/>\n<meta property=\"og:description\" content=\"Do you want to travel peacefully in the Schengen area by insuring yourself against multiple potential risks before and during your trip? Our Schengen insurance was designed for this!We have selected for you Insurance adapted to many risks that your international mobility can generate. Our partnership with Geodesk\/Assur Travel, recognized players in the insurance market for Tourism and Business Travel, offers unique coverage both in terms of content and value and all this to allow you to focus on your trip.In just a few clicks, take out the insurance that suits you, receive your certificate online and travel peacefully!\" \/>\n<meta property=\"og:url\" content=\"https:\/\/www.visatravel.fr\/en\/product\/schengen-insurance-simple-additionnal-month\/\" \/>\n<meta property=\"og:site_name\" content=\"Visa Travel International\" \/>\n<meta property=\"article:modified_time\" content=\"2026-01-20T10:12:47+00:00\" \/>\n<meta name=\"twitter:card\" content=\"summary_large_image\" \/>\n<meta name=\"twitter:label1\" content=\"Est. reading time\" \/>\n\t<meta name=\"twitter:data1\" content=\"1 minute\" \/>\n<script type=\"application\/ld+json\" class=\"yoast-schema-graph\">{\"@context\":\"https:\/\/schema.org\",\"@graph\":[{\"@type\":\"WebPage\",\"@id\":\"https:\/\/www.visatravel.fr\/en\/product\/schengen-insurance-simple-additionnal-month\/\",\"url\":\"https:\/\/www.visatravel.fr\/en\/product\/schengen-insurance-simple-additionnal-month\/\",\"name\":\"Schengen Insurancve Simple Additionnal month | Visa Travel International\",\"isPartOf\":{\"@id\":\"https:\/\/www.visatravel.fr\/en\/#website\"},\"datePublished\":\"2022-02-02T13:31:53+00:00\",\"dateModified\":\"2026-01-20T10:12:47+00:00\",\"description\":\"Do you want to travel peacefully in the Schengen area by insuring yourself against multiple potential risks before and during your trip? Our Schengen insurance was designed for this!We have selected for you Insurance adapted to many risks that your international mobility can generate. Our partnership with Geodesk\/Assur Travel, recognized players in the insurance market for Tourism and Business Travel, offers unique coverage both in terms of content and value and all this to allow you to focus on your trip.In just a few clicks, take out the insurance that suits you, receive your certificate online and travel peacefully!\",\"breadcrumb\":{\"@id\":\"https:\/\/www.visatravel.fr\/en\/product\/schengen-insurance-simple-additionnal-month\/#breadcrumb\"},\"inLanguage\":\"en-US\",\"potentialAction\":[{\"@type\":\"ReadAction\",\"target\":[\"https:\/\/www.visatravel.fr\/en\/product\/schengen-insurance-simple-additionnal-month\/\"]}]},{\"@type\":\"BreadcrumbList\",\"@id\":\"https:\/\/www.visatravel.fr\/en\/product\/schengen-insurance-simple-additionnal-month\/#breadcrumb\",\"itemListElement\":[{\"@type\":\"ListItem\",\"position\":1,\"name\":\"Home\",\"item\":\"https:\/\/www.visatravel.fr\/en\/\"},{\"@type\":\"ListItem\",\"position\":2,\"name\":\"Products\",\"item\":\"https:\/\/www.visatravel.fr\/en\/shop\/\"},{\"@type\":\"ListItem\",\"position\":3,\"name\":\"Schengen Insurance Simple Additionnal month\"}]},{\"@type\":\"WebSite\",\"@id\":\"https:\/\/www.visatravel.fr\/en\/#website\",\"url\":\"https:\/\/www.visatravel.fr\/en\/\",\"name\":\"Visa Travel International\",\"description\":\"Visa Travel International est une soci\u00e9t\u00e9 fran\u00e7aise d\u00e9di\u00e9e \u00e0 la mobilit\u00e9 dans le monde, dirig\u00e9e par des professionnels du tourisme \u00e0 votre \u00e9coute.\",\"potentialAction\":[{\"@type\":\"SearchAction\",\"target\":{\"@type\":\"EntryPoint\",\"urlTemplate\":\"https:\/\/www.visatravel.fr\/en\/?s={search_term_string}\"},\"query-input\":\"required name=search_term_string\"}],\"inLanguage\":\"en-US\"}]}<\/script>\n<!-- \/ Yoast SEO plugin. -->","yoast_head_json":{"title":"Schengen Insurancve Simple Additionnal month | Visa Travel International","description":"Do you want to travel peacefully in the Schengen area by insuring yourself against multiple potential risks before and during your trip? Our Schengen insurance was designed for this!We have selected for you Insurance adapted to many risks that your international mobility can generate. Our partnership with Geodesk\/Assur Travel, recognized players in the insurance market for Tourism and Business Travel, offers unique coverage both in terms of content and value and all this to allow you to focus on your trip.In just a few clicks, take out the insurance that suits you, receive your certificate online and travel peacefully!","robots":{"index":"index","follow":"follow","max-snippet":"max-snippet:-1","max-image-preview":"max-image-preview:large","max-video-preview":"max-video-preview:-1"},"canonical":"https:\/\/www.visatravel.fr\/en\/product\/schengen-insurance-simple-additionnal-month\/","og_locale":"en_US","og_type":"article","og_title":"Schengen Insurancve Simple Additionnal month | Visa Travel International","og_description":"Do you want to travel peacefully in the Schengen area by insuring yourself against multiple potential risks before and during your trip? Our Schengen insurance was designed for this!We have selected for you Insurance adapted to many risks that your international mobility can generate. Our partnership with Geodesk\/Assur Travel, recognized players in the insurance market for Tourism and Business Travel, offers unique coverage both in terms of content and value and all this to allow you to focus on your trip.In just a few clicks, take out the insurance that suits you, receive your certificate online and travel peacefully!","og_url":"https:\/\/www.visatravel.fr\/en\/product\/schengen-insurance-simple-additionnal-month\/","og_site_name":"Visa Travel International","article_modified_time":"2026-01-20T10:12:47+00:00","twitter_card":"summary_large_image","twitter_misc":{"Est. reading time":"1 minute"},"schema":{"@context":"https:\/\/schema.org","@graph":[{"@type":"WebPage","@id":"https:\/\/www.visatravel.fr\/en\/product\/schengen-insurance-simple-additionnal-month\/","url":"https:\/\/www.visatravel.fr\/en\/product\/schengen-insurance-simple-additionnal-month\/","name":"Schengen Insurancve Simple Additionnal month | Visa Travel International","isPartOf":{"@id":"https:\/\/www.visatravel.fr\/en\/#website"},"datePublished":"2022-02-02T13:31:53+00:00","dateModified":"2026-01-20T10:12:47+00:00","description":"Do you want to travel peacefully in the Schengen area by insuring yourself against multiple potential risks before and during your trip? Our Schengen insurance was designed for this!We have selected for you Insurance adapted to many risks that your international mobility can generate. Our partnership with Geodesk\/Assur Travel, recognized players in the insurance market for Tourism and Business Travel, offers unique coverage both in terms of content and value and all this to allow you to focus on your trip.In just a few clicks, take out the insurance that suits you, receive your certificate online and travel peacefully!","breadcrumb":{"@id":"https:\/\/www.visatravel.fr\/en\/product\/schengen-insurance-simple-additionnal-month\/#breadcrumb"},"inLanguage":"en-US","potentialAction":[{"@type":"ReadAction","target":["https:\/\/www.visatravel.fr\/en\/product\/schengen-insurance-simple-additionnal-month\/"]}]},{"@type":"BreadcrumbList","@id":"https:\/\/www.visatravel.fr\/en\/product\/schengen-insurance-simple-additionnal-month\/#breadcrumb","itemListElement":[{"@type":"ListItem","position":1,"name":"Home","item":"https:\/\/www.visatravel.fr\/en\/"},{"@type":"ListItem","position":2,"name":"Products","item":"https:\/\/www.visatravel.fr\/en\/shop\/"},{"@type":"ListItem","position":3,"name":"Schengen Insurance Simple Additionnal month"}]},{"@type":"WebSite","@id":"https:\/\/www.visatravel.fr\/en\/#website","url":"https:\/\/www.visatravel.fr\/en\/","name":"Visa Travel International","description":"Visa Travel International est une soci\u00e9t\u00e9 fran\u00e7aise d\u00e9di\u00e9e \u00e0 la mobilit\u00e9 dans le monde, dirig\u00e9e par des professionnels du tourisme \u00e0 votre \u00e9coute.","potentialAction":[{"@type":"SearchAction","target":{"@type":"EntryPoint","urlTemplate":"https:\/\/www.visatravel.fr\/en\/?s={search_term_string}"},"query-input":"required name=search_term_string"}],"inLanguage":"en-US"}]}},"_links":{"self":[{"href":"https:\/\/www.visatravel.fr\/en\/wp-json\/wp\/v2\/product\/273232"}],"collection":[{"href":"https:\/\/www.visatravel.fr\/en\/wp-json\/wp\/v2\/product"}],"about":[{"href":"https:\/\/www.visatravel.fr\/en\/wp-json\/wp\/v2\/types\/product"}],"wp:attachment":[{"href":"https:\/\/www.visatravel.fr\/en\/wp-json\/wp\/v2\/media?parent=273232"}],"wp:term":[{"taxonomy":"product_cat","embeddable":true,"href":"https:\/\/www.visatravel.fr\/en\/wp-json\/wp\/v2\/product_cat?post=273232"},{"taxonomy":"product_tag","embeddable":true,"href":"https:\/\/www.visatravel.fr\/en\/wp-json\/wp\/v2\/product_tag?post=273232"}],"curies":[{"name":"wp","href":"https:\/\/api.w.org\/{rel}","templated":true}]}}