{"id":272294,"date":"2022-01-06T13:41:17","date_gmt":"2022-01-06T13:41:17","guid":{"rendered":"https:\/\/www.visatravel.fr\/?post_type=product&#038;p=272294"},"modified":"2026-03-11T18:13:29","modified_gmt":"2026-03-11T18:13:29","slug":"assurances-schengen-formule-simple-1-a-3-mois","status":"publish","type":"product","link":"https:\/\/www.visatravel.fr\/en\/product\/assurances-schengen-formule-simple-1-a-3-mois\/","title":{"rendered":"Assurances Schengen formule simple 1 \u00e0 3 mois"},"content":{"rendered":"<p>Envie de voyager sereinement sur l&#8217;espace Schengen en vous assurant pour de multiples risques potentiels avant et durant votre voyage ? Nos assurances Schengen ont \u00e9t\u00e9 con\u00e7ue pour cela !<\/p>\n<p>Nous avons s\u00e9lectionn\u00e9 pour vous des Assurances adapt\u00e9es \u00e0 de nombreux al\u00e9as que votre mobilit\u00e9 internationale peut engendrer.<\/p>\n<p>Notre partenariat avec\u00a0G\u00e9odesk\/Assur Travel, acteurs reconnus du march\u00e9 assurantiel pour le Tourisme et les Voyages d\u2019Affaires, propose des couvertures uniques tant en contenu qu\u2019en valeur et tout cela pour vous permettre de vous concentrer sur votre voyage.<\/p>\n<p>En\u00a0quelques clics seulement, souscrivez-vous l\u2019assurance qui vous convient, recevez votre attestation en ligne et voyagez tranquille !<\/p>\n<p>Visa Travel International\u00a0s\u2019occupe de tout et surtout de vous !<\/p>\n","protected":false},"excerpt":{"rendered":"<p>Envie de voyager sereinement sur l&#8217;espace Schengen en vous assurant pour de multiples risques potentiels avant et durant votre voyage ? Nos assurances Schengen ont \u00e9t\u00e9 con\u00e7ue pour cela !<\/p>\n<p>Nous avons s\u00e9lectionn\u00e9 pour vous des Assurances adapt\u00e9es \u00e0 de nombreux al\u00e9as que votre mobilit\u00e9 internationale peut engendrer.<\/p>\n<p>Notre partenariat avec\u00a0G\u00e9odesk\/Assur Travel, acteurs reconnus du march\u00e9 assurantiel pour le Tourisme et les Voyages d\u2019Affaires, propose des couvertures uniques tant en contenu qu\u2019en valeur et tout cela pour vous permettre de vous concentrer sur votre voyage.<\/p>\n<p>En\u00a0quelques clics seulement, souscrivez-vous l\u2019assurance qui vous convient, recevez votre attestation en ligne et voyagez tranquille !<\/p>\n<p>Visa Travel International\u00a0s\u2019occupe de tout et surtout de vous !<\/p>\n","protected":false},"featured_media":0,"template":"","meta":{"_et_pb_use_builder":"","_et_pb_old_content":"","_et_gb_content_width":""},"product_cat":[53,853],"product_tag":[],"yoast_head":"<!-- This site is optimized with the Yoast SEO plugin v19.7.1 - https:\/\/yoast.com\/wordpress\/plugins\/seo\/ -->\n<title>Assurances Schengen 1 \u00e0 3 mois | Visa Travel International<\/title>\n<meta name=\"description\" content=\"Envie de voyager sereinement sur l&#039;espace Schengen en vous assurant pour de multiples risques potentiels avant et durant votre voyage ? Nos assurances Schengen ont \u00e9t\u00e9 con\u00e7ue pour cela !Nous avons s\u00e9lectionn\u00e9 pour vous des Assurances adapt\u00e9es \u00e0 de nombreux al\u00e9as que votre mobilit\u00e9 internationale peut engendrer.Notre partenariat avec\u00a0G\u00e9odesk\/Assur Travel, acteurs reconnus du march\u00e9 assurantiel pour le Tourisme et les Voyages d\u2019Affaires, propose des couvertures uniques tant en contenu qu\u2019en valeur et tout cela pour vous permettre de vous concentrer sur votre voyage.En\u00a0quelques clics seulement, souscrivez-vous l\u2019assurance qui vous convient, recevez votre attestation en ligne et voyagez tranquille !Visa Travel International\u00a0s\u2019occupe de tout et surtout de vous !\" \/>\n<meta name=\"robots\" content=\"index, follow, max-snippet:-1, max-image-preview:large, max-video-preview:-1\" \/>\n<link rel=\"canonical\" href=\"https:\/\/www.visatravel.fr\/product\/assurances-schengen-formule-simple-1-a-3-mois\/\" \/>\n<meta property=\"og:locale\" content=\"en_US\" \/>\n<meta property=\"og:type\" content=\"article\" \/>\n<meta property=\"og:title\" content=\"Assurances Schengen 1 \u00e0 3 mois | Visa Travel International\" \/>\n<meta property=\"og:description\" content=\"Envie de voyager sereinement sur l&#039;espace Schengen en vous assurant pour de multiples risques potentiels avant et durant votre voyage ? Nos assurances Schengen ont \u00e9t\u00e9 con\u00e7ue pour cela !Nous avons s\u00e9lectionn\u00e9 pour vous des Assurances adapt\u00e9es \u00e0 de nombreux al\u00e9as que votre mobilit\u00e9 internationale peut engendrer.Notre partenariat avec\u00a0G\u00e9odesk\/Assur Travel, acteurs reconnus du march\u00e9 assurantiel pour le Tourisme et les Voyages d\u2019Affaires, propose des couvertures uniques tant en contenu qu\u2019en valeur et tout cela pour vous permettre de vous concentrer sur votre voyage.En\u00a0quelques clics seulement, souscrivez-vous l\u2019assurance qui vous convient, recevez votre attestation en ligne et voyagez tranquille !Visa Travel International\u00a0s\u2019occupe de tout et surtout de vous !\" \/>\n<meta property=\"og:url\" content=\"https:\/\/www.visatravel.fr\/product\/assurances-schengen-formule-simple-1-a-3-mois\/\" \/>\n<meta property=\"og:site_name\" content=\"Visa Travel International\" \/>\n<meta property=\"article:modified_time\" content=\"2026-03-11T18:13:29+00:00\" \/>\n<meta name=\"twitter:card\" content=\"summary_large_image\" \/>\n<meta name=\"twitter:label1\" content=\"Est. reading time\" \/>\n\t<meta name=\"twitter:data1\" content=\"1 minute\" \/>\n<script type=\"application\/ld+json\" class=\"yoast-schema-graph\">{\"@context\":\"https:\/\/schema.org\",\"@graph\":[{\"@type\":\"WebPage\",\"@id\":\"https:\/\/www.visatravel.fr\/product\/assurances-schengen-formule-simple-1-a-3-mois\/\",\"url\":\"https:\/\/www.visatravel.fr\/product\/assurances-schengen-formule-simple-1-a-3-mois\/\",\"name\":\"Assurances Schengen 1 \u00e0 3 mois | Visa Travel International\",\"isPartOf\":{\"@id\":\"https:\/\/www.visatravel.fr\/en\/#website\"},\"datePublished\":\"2022-01-06T13:41:17+00:00\",\"dateModified\":\"2026-03-11T18:13:29+00:00\",\"description\":\"Envie de voyager sereinement sur l'espace Schengen en vous assurant pour de multiples risques potentiels avant et durant votre voyage ? Nos assurances Schengen ont \u00e9t\u00e9 con\u00e7ue pour cela !Nous avons s\u00e9lectionn\u00e9 pour vous des Assurances adapt\u00e9es \u00e0 de nombreux al\u00e9as que votre mobilit\u00e9 internationale peut engendrer.Notre partenariat avec\u00a0G\u00e9odesk\/Assur Travel, acteurs reconnus du march\u00e9 assurantiel pour le Tourisme et les Voyages d\u2019Affaires, propose des couvertures uniques tant en contenu qu\u2019en valeur et tout cela pour vous permettre de vous concentrer sur votre voyage.En\u00a0quelques clics seulement, souscrivez-vous l\u2019assurance qui vous convient, recevez votre attestation en ligne et voyagez tranquille !Visa Travel International\u00a0s\u2019occupe de tout et surtout de vous !\",\"breadcrumb\":{\"@id\":\"https:\/\/www.visatravel.fr\/product\/assurances-schengen-formule-simple-1-a-3-mois\/#breadcrumb\"},\"inLanguage\":\"en-US\",\"potentialAction\":[{\"@type\":\"ReadAction\",\"target\":[\"https:\/\/www.visatravel.fr\/product\/assurances-schengen-formule-simple-1-a-3-mois\/\"]}]},{\"@type\":\"BreadcrumbList\",\"@id\":\"https:\/\/www.visatravel.fr\/product\/assurances-schengen-formule-simple-1-a-3-mois\/#breadcrumb\",\"itemListElement\":[{\"@type\":\"ListItem\",\"position\":1,\"name\":\"Home\",\"item\":\"https:\/\/www.visatravel.fr\/en\/\"},{\"@type\":\"ListItem\",\"position\":2,\"name\":\"Products\",\"item\":\"https:\/\/www.visatravel.fr\/en\/shop\/\"},{\"@type\":\"ListItem\",\"position\":3,\"name\":\"Assurances Schengen formule simple 1 \u00e0 3 mois\"}]},{\"@type\":\"WebSite\",\"@id\":\"https:\/\/www.visatravel.fr\/en\/#website\",\"url\":\"https:\/\/www.visatravel.fr\/en\/\",\"name\":\"Visa Travel International\",\"description\":\"Visa Travel International est une soci\u00e9t\u00e9 fran\u00e7aise d\u00e9di\u00e9e \u00e0 la mobilit\u00e9 dans le monde, dirig\u00e9e par des professionnels du tourisme \u00e0 votre \u00e9coute.\",\"potentialAction\":[{\"@type\":\"SearchAction\",\"target\":{\"@type\":\"EntryPoint\",\"urlTemplate\":\"https:\/\/www.visatravel.fr\/en\/?s={search_term_string}\"},\"query-input\":\"required name=search_term_string\"}],\"inLanguage\":\"en-US\"}]}<\/script>\n<!-- \/ Yoast SEO plugin. -->","yoast_head_json":{"title":"Assurances Schengen 1 \u00e0 3 mois | Visa Travel International","description":"Envie de voyager sereinement sur l'espace Schengen en vous assurant pour de multiples risques potentiels avant et durant votre voyage ? Nos assurances Schengen ont \u00e9t\u00e9 con\u00e7ue pour cela !Nous avons s\u00e9lectionn\u00e9 pour vous des Assurances adapt\u00e9es \u00e0 de nombreux al\u00e9as que votre mobilit\u00e9 internationale peut engendrer.Notre partenariat avec\u00a0G\u00e9odesk\/Assur Travel, acteurs reconnus du march\u00e9 assurantiel pour le Tourisme et les Voyages d\u2019Affaires, propose des couvertures uniques tant en contenu qu\u2019en valeur et tout cela pour vous permettre de vous concentrer sur votre voyage.En\u00a0quelques clics seulement, souscrivez-vous l\u2019assurance qui vous convient, recevez votre attestation en ligne et voyagez tranquille !Visa Travel International\u00a0s\u2019occupe de tout et surtout de vous !","robots":{"index":"index","follow":"follow","max-snippet":"max-snippet:-1","max-image-preview":"max-image-preview:large","max-video-preview":"max-video-preview:-1"},"canonical":"https:\/\/www.visatravel.fr\/product\/assurances-schengen-formule-simple-1-a-3-mois\/","og_locale":"en_US","og_type":"article","og_title":"Assurances Schengen 1 \u00e0 3 mois | Visa Travel International","og_description":"Envie de voyager sereinement sur l'espace Schengen en vous assurant pour de multiples risques potentiels avant et durant votre voyage ? Nos assurances Schengen ont \u00e9t\u00e9 con\u00e7ue pour cela !Nous avons s\u00e9lectionn\u00e9 pour vous des Assurances adapt\u00e9es \u00e0 de nombreux al\u00e9as que votre mobilit\u00e9 internationale peut engendrer.Notre partenariat avec\u00a0G\u00e9odesk\/Assur Travel, acteurs reconnus du march\u00e9 assurantiel pour le Tourisme et les Voyages d\u2019Affaires, propose des couvertures uniques tant en contenu qu\u2019en valeur et tout cela pour vous permettre de vous concentrer sur votre voyage.En\u00a0quelques clics seulement, souscrivez-vous l\u2019assurance qui vous convient, recevez votre attestation en ligne et voyagez tranquille !Visa Travel International\u00a0s\u2019occupe de tout et surtout de vous !","og_url":"https:\/\/www.visatravel.fr\/product\/assurances-schengen-formule-simple-1-a-3-mois\/","og_site_name":"Visa Travel International","article_modified_time":"2026-03-11T18:13:29+00:00","twitter_card":"summary_large_image","twitter_misc":{"Est. reading time":"1 minute"},"schema":{"@context":"https:\/\/schema.org","@graph":[{"@type":"WebPage","@id":"https:\/\/www.visatravel.fr\/product\/assurances-schengen-formule-simple-1-a-3-mois\/","url":"https:\/\/www.visatravel.fr\/product\/assurances-schengen-formule-simple-1-a-3-mois\/","name":"Assurances Schengen 1 \u00e0 3 mois | Visa Travel International","isPartOf":{"@id":"https:\/\/www.visatravel.fr\/en\/#website"},"datePublished":"2022-01-06T13:41:17+00:00","dateModified":"2026-03-11T18:13:29+00:00","description":"Envie de voyager sereinement sur l'espace Schengen en vous assurant pour de multiples risques potentiels avant et durant votre voyage ? Nos assurances Schengen ont \u00e9t\u00e9 con\u00e7ue pour cela !Nous avons s\u00e9lectionn\u00e9 pour vous des Assurances adapt\u00e9es \u00e0 de nombreux al\u00e9as que votre mobilit\u00e9 internationale peut engendrer.Notre partenariat avec\u00a0G\u00e9odesk\/Assur Travel, acteurs reconnus du march\u00e9 assurantiel pour le Tourisme et les Voyages d\u2019Affaires, propose des couvertures uniques tant en contenu qu\u2019en valeur et tout cela pour vous permettre de vous concentrer sur votre voyage.En\u00a0quelques clics seulement, souscrivez-vous l\u2019assurance qui vous convient, recevez votre attestation en ligne et voyagez tranquille !Visa Travel International\u00a0s\u2019occupe de tout et surtout de vous !","breadcrumb":{"@id":"https:\/\/www.visatravel.fr\/product\/assurances-schengen-formule-simple-1-a-3-mois\/#breadcrumb"},"inLanguage":"en-US","potentialAction":[{"@type":"ReadAction","target":["https:\/\/www.visatravel.fr\/product\/assurances-schengen-formule-simple-1-a-3-mois\/"]}]},{"@type":"BreadcrumbList","@id":"https:\/\/www.visatravel.fr\/product\/assurances-schengen-formule-simple-1-a-3-mois\/#breadcrumb","itemListElement":[{"@type":"ListItem","position":1,"name":"Home","item":"https:\/\/www.visatravel.fr\/en\/"},{"@type":"ListItem","position":2,"name":"Products","item":"https:\/\/www.visatravel.fr\/en\/shop\/"},{"@type":"ListItem","position":3,"name":"Assurances Schengen formule simple 1 \u00e0 3 mois"}]},{"@type":"WebSite","@id":"https:\/\/www.visatravel.fr\/en\/#website","url":"https:\/\/www.visatravel.fr\/en\/","name":"Visa Travel International","description":"Visa Travel International est une soci\u00e9t\u00e9 fran\u00e7aise d\u00e9di\u00e9e \u00e0 la mobilit\u00e9 dans le monde, dirig\u00e9e par des professionnels du tourisme \u00e0 votre \u00e9coute.","potentialAction":[{"@type":"SearchAction","target":{"@type":"EntryPoint","urlTemplate":"https:\/\/www.visatravel.fr\/en\/?s={search_term_string}"},"query-input":"required name=search_term_string"}],"inLanguage":"en-US"}]}},"_links":{"self":[{"href":"https:\/\/www.visatravel.fr\/en\/wp-json\/wp\/v2\/product\/272294"}],"collection":[{"href":"https:\/\/www.visatravel.fr\/en\/wp-json\/wp\/v2\/product"}],"about":[{"href":"https:\/\/www.visatravel.fr\/en\/wp-json\/wp\/v2\/types\/product"}],"wp:attachment":[{"href":"https:\/\/www.visatravel.fr\/en\/wp-json\/wp\/v2\/media?parent=272294"}],"wp:term":[{"taxonomy":"product_cat","embeddable":true,"href":"https:\/\/www.visatravel.fr\/en\/wp-json\/wp\/v2\/product_cat?post=272294"},{"taxonomy":"product_tag","embeddable":true,"href":"https:\/\/www.visatravel.fr\/en\/wp-json\/wp\/v2\/product_tag?post=272294"}],"curies":[{"name":"wp","href":"https:\/\/api.w.org\/{rel}","templated":true}]}}