{"id":271904,"date":"2021-12-09T15:31:26","date_gmt":"2021-12-09T15:31:26","guid":{"rendered":"https:\/\/www.visatravel.fr\/?post_type=product&#038;p=271904"},"modified":"2022-12-12T15:45:26","modified_gmt":"2022-12-12T15:45:26","slug":"sudan-business-multiple-entries-urgent","status":"publish","type":"product","link":"https:\/\/www.visatravel.fr\/en\/product\/sudan-business-multiple-entries-urgent\/","title":{"rendered":"Sudan &#8211; Business Multiple entries Urgent"},"content":{"rendered":"<p>The visa is valid from 3 months to 6 months from the date of issue. The duration of the authorized stay remains variable depending on the documents provided during the visa application.<\/p>\n","protected":false},"excerpt":{"rendered":"<p>The visa is valid from 3 months to 6 months from the date of issue. The duration of the authorized stay remains variable depending on the documents provided during the visa application.<\/p>\n","protected":false},"featured_media":0,"template":"","meta":{"_et_pb_use_builder":"","_et_pb_old_content":"","_et_gb_content_width":""},"product_cat":[48,47,45],"product_tag":[833],"yoast_head":"<!-- This site is optimized with the Yoast SEO plugin v19.7.1 - https:\/\/yoast.com\/wordpress\/plugins\/seo\/ -->\n<title>VISA | SUDAN | VISA TRAVEL INTERNATIONAL<\/title>\n<meta name=\"description\" content=\"To travel to Sudan a visa is generally required with a few exceptions.Visa Travel International is an agency approved by the Sudanese consulate to assist you in your procedures and whatever the type of visa you need. To this end, you will find on this page all the information and answers to questions that will be useful to you in order to obtain your visa.\" \/>\n<meta name=\"robots\" content=\"index, follow, max-snippet:-1, max-image-preview:large, max-video-preview:-1\" \/>\n<link rel=\"canonical\" href=\"https:\/\/www.visatravel.fr\/en\/product\/sudan-business-multiple-entries-urgent\/\" \/>\n<meta property=\"og:locale\" content=\"en_US\" \/>\n<meta property=\"og:type\" content=\"article\" \/>\n<meta property=\"og:title\" content=\"VISA | SUDAN | VISA TRAVEL INTERNATIONAL\" \/>\n<meta property=\"og:description\" content=\"To travel to Sudan a visa is generally required with a few exceptions.Visa Travel International is an agency approved by the Sudanese consulate to assist you in your procedures and whatever the type of visa you need. To this end, you will find on this page all the information and answers to questions that will be useful to you in order to obtain your visa.\" \/>\n<meta property=\"og:url\" content=\"https:\/\/www.visatravel.fr\/en\/product\/sudan-business-multiple-entries-urgent\/\" \/>\n<meta property=\"og:site_name\" content=\"Visa Travel International\" \/>\n<meta property=\"article:modified_time\" content=\"2022-12-12T15:45:26+00:00\" \/>\n<meta name=\"twitter:card\" content=\"summary_large_image\" \/>\n<script type=\"application\/ld+json\" class=\"yoast-schema-graph\">{\"@context\":\"https:\/\/schema.org\",\"@graph\":[{\"@type\":\"WebPage\",\"@id\":\"https:\/\/www.visatravel.fr\/en\/product\/sudan-business-multiple-entries-urgent\/\",\"url\":\"https:\/\/www.visatravel.fr\/en\/product\/sudan-business-multiple-entries-urgent\/\",\"name\":\"VISA | SUDAN | VISA TRAVEL INTERNATIONAL\",\"isPartOf\":{\"@id\":\"https:\/\/www.visatravel.fr\/en\/#website\"},\"datePublished\":\"2021-12-09T15:31:26+00:00\",\"dateModified\":\"2022-12-12T15:45:26+00:00\",\"description\":\"To travel to Sudan a visa is generally required with a few exceptions.Visa Travel International is an agency approved by the Sudanese consulate to assist you in your procedures and whatever the type of visa you need. To this end, you will find on this page all the information and answers to questions that will be useful to you in order to obtain your visa.\",\"breadcrumb\":{\"@id\":\"https:\/\/www.visatravel.fr\/en\/product\/sudan-business-multiple-entries-urgent\/#breadcrumb\"},\"inLanguage\":\"en-US\",\"potentialAction\":[{\"@type\":\"ReadAction\",\"target\":[\"https:\/\/www.visatravel.fr\/en\/product\/sudan-business-multiple-entries-urgent\/\"]}]},{\"@type\":\"BreadcrumbList\",\"@id\":\"https:\/\/www.visatravel.fr\/en\/product\/sudan-business-multiple-entries-urgent\/#breadcrumb\",\"itemListElement\":[{\"@type\":\"ListItem\",\"position\":1,\"name\":\"Home\",\"item\":\"https:\/\/www.visatravel.fr\/en\/\"},{\"@type\":\"ListItem\",\"position\":2,\"name\":\"Products\",\"item\":\"https:\/\/www.visatravel.fr\/en\/shop\/\"},{\"@type\":\"ListItem\",\"position\":3,\"name\":\"Sudan &#8211; Business Multiple entries Urgent\"}]},{\"@type\":\"WebSite\",\"@id\":\"https:\/\/www.visatravel.fr\/en\/#website\",\"url\":\"https:\/\/www.visatravel.fr\/en\/\",\"name\":\"Visa Travel International\",\"description\":\"Visa Travel International est une soci\u00e9t\u00e9 fran\u00e7aise d\u00e9di\u00e9e \u00e0 la mobilit\u00e9 dans le monde, dirig\u00e9e par des professionnels du tourisme \u00e0 votre \u00e9coute.\",\"potentialAction\":[{\"@type\":\"SearchAction\",\"target\":{\"@type\":\"EntryPoint\",\"urlTemplate\":\"https:\/\/www.visatravel.fr\/en\/?s={search_term_string}\"},\"query-input\":\"required name=search_term_string\"}],\"inLanguage\":\"en-US\"}]}<\/script>\n<!-- \/ Yoast SEO plugin. -->","yoast_head_json":{"title":"VISA | SUDAN | VISA TRAVEL INTERNATIONAL","description":"To travel to Sudan a visa is generally required with a few exceptions.Visa Travel International is an agency approved by the Sudanese consulate to assist you in your procedures and whatever the type of visa you need. To this end, you will find on this page all the information and answers to questions that will be useful to you in order to obtain your visa.","robots":{"index":"index","follow":"follow","max-snippet":"max-snippet:-1","max-image-preview":"max-image-preview:large","max-video-preview":"max-video-preview:-1"},"canonical":"https:\/\/www.visatravel.fr\/en\/product\/sudan-business-multiple-entries-urgent\/","og_locale":"en_US","og_type":"article","og_title":"VISA | SUDAN | VISA TRAVEL INTERNATIONAL","og_description":"To travel to Sudan a visa is generally required with a few exceptions.Visa Travel International is an agency approved by the Sudanese consulate to assist you in your procedures and whatever the type of visa you need. To this end, you will find on this page all the information and answers to questions that will be useful to you in order to obtain your visa.","og_url":"https:\/\/www.visatravel.fr\/en\/product\/sudan-business-multiple-entries-urgent\/","og_site_name":"Visa Travel International","article_modified_time":"2022-12-12T15:45:26+00:00","twitter_card":"summary_large_image","schema":{"@context":"https:\/\/schema.org","@graph":[{"@type":"WebPage","@id":"https:\/\/www.visatravel.fr\/en\/product\/sudan-business-multiple-entries-urgent\/","url":"https:\/\/www.visatravel.fr\/en\/product\/sudan-business-multiple-entries-urgent\/","name":"VISA | SUDAN | VISA TRAVEL INTERNATIONAL","isPartOf":{"@id":"https:\/\/www.visatravel.fr\/en\/#website"},"datePublished":"2021-12-09T15:31:26+00:00","dateModified":"2022-12-12T15:45:26+00:00","description":"To travel to Sudan a visa is generally required with a few exceptions.Visa Travel International is an agency approved by the Sudanese consulate to assist you in your procedures and whatever the type of visa you need. To this end, you will find on this page all the information and answers to questions that will be useful to you in order to obtain your visa.","breadcrumb":{"@id":"https:\/\/www.visatravel.fr\/en\/product\/sudan-business-multiple-entries-urgent\/#breadcrumb"},"inLanguage":"en-US","potentialAction":[{"@type":"ReadAction","target":["https:\/\/www.visatravel.fr\/en\/product\/sudan-business-multiple-entries-urgent\/"]}]},{"@type":"BreadcrumbList","@id":"https:\/\/www.visatravel.fr\/en\/product\/sudan-business-multiple-entries-urgent\/#breadcrumb","itemListElement":[{"@type":"ListItem","position":1,"name":"Home","item":"https:\/\/www.visatravel.fr\/en\/"},{"@type":"ListItem","position":2,"name":"Products","item":"https:\/\/www.visatravel.fr\/en\/shop\/"},{"@type":"ListItem","position":3,"name":"Sudan &#8211; Business Multiple entries Urgent"}]},{"@type":"WebSite","@id":"https:\/\/www.visatravel.fr\/en\/#website","url":"https:\/\/www.visatravel.fr\/en\/","name":"Visa Travel International","description":"Visa Travel International est une soci\u00e9t\u00e9 fran\u00e7aise d\u00e9di\u00e9e \u00e0 la mobilit\u00e9 dans le monde, dirig\u00e9e par des professionnels du tourisme \u00e0 votre \u00e9coute.","potentialAction":[{"@type":"SearchAction","target":{"@type":"EntryPoint","urlTemplate":"https:\/\/www.visatravel.fr\/en\/?s={search_term_string}"},"query-input":"required name=search_term_string"}],"inLanguage":"en-US"}]}},"_links":{"self":[{"href":"https:\/\/www.visatravel.fr\/en\/wp-json\/wp\/v2\/product\/271904"}],"collection":[{"href":"https:\/\/www.visatravel.fr\/en\/wp-json\/wp\/v2\/product"}],"about":[{"href":"https:\/\/www.visatravel.fr\/en\/wp-json\/wp\/v2\/types\/product"}],"wp:attachment":[{"href":"https:\/\/www.visatravel.fr\/en\/wp-json\/wp\/v2\/media?parent=271904"}],"wp:term":[{"taxonomy":"product_cat","embeddable":true,"href":"https:\/\/www.visatravel.fr\/en\/wp-json\/wp\/v2\/product_cat?post=271904"},{"taxonomy":"product_tag","embeddable":true,"href":"https:\/\/www.visatravel.fr\/en\/wp-json\/wp\/v2\/product_tag?post=271904"}],"curies":[{"name":"wp","href":"https:\/\/api.w.org\/{rel}","templated":true}]}}