{"id":271415,"date":"2021-11-16T16:23:37","date_gmt":"2021-11-16T16:23:37","guid":{"rendered":"https:\/\/www.visatravel.fr\/?post_type=product&#038;p=271415"},"modified":"2026-02-13T12:00:50","modified_gmt":"2026-02-13T12:00:50","slug":"liberia-visa-tourisme-une-entree-en-urgence","status":"publish","type":"product","link":"https:\/\/www.visatravel.fr\/en\/product\/liberia-visa-tourisme-une-entree-en-urgence\/","title":{"rendered":"Lib\u00e9ria &#8211; Visa Tourisme une entr\u00e9e en urgence"},"content":{"rendered":"<p><span data-sheets-value=\"{&quot;1&quot;:2,&quot;2&quot;:&quot;Le visa est valable de 3 mois \u00e0 partir de sa date de d\u00e9livrance. La dur\u00e9e du s\u00e9jour autoris\u00e9 reste variable suivant les documents fournis lors de la demande de visa.&quot;}\" data-sheets-userformat=\"{&quot;2&quot;:7043,&quot;3&quot;:{&quot;1&quot;:0},&quot;4&quot;:{&quot;1&quot;:2,&quot;2&quot;:16777215},&quot;10&quot;:0,&quot;11&quot;:4,&quot;12&quot;:0,&quot;14&quot;:{&quot;1&quot;:2,&quot;2&quot;:0},&quot;15&quot;:&quot;Roboto, RobotoDraft, Helvetica, Arial, sans-serif&quot;}\">Le visa est valable 3 mois \u00e0 partir de sa date de d\u00e9livrance. La dur\u00e9e du s\u00e9jour autoris\u00e9 reste variable suivant les documents fournis lors de la demande de visa.<\/span><\/p>\n","protected":false},"excerpt":{"rendered":"<p><span data-sheets-value=\"{&quot;1&quot;:2,&quot;2&quot;:&quot;Le visa est valable de 3 mois \u00e0 partir de sa date de d\u00e9livrance. La dur\u00e9e du s\u00e9jour autoris\u00e9 reste variable suivant les documents fournis lors de la demande de visa.&quot;}\" data-sheets-userformat=\"{&quot;2&quot;:7043,&quot;3&quot;:{&quot;1&quot;:0},&quot;4&quot;:{&quot;1&quot;:2,&quot;2&quot;:16777215},&quot;10&quot;:0,&quot;11&quot;:4,&quot;12&quot;:0,&quot;14&quot;:{&quot;1&quot;:2,&quot;2&quot;:0},&quot;15&quot;:&quot;Roboto, RobotoDraft, Helvetica, Arial, sans-serif&quot;}\">Le visa est valable 3 mois \u00e0 partir de sa date de d\u00e9livrance. La dur\u00e9e du s\u00e9jour autoris\u00e9 reste variable suivant les documents fournis lors de la demande de visa.<\/span><\/p>\n","protected":false},"featured_media":0,"template":"","meta":{"_et_pb_use_builder":"","_et_pb_old_content":"","_et_gb_content_width":""},"product_cat":[45],"product_tag":[834],"yoast_head":"<!-- This site is optimized with the Yoast SEO plugin v19.7.1 - https:\/\/yoast.com\/wordpress\/plugins\/seo\/ -->\n<title>Lib\u00e9ria | Visa Tourisme urgent | Visa Travel International<\/title>\n<meta name=\"description\" content=\"Le visa est valable 3 mois \u00e0 partir de sa date de d\u00e9livrance. La dur\u00e9e du s\u00e9jour autoris\u00e9 reste variable suivant les documents fournis lors de la demande de visa.\" \/>\n<meta name=\"robots\" content=\"index, follow, max-snippet:-1, max-image-preview:large, max-video-preview:-1\" \/>\n<link rel=\"canonical\" href=\"https:\/\/www.visatravel.fr\/product\/liberia-visa-tourisme-une-entree-en-urgence\/\" \/>\n<meta property=\"og:locale\" content=\"en_US\" \/>\n<meta property=\"og:type\" content=\"article\" \/>\n<meta property=\"og:title\" content=\"Lib\u00e9ria | Visa Tourisme urgent | Visa Travel International\" \/>\n<meta property=\"og:description\" content=\"Le visa est valable 3 mois \u00e0 partir de sa date de d\u00e9livrance. La dur\u00e9e du s\u00e9jour autoris\u00e9 reste variable suivant les documents fournis lors de la demande de visa.\" \/>\n<meta property=\"og:url\" content=\"https:\/\/www.visatravel.fr\/product\/liberia-visa-tourisme-une-entree-en-urgence\/\" \/>\n<meta property=\"og:site_name\" content=\"Visa Travel International\" \/>\n<meta property=\"article:modified_time\" content=\"2026-02-13T12:00:50+00:00\" \/>\n<meta name=\"twitter:card\" content=\"summary_large_image\" \/>\n<meta name=\"twitter:label1\" content=\"Est. reading time\" \/>\n\t<meta name=\"twitter:data1\" content=\"1 minute\" \/>\n<script type=\"application\/ld+json\" class=\"yoast-schema-graph\">{\"@context\":\"https:\/\/schema.org\",\"@graph\":[{\"@type\":\"WebPage\",\"@id\":\"https:\/\/www.visatravel.fr\/product\/liberia-visa-tourisme-une-entree-en-urgence\/\",\"url\":\"https:\/\/www.visatravel.fr\/product\/liberia-visa-tourisme-une-entree-en-urgence\/\",\"name\":\"Lib\u00e9ria | Visa Tourisme urgent | Visa Travel International\",\"isPartOf\":{\"@id\":\"https:\/\/www.visatravel.fr\/en\/#website\"},\"datePublished\":\"2021-11-16T16:23:37+00:00\",\"dateModified\":\"2026-02-13T12:00:50+00:00\",\"description\":\"Le visa est valable 3 mois \u00e0 partir de sa date de d\u00e9livrance. La dur\u00e9e du s\u00e9jour autoris\u00e9 reste variable suivant les documents fournis lors de la demande de visa.\",\"breadcrumb\":{\"@id\":\"https:\/\/www.visatravel.fr\/product\/liberia-visa-tourisme-une-entree-en-urgence\/#breadcrumb\"},\"inLanguage\":\"en-US\",\"potentialAction\":[{\"@type\":\"ReadAction\",\"target\":[\"https:\/\/www.visatravel.fr\/product\/liberia-visa-tourisme-une-entree-en-urgence\/\"]}]},{\"@type\":\"BreadcrumbList\",\"@id\":\"https:\/\/www.visatravel.fr\/product\/liberia-visa-tourisme-une-entree-en-urgence\/#breadcrumb\",\"itemListElement\":[{\"@type\":\"ListItem\",\"position\":1,\"name\":\"Home\",\"item\":\"https:\/\/www.visatravel.fr\/en\/\"},{\"@type\":\"ListItem\",\"position\":2,\"name\":\"Products\",\"item\":\"https:\/\/www.visatravel.fr\/en\/shop\/\"},{\"@type\":\"ListItem\",\"position\":3,\"name\":\"Lib\u00e9ria &#8211; Visa Tourisme une entr\u00e9e en urgence\"}]},{\"@type\":\"WebSite\",\"@id\":\"https:\/\/www.visatravel.fr\/en\/#website\",\"url\":\"https:\/\/www.visatravel.fr\/en\/\",\"name\":\"Visa Travel International\",\"description\":\"Visa Travel International est une soci\u00e9t\u00e9 fran\u00e7aise d\u00e9di\u00e9e \u00e0 la mobilit\u00e9 dans le monde, dirig\u00e9e par des professionnels du tourisme \u00e0 votre \u00e9coute.\",\"potentialAction\":[{\"@type\":\"SearchAction\",\"target\":{\"@type\":\"EntryPoint\",\"urlTemplate\":\"https:\/\/www.visatravel.fr\/en\/?s={search_term_string}\"},\"query-input\":\"required name=search_term_string\"}],\"inLanguage\":\"en-US\"}]}<\/script>\n<!-- \/ Yoast SEO plugin. -->","yoast_head_json":{"title":"Lib\u00e9ria | Visa Tourisme urgent | Visa Travel International","description":"Le visa est valable 3 mois \u00e0 partir de sa date de d\u00e9livrance. La dur\u00e9e du s\u00e9jour autoris\u00e9 reste variable suivant les documents fournis lors de la demande de visa.","robots":{"index":"index","follow":"follow","max-snippet":"max-snippet:-1","max-image-preview":"max-image-preview:large","max-video-preview":"max-video-preview:-1"},"canonical":"https:\/\/www.visatravel.fr\/product\/liberia-visa-tourisme-une-entree-en-urgence\/","og_locale":"en_US","og_type":"article","og_title":"Lib\u00e9ria | Visa Tourisme urgent | Visa Travel International","og_description":"Le visa est valable 3 mois \u00e0 partir de sa date de d\u00e9livrance. La dur\u00e9e du s\u00e9jour autoris\u00e9 reste variable suivant les documents fournis lors de la demande de visa.","og_url":"https:\/\/www.visatravel.fr\/product\/liberia-visa-tourisme-une-entree-en-urgence\/","og_site_name":"Visa Travel International","article_modified_time":"2026-02-13T12:00:50+00:00","twitter_card":"summary_large_image","twitter_misc":{"Est. reading time":"1 minute"},"schema":{"@context":"https:\/\/schema.org","@graph":[{"@type":"WebPage","@id":"https:\/\/www.visatravel.fr\/product\/liberia-visa-tourisme-une-entree-en-urgence\/","url":"https:\/\/www.visatravel.fr\/product\/liberia-visa-tourisme-une-entree-en-urgence\/","name":"Lib\u00e9ria | Visa Tourisme urgent | Visa Travel International","isPartOf":{"@id":"https:\/\/www.visatravel.fr\/en\/#website"},"datePublished":"2021-11-16T16:23:37+00:00","dateModified":"2026-02-13T12:00:50+00:00","description":"Le visa est valable 3 mois \u00e0 partir de sa date de d\u00e9livrance. La dur\u00e9e du s\u00e9jour autoris\u00e9 reste variable suivant les documents fournis lors de la demande de visa.","breadcrumb":{"@id":"https:\/\/www.visatravel.fr\/product\/liberia-visa-tourisme-une-entree-en-urgence\/#breadcrumb"},"inLanguage":"en-US","potentialAction":[{"@type":"ReadAction","target":["https:\/\/www.visatravel.fr\/product\/liberia-visa-tourisme-une-entree-en-urgence\/"]}]},{"@type":"BreadcrumbList","@id":"https:\/\/www.visatravel.fr\/product\/liberia-visa-tourisme-une-entree-en-urgence\/#breadcrumb","itemListElement":[{"@type":"ListItem","position":1,"name":"Home","item":"https:\/\/www.visatravel.fr\/en\/"},{"@type":"ListItem","position":2,"name":"Products","item":"https:\/\/www.visatravel.fr\/en\/shop\/"},{"@type":"ListItem","position":3,"name":"Lib\u00e9ria &#8211; Visa Tourisme une entr\u00e9e en urgence"}]},{"@type":"WebSite","@id":"https:\/\/www.visatravel.fr\/en\/#website","url":"https:\/\/www.visatravel.fr\/en\/","name":"Visa Travel International","description":"Visa Travel International est une soci\u00e9t\u00e9 fran\u00e7aise d\u00e9di\u00e9e \u00e0 la mobilit\u00e9 dans le monde, dirig\u00e9e par des professionnels du tourisme \u00e0 votre \u00e9coute.","potentialAction":[{"@type":"SearchAction","target":{"@type":"EntryPoint","urlTemplate":"https:\/\/www.visatravel.fr\/en\/?s={search_term_string}"},"query-input":"required name=search_term_string"}],"inLanguage":"en-US"}]}},"_links":{"self":[{"href":"https:\/\/www.visatravel.fr\/en\/wp-json\/wp\/v2\/product\/271415"}],"collection":[{"href":"https:\/\/www.visatravel.fr\/en\/wp-json\/wp\/v2\/product"}],"about":[{"href":"https:\/\/www.visatravel.fr\/en\/wp-json\/wp\/v2\/types\/product"}],"wp:attachment":[{"href":"https:\/\/www.visatravel.fr\/en\/wp-json\/wp\/v2\/media?parent=271415"}],"wp:term":[{"taxonomy":"product_cat","embeddable":true,"href":"https:\/\/www.visatravel.fr\/en\/wp-json\/wp\/v2\/product_cat?post=271415"},{"taxonomy":"product_tag","embeddable":true,"href":"https:\/\/www.visatravel.fr\/en\/wp-json\/wp\/v2\/product_tag?post=271415"}],"curies":[{"name":"wp","href":"https:\/\/api.w.org\/{rel}","templated":true}]}}