{"id":271175,"date":"2021-11-05T14:27:26","date_gmt":"2021-11-05T14:27:26","guid":{"rendered":"https:\/\/www.visatravel.fr\/?post_type=product&#038;p=271175"},"modified":"2026-02-13T12:00:43","modified_gmt":"2026-02-13T12:00:43","slug":"visa-guinee-equatoriale-visa-affaires-tourisme-simple-entree","status":"publish","type":"product","link":"https:\/\/www.visatravel.fr\/en\/product\/visa-guinee-equatoriale-visa-affaires-tourisme-simple-entree\/","title":{"rendered":"Visa Guin\u00e9e Equatoriale &#8211; Visa Affaires \/ Tourisme simple entr\u00e9e"},"content":{"rendered":"<p>Le visa est valable 60 jours, pour une simple entr\u00e9e, \u00e0 compter de sa date de d\u00e9livrance pour des s\u00e9jours d\u2019un mois maximum.<\/p>\n","protected":false},"excerpt":{"rendered":"<p>Le visa est valable 60 jours, pour une simple entr\u00e9e, \u00e0 compter de sa date de d\u00e9livrance pour des s\u00e9jours d\u2019un mois maximum.<\/p>\n","protected":false},"featured_media":0,"template":"","meta":{"_et_pb_use_builder":"","_et_pb_old_content":"","_et_gb_content_width":""},"product_cat":[45],"product_tag":[824],"yoast_head":"<!-- This site is optimized with the Yoast SEO plugin v19.7.1 - https:\/\/yoast.com\/wordpress\/plugins\/seo\/ -->\n<title>Guin\u00e9e Equatoriale | Visa Affaires et Tourisme | Visa Travel Internationale<\/title>\n<meta name=\"description\" content=\"Le visa est valable 60 jours, pour une simple entr\u00e9e, \u00e0 compter de sa date de d\u00e9livrance pour des s\u00e9jours d\u2019un mois maximum.\" \/>\n<meta name=\"robots\" content=\"index, follow, max-snippet:-1, max-image-preview:large, max-video-preview:-1\" \/>\n<link rel=\"canonical\" href=\"https:\/\/www.visatravel.fr\/product\/visa-guinee-equatoriale-visa-affaires-tourisme-simple-entree\/\" \/>\n<meta property=\"og:locale\" content=\"en_US\" \/>\n<meta property=\"og:type\" content=\"article\" \/>\n<meta property=\"og:title\" content=\"Guin\u00e9e Equatoriale | Visa Affaires et Tourisme | Visa Travel Internationale\" \/>\n<meta property=\"og:description\" content=\"Le visa est valable 60 jours, pour une simple entr\u00e9e, \u00e0 compter de sa date de d\u00e9livrance pour des s\u00e9jours d\u2019un mois maximum.\" \/>\n<meta property=\"og:url\" content=\"https:\/\/www.visatravel.fr\/product\/visa-guinee-equatoriale-visa-affaires-tourisme-simple-entree\/\" \/>\n<meta property=\"og:site_name\" content=\"Visa Travel International\" \/>\n<meta property=\"article:modified_time\" content=\"2026-02-13T12:00:43+00:00\" \/>\n<meta name=\"twitter:card\" content=\"summary_large_image\" \/>\n<meta name=\"twitter:label1\" content=\"Est. reading time\" \/>\n\t<meta name=\"twitter:data1\" content=\"1 minute\" \/>\n<script type=\"application\/ld+json\" class=\"yoast-schema-graph\">{\"@context\":\"https:\/\/schema.org\",\"@graph\":[{\"@type\":\"WebPage\",\"@id\":\"https:\/\/www.visatravel.fr\/product\/visa-guinee-equatoriale-visa-affaires-tourisme-simple-entree\/\",\"url\":\"https:\/\/www.visatravel.fr\/product\/visa-guinee-equatoriale-visa-affaires-tourisme-simple-entree\/\",\"name\":\"Guin\u00e9e Equatoriale | Visa Affaires et Tourisme | Visa Travel Internationale\",\"isPartOf\":{\"@id\":\"https:\/\/www.visatravel.fr\/en\/#website\"},\"datePublished\":\"2021-11-05T14:27:26+00:00\",\"dateModified\":\"2026-02-13T12:00:43+00:00\",\"description\":\"Le visa est valable 60 jours, pour une simple entr\u00e9e, \u00e0 compter de sa date de d\u00e9livrance pour des s\u00e9jours d\u2019un mois maximum.\",\"breadcrumb\":{\"@id\":\"https:\/\/www.visatravel.fr\/product\/visa-guinee-equatoriale-visa-affaires-tourisme-simple-entree\/#breadcrumb\"},\"inLanguage\":\"en-US\",\"potentialAction\":[{\"@type\":\"ReadAction\",\"target\":[\"https:\/\/www.visatravel.fr\/product\/visa-guinee-equatoriale-visa-affaires-tourisme-simple-entree\/\"]}]},{\"@type\":\"BreadcrumbList\",\"@id\":\"https:\/\/www.visatravel.fr\/product\/visa-guinee-equatoriale-visa-affaires-tourisme-simple-entree\/#breadcrumb\",\"itemListElement\":[{\"@type\":\"ListItem\",\"position\":1,\"name\":\"Home\",\"item\":\"https:\/\/www.visatravel.fr\/en\/\"},{\"@type\":\"ListItem\",\"position\":2,\"name\":\"Products\",\"item\":\"https:\/\/www.visatravel.fr\/en\/shop\/\"},{\"@type\":\"ListItem\",\"position\":3,\"name\":\"Visa Guin\u00e9e Equatoriale &#8211; Visa Affaires \/ Tourisme simple entr\u00e9e\"}]},{\"@type\":\"WebSite\",\"@id\":\"https:\/\/www.visatravel.fr\/en\/#website\",\"url\":\"https:\/\/www.visatravel.fr\/en\/\",\"name\":\"Visa Travel International\",\"description\":\"Visa Travel International est une soci\u00e9t\u00e9 fran\u00e7aise d\u00e9di\u00e9e \u00e0 la mobilit\u00e9 dans le monde, dirig\u00e9e par des professionnels du tourisme \u00e0 votre \u00e9coute.\",\"potentialAction\":[{\"@type\":\"SearchAction\",\"target\":{\"@type\":\"EntryPoint\",\"urlTemplate\":\"https:\/\/www.visatravel.fr\/en\/?s={search_term_string}\"},\"query-input\":\"required name=search_term_string\"}],\"inLanguage\":\"en-US\"}]}<\/script>\n<!-- \/ Yoast SEO plugin. -->","yoast_head_json":{"title":"Guin\u00e9e Equatoriale | Visa Affaires et Tourisme | Visa Travel Internationale","description":"Le visa est valable 60 jours, pour une simple entr\u00e9e, \u00e0 compter de sa date de d\u00e9livrance pour des s\u00e9jours d\u2019un mois maximum.","robots":{"index":"index","follow":"follow","max-snippet":"max-snippet:-1","max-image-preview":"max-image-preview:large","max-video-preview":"max-video-preview:-1"},"canonical":"https:\/\/www.visatravel.fr\/product\/visa-guinee-equatoriale-visa-affaires-tourisme-simple-entree\/","og_locale":"en_US","og_type":"article","og_title":"Guin\u00e9e Equatoriale | Visa Affaires et Tourisme | Visa Travel Internationale","og_description":"Le visa est valable 60 jours, pour une simple entr\u00e9e, \u00e0 compter de sa date de d\u00e9livrance pour des s\u00e9jours d\u2019un mois maximum.","og_url":"https:\/\/www.visatravel.fr\/product\/visa-guinee-equatoriale-visa-affaires-tourisme-simple-entree\/","og_site_name":"Visa Travel International","article_modified_time":"2026-02-13T12:00:43+00:00","twitter_card":"summary_large_image","twitter_misc":{"Est. reading time":"1 minute"},"schema":{"@context":"https:\/\/schema.org","@graph":[{"@type":"WebPage","@id":"https:\/\/www.visatravel.fr\/product\/visa-guinee-equatoriale-visa-affaires-tourisme-simple-entree\/","url":"https:\/\/www.visatravel.fr\/product\/visa-guinee-equatoriale-visa-affaires-tourisme-simple-entree\/","name":"Guin\u00e9e Equatoriale | Visa Affaires et Tourisme | Visa Travel Internationale","isPartOf":{"@id":"https:\/\/www.visatravel.fr\/en\/#website"},"datePublished":"2021-11-05T14:27:26+00:00","dateModified":"2026-02-13T12:00:43+00:00","description":"Le visa est valable 60 jours, pour une simple entr\u00e9e, \u00e0 compter de sa date de d\u00e9livrance pour des s\u00e9jours d\u2019un mois maximum.","breadcrumb":{"@id":"https:\/\/www.visatravel.fr\/product\/visa-guinee-equatoriale-visa-affaires-tourisme-simple-entree\/#breadcrumb"},"inLanguage":"en-US","potentialAction":[{"@type":"ReadAction","target":["https:\/\/www.visatravel.fr\/product\/visa-guinee-equatoriale-visa-affaires-tourisme-simple-entree\/"]}]},{"@type":"BreadcrumbList","@id":"https:\/\/www.visatravel.fr\/product\/visa-guinee-equatoriale-visa-affaires-tourisme-simple-entree\/#breadcrumb","itemListElement":[{"@type":"ListItem","position":1,"name":"Home","item":"https:\/\/www.visatravel.fr\/en\/"},{"@type":"ListItem","position":2,"name":"Products","item":"https:\/\/www.visatravel.fr\/en\/shop\/"},{"@type":"ListItem","position":3,"name":"Visa Guin\u00e9e Equatoriale &#8211; Visa Affaires \/ Tourisme simple entr\u00e9e"}]},{"@type":"WebSite","@id":"https:\/\/www.visatravel.fr\/en\/#website","url":"https:\/\/www.visatravel.fr\/en\/","name":"Visa Travel International","description":"Visa Travel International est une soci\u00e9t\u00e9 fran\u00e7aise d\u00e9di\u00e9e \u00e0 la mobilit\u00e9 dans le monde, dirig\u00e9e par des professionnels du tourisme \u00e0 votre \u00e9coute.","potentialAction":[{"@type":"SearchAction","target":{"@type":"EntryPoint","urlTemplate":"https:\/\/www.visatravel.fr\/en\/?s={search_term_string}"},"query-input":"required name=search_term_string"}],"inLanguage":"en-US"}]}},"_links":{"self":[{"href":"https:\/\/www.visatravel.fr\/en\/wp-json\/wp\/v2\/product\/271175"}],"collection":[{"href":"https:\/\/www.visatravel.fr\/en\/wp-json\/wp\/v2\/product"}],"about":[{"href":"https:\/\/www.visatravel.fr\/en\/wp-json\/wp\/v2\/types\/product"}],"wp:attachment":[{"href":"https:\/\/www.visatravel.fr\/en\/wp-json\/wp\/v2\/media?parent=271175"}],"wp:term":[{"taxonomy":"product_cat","embeddable":true,"href":"https:\/\/www.visatravel.fr\/en\/wp-json\/wp\/v2\/product_cat?post=271175"},{"taxonomy":"product_tag","embeddable":true,"href":"https:\/\/www.visatravel.fr\/en\/wp-json\/wp\/v2\/product_tag?post=271175"}],"curies":[{"name":"wp","href":"https:\/\/api.w.org\/{rel}","templated":true}]}}