{"id":270753,"date":"2021-10-29T07:57:36","date_gmt":"2021-10-29T07:57:36","guid":{"rendered":"https:\/\/www.visatravel.fr\/?post_type=product&#038;p=270753"},"modified":"2026-01-19T17:01:51","modified_gmt":"2026-01-19T17:01:51","slug":"secure-shipping-from-our-partner-dhl-international-deliveries","status":"publish","type":"product","link":"https:\/\/www.visatravel.fr\/en\/product\/secure-shipping-from-our-partner-dhl-international-deliveries\/","title":{"rendered":"d..Secure shipping from our selected partner (international deliveries &#8211; can vary depending on country)"},"content":{"rendered":"<p>We quickly send you your complete file via the most appropriate mail partner so that you receive it on time and with a secure follow-up<\/p>\n","protected":false},"excerpt":{"rendered":"<p>We quickly send you your complete file via the most appropriate mail partner so that you receive it on time and with a secure follow-up<\/p>\n","protected":false},"featured_media":0,"template":"","meta":{"_et_pb_use_builder":"","_et_pb_old_content":"","_et_gb_content_width":""},"product_cat":[812],"product_tag":[],"yoast_head":"<!-- This site is optimized with the Yoast SEO plugin v19.7.1 - https:\/\/yoast.com\/wordpress\/plugins\/seo\/ -->\n<title>d..Secure shipping from our selected partner (international deliveries - can vary depending on country) - Visa Travel International<\/title>\n<meta name=\"robots\" content=\"index, follow, max-snippet:-1, max-image-preview:large, max-video-preview:-1\" \/>\n<link rel=\"canonical\" href=\"https:\/\/www.visatravel.fr\/en\/product\/secure-shipping-from-our-partner-dhl-international-deliveries\/\" \/>\n<meta property=\"og:locale\" content=\"en_US\" \/>\n<meta property=\"og:type\" content=\"article\" \/>\n<meta property=\"og:title\" content=\"d..Secure shipping from our selected partner (international deliveries - can vary depending on country) - Visa Travel International\" \/>\n<meta property=\"og:description\" content=\"We quickly send you your complete file via the most appropriate mail partner so that you receive it on time and with a secure follow-up\" \/>\n<meta property=\"og:url\" content=\"https:\/\/www.visatravel.fr\/en\/product\/secure-shipping-from-our-partner-dhl-international-deliveries\/\" \/>\n<meta property=\"og:site_name\" content=\"Visa Travel International\" \/>\n<meta property=\"article:modified_time\" content=\"2026-01-19T17:01:51+00:00\" \/>\n<meta name=\"twitter:card\" content=\"summary_large_image\" \/>\n<meta name=\"twitter:label1\" content=\"Est. reading time\" \/>\n\t<meta name=\"twitter:data1\" content=\"1 minute\" \/>\n<script type=\"application\/ld+json\" class=\"yoast-schema-graph\">{\"@context\":\"https:\/\/schema.org\",\"@graph\":[{\"@type\":\"WebPage\",\"@id\":\"https:\/\/www.visatravel.fr\/en\/product\/secure-shipping-from-our-partner-dhl-international-deliveries\/\",\"url\":\"https:\/\/www.visatravel.fr\/en\/product\/secure-shipping-from-our-partner-dhl-international-deliveries\/\",\"name\":\"d..Secure shipping from our selected partner (international deliveries - can vary depending on country) - Visa Travel International\",\"isPartOf\":{\"@id\":\"https:\/\/www.visatravel.fr\/en\/#website\"},\"datePublished\":\"2021-10-29T07:57:36+00:00\",\"dateModified\":\"2026-01-19T17:01:51+00:00\",\"breadcrumb\":{\"@id\":\"https:\/\/www.visatravel.fr\/en\/product\/secure-shipping-from-our-partner-dhl-international-deliveries\/#breadcrumb\"},\"inLanguage\":\"en-US\",\"potentialAction\":[{\"@type\":\"ReadAction\",\"target\":[\"https:\/\/www.visatravel.fr\/en\/product\/secure-shipping-from-our-partner-dhl-international-deliveries\/\"]}]},{\"@type\":\"BreadcrumbList\",\"@id\":\"https:\/\/www.visatravel.fr\/en\/product\/secure-shipping-from-our-partner-dhl-international-deliveries\/#breadcrumb\",\"itemListElement\":[{\"@type\":\"ListItem\",\"position\":1,\"name\":\"Home\",\"item\":\"https:\/\/www.visatravel.fr\/en\/\"},{\"@type\":\"ListItem\",\"position\":2,\"name\":\"Products\",\"item\":\"https:\/\/www.visatravel.fr\/en\/shop\/\"},{\"@type\":\"ListItem\",\"position\":3,\"name\":\"d..Secure shipping from our selected partner (international deliveries &#8211; can vary depending on country)\"}]},{\"@type\":\"WebSite\",\"@id\":\"https:\/\/www.visatravel.fr\/en\/#website\",\"url\":\"https:\/\/www.visatravel.fr\/en\/\",\"name\":\"Visa Travel International\",\"description\":\"Visa Travel International est une soci\u00e9t\u00e9 fran\u00e7aise d\u00e9di\u00e9e \u00e0 la mobilit\u00e9 dans le monde, dirig\u00e9e par des professionnels du tourisme \u00e0 votre \u00e9coute.\",\"potentialAction\":[{\"@type\":\"SearchAction\",\"target\":{\"@type\":\"EntryPoint\",\"urlTemplate\":\"https:\/\/www.visatravel.fr\/en\/?s={search_term_string}\"},\"query-input\":\"required name=search_term_string\"}],\"inLanguage\":\"en-US\"}]}<\/script>\n<!-- \/ Yoast SEO plugin. -->","yoast_head_json":{"title":"d..Secure shipping from our selected partner (international deliveries - can vary depending on country) - Visa Travel International","robots":{"index":"index","follow":"follow","max-snippet":"max-snippet:-1","max-image-preview":"max-image-preview:large","max-video-preview":"max-video-preview:-1"},"canonical":"https:\/\/www.visatravel.fr\/en\/product\/secure-shipping-from-our-partner-dhl-international-deliveries\/","og_locale":"en_US","og_type":"article","og_title":"d..Secure shipping from our selected partner (international deliveries - can vary depending on country) - Visa Travel International","og_description":"We quickly send you your complete file via the most appropriate mail partner so that you receive it on time and with a secure follow-up","og_url":"https:\/\/www.visatravel.fr\/en\/product\/secure-shipping-from-our-partner-dhl-international-deliveries\/","og_site_name":"Visa Travel International","article_modified_time":"2026-01-19T17:01:51+00:00","twitter_card":"summary_large_image","twitter_misc":{"Est. reading time":"1 minute"},"schema":{"@context":"https:\/\/schema.org","@graph":[{"@type":"WebPage","@id":"https:\/\/www.visatravel.fr\/en\/product\/secure-shipping-from-our-partner-dhl-international-deliveries\/","url":"https:\/\/www.visatravel.fr\/en\/product\/secure-shipping-from-our-partner-dhl-international-deliveries\/","name":"d..Secure shipping from our selected partner (international deliveries - can vary depending on country) - Visa Travel International","isPartOf":{"@id":"https:\/\/www.visatravel.fr\/en\/#website"},"datePublished":"2021-10-29T07:57:36+00:00","dateModified":"2026-01-19T17:01:51+00:00","breadcrumb":{"@id":"https:\/\/www.visatravel.fr\/en\/product\/secure-shipping-from-our-partner-dhl-international-deliveries\/#breadcrumb"},"inLanguage":"en-US","potentialAction":[{"@type":"ReadAction","target":["https:\/\/www.visatravel.fr\/en\/product\/secure-shipping-from-our-partner-dhl-international-deliveries\/"]}]},{"@type":"BreadcrumbList","@id":"https:\/\/www.visatravel.fr\/en\/product\/secure-shipping-from-our-partner-dhl-international-deliveries\/#breadcrumb","itemListElement":[{"@type":"ListItem","position":1,"name":"Home","item":"https:\/\/www.visatravel.fr\/en\/"},{"@type":"ListItem","position":2,"name":"Products","item":"https:\/\/www.visatravel.fr\/en\/shop\/"},{"@type":"ListItem","position":3,"name":"d..Secure shipping from our selected partner (international deliveries &#8211; can vary depending on country)"}]},{"@type":"WebSite","@id":"https:\/\/www.visatravel.fr\/en\/#website","url":"https:\/\/www.visatravel.fr\/en\/","name":"Visa Travel International","description":"Visa Travel International est une soci\u00e9t\u00e9 fran\u00e7aise d\u00e9di\u00e9e \u00e0 la mobilit\u00e9 dans le monde, dirig\u00e9e par des professionnels du tourisme \u00e0 votre \u00e9coute.","potentialAction":[{"@type":"SearchAction","target":{"@type":"EntryPoint","urlTemplate":"https:\/\/www.visatravel.fr\/en\/?s={search_term_string}"},"query-input":"required name=search_term_string"}],"inLanguage":"en-US"}]}},"_links":{"self":[{"href":"https:\/\/www.visatravel.fr\/en\/wp-json\/wp\/v2\/product\/270753"}],"collection":[{"href":"https:\/\/www.visatravel.fr\/en\/wp-json\/wp\/v2\/product"}],"about":[{"href":"https:\/\/www.visatravel.fr\/en\/wp-json\/wp\/v2\/types\/product"}],"wp:attachment":[{"href":"https:\/\/www.visatravel.fr\/en\/wp-json\/wp\/v2\/media?parent=270753"}],"wp:term":[{"taxonomy":"product_cat","embeddable":true,"href":"https:\/\/www.visatravel.fr\/en\/wp-json\/wp\/v2\/product_cat?post=270753"},{"taxonomy":"product_tag","embeddable":true,"href":"https:\/\/www.visatravel.fr\/en\/wp-json\/wp\/v2\/product_tag?post=270753"}],"curies":[{"name":"wp","href":"https:\/\/api.w.org\/{rel}","templated":true}]}}