{"id":270744,"date":"2021-10-29T07:24:05","date_gmt":"2021-10-29T07:24:05","guid":{"rendered":"https:\/\/www.visatravel.fr\/?post_type=product&#038;p=270744"},"modified":"2024-06-28T14:19:09","modified_gmt":"2024-06-28T14:19:09","slug":"collection-by-our-courier-in-paris","status":"publish","type":"product","link":"https:\/\/www.visatravel.fr\/en\/product\/collection-by-our-courier-in-paris\/","title":{"rendered":"Collection by our VTI courier in Paris"},"content":{"rendered":"<p>You provide us with your collection information &#8211; address of your choice and contact details &#8211; so that one of our specialized VTI couriers will come to your place to collect your file and return it to us in complete safety and on time. (please notify us before 12h30 to be collected the same day)<\/p>\n","protected":false},"excerpt":{"rendered":"<p>You provide us with your collection information &#8211; address of your choice and contact details &#8211; so that one of our specialized VTI couriers will come to your place to collect your file and return it to us in complete safety and on time. (please notify us before 12h30 to be collected the same day)<\/p>\n","protected":false},"featured_media":0,"template":"","meta":{"_et_pb_use_builder":"","_et_pb_old_content":"","_et_gb_content_width":""},"product_cat":[811],"product_tag":[],"yoast_head":"<!-- This site is optimized with the Yoast SEO plugin v19.7.1 - https:\/\/yoast.com\/wordpress\/plugins\/seo\/ -->\n<title>Collection by our VTI courier in Paris - Visa Travel International<\/title>\n<meta name=\"robots\" content=\"index, follow, max-snippet:-1, max-image-preview:large, max-video-preview:-1\" \/>\n<link rel=\"canonical\" href=\"https:\/\/www.visatravel.fr\/en\/product\/collection-by-our-courier-in-paris\/\" \/>\n<meta property=\"og:locale\" content=\"en_US\" \/>\n<meta property=\"og:type\" content=\"article\" \/>\n<meta property=\"og:title\" content=\"Collection by our VTI courier in Paris - Visa Travel International\" \/>\n<meta property=\"og:description\" content=\"You provide us with your collection information &#8211; address of your choice and contact details &#8211; so that one of our specialized VTI couriers will come to your place to collect your file and return it to us in complete safety and on time. (please notify us before 12h30 to be collected the same day)\" \/>\n<meta property=\"og:url\" content=\"https:\/\/www.visatravel.fr\/en\/product\/collection-by-our-courier-in-paris\/\" \/>\n<meta property=\"og:site_name\" content=\"Visa Travel International\" \/>\n<meta property=\"article:modified_time\" content=\"2024-06-28T14:19:09+00:00\" \/>\n<meta name=\"twitter:card\" content=\"summary_large_image\" \/>\n<meta name=\"twitter:label1\" content=\"Est. reading time\" \/>\n\t<meta name=\"twitter:data1\" content=\"1 minute\" \/>\n<script type=\"application\/ld+json\" class=\"yoast-schema-graph\">{\"@context\":\"https:\/\/schema.org\",\"@graph\":[{\"@type\":\"WebPage\",\"@id\":\"https:\/\/www.visatravel.fr\/en\/product\/collection-by-our-courier-in-paris\/\",\"url\":\"https:\/\/www.visatravel.fr\/en\/product\/collection-by-our-courier-in-paris\/\",\"name\":\"Collection by our VTI courier in Paris - Visa Travel International\",\"isPartOf\":{\"@id\":\"https:\/\/www.visatravel.fr\/en\/#website\"},\"datePublished\":\"2021-10-29T07:24:05+00:00\",\"dateModified\":\"2024-06-28T14:19:09+00:00\",\"breadcrumb\":{\"@id\":\"https:\/\/www.visatravel.fr\/en\/product\/collection-by-our-courier-in-paris\/#breadcrumb\"},\"inLanguage\":\"en-US\",\"potentialAction\":[{\"@type\":\"ReadAction\",\"target\":[\"https:\/\/www.visatravel.fr\/en\/product\/collection-by-our-courier-in-paris\/\"]}]},{\"@type\":\"BreadcrumbList\",\"@id\":\"https:\/\/www.visatravel.fr\/en\/product\/collection-by-our-courier-in-paris\/#breadcrumb\",\"itemListElement\":[{\"@type\":\"ListItem\",\"position\":1,\"name\":\"Home\",\"item\":\"https:\/\/www.visatravel.fr\/en\/\"},{\"@type\":\"ListItem\",\"position\":2,\"name\":\"Products\",\"item\":\"https:\/\/www.visatravel.fr\/en\/shop\/\"},{\"@type\":\"ListItem\",\"position\":3,\"name\":\"Collection by our VTI courier in Paris\"}]},{\"@type\":\"WebSite\",\"@id\":\"https:\/\/www.visatravel.fr\/en\/#website\",\"url\":\"https:\/\/www.visatravel.fr\/en\/\",\"name\":\"Visa Travel International\",\"description\":\"Visa Travel International est une soci\u00e9t\u00e9 fran\u00e7aise d\u00e9di\u00e9e \u00e0 la mobilit\u00e9 dans le monde, dirig\u00e9e par des professionnels du tourisme \u00e0 votre \u00e9coute.\",\"potentialAction\":[{\"@type\":\"SearchAction\",\"target\":{\"@type\":\"EntryPoint\",\"urlTemplate\":\"https:\/\/www.visatravel.fr\/en\/?s={search_term_string}\"},\"query-input\":\"required name=search_term_string\"}],\"inLanguage\":\"en-US\"}]}<\/script>\n<!-- \/ Yoast SEO plugin. -->","yoast_head_json":{"title":"Collection by our VTI courier in Paris - Visa Travel International","robots":{"index":"index","follow":"follow","max-snippet":"max-snippet:-1","max-image-preview":"max-image-preview:large","max-video-preview":"max-video-preview:-1"},"canonical":"https:\/\/www.visatravel.fr\/en\/product\/collection-by-our-courier-in-paris\/","og_locale":"en_US","og_type":"article","og_title":"Collection by our VTI courier in Paris - Visa Travel International","og_description":"You provide us with your collection information &#8211; address of your choice and contact details &#8211; so that one of our specialized VTI couriers will come to your place to collect your file and return it to us in complete safety and on time. (please notify us before 12h30 to be collected the same day)","og_url":"https:\/\/www.visatravel.fr\/en\/product\/collection-by-our-courier-in-paris\/","og_site_name":"Visa Travel International","article_modified_time":"2024-06-28T14:19:09+00:00","twitter_card":"summary_large_image","twitter_misc":{"Est. reading time":"1 minute"},"schema":{"@context":"https:\/\/schema.org","@graph":[{"@type":"WebPage","@id":"https:\/\/www.visatravel.fr\/en\/product\/collection-by-our-courier-in-paris\/","url":"https:\/\/www.visatravel.fr\/en\/product\/collection-by-our-courier-in-paris\/","name":"Collection by our VTI courier in Paris - Visa Travel International","isPartOf":{"@id":"https:\/\/www.visatravel.fr\/en\/#website"},"datePublished":"2021-10-29T07:24:05+00:00","dateModified":"2024-06-28T14:19:09+00:00","breadcrumb":{"@id":"https:\/\/www.visatravel.fr\/en\/product\/collection-by-our-courier-in-paris\/#breadcrumb"},"inLanguage":"en-US","potentialAction":[{"@type":"ReadAction","target":["https:\/\/www.visatravel.fr\/en\/product\/collection-by-our-courier-in-paris\/"]}]},{"@type":"BreadcrumbList","@id":"https:\/\/www.visatravel.fr\/en\/product\/collection-by-our-courier-in-paris\/#breadcrumb","itemListElement":[{"@type":"ListItem","position":1,"name":"Home","item":"https:\/\/www.visatravel.fr\/en\/"},{"@type":"ListItem","position":2,"name":"Products","item":"https:\/\/www.visatravel.fr\/en\/shop\/"},{"@type":"ListItem","position":3,"name":"Collection by our VTI courier in Paris"}]},{"@type":"WebSite","@id":"https:\/\/www.visatravel.fr\/en\/#website","url":"https:\/\/www.visatravel.fr\/en\/","name":"Visa Travel International","description":"Visa Travel International est une soci\u00e9t\u00e9 fran\u00e7aise d\u00e9di\u00e9e \u00e0 la mobilit\u00e9 dans le monde, dirig\u00e9e par des professionnels du tourisme \u00e0 votre \u00e9coute.","potentialAction":[{"@type":"SearchAction","target":{"@type":"EntryPoint","urlTemplate":"https:\/\/www.visatravel.fr\/en\/?s={search_term_string}"},"query-input":"required name=search_term_string"}],"inLanguage":"en-US"}]}},"_links":{"self":[{"href":"https:\/\/www.visatravel.fr\/en\/wp-json\/wp\/v2\/product\/270744"}],"collection":[{"href":"https:\/\/www.visatravel.fr\/en\/wp-json\/wp\/v2\/product"}],"about":[{"href":"https:\/\/www.visatravel.fr\/en\/wp-json\/wp\/v2\/types\/product"}],"wp:attachment":[{"href":"https:\/\/www.visatravel.fr\/en\/wp-json\/wp\/v2\/media?parent=270744"}],"wp:term":[{"taxonomy":"product_cat","embeddable":true,"href":"https:\/\/www.visatravel.fr\/en\/wp-json\/wp\/v2\/product_cat?post=270744"},{"taxonomy":"product_tag","embeddable":true,"href":"https:\/\/www.visatravel.fr\/en\/wp-json\/wp\/v2\/product_tag?post=270744"}],"curies":[{"name":"wp","href":"https:\/\/api.w.org\/{rel}","templated":true}]}}