{"id":270731,"date":"2021-10-29T07:05:12","date_gmt":"2021-10-29T07:05:12","guid":{"rendered":"https:\/\/www.visatravel.fr\/?post_type=product&#038;p=270731"},"modified":"2026-02-13T12:00:40","modified_gmt":"2026-02-13T12:00:40","slug":"angola-retrait-visa","status":"publish","type":"product","link":"https:\/\/www.visatravel.fr\/en\/product\/angola-retrait-visa\/","title":{"rendered":"Angola &#8211; Retrait Visa"},"content":{"rendered":"<p>Retrait Visa<\/p>\n","protected":false},"excerpt":{"rendered":"<p>R\u00e9cup\u00e9ration visa Angola aupr\u00e8s du consulat de Paris.<\/p>\n","protected":false},"featured_media":0,"template":"","meta":{"_et_pb_use_builder":"","_et_pb_old_content":"","_et_gb_content_width":""},"product_cat":[45],"product_tag":[813],"yoast_head":"<!-- This site is optimized with the Yoast SEO plugin v19.7.1 - https:\/\/yoast.com\/wordpress\/plugins\/seo\/ -->\n<title>Angola | Visa Affaires et Tourisme | Visa Travel International<\/title>\n<meta name=\"description\" content=\"R\u00e9cup\u00e9ration visa Angola aupr\u00e8s du consulat de Paris.\" \/>\n<meta name=\"robots\" content=\"index, follow, max-snippet:-1, max-image-preview:large, max-video-preview:-1\" \/>\n<link rel=\"canonical\" href=\"https:\/\/www.visatravel.fr\/product\/angola-retrait-visa\/\" \/>\n<meta property=\"og:locale\" content=\"en_US\" \/>\n<meta property=\"og:type\" content=\"article\" \/>\n<meta property=\"og:title\" content=\"Angola | Visa Affaires et Tourisme | Visa Travel International\" \/>\n<meta property=\"og:description\" content=\"R\u00e9cup\u00e9ration visa Angola aupr\u00e8s du consulat de Paris.\" \/>\n<meta property=\"og:url\" content=\"https:\/\/www.visatravel.fr\/product\/angola-retrait-visa\/\" \/>\n<meta property=\"og:site_name\" content=\"Visa Travel International\" \/>\n<meta property=\"article:modified_time\" content=\"2026-02-13T12:00:40+00:00\" \/>\n<meta name=\"twitter:card\" content=\"summary_large_image\" \/>\n<script type=\"application\/ld+json\" class=\"yoast-schema-graph\">{\"@context\":\"https:\/\/schema.org\",\"@graph\":[{\"@type\":\"WebPage\",\"@id\":\"https:\/\/www.visatravel.fr\/product\/angola-retrait-visa\/\",\"url\":\"https:\/\/www.visatravel.fr\/product\/angola-retrait-visa\/\",\"name\":\"Angola | Visa Affaires et Tourisme | Visa Travel International\",\"isPartOf\":{\"@id\":\"https:\/\/www.visatravel.fr\/en\/#website\"},\"datePublished\":\"2021-10-29T07:05:12+00:00\",\"dateModified\":\"2026-02-13T12:00:40+00:00\",\"description\":\"R\u00e9cup\u00e9ration visa Angola aupr\u00e8s du consulat de Paris.\",\"breadcrumb\":{\"@id\":\"https:\/\/www.visatravel.fr\/product\/angola-retrait-visa\/#breadcrumb\"},\"inLanguage\":\"en-US\",\"potentialAction\":[{\"@type\":\"ReadAction\",\"target\":[\"https:\/\/www.visatravel.fr\/product\/angola-retrait-visa\/\"]}]},{\"@type\":\"BreadcrumbList\",\"@id\":\"https:\/\/www.visatravel.fr\/product\/angola-retrait-visa\/#breadcrumb\",\"itemListElement\":[{\"@type\":\"ListItem\",\"position\":1,\"name\":\"Home\",\"item\":\"https:\/\/www.visatravel.fr\/en\/\"},{\"@type\":\"ListItem\",\"position\":2,\"name\":\"Products\",\"item\":\"https:\/\/www.visatravel.fr\/en\/shop\/\"},{\"@type\":\"ListItem\",\"position\":3,\"name\":\"Angola &#8211; Retrait Visa\"}]},{\"@type\":\"WebSite\",\"@id\":\"https:\/\/www.visatravel.fr\/en\/#website\",\"url\":\"https:\/\/www.visatravel.fr\/en\/\",\"name\":\"Visa Travel International\",\"description\":\"Visa Travel International est une soci\u00e9t\u00e9 fran\u00e7aise d\u00e9di\u00e9e \u00e0 la mobilit\u00e9 dans le monde, dirig\u00e9e par des professionnels du tourisme \u00e0 votre \u00e9coute.\",\"potentialAction\":[{\"@type\":\"SearchAction\",\"target\":{\"@type\":\"EntryPoint\",\"urlTemplate\":\"https:\/\/www.visatravel.fr\/en\/?s={search_term_string}\"},\"query-input\":\"required name=search_term_string\"}],\"inLanguage\":\"en-US\"}]}<\/script>\n<!-- \/ Yoast SEO plugin. -->","yoast_head_json":{"title":"Angola | Visa Affaires et Tourisme | Visa Travel International","description":"R\u00e9cup\u00e9ration visa Angola aupr\u00e8s du consulat de Paris.","robots":{"index":"index","follow":"follow","max-snippet":"max-snippet:-1","max-image-preview":"max-image-preview:large","max-video-preview":"max-video-preview:-1"},"canonical":"https:\/\/www.visatravel.fr\/product\/angola-retrait-visa\/","og_locale":"en_US","og_type":"article","og_title":"Angola | Visa Affaires et Tourisme | Visa Travel International","og_description":"R\u00e9cup\u00e9ration visa Angola aupr\u00e8s du consulat de Paris.","og_url":"https:\/\/www.visatravel.fr\/product\/angola-retrait-visa\/","og_site_name":"Visa Travel International","article_modified_time":"2026-02-13T12:00:40+00:00","twitter_card":"summary_large_image","schema":{"@context":"https:\/\/schema.org","@graph":[{"@type":"WebPage","@id":"https:\/\/www.visatravel.fr\/product\/angola-retrait-visa\/","url":"https:\/\/www.visatravel.fr\/product\/angola-retrait-visa\/","name":"Angola | Visa Affaires et Tourisme | Visa Travel International","isPartOf":{"@id":"https:\/\/www.visatravel.fr\/en\/#website"},"datePublished":"2021-10-29T07:05:12+00:00","dateModified":"2026-02-13T12:00:40+00:00","description":"R\u00e9cup\u00e9ration visa Angola aupr\u00e8s du consulat de Paris.","breadcrumb":{"@id":"https:\/\/www.visatravel.fr\/product\/angola-retrait-visa\/#breadcrumb"},"inLanguage":"en-US","potentialAction":[{"@type":"ReadAction","target":["https:\/\/www.visatravel.fr\/product\/angola-retrait-visa\/"]}]},{"@type":"BreadcrumbList","@id":"https:\/\/www.visatravel.fr\/product\/angola-retrait-visa\/#breadcrumb","itemListElement":[{"@type":"ListItem","position":1,"name":"Home","item":"https:\/\/www.visatravel.fr\/en\/"},{"@type":"ListItem","position":2,"name":"Products","item":"https:\/\/www.visatravel.fr\/en\/shop\/"},{"@type":"ListItem","position":3,"name":"Angola &#8211; Retrait Visa"}]},{"@type":"WebSite","@id":"https:\/\/www.visatravel.fr\/en\/#website","url":"https:\/\/www.visatravel.fr\/en\/","name":"Visa Travel International","description":"Visa Travel International est une soci\u00e9t\u00e9 fran\u00e7aise d\u00e9di\u00e9e \u00e0 la mobilit\u00e9 dans le monde, dirig\u00e9e par des professionnels du tourisme \u00e0 votre \u00e9coute.","potentialAction":[{"@type":"SearchAction","target":{"@type":"EntryPoint","urlTemplate":"https:\/\/www.visatravel.fr\/en\/?s={search_term_string}"},"query-input":"required name=search_term_string"}],"inLanguage":"en-US"}]}},"_links":{"self":[{"href":"https:\/\/www.visatravel.fr\/en\/wp-json\/wp\/v2\/product\/270731"}],"collection":[{"href":"https:\/\/www.visatravel.fr\/en\/wp-json\/wp\/v2\/product"}],"about":[{"href":"https:\/\/www.visatravel.fr\/en\/wp-json\/wp\/v2\/types\/product"}],"wp:attachment":[{"href":"https:\/\/www.visatravel.fr\/en\/wp-json\/wp\/v2\/media?parent=270731"}],"wp:term":[{"taxonomy":"product_cat","embeddable":true,"href":"https:\/\/www.visatravel.fr\/en\/wp-json\/wp\/v2\/product_cat?post=270731"},{"taxonomy":"product_tag","embeddable":true,"href":"https:\/\/www.visatravel.fr\/en\/wp-json\/wp\/v2\/product_tag?post=270731"}],"curies":[{"name":"wp","href":"https:\/\/api.w.org\/{rel}","templated":true}]}}