{"id":270687,"date":"2021-10-28T13:31:30","date_gmt":"2021-10-28T13:31:30","guid":{"rendered":"https:\/\/www.visatravel.fr\/?post_type=product&#038;p=270687"},"modified":"2026-02-13T12:00:40","modified_gmt":"2026-02-13T12:00:40","slug":"evisa-angola-visa-valable-trois-mois-a-compter-de-sa-date-demission","status":"publish","type":"product","link":"https:\/\/www.visatravel.fr\/en\/product\/evisa-angola-visa-valable-trois-mois-a-compter-de-sa-date-demission\/","title":{"rendered":"evisa Angola &#8211; Visa valable trois mois \u00e0 compter de sa date d&#8217;\u00e9mission"},"content":{"rendered":"<p>Visa valable trois mois \u00e0 compter de sa date d&#8217;\u00e9mission<\/p>\n","protected":false},"excerpt":{"rendered":"<p>Visa valable trois mois \u00e0 compter de sa date d&#8217;\u00e9mission<\/p>\n","protected":false},"featured_media":0,"template":"","meta":{"_et_pb_use_builder":"","_et_pb_old_content":"","_et_gb_content_width":""},"product_cat":[45],"product_tag":[813],"yoast_head":"<!-- This site is optimized with the Yoast SEO plugin v19.7.1 - https:\/\/yoast.com\/wordpress\/plugins\/seo\/ -->\n<title>Visa Angola | evisa Affaires\/Tourisme | Visa Travel International<\/title>\n<meta name=\"description\" content=\"eVisa Angola valable trois mois \u00e0 compter de sa date d&#039;\u00e9mission.\" \/>\n<meta name=\"robots\" content=\"index, follow, max-snippet:-1, max-image-preview:large, max-video-preview:-1\" \/>\n<link rel=\"canonical\" href=\"https:\/\/www.visatravel.fr\/product\/evisa-angola-visa-valable-trois-mois-a-compter-de-sa-date-demission\/\" \/>\n<meta property=\"og:locale\" content=\"en_US\" \/>\n<meta property=\"og:type\" content=\"article\" \/>\n<meta property=\"og:title\" content=\"Visa Angola | evisa Affaires\/Tourisme | Visa Travel International\" \/>\n<meta property=\"og:description\" content=\"eVisa Angola valable trois mois \u00e0 compter de sa date d&#039;\u00e9mission.\" \/>\n<meta property=\"og:url\" content=\"https:\/\/www.visatravel.fr\/product\/evisa-angola-visa-valable-trois-mois-a-compter-de-sa-date-demission\/\" \/>\n<meta property=\"og:site_name\" content=\"Visa Travel International\" \/>\n<meta property=\"article:modified_time\" content=\"2026-02-13T12:00:40+00:00\" \/>\n<meta name=\"twitter:card\" content=\"summary_large_image\" \/>\n<meta name=\"twitter:label1\" content=\"Est. reading time\" \/>\n\t<meta name=\"twitter:data1\" content=\"1 minute\" \/>\n<script type=\"application\/ld+json\" class=\"yoast-schema-graph\">{\"@context\":\"https:\/\/schema.org\",\"@graph\":[{\"@type\":\"WebPage\",\"@id\":\"https:\/\/www.visatravel.fr\/product\/evisa-angola-visa-valable-trois-mois-a-compter-de-sa-date-demission\/\",\"url\":\"https:\/\/www.visatravel.fr\/product\/evisa-angola-visa-valable-trois-mois-a-compter-de-sa-date-demission\/\",\"name\":\"Visa Angola | evisa Affaires\/Tourisme | Visa Travel International\",\"isPartOf\":{\"@id\":\"https:\/\/www.visatravel.fr\/en\/#website\"},\"datePublished\":\"2021-10-28T13:31:30+00:00\",\"dateModified\":\"2026-02-13T12:00:40+00:00\",\"description\":\"eVisa Angola valable trois mois \u00e0 compter de sa date d'\u00e9mission.\",\"breadcrumb\":{\"@id\":\"https:\/\/www.visatravel.fr\/product\/evisa-angola-visa-valable-trois-mois-a-compter-de-sa-date-demission\/#breadcrumb\"},\"inLanguage\":\"en-US\",\"potentialAction\":[{\"@type\":\"ReadAction\",\"target\":[\"https:\/\/www.visatravel.fr\/product\/evisa-angola-visa-valable-trois-mois-a-compter-de-sa-date-demission\/\"]}]},{\"@type\":\"BreadcrumbList\",\"@id\":\"https:\/\/www.visatravel.fr\/product\/evisa-angola-visa-valable-trois-mois-a-compter-de-sa-date-demission\/#breadcrumb\",\"itemListElement\":[{\"@type\":\"ListItem\",\"position\":1,\"name\":\"Home\",\"item\":\"https:\/\/www.visatravel.fr\/en\/\"},{\"@type\":\"ListItem\",\"position\":2,\"name\":\"Products\",\"item\":\"https:\/\/www.visatravel.fr\/en\/shop\/\"},{\"@type\":\"ListItem\",\"position\":3,\"name\":\"evisa Angola &#8211; Visa valable trois mois \u00e0 compter de sa date d&rsquo;\u00e9mission\"}]},{\"@type\":\"WebSite\",\"@id\":\"https:\/\/www.visatravel.fr\/en\/#website\",\"url\":\"https:\/\/www.visatravel.fr\/en\/\",\"name\":\"Visa Travel International\",\"description\":\"Visa Travel International est une soci\u00e9t\u00e9 fran\u00e7aise d\u00e9di\u00e9e \u00e0 la mobilit\u00e9 dans le monde, dirig\u00e9e par des professionnels du tourisme \u00e0 votre \u00e9coute.\",\"potentialAction\":[{\"@type\":\"SearchAction\",\"target\":{\"@type\":\"EntryPoint\",\"urlTemplate\":\"https:\/\/www.visatravel.fr\/en\/?s={search_term_string}\"},\"query-input\":\"required name=search_term_string\"}],\"inLanguage\":\"en-US\"}]}<\/script>\n<!-- \/ Yoast SEO plugin. -->","yoast_head_json":{"title":"Visa Angola | evisa Affaires\/Tourisme | Visa Travel International","description":"eVisa Angola valable trois mois \u00e0 compter de sa date d'\u00e9mission.","robots":{"index":"index","follow":"follow","max-snippet":"max-snippet:-1","max-image-preview":"max-image-preview:large","max-video-preview":"max-video-preview:-1"},"canonical":"https:\/\/www.visatravel.fr\/product\/evisa-angola-visa-valable-trois-mois-a-compter-de-sa-date-demission\/","og_locale":"en_US","og_type":"article","og_title":"Visa Angola | evisa Affaires\/Tourisme | Visa Travel International","og_description":"eVisa Angola valable trois mois \u00e0 compter de sa date d'\u00e9mission.","og_url":"https:\/\/www.visatravel.fr\/product\/evisa-angola-visa-valable-trois-mois-a-compter-de-sa-date-demission\/","og_site_name":"Visa Travel International","article_modified_time":"2026-02-13T12:00:40+00:00","twitter_card":"summary_large_image","twitter_misc":{"Est. reading time":"1 minute"},"schema":{"@context":"https:\/\/schema.org","@graph":[{"@type":"WebPage","@id":"https:\/\/www.visatravel.fr\/product\/evisa-angola-visa-valable-trois-mois-a-compter-de-sa-date-demission\/","url":"https:\/\/www.visatravel.fr\/product\/evisa-angola-visa-valable-trois-mois-a-compter-de-sa-date-demission\/","name":"Visa Angola | evisa Affaires\/Tourisme | Visa Travel International","isPartOf":{"@id":"https:\/\/www.visatravel.fr\/en\/#website"},"datePublished":"2021-10-28T13:31:30+00:00","dateModified":"2026-02-13T12:00:40+00:00","description":"eVisa Angola valable trois mois \u00e0 compter de sa date d'\u00e9mission.","breadcrumb":{"@id":"https:\/\/www.visatravel.fr\/product\/evisa-angola-visa-valable-trois-mois-a-compter-de-sa-date-demission\/#breadcrumb"},"inLanguage":"en-US","potentialAction":[{"@type":"ReadAction","target":["https:\/\/www.visatravel.fr\/product\/evisa-angola-visa-valable-trois-mois-a-compter-de-sa-date-demission\/"]}]},{"@type":"BreadcrumbList","@id":"https:\/\/www.visatravel.fr\/product\/evisa-angola-visa-valable-trois-mois-a-compter-de-sa-date-demission\/#breadcrumb","itemListElement":[{"@type":"ListItem","position":1,"name":"Home","item":"https:\/\/www.visatravel.fr\/en\/"},{"@type":"ListItem","position":2,"name":"Products","item":"https:\/\/www.visatravel.fr\/en\/shop\/"},{"@type":"ListItem","position":3,"name":"evisa Angola &#8211; Visa valable trois mois \u00e0 compter de sa date d&rsquo;\u00e9mission"}]},{"@type":"WebSite","@id":"https:\/\/www.visatravel.fr\/en\/#website","url":"https:\/\/www.visatravel.fr\/en\/","name":"Visa Travel International","description":"Visa Travel International est une soci\u00e9t\u00e9 fran\u00e7aise d\u00e9di\u00e9e \u00e0 la mobilit\u00e9 dans le monde, dirig\u00e9e par des professionnels du tourisme \u00e0 votre \u00e9coute.","potentialAction":[{"@type":"SearchAction","target":{"@type":"EntryPoint","urlTemplate":"https:\/\/www.visatravel.fr\/en\/?s={search_term_string}"},"query-input":"required name=search_term_string"}],"inLanguage":"en-US"}]}},"_links":{"self":[{"href":"https:\/\/www.visatravel.fr\/en\/wp-json\/wp\/v2\/product\/270687"}],"collection":[{"href":"https:\/\/www.visatravel.fr\/en\/wp-json\/wp\/v2\/product"}],"about":[{"href":"https:\/\/www.visatravel.fr\/en\/wp-json\/wp\/v2\/types\/product"}],"wp:attachment":[{"href":"https:\/\/www.visatravel.fr\/en\/wp-json\/wp\/v2\/media?parent=270687"}],"wp:term":[{"taxonomy":"product_cat","embeddable":true,"href":"https:\/\/www.visatravel.fr\/en\/wp-json\/wp\/v2\/product_cat?post=270687"},{"taxonomy":"product_tag","embeddable":true,"href":"https:\/\/www.visatravel.fr\/en\/wp-json\/wp\/v2\/product_tag?post=270687"}],"curies":[{"name":"wp","href":"https:\/\/api.w.org\/{rel}","templated":true}]}}