{"id":268902,"date":"2021-05-11T08:30:24","date_gmt":"2021-05-11T08:30:24","guid":{"rendered":"https:\/\/www.visatravel.fr\/?post_type=product&#038;p=268902"},"modified":"2026-04-02T16:18:23","modified_gmt":"2026-04-02T16:18:23","slug":"evisitor-eta-australie-evisa-multiples-entrees-1-an-delai-de-traitement-compris-entre-24h-et-7-jours","status":"publish","type":"product","link":"https:\/\/www.visatravel.fr\/en\/product\/evisitor-eta-australie-evisa-multiples-entrees-1-an-delai-de-traitement-compris-entre-24h-et-7-jours\/","title":{"rendered":"eVisitor \/ ETA Australie &#8211; eVisa multiples entr\u00e9es 1 an &#8211; D\u00e9lai de traitement compris entre 24h et 7 jours"},"content":{"rendered":"<p>Pour voyager en Australie une autorisation de voyage \u00e9lectronique, eVisitor ou ETA, est \u00e0 obtenir avant le d\u00e9part. Visa Travel International est une agence agr\u00e9\u00e9e par les autorit\u00e9s australiennes afin de vous accompagner dans vos d\u00e9marches et ce quel que soit le type de visa dont vous auriez besoin. A cet effet vous trouverez sur cette page toutes les informations et r\u00e9ponses aux questions qui vous seront utiles dans l\u2019objectif de l\u2019obtention de votre visa. Si tel n\u2019est pas le cas n\u2019h\u00e9sitez pas \u00e0 revenir vers nous afin que nous puissions vous donner tous les informations qui vous seraient n\u00e9cessaires.<\/p>\n","protected":false},"excerpt":{"rendered":"<p>Pour voyager en Australie une autorisation de voyage \u00e9lectronique, eVisitor ou ETA, est \u00e0 obtenir avant le d\u00e9part. Visa Travel International est une agence agr\u00e9\u00e9e par les autorit\u00e9s australiennes afin de vous accompagner dans vos d\u00e9marches et ce quel que soit le type de visa dont vous auriez besoin. A cet effet vous trouverez sur cette page toutes les informations et r\u00e9ponses aux questions qui vous seront utiles dans l\u2019objectif de l\u2019obtention de votre visa. Si tel n\u2019est pas le cas n\u2019h\u00e9sitez pas \u00e0 revenir vers nous afin que nous puissions vous donner tous les informations qui vous seraient n\u00e9cessaires.<\/p>\n","protected":false},"featured_media":0,"template":"","meta":{"_et_pb_use_builder":"","_et_pb_old_content":"","_et_gb_content_width":""},"product_cat":[318,769],"product_tag":[759],"yoast_head":"<!-- This site is optimized with the Yoast SEO plugin v19.7.1 - https:\/\/yoast.com\/wordpress\/plugins\/seo\/ -->\n<title>Australie | eVisitor - ETA | Visa Travel International<\/title>\n<meta name=\"description\" content=\"Pour voyager en Australie une autorisation de voyage \u00e9lectronique, eVisitor ou ETA, est \u00e0 obtenir avant le d\u00e9part. Visa Travel International est une agence agr\u00e9\u00e9e par les autorit\u00e9s australiennes afin de vous accompagner dans vos d\u00e9marches et ce quel que soit le type de visa dont vous auriez besoin. A cet effet vous trouverez sur cette page toutes les informations et r\u00e9ponses aux questions qui vous seront utiles dans l\u2019objectif de l\u2019obtention de votre visa. Si tel n\u2019est pas le cas n\u2019h\u00e9sitez pas \u00e0 revenir vers nous afin que nous puissions vous donner tous les informations qui vous seraient n\u00e9cessaires.\" \/>\n<meta name=\"robots\" content=\"index, follow, max-snippet:-1, max-image-preview:large, max-video-preview:-1\" \/>\n<link rel=\"canonical\" href=\"https:\/\/www.visatravel.fr\/product\/evisitor-eta-australie-evisa-multiples-entrees-1-an-delai-de-traitement-compris-entre-24h-et-7-jours\/\" \/>\n<meta property=\"og:locale\" content=\"en_US\" \/>\n<meta property=\"og:type\" content=\"article\" \/>\n<meta property=\"og:title\" content=\"Australie | eVisitor - ETA | Visa Travel International\" \/>\n<meta property=\"og:description\" content=\"Pour voyager en Australie une autorisation de voyage \u00e9lectronique, eVisitor ou ETA, est \u00e0 obtenir avant le d\u00e9part. Visa Travel International est une agence agr\u00e9\u00e9e par les autorit\u00e9s australiennes afin de vous accompagner dans vos d\u00e9marches et ce quel que soit le type de visa dont vous auriez besoin. A cet effet vous trouverez sur cette page toutes les informations et r\u00e9ponses aux questions qui vous seront utiles dans l\u2019objectif de l\u2019obtention de votre visa. Si tel n\u2019est pas le cas n\u2019h\u00e9sitez pas \u00e0 revenir vers nous afin que nous puissions vous donner tous les informations qui vous seraient n\u00e9cessaires.\" \/>\n<meta property=\"og:url\" content=\"https:\/\/www.visatravel.fr\/product\/evisitor-eta-australie-evisa-multiples-entrees-1-an-delai-de-traitement-compris-entre-24h-et-7-jours\/\" \/>\n<meta property=\"og:site_name\" content=\"Visa Travel International\" \/>\n<meta property=\"article:modified_time\" content=\"2026-04-02T16:18:23+00:00\" \/>\n<meta name=\"twitter:card\" content=\"summary_large_image\" \/>\n<meta name=\"twitter:label1\" content=\"Est. reading time\" \/>\n\t<meta name=\"twitter:data1\" content=\"1 minute\" \/>\n<script type=\"application\/ld+json\" class=\"yoast-schema-graph\">{\"@context\":\"https:\/\/schema.org\",\"@graph\":[{\"@type\":\"WebPage\",\"@id\":\"https:\/\/www.visatravel.fr\/product\/evisitor-eta-australie-evisa-multiples-entrees-1-an-delai-de-traitement-compris-entre-24h-et-7-jours\/\",\"url\":\"https:\/\/www.visatravel.fr\/product\/evisitor-eta-australie-evisa-multiples-entrees-1-an-delai-de-traitement-compris-entre-24h-et-7-jours\/\",\"name\":\"Australie | eVisitor - ETA | Visa Travel International\",\"isPartOf\":{\"@id\":\"https:\/\/www.visatravel.fr\/en\/#website\"},\"datePublished\":\"2021-05-11T08:30:24+00:00\",\"dateModified\":\"2026-04-02T16:18:23+00:00\",\"description\":\"Pour voyager en Australie une autorisation de voyage \u00e9lectronique, eVisitor ou ETA, est \u00e0 obtenir avant le d\u00e9part. Visa Travel International est une agence agr\u00e9\u00e9e par les autorit\u00e9s australiennes afin de vous accompagner dans vos d\u00e9marches et ce quel que soit le type de visa dont vous auriez besoin. A cet effet vous trouverez sur cette page toutes les informations et r\u00e9ponses aux questions qui vous seront utiles dans l\u2019objectif de l\u2019obtention de votre visa. Si tel n\u2019est pas le cas n\u2019h\u00e9sitez pas \u00e0 revenir vers nous afin que nous puissions vous donner tous les informations qui vous seraient n\u00e9cessaires.\",\"breadcrumb\":{\"@id\":\"https:\/\/www.visatravel.fr\/product\/evisitor-eta-australie-evisa-multiples-entrees-1-an-delai-de-traitement-compris-entre-24h-et-7-jours\/#breadcrumb\"},\"inLanguage\":\"en-US\",\"potentialAction\":[{\"@type\":\"ReadAction\",\"target\":[\"https:\/\/www.visatravel.fr\/product\/evisitor-eta-australie-evisa-multiples-entrees-1-an-delai-de-traitement-compris-entre-24h-et-7-jours\/\"]}]},{\"@type\":\"BreadcrumbList\",\"@id\":\"https:\/\/www.visatravel.fr\/product\/evisitor-eta-australie-evisa-multiples-entrees-1-an-delai-de-traitement-compris-entre-24h-et-7-jours\/#breadcrumb\",\"itemListElement\":[{\"@type\":\"ListItem\",\"position\":1,\"name\":\"Home\",\"item\":\"https:\/\/www.visatravel.fr\/en\/\"},{\"@type\":\"ListItem\",\"position\":2,\"name\":\"Products\",\"item\":\"https:\/\/www.visatravel.fr\/en\/shop\/\"},{\"@type\":\"ListItem\",\"position\":3,\"name\":\"eVisitor \/ ETA Australie &#8211; eVisa multiples entr\u00e9es 1 an &#8211; D\u00e9lai de traitement compris entre 24h et 7 jours\"}]},{\"@type\":\"WebSite\",\"@id\":\"https:\/\/www.visatravel.fr\/en\/#website\",\"url\":\"https:\/\/www.visatravel.fr\/en\/\",\"name\":\"Visa Travel International\",\"description\":\"Visa Travel International est une soci\u00e9t\u00e9 fran\u00e7aise d\u00e9di\u00e9e \u00e0 la mobilit\u00e9 dans le monde, dirig\u00e9e par des professionnels du tourisme \u00e0 votre \u00e9coute.\",\"potentialAction\":[{\"@type\":\"SearchAction\",\"target\":{\"@type\":\"EntryPoint\",\"urlTemplate\":\"https:\/\/www.visatravel.fr\/en\/?s={search_term_string}\"},\"query-input\":\"required name=search_term_string\"}],\"inLanguage\":\"en-US\"}]}<\/script>\n<!-- \/ Yoast SEO plugin. -->","yoast_head_json":{"title":"Australie | eVisitor - ETA | Visa Travel International","description":"Pour voyager en Australie une autorisation de voyage \u00e9lectronique, eVisitor ou ETA, est \u00e0 obtenir avant le d\u00e9part. Visa Travel International est une agence agr\u00e9\u00e9e par les autorit\u00e9s australiennes afin de vous accompagner dans vos d\u00e9marches et ce quel que soit le type de visa dont vous auriez besoin. A cet effet vous trouverez sur cette page toutes les informations et r\u00e9ponses aux questions qui vous seront utiles dans l\u2019objectif de l\u2019obtention de votre visa. Si tel n\u2019est pas le cas n\u2019h\u00e9sitez pas \u00e0 revenir vers nous afin que nous puissions vous donner tous les informations qui vous seraient n\u00e9cessaires.","robots":{"index":"index","follow":"follow","max-snippet":"max-snippet:-1","max-image-preview":"max-image-preview:large","max-video-preview":"max-video-preview:-1"},"canonical":"https:\/\/www.visatravel.fr\/product\/evisitor-eta-australie-evisa-multiples-entrees-1-an-delai-de-traitement-compris-entre-24h-et-7-jours\/","og_locale":"en_US","og_type":"article","og_title":"Australie | eVisitor - ETA | Visa Travel International","og_description":"Pour voyager en Australie une autorisation de voyage \u00e9lectronique, eVisitor ou ETA, est \u00e0 obtenir avant le d\u00e9part. Visa Travel International est une agence agr\u00e9\u00e9e par les autorit\u00e9s australiennes afin de vous accompagner dans vos d\u00e9marches et ce quel que soit le type de visa dont vous auriez besoin. A cet effet vous trouverez sur cette page toutes les informations et r\u00e9ponses aux questions qui vous seront utiles dans l\u2019objectif de l\u2019obtention de votre visa. Si tel n\u2019est pas le cas n\u2019h\u00e9sitez pas \u00e0 revenir vers nous afin que nous puissions vous donner tous les informations qui vous seraient n\u00e9cessaires.","og_url":"https:\/\/www.visatravel.fr\/product\/evisitor-eta-australie-evisa-multiples-entrees-1-an-delai-de-traitement-compris-entre-24h-et-7-jours\/","og_site_name":"Visa Travel International","article_modified_time":"2026-04-02T16:18:23+00:00","twitter_card":"summary_large_image","twitter_misc":{"Est. reading time":"1 minute"},"schema":{"@context":"https:\/\/schema.org","@graph":[{"@type":"WebPage","@id":"https:\/\/www.visatravel.fr\/product\/evisitor-eta-australie-evisa-multiples-entrees-1-an-delai-de-traitement-compris-entre-24h-et-7-jours\/","url":"https:\/\/www.visatravel.fr\/product\/evisitor-eta-australie-evisa-multiples-entrees-1-an-delai-de-traitement-compris-entre-24h-et-7-jours\/","name":"Australie | eVisitor - ETA | Visa Travel International","isPartOf":{"@id":"https:\/\/www.visatravel.fr\/en\/#website"},"datePublished":"2021-05-11T08:30:24+00:00","dateModified":"2026-04-02T16:18:23+00:00","description":"Pour voyager en Australie une autorisation de voyage \u00e9lectronique, eVisitor ou ETA, est \u00e0 obtenir avant le d\u00e9part. Visa Travel International est une agence agr\u00e9\u00e9e par les autorit\u00e9s australiennes afin de vous accompagner dans vos d\u00e9marches et ce quel que soit le type de visa dont vous auriez besoin. A cet effet vous trouverez sur cette page toutes les informations et r\u00e9ponses aux questions qui vous seront utiles dans l\u2019objectif de l\u2019obtention de votre visa. Si tel n\u2019est pas le cas n\u2019h\u00e9sitez pas \u00e0 revenir vers nous afin que nous puissions vous donner tous les informations qui vous seraient n\u00e9cessaires.","breadcrumb":{"@id":"https:\/\/www.visatravel.fr\/product\/evisitor-eta-australie-evisa-multiples-entrees-1-an-delai-de-traitement-compris-entre-24h-et-7-jours\/#breadcrumb"},"inLanguage":"en-US","potentialAction":[{"@type":"ReadAction","target":["https:\/\/www.visatravel.fr\/product\/evisitor-eta-australie-evisa-multiples-entrees-1-an-delai-de-traitement-compris-entre-24h-et-7-jours\/"]}]},{"@type":"BreadcrumbList","@id":"https:\/\/www.visatravel.fr\/product\/evisitor-eta-australie-evisa-multiples-entrees-1-an-delai-de-traitement-compris-entre-24h-et-7-jours\/#breadcrumb","itemListElement":[{"@type":"ListItem","position":1,"name":"Home","item":"https:\/\/www.visatravel.fr\/en\/"},{"@type":"ListItem","position":2,"name":"Products","item":"https:\/\/www.visatravel.fr\/en\/shop\/"},{"@type":"ListItem","position":3,"name":"eVisitor \/ ETA Australie &#8211; eVisa multiples entr\u00e9es 1 an &#8211; D\u00e9lai de traitement compris entre 24h et 7 jours"}]},{"@type":"WebSite","@id":"https:\/\/www.visatravel.fr\/en\/#website","url":"https:\/\/www.visatravel.fr\/en\/","name":"Visa Travel International","description":"Visa Travel International est une soci\u00e9t\u00e9 fran\u00e7aise d\u00e9di\u00e9e \u00e0 la mobilit\u00e9 dans le monde, dirig\u00e9e par des professionnels du tourisme \u00e0 votre \u00e9coute.","potentialAction":[{"@type":"SearchAction","target":{"@type":"EntryPoint","urlTemplate":"https:\/\/www.visatravel.fr\/en\/?s={search_term_string}"},"query-input":"required name=search_term_string"}],"inLanguage":"en-US"}]}},"_links":{"self":[{"href":"https:\/\/www.visatravel.fr\/en\/wp-json\/wp\/v2\/product\/268902"}],"collection":[{"href":"https:\/\/www.visatravel.fr\/en\/wp-json\/wp\/v2\/product"}],"about":[{"href":"https:\/\/www.visatravel.fr\/en\/wp-json\/wp\/v2\/types\/product"}],"wp:attachment":[{"href":"https:\/\/www.visatravel.fr\/en\/wp-json\/wp\/v2\/media?parent=268902"}],"wp:term":[{"taxonomy":"product_cat","embeddable":true,"href":"https:\/\/www.visatravel.fr\/en\/wp-json\/wp\/v2\/product_cat?post=268902"},{"taxonomy":"product_tag","embeddable":true,"href":"https:\/\/www.visatravel.fr\/en\/wp-json\/wp\/v2\/product_tag?post=268902"}],"curies":[{"name":"wp","href":"https:\/\/api.w.org\/{rel}","templated":true}]}}