{"id":268634,"date":"2021-05-05T13:30:57","date_gmt":"2021-05-05T13:30:57","guid":{"rendered":"https:\/\/www.visatravel.fr\/?post_type=product&#038;p=268634"},"modified":"2026-02-27T16:09:13","modified_gmt":"2026-02-27T16:09:13","slug":"visas-business-two-entries-lebanon","status":"publish","type":"product","link":"https:\/\/www.visatravel.fr\/en\/product\/visas-business-two-entries-lebanon\/","title":{"rendered":"Visas &#8211; Business Two-entries Lebanon"},"content":{"rendered":"<div class=\"et_pb_section et_pb_section_1 global-section neto-menu-section visas toggled animation-type for-toRight et_section_regular animation-type-trigger\">\n<div id=\"div-to-show\" class=\"et_pb_row et_pb_row_3 neto-menu-content-row div-content div-1 animation-type for-toRight menu-from-left animation-type-trigger show\">\n<div class=\"et_pb_column et_pb_column_4_4 et_pb_column_5 menu-from-left-trigger-animation  et_pb_css_mix_blend_mode_passthrough et-last-child\">\n<div class=\"et_pb_module et_pb_accordion et_pb_accordion_0\">\n<div class=\"et_pb_toggle et_pb_module et_pb_accordion_item et_pb_accordion_item_3 et_pb_toggle_open\">\n<div class=\"et_pb_toggle_content clearfix\">\n<p>The visa is valid from the date of issue for a period of 90 days, for a stay of 15 days, or from 1 to 3 months following the visa requested.<\/p>\n<\/div>\n<\/div>\n<\/div>\n<\/div>\n<\/div>\n<\/div>\n","protected":false},"excerpt":{"rendered":"<p>To travel to Lebanon a visa is mandatory for business travel. For a tourist trip the visa can be obtained at the border post or be carried out by the consulate before departure. Visa Travel International is an agency approved by the Lebanese Consulate to assist you in your formalities and whatever the type of visa you need.<\/p>\n","protected":false},"featured_media":0,"template":"","meta":{"_et_pb_use_builder":"","_et_pb_old_content":"","_et_gb_content_width":""},"product_cat":[45],"product_tag":[756],"yoast_head":"<!-- This site is optimized with the Yoast SEO plugin v19.7.1 - https:\/\/yoast.com\/wordpress\/plugins\/seo\/ -->\n<title>Visas Lebanon | Formalities and requests | Visa Travel International<\/title>\n<meta name=\"robots\" content=\"index, follow, max-snippet:-1, max-image-preview:large, max-video-preview:-1\" \/>\n<link rel=\"canonical\" href=\"https:\/\/www.visatravel.fr\/en\/product\/visas-business-two-entries-lebanon\/\" \/>\n<meta property=\"og:locale\" content=\"en_US\" \/>\n<meta property=\"og:type\" content=\"article\" \/>\n<meta property=\"og:title\" content=\"Visas Lebanon | Formalities and requests | Visa Travel International\" \/>\n<meta property=\"og:description\" content=\"To travel to Lebanon a visa is mandatory for business travel. For a tourist trip the visa can be obtained at the border post or be carried out by the consulate before departure. Visa Travel International is an agency approved by the Lebanese Consulate to assist you in your formalities and whatever the type of visa you need.\" \/>\n<meta property=\"og:url\" content=\"https:\/\/www.visatravel.fr\/en\/product\/visas-business-two-entries-lebanon\/\" \/>\n<meta property=\"og:site_name\" content=\"Visa Travel International\" \/>\n<meta property=\"article:modified_time\" content=\"2026-02-27T16:09:13+00:00\" \/>\n<meta name=\"twitter:card\" content=\"summary_large_image\" \/>\n<meta name=\"twitter:label1\" content=\"Est. reading time\" \/>\n\t<meta name=\"twitter:data1\" content=\"1 minute\" \/>\n<script type=\"application\/ld+json\" class=\"yoast-schema-graph\">{\"@context\":\"https:\/\/schema.org\",\"@graph\":[{\"@type\":\"WebPage\",\"@id\":\"https:\/\/www.visatravel.fr\/en\/product\/visas-business-two-entries-lebanon\/\",\"url\":\"https:\/\/www.visatravel.fr\/en\/product\/visas-business-two-entries-lebanon\/\",\"name\":\"Visas Lebanon | Formalities and requests | Visa Travel International\",\"isPartOf\":{\"@id\":\"https:\/\/www.visatravel.fr\/en\/#website\"},\"datePublished\":\"2021-05-05T13:30:57+00:00\",\"dateModified\":\"2026-02-27T16:09:13+00:00\",\"breadcrumb\":{\"@id\":\"https:\/\/www.visatravel.fr\/en\/product\/visas-business-two-entries-lebanon\/#breadcrumb\"},\"inLanguage\":\"en-US\",\"potentialAction\":[{\"@type\":\"ReadAction\",\"target\":[\"https:\/\/www.visatravel.fr\/en\/product\/visas-business-two-entries-lebanon\/\"]}]},{\"@type\":\"BreadcrumbList\",\"@id\":\"https:\/\/www.visatravel.fr\/en\/product\/visas-business-two-entries-lebanon\/#breadcrumb\",\"itemListElement\":[{\"@type\":\"ListItem\",\"position\":1,\"name\":\"Home\",\"item\":\"https:\/\/www.visatravel.fr\/en\/\"},{\"@type\":\"ListItem\",\"position\":2,\"name\":\"Products\",\"item\":\"https:\/\/www.visatravel.fr\/en\/shop\/\"},{\"@type\":\"ListItem\",\"position\":3,\"name\":\"Visas &#8211; Business Two-entries Lebanon\"}]},{\"@type\":\"WebSite\",\"@id\":\"https:\/\/www.visatravel.fr\/en\/#website\",\"url\":\"https:\/\/www.visatravel.fr\/en\/\",\"name\":\"Visa Travel International\",\"description\":\"Visa Travel International est une soci\u00e9t\u00e9 fran\u00e7aise d\u00e9di\u00e9e \u00e0 la mobilit\u00e9 dans le monde, dirig\u00e9e par des professionnels du tourisme \u00e0 votre \u00e9coute.\",\"potentialAction\":[{\"@type\":\"SearchAction\",\"target\":{\"@type\":\"EntryPoint\",\"urlTemplate\":\"https:\/\/www.visatravel.fr\/en\/?s={search_term_string}\"},\"query-input\":\"required name=search_term_string\"}],\"inLanguage\":\"en-US\"}]}<\/script>\n<!-- \/ Yoast SEO plugin. -->","yoast_head_json":{"title":"Visas Lebanon | Formalities and requests | Visa Travel International","robots":{"index":"index","follow":"follow","max-snippet":"max-snippet:-1","max-image-preview":"max-image-preview:large","max-video-preview":"max-video-preview:-1"},"canonical":"https:\/\/www.visatravel.fr\/en\/product\/visas-business-two-entries-lebanon\/","og_locale":"en_US","og_type":"article","og_title":"Visas Lebanon | Formalities and requests | Visa Travel International","og_description":"To travel to Lebanon a visa is mandatory for business travel. For a tourist trip the visa can be obtained at the border post or be carried out by the consulate before departure. Visa Travel International is an agency approved by the Lebanese Consulate to assist you in your formalities and whatever the type of visa you need.","og_url":"https:\/\/www.visatravel.fr\/en\/product\/visas-business-two-entries-lebanon\/","og_site_name":"Visa Travel International","article_modified_time":"2026-02-27T16:09:13+00:00","twitter_card":"summary_large_image","twitter_misc":{"Est. reading time":"1 minute"},"schema":{"@context":"https:\/\/schema.org","@graph":[{"@type":"WebPage","@id":"https:\/\/www.visatravel.fr\/en\/product\/visas-business-two-entries-lebanon\/","url":"https:\/\/www.visatravel.fr\/en\/product\/visas-business-two-entries-lebanon\/","name":"Visas Lebanon | Formalities and requests | Visa Travel International","isPartOf":{"@id":"https:\/\/www.visatravel.fr\/en\/#website"},"datePublished":"2021-05-05T13:30:57+00:00","dateModified":"2026-02-27T16:09:13+00:00","breadcrumb":{"@id":"https:\/\/www.visatravel.fr\/en\/product\/visas-business-two-entries-lebanon\/#breadcrumb"},"inLanguage":"en-US","potentialAction":[{"@type":"ReadAction","target":["https:\/\/www.visatravel.fr\/en\/product\/visas-business-two-entries-lebanon\/"]}]},{"@type":"BreadcrumbList","@id":"https:\/\/www.visatravel.fr\/en\/product\/visas-business-two-entries-lebanon\/#breadcrumb","itemListElement":[{"@type":"ListItem","position":1,"name":"Home","item":"https:\/\/www.visatravel.fr\/en\/"},{"@type":"ListItem","position":2,"name":"Products","item":"https:\/\/www.visatravel.fr\/en\/shop\/"},{"@type":"ListItem","position":3,"name":"Visas &#8211; Business Two-entries Lebanon"}]},{"@type":"WebSite","@id":"https:\/\/www.visatravel.fr\/en\/#website","url":"https:\/\/www.visatravel.fr\/en\/","name":"Visa Travel International","description":"Visa Travel International est une soci\u00e9t\u00e9 fran\u00e7aise d\u00e9di\u00e9e \u00e0 la mobilit\u00e9 dans le monde, dirig\u00e9e par des professionnels du tourisme \u00e0 votre \u00e9coute.","potentialAction":[{"@type":"SearchAction","target":{"@type":"EntryPoint","urlTemplate":"https:\/\/www.visatravel.fr\/en\/?s={search_term_string}"},"query-input":"required name=search_term_string"}],"inLanguage":"en-US"}]}},"_links":{"self":[{"href":"https:\/\/www.visatravel.fr\/en\/wp-json\/wp\/v2\/product\/268634"}],"collection":[{"href":"https:\/\/www.visatravel.fr\/en\/wp-json\/wp\/v2\/product"}],"about":[{"href":"https:\/\/www.visatravel.fr\/en\/wp-json\/wp\/v2\/types\/product"}],"wp:attachment":[{"href":"https:\/\/www.visatravel.fr\/en\/wp-json\/wp\/v2\/media?parent=268634"}],"wp:term":[{"taxonomy":"product_cat","embeddable":true,"href":"https:\/\/www.visatravel.fr\/en\/wp-json\/wp\/v2\/product_cat?post=268634"},{"taxonomy":"product_tag","embeddable":true,"href":"https:\/\/www.visatravel.fr\/en\/wp-json\/wp\/v2\/product_tag?post=268634"}],"curies":[{"name":"wp","href":"https:\/\/api.w.org\/{rel}","templated":true}]}}