{"id":268326,"date":"2021-05-03T15:19:14","date_gmt":"2021-05-03T15:19:14","guid":{"rendered":"https:\/\/www.visatravel.fr\/?post_type=product&#038;p=268326"},"modified":"2026-02-13T12:00:33","modified_gmt":"2026-02-13T12:00:33","slug":"tanzanie-visa-affaires-simple-entree-delai-de-traitement-compris-entre-5-et-15-jours","status":"publish","type":"product","link":"https:\/\/www.visatravel.fr\/en\/product\/tanzanie-visa-affaires-simple-entree-delai-de-traitement-compris-entre-5-et-15-jours\/","title":{"rendered":"Tanzanie &#8211; eVisa affaires simple entr\u00e9e &#8211; D\u00e9lai de traitement compris entre 15 et 20 jours"},"content":{"rendered":"<p>Visa Travel International vous permet d&#8217;obtenir votre evisa pour la Tanzanie. Ce visa pour la Tanzanie est valable d\u00e8s le jour de sa d\u00e9livrance sur une p\u00e9riode de trois mois pour une simple entr\u00e9e. Les touristes peuvent s\u00e9journer jusqu&#8217;\u00e0 30 jours alors qu&#8217;un visa d&#8217;affaires donne droit \u00e0 un s\u00e9jour de 60 jours maximum.<\/p>\n","protected":false},"excerpt":{"rendered":"<p>Visa Travel International vous permet d&#8217;obtenir votre evisa pour la Tanzanie. Ce visa pour la Tanzanie est valable d\u00e8s le jour de sa d\u00e9livrance sur une p\u00e9riode de trois mois pour une simple entr\u00e9e. Les touristes peuvent s\u00e9journer jusqu&#8217;\u00e0 30 jours alors qu&#8217;un visa d&#8217;affaires donne droit \u00e0 un s\u00e9jour de 60 jours maximum.<\/p>\n","protected":false},"featured_media":0,"template":"","meta":{"_et_pb_use_builder":"","_et_pb_old_content":"","_et_gb_content_width":""},"product_cat":[318,768],"product_tag":[753],"yoast_head":"<!-- This site is optimized with the Yoast SEO plugin v19.7.1 - https:\/\/yoast.com\/wordpress\/plugins\/seo\/ -->\n<title>Tanzanie | Visa Affaires | Visa Travel International<\/title>\n<meta name=\"description\" content=\"Visa Travel International vous permet d&#039;obtenir votre evisa pour la Tanzanie. Le visa pour la Tanzanie est valable d\u00e8s le jour de sa d\u00e9livrance sur une p\u00e9riode de trois mois pour une simple entr\u00e9e. Les touristes peuvent s\u00e9journer jusqu&#039;\u00e0 30 jours alors qu&#039;un visa d&#039;affaires donne droit \u00e0 un s\u00e9jour de 60 jours maximum.\" \/>\n<meta name=\"robots\" content=\"index, follow, max-snippet:-1, max-image-preview:large, max-video-preview:-1\" \/>\n<link rel=\"canonical\" href=\"https:\/\/www.visatravel.fr\/product\/tanzanie-visa-affaires-simple-entree-delai-de-traitement-compris-entre-5-et-15-jours\/\" \/>\n<meta property=\"og:locale\" content=\"en_US\" \/>\n<meta property=\"og:type\" content=\"article\" \/>\n<meta property=\"og:title\" content=\"Tanzanie | Visa Affaires | Visa Travel International\" \/>\n<meta property=\"og:description\" content=\"Visa Travel International vous permet d&#039;obtenir votre evisa pour la Tanzanie. Le visa pour la Tanzanie est valable d\u00e8s le jour de sa d\u00e9livrance sur une p\u00e9riode de trois mois pour une simple entr\u00e9e. Les touristes peuvent s\u00e9journer jusqu&#039;\u00e0 30 jours alors qu&#039;un visa d&#039;affaires donne droit \u00e0 un s\u00e9jour de 60 jours maximum.\" \/>\n<meta property=\"og:url\" content=\"https:\/\/www.visatravel.fr\/product\/tanzanie-visa-affaires-simple-entree-delai-de-traitement-compris-entre-5-et-15-jours\/\" \/>\n<meta property=\"og:site_name\" content=\"Visa Travel International\" \/>\n<meta property=\"article:modified_time\" content=\"2026-02-13T12:00:33+00:00\" \/>\n<meta name=\"twitter:card\" content=\"summary_large_image\" \/>\n<meta name=\"twitter:label1\" content=\"Est. reading time\" \/>\n\t<meta name=\"twitter:data1\" content=\"1 minute\" \/>\n<script type=\"application\/ld+json\" class=\"yoast-schema-graph\">{\"@context\":\"https:\/\/schema.org\",\"@graph\":[{\"@type\":\"WebPage\",\"@id\":\"https:\/\/www.visatravel.fr\/product\/tanzanie-visa-affaires-simple-entree-delai-de-traitement-compris-entre-5-et-15-jours\/\",\"url\":\"https:\/\/www.visatravel.fr\/product\/tanzanie-visa-affaires-simple-entree-delai-de-traitement-compris-entre-5-et-15-jours\/\",\"name\":\"Tanzanie | Visa Affaires | Visa Travel International\",\"isPartOf\":{\"@id\":\"https:\/\/www.visatravel.fr\/en\/#website\"},\"datePublished\":\"2021-05-03T15:19:14+00:00\",\"dateModified\":\"2026-02-13T12:00:33+00:00\",\"description\":\"Visa Travel International vous permet d'obtenir votre evisa pour la Tanzanie. Le visa pour la Tanzanie est valable d\u00e8s le jour de sa d\u00e9livrance sur une p\u00e9riode de trois mois pour une simple entr\u00e9e. Les touristes peuvent s\u00e9journer jusqu'\u00e0 30 jours alors qu'un visa d'affaires donne droit \u00e0 un s\u00e9jour de 60 jours maximum.\",\"breadcrumb\":{\"@id\":\"https:\/\/www.visatravel.fr\/product\/tanzanie-visa-affaires-simple-entree-delai-de-traitement-compris-entre-5-et-15-jours\/#breadcrumb\"},\"inLanguage\":\"en-US\",\"potentialAction\":[{\"@type\":\"ReadAction\",\"target\":[\"https:\/\/www.visatravel.fr\/product\/tanzanie-visa-affaires-simple-entree-delai-de-traitement-compris-entre-5-et-15-jours\/\"]}]},{\"@type\":\"BreadcrumbList\",\"@id\":\"https:\/\/www.visatravel.fr\/product\/tanzanie-visa-affaires-simple-entree-delai-de-traitement-compris-entre-5-et-15-jours\/#breadcrumb\",\"itemListElement\":[{\"@type\":\"ListItem\",\"position\":1,\"name\":\"Home\",\"item\":\"https:\/\/www.visatravel.fr\/en\/\"},{\"@type\":\"ListItem\",\"position\":2,\"name\":\"Products\",\"item\":\"https:\/\/www.visatravel.fr\/en\/shop\/\"},{\"@type\":\"ListItem\",\"position\":3,\"name\":\"Tanzanie &#8211; eVisa affaires simple entr\u00e9e &#8211; D\u00e9lai de traitement compris entre 15 et 20 jours\"}]},{\"@type\":\"WebSite\",\"@id\":\"https:\/\/www.visatravel.fr\/en\/#website\",\"url\":\"https:\/\/www.visatravel.fr\/en\/\",\"name\":\"Visa Travel International\",\"description\":\"Visa Travel International est une soci\u00e9t\u00e9 fran\u00e7aise d\u00e9di\u00e9e \u00e0 la mobilit\u00e9 dans le monde, dirig\u00e9e par des professionnels du tourisme \u00e0 votre \u00e9coute.\",\"potentialAction\":[{\"@type\":\"SearchAction\",\"target\":{\"@type\":\"EntryPoint\",\"urlTemplate\":\"https:\/\/www.visatravel.fr\/en\/?s={search_term_string}\"},\"query-input\":\"required name=search_term_string\"}],\"inLanguage\":\"en-US\"}]}<\/script>\n<!-- \/ Yoast SEO plugin. -->","yoast_head_json":{"title":"Tanzanie | Visa Affaires | Visa Travel International","description":"Visa Travel International vous permet d'obtenir votre evisa pour la Tanzanie. Le visa pour la Tanzanie est valable d\u00e8s le jour de sa d\u00e9livrance sur une p\u00e9riode de trois mois pour une simple entr\u00e9e. Les touristes peuvent s\u00e9journer jusqu'\u00e0 30 jours alors qu'un visa d'affaires donne droit \u00e0 un s\u00e9jour de 60 jours maximum.","robots":{"index":"index","follow":"follow","max-snippet":"max-snippet:-1","max-image-preview":"max-image-preview:large","max-video-preview":"max-video-preview:-1"},"canonical":"https:\/\/www.visatravel.fr\/product\/tanzanie-visa-affaires-simple-entree-delai-de-traitement-compris-entre-5-et-15-jours\/","og_locale":"en_US","og_type":"article","og_title":"Tanzanie | Visa Affaires | Visa Travel International","og_description":"Visa Travel International vous permet d'obtenir votre evisa pour la Tanzanie. Le visa pour la Tanzanie est valable d\u00e8s le jour de sa d\u00e9livrance sur une p\u00e9riode de trois mois pour une simple entr\u00e9e. Les touristes peuvent s\u00e9journer jusqu'\u00e0 30 jours alors qu'un visa d'affaires donne droit \u00e0 un s\u00e9jour de 60 jours maximum.","og_url":"https:\/\/www.visatravel.fr\/product\/tanzanie-visa-affaires-simple-entree-delai-de-traitement-compris-entre-5-et-15-jours\/","og_site_name":"Visa Travel International","article_modified_time":"2026-02-13T12:00:33+00:00","twitter_card":"summary_large_image","twitter_misc":{"Est. reading time":"1 minute"},"schema":{"@context":"https:\/\/schema.org","@graph":[{"@type":"WebPage","@id":"https:\/\/www.visatravel.fr\/product\/tanzanie-visa-affaires-simple-entree-delai-de-traitement-compris-entre-5-et-15-jours\/","url":"https:\/\/www.visatravel.fr\/product\/tanzanie-visa-affaires-simple-entree-delai-de-traitement-compris-entre-5-et-15-jours\/","name":"Tanzanie | Visa Affaires | Visa Travel International","isPartOf":{"@id":"https:\/\/www.visatravel.fr\/en\/#website"},"datePublished":"2021-05-03T15:19:14+00:00","dateModified":"2026-02-13T12:00:33+00:00","description":"Visa Travel International vous permet d'obtenir votre evisa pour la Tanzanie. Le visa pour la Tanzanie est valable d\u00e8s le jour de sa d\u00e9livrance sur une p\u00e9riode de trois mois pour une simple entr\u00e9e. Les touristes peuvent s\u00e9journer jusqu'\u00e0 30 jours alors qu'un visa d'affaires donne droit \u00e0 un s\u00e9jour de 60 jours maximum.","breadcrumb":{"@id":"https:\/\/www.visatravel.fr\/product\/tanzanie-visa-affaires-simple-entree-delai-de-traitement-compris-entre-5-et-15-jours\/#breadcrumb"},"inLanguage":"en-US","potentialAction":[{"@type":"ReadAction","target":["https:\/\/www.visatravel.fr\/product\/tanzanie-visa-affaires-simple-entree-delai-de-traitement-compris-entre-5-et-15-jours\/"]}]},{"@type":"BreadcrumbList","@id":"https:\/\/www.visatravel.fr\/product\/tanzanie-visa-affaires-simple-entree-delai-de-traitement-compris-entre-5-et-15-jours\/#breadcrumb","itemListElement":[{"@type":"ListItem","position":1,"name":"Home","item":"https:\/\/www.visatravel.fr\/en\/"},{"@type":"ListItem","position":2,"name":"Products","item":"https:\/\/www.visatravel.fr\/en\/shop\/"},{"@type":"ListItem","position":3,"name":"Tanzanie &#8211; eVisa affaires simple entr\u00e9e &#8211; D\u00e9lai de traitement compris entre 15 et 20 jours"}]},{"@type":"WebSite","@id":"https:\/\/www.visatravel.fr\/en\/#website","url":"https:\/\/www.visatravel.fr\/en\/","name":"Visa Travel International","description":"Visa Travel International est une soci\u00e9t\u00e9 fran\u00e7aise d\u00e9di\u00e9e \u00e0 la mobilit\u00e9 dans le monde, dirig\u00e9e par des professionnels du tourisme \u00e0 votre \u00e9coute.","potentialAction":[{"@type":"SearchAction","target":{"@type":"EntryPoint","urlTemplate":"https:\/\/www.visatravel.fr\/en\/?s={search_term_string}"},"query-input":"required name=search_term_string"}],"inLanguage":"en-US"}]}},"_links":{"self":[{"href":"https:\/\/www.visatravel.fr\/en\/wp-json\/wp\/v2\/product\/268326"}],"collection":[{"href":"https:\/\/www.visatravel.fr\/en\/wp-json\/wp\/v2\/product"}],"about":[{"href":"https:\/\/www.visatravel.fr\/en\/wp-json\/wp\/v2\/types\/product"}],"wp:attachment":[{"href":"https:\/\/www.visatravel.fr\/en\/wp-json\/wp\/v2\/media?parent=268326"}],"wp:term":[{"taxonomy":"product_cat","embeddable":true,"href":"https:\/\/www.visatravel.fr\/en\/wp-json\/wp\/v2\/product_cat?post=268326"},{"taxonomy":"product_tag","embeddable":true,"href":"https:\/\/www.visatravel.fr\/en\/wp-json\/wp\/v2\/product_tag?post=268326"}],"curies":[{"name":"wp","href":"https:\/\/api.w.org\/{rel}","templated":true}]}}