{"id":266968,"date":"2021-04-20T15:39:16","date_gmt":"2021-04-20T15:39:16","guid":{"rendered":"https:\/\/www.visatravel.fr\/?post_type=product&#038;p=266968"},"modified":"2026-01-20T10:12:15","modified_gmt":"2026-01-20T10:12:15","slug":"top-pack-legalization-and-translation","status":"publish","type":"product","link":"https:\/\/www.visatravel.fr\/en\/product\/top-pack-legalization-and-translation\/","title":{"rendered":"TOP Pack \u00ab Legalization and Translation \u00bb"},"content":{"rendered":"<p>Included in this TOP Pack are all of the operations offered in each of the two Packs separately (Legalization: CCI Paris, MEAE, Court of Appeal, \u2026 + Translation\/CCFA: Sworn Translators, CC Franco-Arabic,\u2026).<\/p>\n<p>This pack does not include the Consular Fees or the Fees from the organizations mentioned above.<\/p>\n<p>Once the operations have been carried out by us, it will then be necessary to supplement the payment already made either by credit card, bank transfer or check or by calling us at 01.42.25.13.65 or by going to our offices 116 rue Lauriston 75116 Paris.<\/p>\n","protected":false},"excerpt":{"rendered":"<p>Included in this TOP Pack are all of the operations offered in each of the two Packs separately (Legalization: CCI Paris, MEAE, Court of Appeal, \u2026 + Translation\/CCFA: Sworn Translators, CC Franco-Arabic,\u2026).<\/p>\n<p>This pack does not include the Consular Fees or the Fees from the organizations mentioned above.<\/p>\n<p>Once the operations have been carried out by us, it will then be necessary to supplement the payment already made either by credit card, bank transfer or check or by calling us at 01.42.25.13.65 or by going to our offices 116 rue Lauriston 75116 Paris.<\/p>\n","protected":false},"featured_media":0,"template":"","meta":{"_et_pb_use_builder":"","_et_pb_old_content":"","_et_gb_content_width":""},"product_cat":[677],"product_tag":[],"yoast_head":"<!-- This site is optimized with the Yoast SEO plugin v19.7.1 - https:\/\/yoast.com\/wordpress\/plugins\/seo\/ -->\n<title>TOP Pack \u00ab Legalization and Translation \u00bb - Visa Travel International<\/title>\n<meta name=\"robots\" content=\"index, follow, max-snippet:-1, max-image-preview:large, max-video-preview:-1\" \/>\n<link rel=\"canonical\" href=\"https:\/\/www.visatravel.fr\/en\/product\/top-pack-legalization-and-translation\/\" \/>\n<meta property=\"og:locale\" content=\"en_US\" \/>\n<meta property=\"og:type\" content=\"article\" \/>\n<meta property=\"og:title\" content=\"TOP Pack \u00ab Legalization and Translation \u00bb - Visa Travel International\" \/>\n<meta property=\"og:description\" content=\"Included in this TOP Pack are all of the operations offered in each of the two Packs separately (Legalization: CCI Paris, MEAE, Court of Appeal, \u2026 + Translation\/CCFA: Sworn Translators, CC Franco-Arabic,\u2026). This pack does not include the Consular Fees or the Fees from the organizations mentioned above. Once the operations have been carried out by us, it will then be necessary to supplement the payment already made either by credit card, bank transfer or check or by calling us at 01.42.25.13.65 or by going to our offices 116 rue Lauriston 75116 Paris.\" \/>\n<meta property=\"og:url\" content=\"https:\/\/www.visatravel.fr\/en\/product\/top-pack-legalization-and-translation\/\" \/>\n<meta property=\"og:site_name\" content=\"Visa Travel International\" \/>\n<meta property=\"article:modified_time\" content=\"2026-01-20T10:12:15+00:00\" \/>\n<meta name=\"twitter:card\" content=\"summary_large_image\" \/>\n<script type=\"application\/ld+json\" class=\"yoast-schema-graph\">{\"@context\":\"https:\/\/schema.org\",\"@graph\":[{\"@type\":\"WebPage\",\"@id\":\"https:\/\/www.visatravel.fr\/en\/product\/top-pack-legalization-and-translation\/\",\"url\":\"https:\/\/www.visatravel.fr\/en\/product\/top-pack-legalization-and-translation\/\",\"name\":\"TOP Pack \u00ab Legalization and Translation \u00bb - Visa Travel International\",\"isPartOf\":{\"@id\":\"https:\/\/www.visatravel.fr\/en\/#website\"},\"datePublished\":\"2021-04-20T15:39:16+00:00\",\"dateModified\":\"2026-01-20T10:12:15+00:00\",\"breadcrumb\":{\"@id\":\"https:\/\/www.visatravel.fr\/en\/product\/top-pack-legalization-and-translation\/#breadcrumb\"},\"inLanguage\":\"en-US\",\"potentialAction\":[{\"@type\":\"ReadAction\",\"target\":[\"https:\/\/www.visatravel.fr\/en\/product\/top-pack-legalization-and-translation\/\"]}]},{\"@type\":\"BreadcrumbList\",\"@id\":\"https:\/\/www.visatravel.fr\/en\/product\/top-pack-legalization-and-translation\/#breadcrumb\",\"itemListElement\":[{\"@type\":\"ListItem\",\"position\":1,\"name\":\"Home\",\"item\":\"https:\/\/www.visatravel.fr\/en\/\"},{\"@type\":\"ListItem\",\"position\":2,\"name\":\"Products\",\"item\":\"https:\/\/www.visatravel.fr\/en\/shop\/\"},{\"@type\":\"ListItem\",\"position\":3,\"name\":\"TOP Pack \u00ab Legalization and Translation \u00bb\"}]},{\"@type\":\"WebSite\",\"@id\":\"https:\/\/www.visatravel.fr\/en\/#website\",\"url\":\"https:\/\/www.visatravel.fr\/en\/\",\"name\":\"Visa Travel International\",\"description\":\"Visa Travel International est une soci\u00e9t\u00e9 fran\u00e7aise d\u00e9di\u00e9e \u00e0 la mobilit\u00e9 dans le monde, dirig\u00e9e par des professionnels du tourisme \u00e0 votre \u00e9coute.\",\"potentialAction\":[{\"@type\":\"SearchAction\",\"target\":{\"@type\":\"EntryPoint\",\"urlTemplate\":\"https:\/\/www.visatravel.fr\/en\/?s={search_term_string}\"},\"query-input\":\"required name=search_term_string\"}],\"inLanguage\":\"en-US\"}]}<\/script>\n<!-- \/ Yoast SEO plugin. -->","yoast_head_json":{"title":"TOP Pack \u00ab Legalization and Translation \u00bb - Visa Travel International","robots":{"index":"index","follow":"follow","max-snippet":"max-snippet:-1","max-image-preview":"max-image-preview:large","max-video-preview":"max-video-preview:-1"},"canonical":"https:\/\/www.visatravel.fr\/en\/product\/top-pack-legalization-and-translation\/","og_locale":"en_US","og_type":"article","og_title":"TOP Pack \u00ab Legalization and Translation \u00bb - Visa Travel International","og_description":"Included in this TOP Pack are all of the operations offered in each of the two Packs separately (Legalization: CCI Paris, MEAE, Court of Appeal, \u2026 + Translation\/CCFA: Sworn Translators, CC Franco-Arabic,\u2026). This pack does not include the Consular Fees or the Fees from the organizations mentioned above. Once the operations have been carried out by us, it will then be necessary to supplement the payment already made either by credit card, bank transfer or check or by calling us at 01.42.25.13.65 or by going to our offices 116 rue Lauriston 75116 Paris.","og_url":"https:\/\/www.visatravel.fr\/en\/product\/top-pack-legalization-and-translation\/","og_site_name":"Visa Travel International","article_modified_time":"2026-01-20T10:12:15+00:00","twitter_card":"summary_large_image","schema":{"@context":"https:\/\/schema.org","@graph":[{"@type":"WebPage","@id":"https:\/\/www.visatravel.fr\/en\/product\/top-pack-legalization-and-translation\/","url":"https:\/\/www.visatravel.fr\/en\/product\/top-pack-legalization-and-translation\/","name":"TOP Pack \u00ab Legalization and Translation \u00bb - Visa Travel International","isPartOf":{"@id":"https:\/\/www.visatravel.fr\/en\/#website"},"datePublished":"2021-04-20T15:39:16+00:00","dateModified":"2026-01-20T10:12:15+00:00","breadcrumb":{"@id":"https:\/\/www.visatravel.fr\/en\/product\/top-pack-legalization-and-translation\/#breadcrumb"},"inLanguage":"en-US","potentialAction":[{"@type":"ReadAction","target":["https:\/\/www.visatravel.fr\/en\/product\/top-pack-legalization-and-translation\/"]}]},{"@type":"BreadcrumbList","@id":"https:\/\/www.visatravel.fr\/en\/product\/top-pack-legalization-and-translation\/#breadcrumb","itemListElement":[{"@type":"ListItem","position":1,"name":"Home","item":"https:\/\/www.visatravel.fr\/en\/"},{"@type":"ListItem","position":2,"name":"Products","item":"https:\/\/www.visatravel.fr\/en\/shop\/"},{"@type":"ListItem","position":3,"name":"TOP Pack \u00ab Legalization and Translation \u00bb"}]},{"@type":"WebSite","@id":"https:\/\/www.visatravel.fr\/en\/#website","url":"https:\/\/www.visatravel.fr\/en\/","name":"Visa Travel International","description":"Visa Travel International est une soci\u00e9t\u00e9 fran\u00e7aise d\u00e9di\u00e9e \u00e0 la mobilit\u00e9 dans le monde, dirig\u00e9e par des professionnels du tourisme \u00e0 votre \u00e9coute.","potentialAction":[{"@type":"SearchAction","target":{"@type":"EntryPoint","urlTemplate":"https:\/\/www.visatravel.fr\/en\/?s={search_term_string}"},"query-input":"required name=search_term_string"}],"inLanguage":"en-US"}]}},"_links":{"self":[{"href":"https:\/\/www.visatravel.fr\/en\/wp-json\/wp\/v2\/product\/266968"}],"collection":[{"href":"https:\/\/www.visatravel.fr\/en\/wp-json\/wp\/v2\/product"}],"about":[{"href":"https:\/\/www.visatravel.fr\/en\/wp-json\/wp\/v2\/types\/product"}],"wp:attachment":[{"href":"https:\/\/www.visatravel.fr\/en\/wp-json\/wp\/v2\/media?parent=266968"}],"wp:term":[{"taxonomy":"product_cat","embeddable":true,"href":"https:\/\/www.visatravel.fr\/en\/wp-json\/wp\/v2\/product_cat?post=266968"},{"taxonomy":"product_tag","embeddable":true,"href":"https:\/\/www.visatravel.fr\/en\/wp-json\/wp\/v2\/product_tag?post=266968"}],"curies":[{"name":"wp","href":"https:\/\/api.w.org\/{rel}","templated":true}]}}