{"id":266933,"date":"2021-04-20T15:04:07","date_gmt":"2021-04-20T15:04:07","guid":{"rendered":"https:\/\/www.visatravel.fr\/?post_type=product&#038;p=266933"},"modified":"2026-03-12T20:41:40","modified_gmt":"2026-03-12T20:41:40","slug":"top-pack-legalisation-traduction","status":"publish","type":"product","link":"https:\/\/www.visatravel.fr\/en\/product\/top-pack-legalisation-traduction\/","title":{"rendered":"TOP Pack \u00ab L\u00e9galisation &#038; Traduction \u00bb"},"content":{"rendered":"<p>Sont inclus dans ce TOP Pack l\u2019ensemble des op\u00e9rations propos\u00e9es dans chacun des deux Packs s\u00e9par\u00e9ment (L\u00e9galisation : CCI Paris, MEAE, Cour d\u2019Appel, \u2026 + Traduction\/CCFA : Traducteurs Asserment\u00e9s, CC Franco-Arabe, \u2026).<\/p>\n<p>Ce pack n\u2019inclut pas les Frais Consulaires ni les Frais des organismes mentionn\u00e9s plus haut.<\/p>\n<p>Une fois les op\u00e9rations r\u00e9alis\u00e9es par nos soins, il sera alors n\u00e9cessaires d\u2019effecteur le compl\u00e9ment au r\u00e8glement d\u00e9j\u00e0 fait soit par carte bancaire, virement bancaire ou cheque soit en nous appelant au 01.42.25.13.65 soit en passant \u00e0 nos bureaux 116 rue Lauriston 75116 Paris.<\/p>\n","protected":false},"excerpt":{"rendered":"<p>Sont inclus dans ce TOP Pack l\u2019ensemble des op\u00e9rations propos\u00e9es dans chacun des deux Packs s\u00e9par\u00e9ment (L\u00e9galisation : CCI Paris, MEAE, Cour d\u2019Appel, \u2026 + Traduction\/CCFA : Traducteurs Asserment\u00e9s, CC Franco6Arabe, \u2026).<\/p>\n<p>Ce pack n\u2019inclut pas les Frais Consulaires ni les Frais des organismes mentionn\u00e9s plus haut.<\/p>\n<p>Une fois les op\u00e9rations r\u00e9alis\u00e9es par nos soins, il sera alors n\u00e9cessaires d\u2019effecteur le compl\u00e9ment au r\u00e8glement d\u00e9j\u00e0 fait soit par carte bancaire, virement bancaire ou cheque soit en nous appelant au 01.42.25.13.65 soit en passant \u00e0 nos bureaux 116 rue Lauriston 75116 Paris.<\/p>\n","protected":false},"featured_media":0,"template":"","meta":{"_et_pb_use_builder":"","_et_pb_old_content":"","_et_gb_content_width":""},"product_cat":[677],"product_tag":[],"yoast_head":"<!-- This site is optimized with the Yoast SEO plugin v19.7.1 - https:\/\/yoast.com\/wordpress\/plugins\/seo\/ -->\n<title>TOP Pack \u00ab L\u00e9galisation &amp; Traduction \u00bb - Visa Travel International<\/title>\n<meta name=\"robots\" content=\"index, follow, max-snippet:-1, max-image-preview:large, max-video-preview:-1\" \/>\n<link rel=\"canonical\" href=\"https:\/\/www.visatravel.fr\/product\/top-pack-legalisation-traduction\/\" \/>\n<meta property=\"og:locale\" content=\"en_US\" \/>\n<meta property=\"og:type\" content=\"article\" \/>\n<meta property=\"og:title\" content=\"TOP Pack \u00ab L\u00e9galisation &amp; Traduction \u00bb - Visa Travel International\" \/>\n<meta property=\"og:description\" content=\"Sont inclus dans ce TOP Pack l\u2019ensemble des op\u00e9rations propos\u00e9es dans chacun des deux Packs s\u00e9par\u00e9ment (L\u00e9galisation : CCI Paris, MEAE, Cour d\u2019Appel, \u2026 + Traduction\/CCFA : Traducteurs Asserment\u00e9s, CC Franco6Arabe, \u2026).  Ce pack n\u2019inclut pas les Frais Consulaires ni les Frais des organismes mentionn\u00e9s plus haut.  Une fois les op\u00e9rations r\u00e9alis\u00e9es par nos soins, il sera alors n\u00e9cessaires d\u2019effecteur le compl\u00e9ment au r\u00e8glement d\u00e9j\u00e0 fait soit par carte bancaire, virement bancaire ou cheque soit en nous appelant au 01.42.25.13.65 soit en passant \u00e0 nos bureaux 116 rue Lauriston 75116 Paris.\" \/>\n<meta property=\"og:url\" content=\"https:\/\/www.visatravel.fr\/product\/top-pack-legalisation-traduction\/\" \/>\n<meta property=\"og:site_name\" content=\"Visa Travel International\" \/>\n<meta property=\"article:modified_time\" content=\"2026-03-12T20:41:40+00:00\" \/>\n<meta name=\"twitter:card\" content=\"summary_large_image\" \/>\n<meta name=\"twitter:label1\" content=\"Est. reading time\" \/>\n\t<meta name=\"twitter:data1\" content=\"1 minute\" \/>\n<script type=\"application\/ld+json\" class=\"yoast-schema-graph\">{\"@context\":\"https:\/\/schema.org\",\"@graph\":[{\"@type\":\"WebPage\",\"@id\":\"https:\/\/www.visatravel.fr\/product\/top-pack-legalisation-traduction\/\",\"url\":\"https:\/\/www.visatravel.fr\/product\/top-pack-legalisation-traduction\/\",\"name\":\"TOP Pack \u00ab L\u00e9galisation & Traduction \u00bb - Visa Travel International\",\"isPartOf\":{\"@id\":\"https:\/\/www.visatravel.fr\/en\/#website\"},\"datePublished\":\"2021-04-20T15:04:07+00:00\",\"dateModified\":\"2026-03-12T20:41:40+00:00\",\"breadcrumb\":{\"@id\":\"https:\/\/www.visatravel.fr\/product\/top-pack-legalisation-traduction\/#breadcrumb\"},\"inLanguage\":\"en-US\",\"potentialAction\":[{\"@type\":\"ReadAction\",\"target\":[\"https:\/\/www.visatravel.fr\/product\/top-pack-legalisation-traduction\/\"]}]},{\"@type\":\"BreadcrumbList\",\"@id\":\"https:\/\/www.visatravel.fr\/product\/top-pack-legalisation-traduction\/#breadcrumb\",\"itemListElement\":[{\"@type\":\"ListItem\",\"position\":1,\"name\":\"Home\",\"item\":\"https:\/\/www.visatravel.fr\/en\/\"},{\"@type\":\"ListItem\",\"position\":2,\"name\":\"Products\",\"item\":\"https:\/\/www.visatravel.fr\/en\/shop\/\"},{\"@type\":\"ListItem\",\"position\":3,\"name\":\"TOP Pack \u00ab L\u00e9galisation &#038; Traduction \u00bb\"}]},{\"@type\":\"WebSite\",\"@id\":\"https:\/\/www.visatravel.fr\/en\/#website\",\"url\":\"https:\/\/www.visatravel.fr\/en\/\",\"name\":\"Visa Travel International\",\"description\":\"Visa Travel International est une soci\u00e9t\u00e9 fran\u00e7aise d\u00e9di\u00e9e \u00e0 la mobilit\u00e9 dans le monde, dirig\u00e9e par des professionnels du tourisme \u00e0 votre \u00e9coute.\",\"potentialAction\":[{\"@type\":\"SearchAction\",\"target\":{\"@type\":\"EntryPoint\",\"urlTemplate\":\"https:\/\/www.visatravel.fr\/en\/?s={search_term_string}\"},\"query-input\":\"required name=search_term_string\"}],\"inLanguage\":\"en-US\"}]}<\/script>\n<!-- \/ Yoast SEO plugin. -->","yoast_head_json":{"title":"TOP Pack \u00ab L\u00e9galisation & Traduction \u00bb - Visa Travel International","robots":{"index":"index","follow":"follow","max-snippet":"max-snippet:-1","max-image-preview":"max-image-preview:large","max-video-preview":"max-video-preview:-1"},"canonical":"https:\/\/www.visatravel.fr\/product\/top-pack-legalisation-traduction\/","og_locale":"en_US","og_type":"article","og_title":"TOP Pack \u00ab L\u00e9galisation & Traduction \u00bb - Visa Travel International","og_description":"Sont inclus dans ce TOP Pack l\u2019ensemble des op\u00e9rations propos\u00e9es dans chacun des deux Packs s\u00e9par\u00e9ment (L\u00e9galisation : CCI Paris, MEAE, Cour d\u2019Appel, \u2026 + Traduction\/CCFA : Traducteurs Asserment\u00e9s, CC Franco6Arabe, \u2026).  Ce pack n\u2019inclut pas les Frais Consulaires ni les Frais des organismes mentionn\u00e9s plus haut.  Une fois les op\u00e9rations r\u00e9alis\u00e9es par nos soins, il sera alors n\u00e9cessaires d\u2019effecteur le compl\u00e9ment au r\u00e8glement d\u00e9j\u00e0 fait soit par carte bancaire, virement bancaire ou cheque soit en nous appelant au 01.42.25.13.65 soit en passant \u00e0 nos bureaux 116 rue Lauriston 75116 Paris.","og_url":"https:\/\/www.visatravel.fr\/product\/top-pack-legalisation-traduction\/","og_site_name":"Visa Travel International","article_modified_time":"2026-03-12T20:41:40+00:00","twitter_card":"summary_large_image","twitter_misc":{"Est. reading time":"1 minute"},"schema":{"@context":"https:\/\/schema.org","@graph":[{"@type":"WebPage","@id":"https:\/\/www.visatravel.fr\/product\/top-pack-legalisation-traduction\/","url":"https:\/\/www.visatravel.fr\/product\/top-pack-legalisation-traduction\/","name":"TOP Pack \u00ab L\u00e9galisation & Traduction \u00bb - Visa Travel International","isPartOf":{"@id":"https:\/\/www.visatravel.fr\/en\/#website"},"datePublished":"2021-04-20T15:04:07+00:00","dateModified":"2026-03-12T20:41:40+00:00","breadcrumb":{"@id":"https:\/\/www.visatravel.fr\/product\/top-pack-legalisation-traduction\/#breadcrumb"},"inLanguage":"en-US","potentialAction":[{"@type":"ReadAction","target":["https:\/\/www.visatravel.fr\/product\/top-pack-legalisation-traduction\/"]}]},{"@type":"BreadcrumbList","@id":"https:\/\/www.visatravel.fr\/product\/top-pack-legalisation-traduction\/#breadcrumb","itemListElement":[{"@type":"ListItem","position":1,"name":"Home","item":"https:\/\/www.visatravel.fr\/en\/"},{"@type":"ListItem","position":2,"name":"Products","item":"https:\/\/www.visatravel.fr\/en\/shop\/"},{"@type":"ListItem","position":3,"name":"TOP Pack \u00ab L\u00e9galisation &#038; Traduction \u00bb"}]},{"@type":"WebSite","@id":"https:\/\/www.visatravel.fr\/en\/#website","url":"https:\/\/www.visatravel.fr\/en\/","name":"Visa Travel International","description":"Visa Travel International est une soci\u00e9t\u00e9 fran\u00e7aise d\u00e9di\u00e9e \u00e0 la mobilit\u00e9 dans le monde, dirig\u00e9e par des professionnels du tourisme \u00e0 votre \u00e9coute.","potentialAction":[{"@type":"SearchAction","target":{"@type":"EntryPoint","urlTemplate":"https:\/\/www.visatravel.fr\/en\/?s={search_term_string}"},"query-input":"required name=search_term_string"}],"inLanguage":"en-US"}]}},"_links":{"self":[{"href":"https:\/\/www.visatravel.fr\/en\/wp-json\/wp\/v2\/product\/266933"}],"collection":[{"href":"https:\/\/www.visatravel.fr\/en\/wp-json\/wp\/v2\/product"}],"about":[{"href":"https:\/\/www.visatravel.fr\/en\/wp-json\/wp\/v2\/types\/product"}],"wp:attachment":[{"href":"https:\/\/www.visatravel.fr\/en\/wp-json\/wp\/v2\/media?parent=266933"}],"wp:term":[{"taxonomy":"product_cat","embeddable":true,"href":"https:\/\/www.visatravel.fr\/en\/wp-json\/wp\/v2\/product_cat?post=266933"},{"taxonomy":"product_tag","embeddable":true,"href":"https:\/\/www.visatravel.fr\/en\/wp-json\/wp\/v2\/product_tag?post=266933"}],"curies":[{"name":"wp","href":"https:\/\/api.w.org\/{rel}","templated":true}]}}