{"id":266313,"date":"2021-04-06T07:01:46","date_gmt":"2021-04-06T07:01:46","guid":{"rendered":"https:\/\/www.visatravel.fr\/?post_type=product&#038;p=266313"},"modified":"2026-03-24T14:19:34","modified_gmt":"2026-03-24T14:19:34","slug":"algerie-visa-affaires-simple-entree-delai-de-traitement-compris-entre-8-et-15-jours","status":"publish","type":"product","link":"https:\/\/www.visatravel.fr\/en\/product\/algerie-visa-affaires-simple-entree-delai-de-traitement-compris-entre-8-et-15-jours\/","title":{"rendered":"Alg\u00e9rie &#8211; Visa Affaires simple entr\u00e9e &#8211; D\u00e9lai de traitement compris entre 8 et 15 jours"},"content":{"rendered":"<p>Le visa est valable 30 jours \u00e0 partir de la date d&#8217;entr\u00e9e indiqu\u00e9e sur les documents fournis lors de la demande de visa.<\/p>\n","protected":false},"excerpt":{"rendered":"<p>Pour voyager en Alg\u00e9rie un visa est g\u00e9n\u00e9ralement n\u00e9cessaire \u00e0 quelques exceptions. Visa Travel International est une agence agr\u00e9\u00e9e par les consulats alg\u00e9riens afin de vous accompagner dans vos d\u00e9marches et ce quel que soit le type de visa dont vous auriez besoin. A cet effet vous trouverez sur cette page toutes les informations et r\u00e9ponses aux questions qui vous seront utiles dans l\u2019objectif de l\u2019obtention de votre visa.<\/p>\n","protected":false},"featured_media":0,"template":"","meta":{"_et_pb_use_builder":"","_et_pb_old_content":"","_et_gb_content_width":""},"product_cat":[45],"product_tag":[743],"yoast_head":"<!-- This site is optimized with the Yoast SEO plugin v19.7.1 - https:\/\/yoast.com\/wordpress\/plugins\/seo\/ -->\n<title>Visa Alg\u00e9rie | Visa Affaires | Visa Travel International<\/title>\n<meta name=\"description\" content=\"Pour voyager en Alg\u00e9rie un visa est g\u00e9n\u00e9ralement n\u00e9cessaire \u00e0 quelques exceptions. Visa Travel International est une agence agr\u00e9\u00e9e par les consulats alg\u00e9riens afin de vous accompagner dans vos d\u00e9marches et ce quel que soit le type de visa dont vous auriez besoin. A cet effet vous trouverez sur cette page toutes les informations et r\u00e9ponses aux questions qui vous seront utiles dans l\u2019objectif de l\u2019obtention de votre visa.\" \/>\n<meta name=\"robots\" content=\"index, follow, max-snippet:-1, max-image-preview:large, max-video-preview:-1\" \/>\n<link rel=\"canonical\" href=\"https:\/\/www.visatravel.fr\/product\/algerie-visa-affaires-simple-entree-delai-de-traitement-compris-entre-8-et-15-jours\/\" \/>\n<meta property=\"og:locale\" content=\"en_US\" \/>\n<meta property=\"og:type\" content=\"article\" \/>\n<meta property=\"og:title\" content=\"Visa Alg\u00e9rie | Visa Affaires | Visa Travel International\" \/>\n<meta property=\"og:description\" content=\"Pour voyager en Alg\u00e9rie un visa est g\u00e9n\u00e9ralement n\u00e9cessaire \u00e0 quelques exceptions. Visa Travel International est une agence agr\u00e9\u00e9e par les consulats alg\u00e9riens afin de vous accompagner dans vos d\u00e9marches et ce quel que soit le type de visa dont vous auriez besoin. A cet effet vous trouverez sur cette page toutes les informations et r\u00e9ponses aux questions qui vous seront utiles dans l\u2019objectif de l\u2019obtention de votre visa.\" \/>\n<meta property=\"og:url\" content=\"https:\/\/www.visatravel.fr\/product\/algerie-visa-affaires-simple-entree-delai-de-traitement-compris-entre-8-et-15-jours\/\" \/>\n<meta property=\"og:site_name\" content=\"Visa Travel International\" \/>\n<meta property=\"article:modified_time\" content=\"2026-03-24T14:19:34+00:00\" \/>\n<meta name=\"twitter:card\" content=\"summary_large_image\" \/>\n<meta name=\"twitter:label1\" content=\"Est. reading time\" \/>\n\t<meta name=\"twitter:data1\" content=\"1 minute\" \/>\n<script type=\"application\/ld+json\" class=\"yoast-schema-graph\">{\"@context\":\"https:\/\/schema.org\",\"@graph\":[{\"@type\":\"WebPage\",\"@id\":\"https:\/\/www.visatravel.fr\/product\/algerie-visa-affaires-simple-entree-delai-de-traitement-compris-entre-8-et-15-jours\/\",\"url\":\"https:\/\/www.visatravel.fr\/product\/algerie-visa-affaires-simple-entree-delai-de-traitement-compris-entre-8-et-15-jours\/\",\"name\":\"Visa Alg\u00e9rie | Visa Affaires | Visa Travel International\",\"isPartOf\":{\"@id\":\"https:\/\/www.visatravel.fr\/en\/#website\"},\"datePublished\":\"2021-04-06T07:01:46+00:00\",\"dateModified\":\"2026-03-24T14:19:34+00:00\",\"description\":\"Pour voyager en Alg\u00e9rie un visa est g\u00e9n\u00e9ralement n\u00e9cessaire \u00e0 quelques exceptions. Visa Travel International est une agence agr\u00e9\u00e9e par les consulats alg\u00e9riens afin de vous accompagner dans vos d\u00e9marches et ce quel que soit le type de visa dont vous auriez besoin. A cet effet vous trouverez sur cette page toutes les informations et r\u00e9ponses aux questions qui vous seront utiles dans l\u2019objectif de l\u2019obtention de votre visa.\",\"breadcrumb\":{\"@id\":\"https:\/\/www.visatravel.fr\/product\/algerie-visa-affaires-simple-entree-delai-de-traitement-compris-entre-8-et-15-jours\/#breadcrumb\"},\"inLanguage\":\"en-US\",\"potentialAction\":[{\"@type\":\"ReadAction\",\"target\":[\"https:\/\/www.visatravel.fr\/product\/algerie-visa-affaires-simple-entree-delai-de-traitement-compris-entre-8-et-15-jours\/\"]}]},{\"@type\":\"BreadcrumbList\",\"@id\":\"https:\/\/www.visatravel.fr\/product\/algerie-visa-affaires-simple-entree-delai-de-traitement-compris-entre-8-et-15-jours\/#breadcrumb\",\"itemListElement\":[{\"@type\":\"ListItem\",\"position\":1,\"name\":\"Home\",\"item\":\"https:\/\/www.visatravel.fr\/en\/\"},{\"@type\":\"ListItem\",\"position\":2,\"name\":\"Products\",\"item\":\"https:\/\/www.visatravel.fr\/en\/shop\/\"},{\"@type\":\"ListItem\",\"position\":3,\"name\":\"Alg\u00e9rie &#8211; Visa Affaires simple entr\u00e9e &#8211; D\u00e9lai de traitement compris entre 8 et 15 jours\"}]},{\"@type\":\"WebSite\",\"@id\":\"https:\/\/www.visatravel.fr\/en\/#website\",\"url\":\"https:\/\/www.visatravel.fr\/en\/\",\"name\":\"Visa Travel International\",\"description\":\"Visa Travel International est une soci\u00e9t\u00e9 fran\u00e7aise d\u00e9di\u00e9e \u00e0 la mobilit\u00e9 dans le monde, dirig\u00e9e par des professionnels du tourisme \u00e0 votre \u00e9coute.\",\"potentialAction\":[{\"@type\":\"SearchAction\",\"target\":{\"@type\":\"EntryPoint\",\"urlTemplate\":\"https:\/\/www.visatravel.fr\/en\/?s={search_term_string}\"},\"query-input\":\"required name=search_term_string\"}],\"inLanguage\":\"en-US\"}]}<\/script>\n<!-- \/ Yoast SEO plugin. -->","yoast_head_json":{"title":"Visa Alg\u00e9rie | Visa Affaires | Visa Travel International","description":"Pour voyager en Alg\u00e9rie un visa est g\u00e9n\u00e9ralement n\u00e9cessaire \u00e0 quelques exceptions. Visa Travel International est une agence agr\u00e9\u00e9e par les consulats alg\u00e9riens afin de vous accompagner dans vos d\u00e9marches et ce quel que soit le type de visa dont vous auriez besoin. A cet effet vous trouverez sur cette page toutes les informations et r\u00e9ponses aux questions qui vous seront utiles dans l\u2019objectif de l\u2019obtention de votre visa.","robots":{"index":"index","follow":"follow","max-snippet":"max-snippet:-1","max-image-preview":"max-image-preview:large","max-video-preview":"max-video-preview:-1"},"canonical":"https:\/\/www.visatravel.fr\/product\/algerie-visa-affaires-simple-entree-delai-de-traitement-compris-entre-8-et-15-jours\/","og_locale":"en_US","og_type":"article","og_title":"Visa Alg\u00e9rie | Visa Affaires | Visa Travel International","og_description":"Pour voyager en Alg\u00e9rie un visa est g\u00e9n\u00e9ralement n\u00e9cessaire \u00e0 quelques exceptions. Visa Travel International est une agence agr\u00e9\u00e9e par les consulats alg\u00e9riens afin de vous accompagner dans vos d\u00e9marches et ce quel que soit le type de visa dont vous auriez besoin. A cet effet vous trouverez sur cette page toutes les informations et r\u00e9ponses aux questions qui vous seront utiles dans l\u2019objectif de l\u2019obtention de votre visa.","og_url":"https:\/\/www.visatravel.fr\/product\/algerie-visa-affaires-simple-entree-delai-de-traitement-compris-entre-8-et-15-jours\/","og_site_name":"Visa Travel International","article_modified_time":"2026-03-24T14:19:34+00:00","twitter_card":"summary_large_image","twitter_misc":{"Est. reading time":"1 minute"},"schema":{"@context":"https:\/\/schema.org","@graph":[{"@type":"WebPage","@id":"https:\/\/www.visatravel.fr\/product\/algerie-visa-affaires-simple-entree-delai-de-traitement-compris-entre-8-et-15-jours\/","url":"https:\/\/www.visatravel.fr\/product\/algerie-visa-affaires-simple-entree-delai-de-traitement-compris-entre-8-et-15-jours\/","name":"Visa Alg\u00e9rie | Visa Affaires | Visa Travel International","isPartOf":{"@id":"https:\/\/www.visatravel.fr\/en\/#website"},"datePublished":"2021-04-06T07:01:46+00:00","dateModified":"2026-03-24T14:19:34+00:00","description":"Pour voyager en Alg\u00e9rie un visa est g\u00e9n\u00e9ralement n\u00e9cessaire \u00e0 quelques exceptions. Visa Travel International est une agence agr\u00e9\u00e9e par les consulats alg\u00e9riens afin de vous accompagner dans vos d\u00e9marches et ce quel que soit le type de visa dont vous auriez besoin. A cet effet vous trouverez sur cette page toutes les informations et r\u00e9ponses aux questions qui vous seront utiles dans l\u2019objectif de l\u2019obtention de votre visa.","breadcrumb":{"@id":"https:\/\/www.visatravel.fr\/product\/algerie-visa-affaires-simple-entree-delai-de-traitement-compris-entre-8-et-15-jours\/#breadcrumb"},"inLanguage":"en-US","potentialAction":[{"@type":"ReadAction","target":["https:\/\/www.visatravel.fr\/product\/algerie-visa-affaires-simple-entree-delai-de-traitement-compris-entre-8-et-15-jours\/"]}]},{"@type":"BreadcrumbList","@id":"https:\/\/www.visatravel.fr\/product\/algerie-visa-affaires-simple-entree-delai-de-traitement-compris-entre-8-et-15-jours\/#breadcrumb","itemListElement":[{"@type":"ListItem","position":1,"name":"Home","item":"https:\/\/www.visatravel.fr\/en\/"},{"@type":"ListItem","position":2,"name":"Products","item":"https:\/\/www.visatravel.fr\/en\/shop\/"},{"@type":"ListItem","position":3,"name":"Alg\u00e9rie &#8211; Visa Affaires simple entr\u00e9e &#8211; D\u00e9lai de traitement compris entre 8 et 15 jours"}]},{"@type":"WebSite","@id":"https:\/\/www.visatravel.fr\/en\/#website","url":"https:\/\/www.visatravel.fr\/en\/","name":"Visa Travel International","description":"Visa Travel International est une soci\u00e9t\u00e9 fran\u00e7aise d\u00e9di\u00e9e \u00e0 la mobilit\u00e9 dans le monde, dirig\u00e9e par des professionnels du tourisme \u00e0 votre \u00e9coute.","potentialAction":[{"@type":"SearchAction","target":{"@type":"EntryPoint","urlTemplate":"https:\/\/www.visatravel.fr\/en\/?s={search_term_string}"},"query-input":"required name=search_term_string"}],"inLanguage":"en-US"}]}},"_links":{"self":[{"href":"https:\/\/www.visatravel.fr\/en\/wp-json\/wp\/v2\/product\/266313"}],"collection":[{"href":"https:\/\/www.visatravel.fr\/en\/wp-json\/wp\/v2\/product"}],"about":[{"href":"https:\/\/www.visatravel.fr\/en\/wp-json\/wp\/v2\/types\/product"}],"wp:attachment":[{"href":"https:\/\/www.visatravel.fr\/en\/wp-json\/wp\/v2\/media?parent=266313"}],"wp:term":[{"taxonomy":"product_cat","embeddable":true,"href":"https:\/\/www.visatravel.fr\/en\/wp-json\/wp\/v2\/product_cat?post=266313"},{"taxonomy":"product_tag","embeddable":true,"href":"https:\/\/www.visatravel.fr\/en\/wp-json\/wp\/v2\/product_tag?post=266313"}],"curies":[{"name":"wp","href":"https:\/\/api.w.org\/{rel}","templated":true}]}}