{"id":264159,"date":"2021-03-12T11:00:44","date_gmt":"2021-03-12T11:00:44","guid":{"rendered":"https:\/\/www.visatravel.fr\/?post_type=product&#038;p=264159"},"modified":"2026-03-30T15:03:43","modified_gmt":"2026-03-30T15:03:43","slug":"libye-visa-affaires-multiples-entrees-valable-6-mois-delai-de-traitement-compris-entre-48h-et-10-jours","status":"publish","type":"product","link":"https:\/\/www.visatravel.fr\/en\/product\/libye-visa-affaires-multiples-entrees-valable-6-mois-delai-de-traitement-compris-entre-48h-et-10-jours\/","title":{"rendered":"Libye &#8211; Visa Affaires multiples entr\u00e9es valable 6 mois &#8211; L&#8217;obtention du Visa \u00e9tant soumis \u00e0 accord des autorit\u00e9s locales, le d\u00e9lai de traitement est tr\u00e8s variable (de quelques jours \u00e0 plusieurs semaines)"},"content":{"rendered":"<p>Ce visa est valable \u00e0 compter de sa date de d\u00e9livrance pour une dur\u00e9e de 30 jours par s\u00e9jour.<\/p>\n","protected":false},"excerpt":{"rendered":"<p>Ce visa est valable \u00e0 compter de sa date de d\u00e9livrance pour une dur\u00e9e de 30 jours par s\u00e9jour.<\/p>\n","protected":false},"featured_media":0,"template":"","meta":{"_et_pb_use_builder":"","_et_pb_old_content":"","_et_gb_content_width":""},"product_cat":[45],"product_tag":[701],"yoast_head":"<!-- This site is optimized with the Yoast SEO plugin v19.7.1 - https:\/\/yoast.com\/wordpress\/plugins\/seo\/ -->\n<title>Libye - Visa Affaires multiples entr\u00e9es valable 6 mois - L&#039;obtention du Visa \u00e9tant soumis \u00e0 accord des autorit\u00e9s locales, le d\u00e9lai de traitement est tr\u00e8s variable (de quelques jours \u00e0 plusieurs semaines) - Visa Travel International<\/title>\n<meta name=\"description\" content=\"Ce visa est valable \u00e0 compter de sa date de d\u00e9livrance pour une dur\u00e9e de 30 jours par s\u00e9jour.\" \/>\n<meta name=\"robots\" content=\"index, follow, max-snippet:-1, max-image-preview:large, max-video-preview:-1\" \/>\n<link rel=\"canonical\" href=\"https:\/\/www.visatravel.fr\/product\/libye-visa-affaires-multiples-entrees-valable-6-mois-delai-de-traitement-compris-entre-48h-et-10-jours\/\" \/>\n<meta property=\"og:locale\" content=\"en_US\" \/>\n<meta property=\"og:type\" content=\"article\" \/>\n<meta property=\"og:title\" content=\"Libye - Visa Affaires multiples entr\u00e9es valable 6 mois - L&#039;obtention du Visa \u00e9tant soumis \u00e0 accord des autorit\u00e9s locales, le d\u00e9lai de traitement est tr\u00e8s variable (de quelques jours \u00e0 plusieurs semaines) - Visa Travel International\" \/>\n<meta property=\"og:description\" content=\"Ce visa est valable \u00e0 compter de sa date de d\u00e9livrance pour une dur\u00e9e de 30 jours par s\u00e9jour.\" \/>\n<meta property=\"og:url\" content=\"https:\/\/www.visatravel.fr\/product\/libye-visa-affaires-multiples-entrees-valable-6-mois-delai-de-traitement-compris-entre-48h-et-10-jours\/\" \/>\n<meta property=\"og:site_name\" content=\"Visa Travel International\" \/>\n<meta property=\"article:modified_time\" content=\"2026-03-30T15:03:43+00:00\" \/>\n<meta name=\"twitter:card\" content=\"summary_large_image\" \/>\n<meta name=\"twitter:label1\" content=\"Est. reading time\" \/>\n\t<meta name=\"twitter:data1\" content=\"1 minute\" \/>\n<script type=\"application\/ld+json\" class=\"yoast-schema-graph\">{\"@context\":\"https:\/\/schema.org\",\"@graph\":[{\"@type\":\"WebPage\",\"@id\":\"https:\/\/www.visatravel.fr\/product\/libye-visa-affaires-multiples-entrees-valable-6-mois-delai-de-traitement-compris-entre-48h-et-10-jours\/\",\"url\":\"https:\/\/www.visatravel.fr\/product\/libye-visa-affaires-multiples-entrees-valable-6-mois-delai-de-traitement-compris-entre-48h-et-10-jours\/\",\"name\":\"Libye - Visa Affaires multiples entr\u00e9es valable 6 mois - L'obtention du Visa \u00e9tant soumis \u00e0 accord des autorit\u00e9s locales, le d\u00e9lai de traitement est tr\u00e8s variable (de quelques jours \u00e0 plusieurs semaines) - Visa Travel International\",\"isPartOf\":{\"@id\":\"https:\/\/www.visatravel.fr\/en\/#website\"},\"datePublished\":\"2021-03-12T11:00:44+00:00\",\"dateModified\":\"2026-03-30T15:03:43+00:00\",\"description\":\"Ce visa est valable \u00e0 compter de sa date de d\u00e9livrance pour une dur\u00e9e de 30 jours par s\u00e9jour.\",\"breadcrumb\":{\"@id\":\"https:\/\/www.visatravel.fr\/product\/libye-visa-affaires-multiples-entrees-valable-6-mois-delai-de-traitement-compris-entre-48h-et-10-jours\/#breadcrumb\"},\"inLanguage\":\"en-US\",\"potentialAction\":[{\"@type\":\"ReadAction\",\"target\":[\"https:\/\/www.visatravel.fr\/product\/libye-visa-affaires-multiples-entrees-valable-6-mois-delai-de-traitement-compris-entre-48h-et-10-jours\/\"]}]},{\"@type\":\"BreadcrumbList\",\"@id\":\"https:\/\/www.visatravel.fr\/product\/libye-visa-affaires-multiples-entrees-valable-6-mois-delai-de-traitement-compris-entre-48h-et-10-jours\/#breadcrumb\",\"itemListElement\":[{\"@type\":\"ListItem\",\"position\":1,\"name\":\"Home\",\"item\":\"https:\/\/www.visatravel.fr\/en\/\"},{\"@type\":\"ListItem\",\"position\":2,\"name\":\"Products\",\"item\":\"https:\/\/www.visatravel.fr\/en\/shop\/\"},{\"@type\":\"ListItem\",\"position\":3,\"name\":\"Libye &#8211; Visa Affaires multiples entr\u00e9es valable 6 mois &#8211; L&rsquo;obtention du Visa \u00e9tant soumis \u00e0 accord des autorit\u00e9s locales, le d\u00e9lai de traitement est tr\u00e8s variable (de quelques jours \u00e0 plusieurs semaines)\"}]},{\"@type\":\"WebSite\",\"@id\":\"https:\/\/www.visatravel.fr\/en\/#website\",\"url\":\"https:\/\/www.visatravel.fr\/en\/\",\"name\":\"Visa Travel International\",\"description\":\"Visa Travel International est une soci\u00e9t\u00e9 fran\u00e7aise d\u00e9di\u00e9e \u00e0 la mobilit\u00e9 dans le monde, dirig\u00e9e par des professionnels du tourisme \u00e0 votre \u00e9coute.\",\"potentialAction\":[{\"@type\":\"SearchAction\",\"target\":{\"@type\":\"EntryPoint\",\"urlTemplate\":\"https:\/\/www.visatravel.fr\/en\/?s={search_term_string}\"},\"query-input\":\"required name=search_term_string\"}],\"inLanguage\":\"en-US\"}]}<\/script>\n<!-- \/ Yoast SEO plugin. -->","yoast_head_json":{"title":"Libye - Visa Affaires multiples entr\u00e9es valable 6 mois - L'obtention du Visa \u00e9tant soumis \u00e0 accord des autorit\u00e9s locales, le d\u00e9lai de traitement est tr\u00e8s variable (de quelques jours \u00e0 plusieurs semaines) - Visa Travel International","description":"Ce visa est valable \u00e0 compter de sa date de d\u00e9livrance pour une dur\u00e9e de 30 jours par s\u00e9jour.","robots":{"index":"index","follow":"follow","max-snippet":"max-snippet:-1","max-image-preview":"max-image-preview:large","max-video-preview":"max-video-preview:-1"},"canonical":"https:\/\/www.visatravel.fr\/product\/libye-visa-affaires-multiples-entrees-valable-6-mois-delai-de-traitement-compris-entre-48h-et-10-jours\/","og_locale":"en_US","og_type":"article","og_title":"Libye - Visa Affaires multiples entr\u00e9es valable 6 mois - L'obtention du Visa \u00e9tant soumis \u00e0 accord des autorit\u00e9s locales, le d\u00e9lai de traitement est tr\u00e8s variable (de quelques jours \u00e0 plusieurs semaines) - Visa Travel International","og_description":"Ce visa est valable \u00e0 compter de sa date de d\u00e9livrance pour une dur\u00e9e de 30 jours par s\u00e9jour.","og_url":"https:\/\/www.visatravel.fr\/product\/libye-visa-affaires-multiples-entrees-valable-6-mois-delai-de-traitement-compris-entre-48h-et-10-jours\/","og_site_name":"Visa Travel International","article_modified_time":"2026-03-30T15:03:43+00:00","twitter_card":"summary_large_image","twitter_misc":{"Est. reading time":"1 minute"},"schema":{"@context":"https:\/\/schema.org","@graph":[{"@type":"WebPage","@id":"https:\/\/www.visatravel.fr\/product\/libye-visa-affaires-multiples-entrees-valable-6-mois-delai-de-traitement-compris-entre-48h-et-10-jours\/","url":"https:\/\/www.visatravel.fr\/product\/libye-visa-affaires-multiples-entrees-valable-6-mois-delai-de-traitement-compris-entre-48h-et-10-jours\/","name":"Libye - Visa Affaires multiples entr\u00e9es valable 6 mois - L'obtention du Visa \u00e9tant soumis \u00e0 accord des autorit\u00e9s locales, le d\u00e9lai de traitement est tr\u00e8s variable (de quelques jours \u00e0 plusieurs semaines) - Visa Travel International","isPartOf":{"@id":"https:\/\/www.visatravel.fr\/en\/#website"},"datePublished":"2021-03-12T11:00:44+00:00","dateModified":"2026-03-30T15:03:43+00:00","description":"Ce visa est valable \u00e0 compter de sa date de d\u00e9livrance pour une dur\u00e9e de 30 jours par s\u00e9jour.","breadcrumb":{"@id":"https:\/\/www.visatravel.fr\/product\/libye-visa-affaires-multiples-entrees-valable-6-mois-delai-de-traitement-compris-entre-48h-et-10-jours\/#breadcrumb"},"inLanguage":"en-US","potentialAction":[{"@type":"ReadAction","target":["https:\/\/www.visatravel.fr\/product\/libye-visa-affaires-multiples-entrees-valable-6-mois-delai-de-traitement-compris-entre-48h-et-10-jours\/"]}]},{"@type":"BreadcrumbList","@id":"https:\/\/www.visatravel.fr\/product\/libye-visa-affaires-multiples-entrees-valable-6-mois-delai-de-traitement-compris-entre-48h-et-10-jours\/#breadcrumb","itemListElement":[{"@type":"ListItem","position":1,"name":"Home","item":"https:\/\/www.visatravel.fr\/en\/"},{"@type":"ListItem","position":2,"name":"Products","item":"https:\/\/www.visatravel.fr\/en\/shop\/"},{"@type":"ListItem","position":3,"name":"Libye &#8211; Visa Affaires multiples entr\u00e9es valable 6 mois &#8211; L&rsquo;obtention du Visa \u00e9tant soumis \u00e0 accord des autorit\u00e9s locales, le d\u00e9lai de traitement est tr\u00e8s variable (de quelques jours \u00e0 plusieurs semaines)"}]},{"@type":"WebSite","@id":"https:\/\/www.visatravel.fr\/en\/#website","url":"https:\/\/www.visatravel.fr\/en\/","name":"Visa Travel International","description":"Visa Travel International est une soci\u00e9t\u00e9 fran\u00e7aise d\u00e9di\u00e9e \u00e0 la mobilit\u00e9 dans le monde, dirig\u00e9e par des professionnels du tourisme \u00e0 votre \u00e9coute.","potentialAction":[{"@type":"SearchAction","target":{"@type":"EntryPoint","urlTemplate":"https:\/\/www.visatravel.fr\/en\/?s={search_term_string}"},"query-input":"required name=search_term_string"}],"inLanguage":"en-US"}]}},"_links":{"self":[{"href":"https:\/\/www.visatravel.fr\/en\/wp-json\/wp\/v2\/product\/264159"}],"collection":[{"href":"https:\/\/www.visatravel.fr\/en\/wp-json\/wp\/v2\/product"}],"about":[{"href":"https:\/\/www.visatravel.fr\/en\/wp-json\/wp\/v2\/types\/product"}],"wp:attachment":[{"href":"https:\/\/www.visatravel.fr\/en\/wp-json\/wp\/v2\/media?parent=264159"}],"wp:term":[{"taxonomy":"product_cat","embeddable":true,"href":"https:\/\/www.visatravel.fr\/en\/wp-json\/wp\/v2\/product_cat?post=264159"},{"taxonomy":"product_tag","embeddable":true,"href":"https:\/\/www.visatravel.fr\/en\/wp-json\/wp\/v2\/product_tag?post=264159"}],"curies":[{"name":"wp","href":"https:\/\/api.w.org\/{rel}","templated":true}]}}