{"id":264148,"date":"2021-03-12T09:44:22","date_gmt":"2021-03-12T09:44:22","guid":{"rendered":"https:\/\/www.visatravel.fr\/?post_type=product&#038;p=264148"},"modified":"2026-02-13T12:00:21","modified_gmt":"2026-02-13T12:00:21","slug":"irak-visa-affaires-multiples-entrees-delai-de-traitement-compris-entre-5-et-10-jours","status":"publish","type":"product","link":"https:\/\/www.visatravel.fr\/en\/product\/irak-visa-affaires-multiples-entrees-delai-de-traitement-compris-entre-5-et-10-jours\/","title":{"rendered":"Irak &#8211; Visa Affaires multiples entr\u00e9es &#8211; D\u00e9lai de traitement compris entre 5 et 10 jours"},"content":{"rendered":"<p>Ce Visas valable pour plusieurs entr\u00e9es, sur une p\u00e9riode d\u00e9finie par la demande, est valable \u00e0 compter de la date de d\u00e9livrance.<\/p>\n<p>La dur\u00e9e maximale par s\u00e9jour est de 30 jours.<\/p>\n","protected":false},"excerpt":{"rendered":"<p>Ce Visas valable pour plusieurs entr\u00e9es, sur une p\u00e9riode d\u00e9finie par la demande, est valable \u00e0 compter de la date de d\u00e9livrance.<\/p>\n<p>La dur\u00e9e maximale par s\u00e9jour est de 30 jours.<\/p>\n","protected":false},"featured_media":0,"template":"","meta":{"_et_pb_use_builder":"","_et_pb_old_content":"","_et_gb_content_width":""},"product_cat":[45],"product_tag":[726],"yoast_head":"<!-- This site is optimized with the Yoast SEO plugin v19.7.1 - https:\/\/yoast.com\/wordpress\/plugins\/seo\/ -->\n<title>Irak - Visa Affaires multiples entr\u00e9es - D\u00e9lai de traitement compris entre 5 et 10 jours - Visa Travel International<\/title>\n<meta name=\"description\" content=\"Ce Visas valable pour plusieurs entr\u00e9es, sur une p\u00e9riode d\u00e9finie par la demande, est valable \u00e0 compter de la date de d\u00e9livrance. La dur\u00e9e maximale par s\u00e9jour est de 30 jours.\" \/>\n<meta name=\"robots\" content=\"index, follow, max-snippet:-1, max-image-preview:large, max-video-preview:-1\" \/>\n<link rel=\"canonical\" href=\"https:\/\/www.visatravel.fr\/product\/irak-visa-affaires-multiples-entrees-delai-de-traitement-compris-entre-5-et-10-jours\/\" \/>\n<meta property=\"og:locale\" content=\"en_US\" \/>\n<meta property=\"og:type\" content=\"article\" \/>\n<meta property=\"og:title\" content=\"Irak - Visa Affaires multiples entr\u00e9es - D\u00e9lai de traitement compris entre 5 et 10 jours - Visa Travel International\" \/>\n<meta property=\"og:description\" content=\"Ce Visas valable pour plusieurs entr\u00e9es, sur une p\u00e9riode d\u00e9finie par la demande, est valable \u00e0 compter de la date de d\u00e9livrance. La dur\u00e9e maximale par s\u00e9jour est de 30 jours.\" \/>\n<meta property=\"og:url\" content=\"https:\/\/www.visatravel.fr\/product\/irak-visa-affaires-multiples-entrees-delai-de-traitement-compris-entre-5-et-10-jours\/\" \/>\n<meta property=\"og:site_name\" content=\"Visa Travel International\" \/>\n<meta property=\"article:modified_time\" content=\"2026-02-13T12:00:21+00:00\" \/>\n<meta name=\"twitter:card\" content=\"summary_large_image\" \/>\n<script type=\"application\/ld+json\" class=\"yoast-schema-graph\">{\"@context\":\"https:\/\/schema.org\",\"@graph\":[{\"@type\":\"WebPage\",\"@id\":\"https:\/\/www.visatravel.fr\/product\/irak-visa-affaires-multiples-entrees-delai-de-traitement-compris-entre-5-et-10-jours\/\",\"url\":\"https:\/\/www.visatravel.fr\/product\/irak-visa-affaires-multiples-entrees-delai-de-traitement-compris-entre-5-et-10-jours\/\",\"name\":\"Irak - Visa Affaires multiples entr\u00e9es - D\u00e9lai de traitement compris entre 5 et 10 jours - Visa Travel International\",\"isPartOf\":{\"@id\":\"https:\/\/www.visatravel.fr\/en\/#website\"},\"datePublished\":\"2021-03-12T09:44:22+00:00\",\"dateModified\":\"2026-02-13T12:00:21+00:00\",\"description\":\"Ce Visas valable pour plusieurs entr\u00e9es, sur une p\u00e9riode d\u00e9finie par la demande, est valable \u00e0 compter de la date de d\u00e9livrance. La dur\u00e9e maximale par s\u00e9jour est de 30 jours.\",\"breadcrumb\":{\"@id\":\"https:\/\/www.visatravel.fr\/product\/irak-visa-affaires-multiples-entrees-delai-de-traitement-compris-entre-5-et-10-jours\/#breadcrumb\"},\"inLanguage\":\"en-US\",\"potentialAction\":[{\"@type\":\"ReadAction\",\"target\":[\"https:\/\/www.visatravel.fr\/product\/irak-visa-affaires-multiples-entrees-delai-de-traitement-compris-entre-5-et-10-jours\/\"]}]},{\"@type\":\"BreadcrumbList\",\"@id\":\"https:\/\/www.visatravel.fr\/product\/irak-visa-affaires-multiples-entrees-delai-de-traitement-compris-entre-5-et-10-jours\/#breadcrumb\",\"itemListElement\":[{\"@type\":\"ListItem\",\"position\":1,\"name\":\"Home\",\"item\":\"https:\/\/www.visatravel.fr\/en\/\"},{\"@type\":\"ListItem\",\"position\":2,\"name\":\"Products\",\"item\":\"https:\/\/www.visatravel.fr\/en\/shop\/\"},{\"@type\":\"ListItem\",\"position\":3,\"name\":\"Irak &#8211; Visa Affaires multiples entr\u00e9es &#8211; D\u00e9lai de traitement compris entre 5 et 10 jours\"}]},{\"@type\":\"WebSite\",\"@id\":\"https:\/\/www.visatravel.fr\/en\/#website\",\"url\":\"https:\/\/www.visatravel.fr\/en\/\",\"name\":\"Visa Travel International\",\"description\":\"Visa Travel International est une soci\u00e9t\u00e9 fran\u00e7aise d\u00e9di\u00e9e \u00e0 la mobilit\u00e9 dans le monde, dirig\u00e9e par des professionnels du tourisme \u00e0 votre \u00e9coute.\",\"potentialAction\":[{\"@type\":\"SearchAction\",\"target\":{\"@type\":\"EntryPoint\",\"urlTemplate\":\"https:\/\/www.visatravel.fr\/en\/?s={search_term_string}\"},\"query-input\":\"required name=search_term_string\"}],\"inLanguage\":\"en-US\"}]}<\/script>\n<!-- \/ Yoast SEO plugin. -->","yoast_head_json":{"title":"Irak - Visa Affaires multiples entr\u00e9es - D\u00e9lai de traitement compris entre 5 et 10 jours - Visa Travel International","description":"Ce Visas valable pour plusieurs entr\u00e9es, sur une p\u00e9riode d\u00e9finie par la demande, est valable \u00e0 compter de la date de d\u00e9livrance. La dur\u00e9e maximale par s\u00e9jour est de 30 jours.","robots":{"index":"index","follow":"follow","max-snippet":"max-snippet:-1","max-image-preview":"max-image-preview:large","max-video-preview":"max-video-preview:-1"},"canonical":"https:\/\/www.visatravel.fr\/product\/irak-visa-affaires-multiples-entrees-delai-de-traitement-compris-entre-5-et-10-jours\/","og_locale":"en_US","og_type":"article","og_title":"Irak - Visa Affaires multiples entr\u00e9es - D\u00e9lai de traitement compris entre 5 et 10 jours - Visa Travel International","og_description":"Ce Visas valable pour plusieurs entr\u00e9es, sur une p\u00e9riode d\u00e9finie par la demande, est valable \u00e0 compter de la date de d\u00e9livrance. La dur\u00e9e maximale par s\u00e9jour est de 30 jours.","og_url":"https:\/\/www.visatravel.fr\/product\/irak-visa-affaires-multiples-entrees-delai-de-traitement-compris-entre-5-et-10-jours\/","og_site_name":"Visa Travel International","article_modified_time":"2026-02-13T12:00:21+00:00","twitter_card":"summary_large_image","schema":{"@context":"https:\/\/schema.org","@graph":[{"@type":"WebPage","@id":"https:\/\/www.visatravel.fr\/product\/irak-visa-affaires-multiples-entrees-delai-de-traitement-compris-entre-5-et-10-jours\/","url":"https:\/\/www.visatravel.fr\/product\/irak-visa-affaires-multiples-entrees-delai-de-traitement-compris-entre-5-et-10-jours\/","name":"Irak - Visa Affaires multiples entr\u00e9es - D\u00e9lai de traitement compris entre 5 et 10 jours - Visa Travel International","isPartOf":{"@id":"https:\/\/www.visatravel.fr\/en\/#website"},"datePublished":"2021-03-12T09:44:22+00:00","dateModified":"2026-02-13T12:00:21+00:00","description":"Ce Visas valable pour plusieurs entr\u00e9es, sur une p\u00e9riode d\u00e9finie par la demande, est valable \u00e0 compter de la date de d\u00e9livrance. La dur\u00e9e maximale par s\u00e9jour est de 30 jours.","breadcrumb":{"@id":"https:\/\/www.visatravel.fr\/product\/irak-visa-affaires-multiples-entrees-delai-de-traitement-compris-entre-5-et-10-jours\/#breadcrumb"},"inLanguage":"en-US","potentialAction":[{"@type":"ReadAction","target":["https:\/\/www.visatravel.fr\/product\/irak-visa-affaires-multiples-entrees-delai-de-traitement-compris-entre-5-et-10-jours\/"]}]},{"@type":"BreadcrumbList","@id":"https:\/\/www.visatravel.fr\/product\/irak-visa-affaires-multiples-entrees-delai-de-traitement-compris-entre-5-et-10-jours\/#breadcrumb","itemListElement":[{"@type":"ListItem","position":1,"name":"Home","item":"https:\/\/www.visatravel.fr\/en\/"},{"@type":"ListItem","position":2,"name":"Products","item":"https:\/\/www.visatravel.fr\/en\/shop\/"},{"@type":"ListItem","position":3,"name":"Irak &#8211; Visa Affaires multiples entr\u00e9es &#8211; D\u00e9lai de traitement compris entre 5 et 10 jours"}]},{"@type":"WebSite","@id":"https:\/\/www.visatravel.fr\/en\/#website","url":"https:\/\/www.visatravel.fr\/en\/","name":"Visa Travel International","description":"Visa Travel International est une soci\u00e9t\u00e9 fran\u00e7aise d\u00e9di\u00e9e \u00e0 la mobilit\u00e9 dans le monde, dirig\u00e9e par des professionnels du tourisme \u00e0 votre \u00e9coute.","potentialAction":[{"@type":"SearchAction","target":{"@type":"EntryPoint","urlTemplate":"https:\/\/www.visatravel.fr\/en\/?s={search_term_string}"},"query-input":"required name=search_term_string"}],"inLanguage":"en-US"}]}},"_links":{"self":[{"href":"https:\/\/www.visatravel.fr\/en\/wp-json\/wp\/v2\/product\/264148"}],"collection":[{"href":"https:\/\/www.visatravel.fr\/en\/wp-json\/wp\/v2\/product"}],"about":[{"href":"https:\/\/www.visatravel.fr\/en\/wp-json\/wp\/v2\/types\/product"}],"wp:attachment":[{"href":"https:\/\/www.visatravel.fr\/en\/wp-json\/wp\/v2\/media?parent=264148"}],"wp:term":[{"taxonomy":"product_cat","embeddable":true,"href":"https:\/\/www.visatravel.fr\/en\/wp-json\/wp\/v2\/product_cat?post=264148"},{"taxonomy":"product_tag","embeddable":true,"href":"https:\/\/www.visatravel.fr\/en\/wp-json\/wp\/v2\/product_tag?post=264148"}],"curies":[{"name":"wp","href":"https:\/\/api.w.org\/{rel}","templated":true}]}}