{"id":259805,"date":"2021-02-04T10:52:58","date_gmt":"2021-02-04T10:52:58","guid":{"rendered":"https:\/\/www.visatravel.fr\/product\/legalization\/"},"modified":"2026-01-20T10:11:54","modified_gmt":"2026-01-20T10:11:54","slug":"legalization-pack","status":"publish","type":"product","link":"https:\/\/www.visatravel.fr\/en\/product\/legalization-pack\/","title":{"rendered":"Legalization Pack (includes CCI\/MAE)"},"content":{"rendered":"<p>This pack includes procedures with the Chamber of Commerce and Industry, the Ministry of Foreign Affairs or the Court of Appeal.<\/p>\n<p>This pack does not include the Consular Fees specific to each country and depending on the request for legalization made.<\/p>\n<p>The fees applied to the MFA are &#8220;generally&#8221; 10 euros per page to be legalized and are free when it concerns the Court of Appeal in the context of an Apostille.<\/p>\n<p>For the ICC and the consulate or embassy, \u200b\u200bthe prices vary depending on the type and volume of the document to be authenticated.<\/p>\n<p>Once Legalization has been finalized by us, it will then be necessary to complete the payment already made either by Credit Card, Bank Transfer or by calling us on 01 42 25 13 65 or by coming to our offices at 116 rue Lauriston 75116 Paris<\/p>\n","protected":false},"excerpt":{"rendered":"<p>Sont inclus dans ce pack les d\u00e9marches aupr\u00e8s de la Chambre de Commerce et d\u2019Industrie, du Minist\u00e8re des Affaires Etrang\u00e8res ou de la Cour d\u2019Appel. <\/p>\n<p>Ce pack n\u2019inclut pas les Frais Consulaires propres \u00e0 chaque pays et d\u00e9pendant de la demande de l\u00e9galisation formul\u00e9e. <\/p>\n<p>Les frais appliqu\u00e9s aupr\u00e8s du MAE sont &#8220;g\u00e9n\u00e9ralement&#8221; de 10 euros par page \u00e0 l\u00e9galiser et sont gratuits lorsque cela concerne la Cour d\u2019Appel dans le cadre d\u2019une Apostille. <\/p>\n<p>Pour ce qui est de la CCI et du consulat ou de l\u2019ambassade, les tarifs varient selon le type et le volume du document \u00e0 faire authentifier.<\/p>\n<p>Une fois la L\u00e9galisation finalis\u00e9e par nos soins, il sera alors n\u00e9cessaire d&#8217;effectuer le compl\u00e9ment au r\u00e8glement d\u00e9j\u00e0 fait soit par Carte Bancaire, Virement Bancaire ou Ch\u00e8que soit en nous appelant au 01 42 25 13 65 soit en passant \u00e0 nos bureaux au 116 rue Lauriston 75116 Paris.<\/p>\n","protected":false},"featured_media":0,"template":"","meta":{"_et_pb_use_builder":"","_et_pb_old_content":"","_et_gb_content_width":""},"product_cat":[677],"product_tag":[],"yoast_head":"<!-- This site is optimized with the Yoast SEO plugin v19.7.1 - https:\/\/yoast.com\/wordpress\/plugins\/seo\/ -->\n<title>Legalization Pack (includes CCI\/MAE) - Visa Travel International<\/title>\n<meta name=\"robots\" content=\"index, follow, max-snippet:-1, max-image-preview:large, max-video-preview:-1\" \/>\n<link rel=\"canonical\" href=\"https:\/\/www.visatravel.fr\/en\/product\/legalization-pack\/\" \/>\n<meta property=\"og:locale\" content=\"en_US\" \/>\n<meta property=\"og:type\" content=\"article\" \/>\n<meta property=\"og:title\" content=\"Legalization Pack (includes CCI\/MAE) - Visa Travel International\" \/>\n<meta property=\"og:description\" content=\"Sont inclus dans ce pack les d\u00e9marches aupr\u00e8s de la Chambre de Commerce et d\u2019Industrie, du Minist\u00e8re des Affaires Etrang\u00e8res ou de la Cour d\u2019Appel.   Ce pack n\u2019inclut pas les Frais Consulaires propres \u00e0 chaque pays et d\u00e9pendant de la demande de l\u00e9galisation formul\u00e9e.  Les frais appliqu\u00e9s aupr\u00e8s du MAE sont &quot;g\u00e9n\u00e9ralement&quot; de 10 euros par page \u00e0 l\u00e9galiser et sont gratuits lorsque cela concerne la Cour d\u2019Appel dans le cadre d\u2019une Apostille.  Pour ce qui est de la CCI et du consulat ou de l\u2019ambassade, les tarifs varient selon le type et le volume du document \u00e0 faire authentifier.  Une fois la L\u00e9galisation finalis\u00e9e par nos soins, il sera alors n\u00e9cessaire d&#039;effectuer le compl\u00e9ment au r\u00e8glement d\u00e9j\u00e0 fait soit par Carte Bancaire, Virement Bancaire ou Ch\u00e8que soit en nous appelant au 01 42 25 13 65 soit en passant \u00e0 nos bureaux au 116 rue Lauriston 75116 Paris.\" \/>\n<meta property=\"og:url\" content=\"https:\/\/www.visatravel.fr\/en\/product\/legalization-pack\/\" \/>\n<meta property=\"og:site_name\" content=\"Visa Travel International\" \/>\n<meta property=\"article:modified_time\" content=\"2026-01-20T10:11:54+00:00\" \/>\n<meta name=\"twitter:card\" content=\"summary_large_image\" \/>\n<meta name=\"twitter:label1\" content=\"Est. reading time\" \/>\n\t<meta name=\"twitter:data1\" content=\"1 minute\" \/>\n<script type=\"application\/ld+json\" class=\"yoast-schema-graph\">{\"@context\":\"https:\/\/schema.org\",\"@graph\":[{\"@type\":\"WebPage\",\"@id\":\"https:\/\/www.visatravel.fr\/en\/product\/legalization-pack\/\",\"url\":\"https:\/\/www.visatravel.fr\/en\/product\/legalization-pack\/\",\"name\":\"Legalization Pack (includes CCI\/MAE) - Visa Travel International\",\"isPartOf\":{\"@id\":\"https:\/\/www.visatravel.fr\/en\/#website\"},\"datePublished\":\"2021-02-04T10:52:58+00:00\",\"dateModified\":\"2026-01-20T10:11:54+00:00\",\"breadcrumb\":{\"@id\":\"https:\/\/www.visatravel.fr\/en\/product\/legalization-pack\/#breadcrumb\"},\"inLanguage\":\"en-US\",\"potentialAction\":[{\"@type\":\"ReadAction\",\"target\":[\"https:\/\/www.visatravel.fr\/en\/product\/legalization-pack\/\"]}]},{\"@type\":\"BreadcrumbList\",\"@id\":\"https:\/\/www.visatravel.fr\/en\/product\/legalization-pack\/#breadcrumb\",\"itemListElement\":[{\"@type\":\"ListItem\",\"position\":1,\"name\":\"Home\",\"item\":\"https:\/\/www.visatravel.fr\/en\/\"},{\"@type\":\"ListItem\",\"position\":2,\"name\":\"Products\",\"item\":\"https:\/\/www.visatravel.fr\/en\/shop\/\"},{\"@type\":\"ListItem\",\"position\":3,\"name\":\"Legalization Pack (includes CCI\/MAE)\"}]},{\"@type\":\"WebSite\",\"@id\":\"https:\/\/www.visatravel.fr\/en\/#website\",\"url\":\"https:\/\/www.visatravel.fr\/en\/\",\"name\":\"Visa Travel International\",\"description\":\"Visa Travel International est une soci\u00e9t\u00e9 fran\u00e7aise d\u00e9di\u00e9e \u00e0 la mobilit\u00e9 dans le monde, dirig\u00e9e par des professionnels du tourisme \u00e0 votre \u00e9coute.\",\"potentialAction\":[{\"@type\":\"SearchAction\",\"target\":{\"@type\":\"EntryPoint\",\"urlTemplate\":\"https:\/\/www.visatravel.fr\/en\/?s={search_term_string}\"},\"query-input\":\"required name=search_term_string\"}],\"inLanguage\":\"en-US\"}]}<\/script>\n<!-- \/ Yoast SEO plugin. -->","yoast_head_json":{"title":"Legalization Pack (includes CCI\/MAE) - Visa Travel International","robots":{"index":"index","follow":"follow","max-snippet":"max-snippet:-1","max-image-preview":"max-image-preview:large","max-video-preview":"max-video-preview:-1"},"canonical":"https:\/\/www.visatravel.fr\/en\/product\/legalization-pack\/","og_locale":"en_US","og_type":"article","og_title":"Legalization Pack (includes CCI\/MAE) - Visa Travel International","og_description":"Sont inclus dans ce pack les d\u00e9marches aupr\u00e8s de la Chambre de Commerce et d\u2019Industrie, du Minist\u00e8re des Affaires Etrang\u00e8res ou de la Cour d\u2019Appel.   Ce pack n\u2019inclut pas les Frais Consulaires propres \u00e0 chaque pays et d\u00e9pendant de la demande de l\u00e9galisation formul\u00e9e.  Les frais appliqu\u00e9s aupr\u00e8s du MAE sont \"g\u00e9n\u00e9ralement\" de 10 euros par page \u00e0 l\u00e9galiser et sont gratuits lorsque cela concerne la Cour d\u2019Appel dans le cadre d\u2019une Apostille.  Pour ce qui est de la CCI et du consulat ou de l\u2019ambassade, les tarifs varient selon le type et le volume du document \u00e0 faire authentifier.  Une fois la L\u00e9galisation finalis\u00e9e par nos soins, il sera alors n\u00e9cessaire d'effectuer le compl\u00e9ment au r\u00e8glement d\u00e9j\u00e0 fait soit par Carte Bancaire, Virement Bancaire ou Ch\u00e8que soit en nous appelant au 01 42 25 13 65 soit en passant \u00e0 nos bureaux au 116 rue Lauriston 75116 Paris.","og_url":"https:\/\/www.visatravel.fr\/en\/product\/legalization-pack\/","og_site_name":"Visa Travel International","article_modified_time":"2026-01-20T10:11:54+00:00","twitter_card":"summary_large_image","twitter_misc":{"Est. reading time":"1 minute"},"schema":{"@context":"https:\/\/schema.org","@graph":[{"@type":"WebPage","@id":"https:\/\/www.visatravel.fr\/en\/product\/legalization-pack\/","url":"https:\/\/www.visatravel.fr\/en\/product\/legalization-pack\/","name":"Legalization Pack (includes CCI\/MAE) - Visa Travel International","isPartOf":{"@id":"https:\/\/www.visatravel.fr\/en\/#website"},"datePublished":"2021-02-04T10:52:58+00:00","dateModified":"2026-01-20T10:11:54+00:00","breadcrumb":{"@id":"https:\/\/www.visatravel.fr\/en\/product\/legalization-pack\/#breadcrumb"},"inLanguage":"en-US","potentialAction":[{"@type":"ReadAction","target":["https:\/\/www.visatravel.fr\/en\/product\/legalization-pack\/"]}]},{"@type":"BreadcrumbList","@id":"https:\/\/www.visatravel.fr\/en\/product\/legalization-pack\/#breadcrumb","itemListElement":[{"@type":"ListItem","position":1,"name":"Home","item":"https:\/\/www.visatravel.fr\/en\/"},{"@type":"ListItem","position":2,"name":"Products","item":"https:\/\/www.visatravel.fr\/en\/shop\/"},{"@type":"ListItem","position":3,"name":"Legalization Pack (includes CCI\/MAE)"}]},{"@type":"WebSite","@id":"https:\/\/www.visatravel.fr\/en\/#website","url":"https:\/\/www.visatravel.fr\/en\/","name":"Visa Travel International","description":"Visa Travel International est une soci\u00e9t\u00e9 fran\u00e7aise d\u00e9di\u00e9e \u00e0 la mobilit\u00e9 dans le monde, dirig\u00e9e par des professionnels du tourisme \u00e0 votre \u00e9coute.","potentialAction":[{"@type":"SearchAction","target":{"@type":"EntryPoint","urlTemplate":"https:\/\/www.visatravel.fr\/en\/?s={search_term_string}"},"query-input":"required name=search_term_string"}],"inLanguage":"en-US"}]}},"_links":{"self":[{"href":"https:\/\/www.visatravel.fr\/en\/wp-json\/wp\/v2\/product\/259805"}],"collection":[{"href":"https:\/\/www.visatravel.fr\/en\/wp-json\/wp\/v2\/product"}],"about":[{"href":"https:\/\/www.visatravel.fr\/en\/wp-json\/wp\/v2\/types\/product"}],"wp:attachment":[{"href":"https:\/\/www.visatravel.fr\/en\/wp-json\/wp\/v2\/media?parent=259805"}],"wp:term":[{"taxonomy":"product_cat","embeddable":true,"href":"https:\/\/www.visatravel.fr\/en\/wp-json\/wp\/v2\/product_cat?post=259805"},{"taxonomy":"product_tag","embeddable":true,"href":"https:\/\/www.visatravel.fr\/en\/wp-json\/wp\/v2\/product_tag?post=259805"}],"curies":[{"name":"wp","href":"https:\/\/api.w.org\/{rel}","templated":true}]}}