{"id":259799,"date":"2021-02-04T10:49:22","date_gmt":"2021-02-04T10:49:22","guid":{"rendered":"https:\/\/www.visatravel.fr\/product\/translation-ccfa\/"},"modified":"2021-03-02T15:04:11","modified_gmt":"2021-03-02T15:04:11","slug":"translation-ccfa-pack","status":"publish","type":"product","link":"https:\/\/www.visatravel.fr\/en\/product\/translation-ccfa-pack\/","title":{"rendered":"Translation\/CCFA Pack"},"content":{"rendered":"<p>This pack includes procedures with a sworn translator and \/ or with the Franco-Arab Chamber of Commerce (if necessary).<\/p>\n<p>This pack does not include Consular Fees specific to each country and depending on the translation request made. The fees applied to the CCFA are &#8220;generally&#8221; 61 euros per document.<br \/>\nThe prices for a sworn translation vary depending on the volume of the document to be translated as well as the translation to be performed.<\/p>\n<p>Once the Translation has been finalized by us, it will then be necessary to complete the payment already made either by Credit Card, Bank Transfer or Check or by calling us on 01 42 25 13 65 or by coming to our offices at 116 rue Lauriston 75116 Paris.<\/p>\n","protected":false},"excerpt":{"rendered":"<p>This pack includes procedures with a sworn translator and \/ or with the Franco-Arab Chamber of Commerce (if necessary).<\/p>\n<p>This pack does not include Consular Fees specific to each country and depending on the translation request made. The fees applied to the CCFA are &#8220;generally&#8221; 61 euros per document.<br \/>\nThe prices for a sworn translation vary depending on the volume of the document to be translated as well as the translation to be performed.<\/p>\n<p>Once the Translation has been finalized by us, it will then be necessary to complete the payment already made either by Credit Card, Bank Transfer or Check or by calling us on 01 42 25 13 65 or by coming to our offices at 116 rue Lauriston 75116 Paris.<\/p>\n","protected":false},"featured_media":0,"template":"","meta":{"_et_pb_use_builder":"","_et_pb_old_content":"","_et_gb_content_width":""},"product_cat":[677,678],"product_tag":[],"yoast_head":"<!-- This site is optimized with the Yoast SEO plugin v19.7.1 - https:\/\/yoast.com\/wordpress\/plugins\/seo\/ -->\n<title>Translation\/CCFA Pack - Visa Travel International<\/title>\n<meta name=\"robots\" content=\"index, follow, max-snippet:-1, max-image-preview:large, max-video-preview:-1\" \/>\n<link rel=\"canonical\" href=\"https:\/\/www.visatravel.fr\/en\/product\/translation-ccfa-pack\/\" \/>\n<meta property=\"og:locale\" content=\"en_US\" \/>\n<meta property=\"og:type\" content=\"article\" \/>\n<meta property=\"og:title\" content=\"Translation\/CCFA Pack - Visa Travel International\" \/>\n<meta property=\"og:description\" content=\"This pack includes procedures with a sworn translator and \/ or with the Franco-Arab Chamber of Commerce (if necessary).  This pack does not include Consular Fees specific to each country and depending on the translation request made. The fees applied to the CCFA are &quot;generally&quot; 61 euros per document. The prices for a sworn translation vary depending on the volume of the document to be translated as well as the translation to be performed.  Once the Translation has been finalized by us, it will then be necessary to complete the payment already made either by Credit Card, Bank Transfer or Check or by calling us on 01 42 25 13 65 or by coming to our offices at 116 rue Lauriston 75116 Paris.\" \/>\n<meta property=\"og:url\" content=\"https:\/\/www.visatravel.fr\/en\/product\/translation-ccfa-pack\/\" \/>\n<meta property=\"og:site_name\" content=\"Visa Travel International\" \/>\n<meta property=\"article:modified_time\" content=\"2021-03-02T15:04:11+00:00\" \/>\n<meta name=\"twitter:card\" content=\"summary_large_image\" \/>\n<meta name=\"twitter:label1\" content=\"Est. reading time\" \/>\n\t<meta name=\"twitter:data1\" content=\"1 minute\" \/>\n<script type=\"application\/ld+json\" class=\"yoast-schema-graph\">{\"@context\":\"https:\/\/schema.org\",\"@graph\":[{\"@type\":\"WebPage\",\"@id\":\"https:\/\/www.visatravel.fr\/en\/product\/translation-ccfa-pack\/\",\"url\":\"https:\/\/www.visatravel.fr\/en\/product\/translation-ccfa-pack\/\",\"name\":\"Translation\/CCFA Pack - Visa Travel International\",\"isPartOf\":{\"@id\":\"https:\/\/www.visatravel.fr\/en\/#website\"},\"datePublished\":\"2021-02-04T10:49:22+00:00\",\"dateModified\":\"2021-03-02T15:04:11+00:00\",\"breadcrumb\":{\"@id\":\"https:\/\/www.visatravel.fr\/en\/product\/translation-ccfa-pack\/#breadcrumb\"},\"inLanguage\":\"en-US\",\"potentialAction\":[{\"@type\":\"ReadAction\",\"target\":[\"https:\/\/www.visatravel.fr\/en\/product\/translation-ccfa-pack\/\"]}]},{\"@type\":\"BreadcrumbList\",\"@id\":\"https:\/\/www.visatravel.fr\/en\/product\/translation-ccfa-pack\/#breadcrumb\",\"itemListElement\":[{\"@type\":\"ListItem\",\"position\":1,\"name\":\"Home\",\"item\":\"https:\/\/www.visatravel.fr\/en\/\"},{\"@type\":\"ListItem\",\"position\":2,\"name\":\"Products\",\"item\":\"https:\/\/www.visatravel.fr\/en\/shop\/\"},{\"@type\":\"ListItem\",\"position\":3,\"name\":\"Translation\/CCFA Pack\"}]},{\"@type\":\"WebSite\",\"@id\":\"https:\/\/www.visatravel.fr\/en\/#website\",\"url\":\"https:\/\/www.visatravel.fr\/en\/\",\"name\":\"Visa Travel International\",\"description\":\"Visa Travel International est une soci\u00e9t\u00e9 fran\u00e7aise d\u00e9di\u00e9e \u00e0 la mobilit\u00e9 dans le monde, dirig\u00e9e par des professionnels du tourisme \u00e0 votre \u00e9coute.\",\"potentialAction\":[{\"@type\":\"SearchAction\",\"target\":{\"@type\":\"EntryPoint\",\"urlTemplate\":\"https:\/\/www.visatravel.fr\/en\/?s={search_term_string}\"},\"query-input\":\"required name=search_term_string\"}],\"inLanguage\":\"en-US\"}]}<\/script>\n<!-- \/ Yoast SEO plugin. -->","yoast_head_json":{"title":"Translation\/CCFA Pack - Visa Travel International","robots":{"index":"index","follow":"follow","max-snippet":"max-snippet:-1","max-image-preview":"max-image-preview:large","max-video-preview":"max-video-preview:-1"},"canonical":"https:\/\/www.visatravel.fr\/en\/product\/translation-ccfa-pack\/","og_locale":"en_US","og_type":"article","og_title":"Translation\/CCFA Pack - Visa Travel International","og_description":"This pack includes procedures with a sworn translator and \/ or with the Franco-Arab Chamber of Commerce (if necessary).  This pack does not include Consular Fees specific to each country and depending on the translation request made. The fees applied to the CCFA are \"generally\" 61 euros per document. The prices for a sworn translation vary depending on the volume of the document to be translated as well as the translation to be performed.  Once the Translation has been finalized by us, it will then be necessary to complete the payment already made either by Credit Card, Bank Transfer or Check or by calling us on 01 42 25 13 65 or by coming to our offices at 116 rue Lauriston 75116 Paris.","og_url":"https:\/\/www.visatravel.fr\/en\/product\/translation-ccfa-pack\/","og_site_name":"Visa Travel International","article_modified_time":"2021-03-02T15:04:11+00:00","twitter_card":"summary_large_image","twitter_misc":{"Est. reading time":"1 minute"},"schema":{"@context":"https:\/\/schema.org","@graph":[{"@type":"WebPage","@id":"https:\/\/www.visatravel.fr\/en\/product\/translation-ccfa-pack\/","url":"https:\/\/www.visatravel.fr\/en\/product\/translation-ccfa-pack\/","name":"Translation\/CCFA Pack - Visa Travel International","isPartOf":{"@id":"https:\/\/www.visatravel.fr\/en\/#website"},"datePublished":"2021-02-04T10:49:22+00:00","dateModified":"2021-03-02T15:04:11+00:00","breadcrumb":{"@id":"https:\/\/www.visatravel.fr\/en\/product\/translation-ccfa-pack\/#breadcrumb"},"inLanguage":"en-US","potentialAction":[{"@type":"ReadAction","target":["https:\/\/www.visatravel.fr\/en\/product\/translation-ccfa-pack\/"]}]},{"@type":"BreadcrumbList","@id":"https:\/\/www.visatravel.fr\/en\/product\/translation-ccfa-pack\/#breadcrumb","itemListElement":[{"@type":"ListItem","position":1,"name":"Home","item":"https:\/\/www.visatravel.fr\/en\/"},{"@type":"ListItem","position":2,"name":"Products","item":"https:\/\/www.visatravel.fr\/en\/shop\/"},{"@type":"ListItem","position":3,"name":"Translation\/CCFA Pack"}]},{"@type":"WebSite","@id":"https:\/\/www.visatravel.fr\/en\/#website","url":"https:\/\/www.visatravel.fr\/en\/","name":"Visa Travel International","description":"Visa Travel International est une soci\u00e9t\u00e9 fran\u00e7aise d\u00e9di\u00e9e \u00e0 la mobilit\u00e9 dans le monde, dirig\u00e9e par des professionnels du tourisme \u00e0 votre \u00e9coute.","potentialAction":[{"@type":"SearchAction","target":{"@type":"EntryPoint","urlTemplate":"https:\/\/www.visatravel.fr\/en\/?s={search_term_string}"},"query-input":"required name=search_term_string"}],"inLanguage":"en-US"}]}},"_links":{"self":[{"href":"https:\/\/www.visatravel.fr\/en\/wp-json\/wp\/v2\/product\/259799"}],"collection":[{"href":"https:\/\/www.visatravel.fr\/en\/wp-json\/wp\/v2\/product"}],"about":[{"href":"https:\/\/www.visatravel.fr\/en\/wp-json\/wp\/v2\/types\/product"}],"wp:attachment":[{"href":"https:\/\/www.visatravel.fr\/en\/wp-json\/wp\/v2\/media?parent=259799"}],"wp:term":[{"taxonomy":"product_cat","embeddable":true,"href":"https:\/\/www.visatravel.fr\/en\/wp-json\/wp\/v2\/product_cat?post=259799"},{"taxonomy":"product_tag","embeddable":true,"href":"https:\/\/www.visatravel.fr\/en\/wp-json\/wp\/v2\/product_tag?post=259799"}],"curies":[{"name":"wp","href":"https:\/\/api.w.org\/{rel}","templated":true}]}}