{"id":256394,"date":"2021-04-27T13:04:23","date_gmt":"2021-04-27T13:04:23","guid":{"rendered":"https:\/\/vti.95.179.213.57.altelis.com\/product\/assistance-insurance-90-days\/"},"modified":"2026-01-20T10:11:50","modified_gmt":"2026-01-20T10:11:50","slug":"assistance-insurance-90-days","status":"publish","type":"product","link":"https:\/\/www.visatravel.fr\/en\/product\/assistance-insurance-90-days\/","title":{"rendered":"ASSISTANCE Insurance 31-90 days"},"content":{"rendered":"<p><strong>\u25cf Repatriation or medical transport:<\/strong><br \/>\n<strong>Actual costs<\/strong><\/p>\n<p><strong>\u25cf Medical expenses outside the country of residence:<\/strong><br \/>\n<strong>75 000\u20ac per person and 150 000 \u20ac if country of the extension<\/strong><br \/>\nFranchise : 30 \u20ac \/person<br \/>\nDental franchise: 300 \u20ac.<\/p>\n<p><strong>\u25cf Other guarantees of assistance<\/strong><br \/>\nSee <a href=\"\/wp-content\/uploads\/2021\/01\/VTI-INSURANCES-OFFERINGS-2021.pdf\" target=\"_blank\" rel=\"noopener noreferrer\">pdf<\/a><\/p>\n","protected":false},"excerpt":{"rendered":"<p>\u25cf Repatriation or medical transport: Actual costs \u25cf Medical expenses outside the country of residence: 75 000\u20ac per person and 150 000 \u20ac if country of the extension Franchise : 30 \u20ac \/person Dental franchise: 300 \u20ac. \u25cf Other guarantees of assistance See pdf<\/p>\n","protected":false},"featured_media":0,"template":"","meta":{"_et_pb_use_builder":"","_et_pb_old_content":"","_et_gb_content_width":""},"product_cat":[53,405],"product_tag":[],"yoast_head":"<!-- This site is optimized with the Yoast SEO plugin v19.7.1 - https:\/\/yoast.com\/wordpress\/plugins\/seo\/ -->\n<title>ASSISTANCE Insurance 31-90 days - Visa Travel International<\/title>\n<meta name=\"robots\" content=\"index, follow, max-snippet:-1, max-image-preview:large, max-video-preview:-1\" \/>\n<link rel=\"canonical\" href=\"https:\/\/www.visatravel.fr\/en\/product\/assistance-insurance-90-days\/\" \/>\n<meta property=\"og:locale\" content=\"en_US\" \/>\n<meta property=\"og:type\" content=\"article\" \/>\n<meta property=\"og:title\" content=\"ASSISTANCE Insurance 31-90 days - Visa Travel International\" \/>\n<meta property=\"og:description\" content=\"\u25cf Repatriation or medical transport: Actual costs \u25cf Medical expenses outside the country of residence: 75 000\u20ac per person and 150 000 \u20ac if country of the extension Franchise : 30 \u20ac \/person Dental franchise: 300 \u20ac. \u25cf Other guarantees of assistance See pdf\" \/>\n<meta property=\"og:url\" content=\"https:\/\/www.visatravel.fr\/en\/product\/assistance-insurance-90-days\/\" \/>\n<meta property=\"og:site_name\" content=\"Visa Travel International\" \/>\n<meta property=\"article:modified_time\" content=\"2026-01-20T10:11:50+00:00\" \/>\n<meta name=\"twitter:card\" content=\"summary_large_image\" \/>\n<meta name=\"twitter:label1\" content=\"Est. reading time\" \/>\n\t<meta name=\"twitter:data1\" content=\"1 minute\" \/>\n<script type=\"application\/ld+json\" class=\"yoast-schema-graph\">{\"@context\":\"https:\/\/schema.org\",\"@graph\":[{\"@type\":\"WebPage\",\"@id\":\"https:\/\/www.visatravel.fr\/en\/product\/assistance-insurance-90-days\/\",\"url\":\"https:\/\/www.visatravel.fr\/en\/product\/assistance-insurance-90-days\/\",\"name\":\"ASSISTANCE Insurance 31-90 days - Visa Travel International\",\"isPartOf\":{\"@id\":\"https:\/\/www.visatravel.fr\/en\/#website\"},\"datePublished\":\"2021-04-27T13:04:23+00:00\",\"dateModified\":\"2026-01-20T10:11:50+00:00\",\"breadcrumb\":{\"@id\":\"https:\/\/www.visatravel.fr\/en\/product\/assistance-insurance-90-days\/#breadcrumb\"},\"inLanguage\":\"en-US\",\"potentialAction\":[{\"@type\":\"ReadAction\",\"target\":[\"https:\/\/www.visatravel.fr\/en\/product\/assistance-insurance-90-days\/\"]}]},{\"@type\":\"BreadcrumbList\",\"@id\":\"https:\/\/www.visatravel.fr\/en\/product\/assistance-insurance-90-days\/#breadcrumb\",\"itemListElement\":[{\"@type\":\"ListItem\",\"position\":1,\"name\":\"Home\",\"item\":\"https:\/\/www.visatravel.fr\/en\/\"},{\"@type\":\"ListItem\",\"position\":2,\"name\":\"Products\",\"item\":\"https:\/\/www.visatravel.fr\/en\/shop\/\"},{\"@type\":\"ListItem\",\"position\":3,\"name\":\"ASSISTANCE Insurance 31-90 days\"}]},{\"@type\":\"WebSite\",\"@id\":\"https:\/\/www.visatravel.fr\/en\/#website\",\"url\":\"https:\/\/www.visatravel.fr\/en\/\",\"name\":\"Visa Travel International\",\"description\":\"Visa Travel International est une soci\u00e9t\u00e9 fran\u00e7aise d\u00e9di\u00e9e \u00e0 la mobilit\u00e9 dans le monde, dirig\u00e9e par des professionnels du tourisme \u00e0 votre \u00e9coute.\",\"potentialAction\":[{\"@type\":\"SearchAction\",\"target\":{\"@type\":\"EntryPoint\",\"urlTemplate\":\"https:\/\/www.visatravel.fr\/en\/?s={search_term_string}\"},\"query-input\":\"required name=search_term_string\"}],\"inLanguage\":\"en-US\"}]}<\/script>\n<!-- \/ Yoast SEO plugin. -->","yoast_head_json":{"title":"ASSISTANCE Insurance 31-90 days - Visa Travel International","robots":{"index":"index","follow":"follow","max-snippet":"max-snippet:-1","max-image-preview":"max-image-preview:large","max-video-preview":"max-video-preview:-1"},"canonical":"https:\/\/www.visatravel.fr\/en\/product\/assistance-insurance-90-days\/","og_locale":"en_US","og_type":"article","og_title":"ASSISTANCE Insurance 31-90 days - Visa Travel International","og_description":"\u25cf Repatriation or medical transport: Actual costs \u25cf Medical expenses outside the country of residence: 75 000\u20ac per person and 150 000 \u20ac if country of the extension Franchise : 30 \u20ac \/person Dental franchise: 300 \u20ac. \u25cf Other guarantees of assistance See pdf","og_url":"https:\/\/www.visatravel.fr\/en\/product\/assistance-insurance-90-days\/","og_site_name":"Visa Travel International","article_modified_time":"2026-01-20T10:11:50+00:00","twitter_card":"summary_large_image","twitter_misc":{"Est. reading time":"1 minute"},"schema":{"@context":"https:\/\/schema.org","@graph":[{"@type":"WebPage","@id":"https:\/\/www.visatravel.fr\/en\/product\/assistance-insurance-90-days\/","url":"https:\/\/www.visatravel.fr\/en\/product\/assistance-insurance-90-days\/","name":"ASSISTANCE Insurance 31-90 days - Visa Travel International","isPartOf":{"@id":"https:\/\/www.visatravel.fr\/en\/#website"},"datePublished":"2021-04-27T13:04:23+00:00","dateModified":"2026-01-20T10:11:50+00:00","breadcrumb":{"@id":"https:\/\/www.visatravel.fr\/en\/product\/assistance-insurance-90-days\/#breadcrumb"},"inLanguage":"en-US","potentialAction":[{"@type":"ReadAction","target":["https:\/\/www.visatravel.fr\/en\/product\/assistance-insurance-90-days\/"]}]},{"@type":"BreadcrumbList","@id":"https:\/\/www.visatravel.fr\/en\/product\/assistance-insurance-90-days\/#breadcrumb","itemListElement":[{"@type":"ListItem","position":1,"name":"Home","item":"https:\/\/www.visatravel.fr\/en\/"},{"@type":"ListItem","position":2,"name":"Products","item":"https:\/\/www.visatravel.fr\/en\/shop\/"},{"@type":"ListItem","position":3,"name":"ASSISTANCE Insurance 31-90 days"}]},{"@type":"WebSite","@id":"https:\/\/www.visatravel.fr\/en\/#website","url":"https:\/\/www.visatravel.fr\/en\/","name":"Visa Travel International","description":"Visa Travel International est une soci\u00e9t\u00e9 fran\u00e7aise d\u00e9di\u00e9e \u00e0 la mobilit\u00e9 dans le monde, dirig\u00e9e par des professionnels du tourisme \u00e0 votre \u00e9coute.","potentialAction":[{"@type":"SearchAction","target":{"@type":"EntryPoint","urlTemplate":"https:\/\/www.visatravel.fr\/en\/?s={search_term_string}"},"query-input":"required name=search_term_string"}],"inLanguage":"en-US"}]}},"_links":{"self":[{"href":"https:\/\/www.visatravel.fr\/en\/wp-json\/wp\/v2\/product\/256394"}],"collection":[{"href":"https:\/\/www.visatravel.fr\/en\/wp-json\/wp\/v2\/product"}],"about":[{"href":"https:\/\/www.visatravel.fr\/en\/wp-json\/wp\/v2\/types\/product"}],"wp:attachment":[{"href":"https:\/\/www.visatravel.fr\/en\/wp-json\/wp\/v2\/media?parent=256394"}],"wp:term":[{"taxonomy":"product_cat","embeddable":true,"href":"https:\/\/www.visatravel.fr\/en\/wp-json\/wp\/v2\/product_cat?post=256394"},{"taxonomy":"product_tag","embeddable":true,"href":"https:\/\/www.visatravel.fr\/en\/wp-json\/wp\/v2\/product_tag?post=256394"}],"curies":[{"name":"wp","href":"https:\/\/api.w.org\/{rel}","templated":true}]}}