{"id":256385,"date":"2021-07-27T11:41:36","date_gmt":"2021-07-27T11:41:36","guid":{"rendered":"https:\/\/vti.95.179.213.57.altelis.com\/product\/assistance-cancellation-insurance-pack-30-days\/"},"modified":"2026-01-20T10:11:47","modified_gmt":"2026-01-20T10:11:47","slug":"insurance-pack-assistance-cancellation-30-days","status":"publish","type":"product","link":"https:\/\/www.visatravel.fr\/en\/product\/insurance-pack-assistance-cancellation-30-days\/","title":{"rendered":"Insurance Pack ASSISTANCE + CANCELLATION 16-30 days"},"content":{"rendered":"<p><strong>\u25cf Cancellation fees<\/strong> <br \/>\n&#8211; Serious illness, serious accident, death of the insured and his or her family members up to the second degree (including relapse, aggravation of illness)<br \/>\n&#8211; Pregnancy complications,<br \/>\n&#8211; Psychic, mental or nervous illnesses with hospitalization of more than 4 days,<br \/>\n&#8211; Contraindication and vaccination follow-up <br \/>\n&#8211; Economic layoffs,<br \/>\n&#8211; Serious harm to the home, secondary residence or business premises,<br \/>\n&#8211; Serious damage to the Insured&#8217;s vehicle,<br \/>\n&#8211; Invitation to a remedial exam (university only),<br \/>\n&#8211; Summons to appear in court as a juror, expert, or for the adoption of a child,<br \/>\n&#8211; <strong>Deterioration or loss of passport<\/strong><br \/>\n&#8211; <strong>Late delivery of the passport<\/strong><br \/>\n&#8211; <strong>Refusal of Visa not motivated by the Consulate<\/strong><\/p>\n<p>According to the conditions of the cancellation fee schedule<br \/>\n<strong>6 000\u20ac Maxi \/ person<\/strong><br \/>\n<strong>40 000 \u20ac\/event<\/strong><br \/>\nFranchise : 30 \u20ac\/person<\/p>\n<p><strong>\u25cf Repatriation or medical transport:<\/strong><br \/>\n<strong>Actual costs<\/strong><\/p>\n<p><strong>\u25cf Medical expenses outside the country of residence:<\/strong><br \/>\n<strong>75 000\u20ac per person and 150 000 \u20ac if country of the extension<\/strong><br \/>\nFranchise : 30 \u20ac \/person<br \/>\nDental franchise: 300 \u20ac. <\/p>\n<p><strong>\u25cf Other guarantees of assistance<\/strong><br \/>\nSee <a href=\"\/wp-content\/uploads\/2021\/01\/VTI-INSURANCES-OFFERINGS-2021.pdf\" target=\"_blank\" rel=\"noopener noreferrer\">pdf<\/a><\/p>\n","protected":false},"excerpt":{"rendered":"<p>\u25cf Cancellation fees &#8211; Serious illness, serious accident, death of the insured and his or her family members up to the second degree (including relapse, aggravation of illness) &#8211; Pregnancy complications, &#8211; Psychic, mental or nervous illnesses with hospitalization of more than 4 days, &#8211; Contraindication and vaccination follow-up &#8211; Economic layoffs, &#8211; Serious harm [&hellip;]<\/p>\n","protected":false},"featured_media":0,"template":"","meta":{"_et_pb_use_builder":"","_et_pb_old_content":"","_et_gb_content_width":""},"product_cat":[15,53],"product_tag":[],"yoast_head":"<!-- This site is optimized with the Yoast SEO plugin v19.7.1 - https:\/\/yoast.com\/wordpress\/plugins\/seo\/ -->\n<title>Insurance Pack ASSISTANCE + CANCELLATION 16-30 days - Visa Travel International<\/title>\n<meta name=\"robots\" content=\"index, follow, max-snippet:-1, max-image-preview:large, max-video-preview:-1\" \/>\n<link rel=\"canonical\" href=\"https:\/\/www.visatravel.fr\/en\/product\/insurance-pack-assistance-cancellation-30-days\/\" \/>\n<meta property=\"og:locale\" content=\"en_US\" \/>\n<meta property=\"og:type\" content=\"article\" \/>\n<meta property=\"og:title\" content=\"Insurance Pack ASSISTANCE + CANCELLATION 16-30 days - Visa Travel International\" \/>\n<meta property=\"og:description\" content=\"\u25cf Cancellation fees &#8211; Serious illness, serious accident, death of the insured and his or her family members up to the second degree (including relapse, aggravation of illness) &#8211; Pregnancy complications, &#8211; Psychic, mental or nervous illnesses with hospitalization of more than 4 days, &#8211; Contraindication and vaccination follow-up &#8211; Economic layoffs, &#8211; Serious harm [&hellip;]\" \/>\n<meta property=\"og:url\" content=\"https:\/\/www.visatravel.fr\/en\/product\/insurance-pack-assistance-cancellation-30-days\/\" \/>\n<meta property=\"og:site_name\" content=\"Visa Travel International\" \/>\n<meta property=\"article:modified_time\" content=\"2026-01-20T10:11:47+00:00\" \/>\n<meta name=\"twitter:card\" content=\"summary_large_image\" \/>\n<meta name=\"twitter:label1\" content=\"Est. reading time\" \/>\n\t<meta name=\"twitter:data1\" content=\"1 minute\" \/>\n<script type=\"application\/ld+json\" class=\"yoast-schema-graph\">{\"@context\":\"https:\/\/schema.org\",\"@graph\":[{\"@type\":\"WebPage\",\"@id\":\"https:\/\/www.visatravel.fr\/en\/product\/insurance-pack-assistance-cancellation-30-days\/\",\"url\":\"https:\/\/www.visatravel.fr\/en\/product\/insurance-pack-assistance-cancellation-30-days\/\",\"name\":\"Insurance Pack ASSISTANCE + CANCELLATION 16-30 days - Visa Travel International\",\"isPartOf\":{\"@id\":\"https:\/\/www.visatravel.fr\/en\/#website\"},\"datePublished\":\"2021-07-27T11:41:36+00:00\",\"dateModified\":\"2026-01-20T10:11:47+00:00\",\"breadcrumb\":{\"@id\":\"https:\/\/www.visatravel.fr\/en\/product\/insurance-pack-assistance-cancellation-30-days\/#breadcrumb\"},\"inLanguage\":\"en-US\",\"potentialAction\":[{\"@type\":\"ReadAction\",\"target\":[\"https:\/\/www.visatravel.fr\/en\/product\/insurance-pack-assistance-cancellation-30-days\/\"]}]},{\"@type\":\"BreadcrumbList\",\"@id\":\"https:\/\/www.visatravel.fr\/en\/product\/insurance-pack-assistance-cancellation-30-days\/#breadcrumb\",\"itemListElement\":[{\"@type\":\"ListItem\",\"position\":1,\"name\":\"Home\",\"item\":\"https:\/\/www.visatravel.fr\/en\/\"},{\"@type\":\"ListItem\",\"position\":2,\"name\":\"Products\",\"item\":\"https:\/\/www.visatravel.fr\/en\/shop\/\"},{\"@type\":\"ListItem\",\"position\":3,\"name\":\"Insurance Pack ASSISTANCE + CANCELLATION 16-30 days\"}]},{\"@type\":\"WebSite\",\"@id\":\"https:\/\/www.visatravel.fr\/en\/#website\",\"url\":\"https:\/\/www.visatravel.fr\/en\/\",\"name\":\"Visa Travel International\",\"description\":\"Visa Travel International est une soci\u00e9t\u00e9 fran\u00e7aise d\u00e9di\u00e9e \u00e0 la mobilit\u00e9 dans le monde, dirig\u00e9e par des professionnels du tourisme \u00e0 votre \u00e9coute.\",\"potentialAction\":[{\"@type\":\"SearchAction\",\"target\":{\"@type\":\"EntryPoint\",\"urlTemplate\":\"https:\/\/www.visatravel.fr\/en\/?s={search_term_string}\"},\"query-input\":\"required name=search_term_string\"}],\"inLanguage\":\"en-US\"}]}<\/script>\n<!-- \/ Yoast SEO plugin. -->","yoast_head_json":{"title":"Insurance Pack ASSISTANCE + CANCELLATION 16-30 days - Visa Travel International","robots":{"index":"index","follow":"follow","max-snippet":"max-snippet:-1","max-image-preview":"max-image-preview:large","max-video-preview":"max-video-preview:-1"},"canonical":"https:\/\/www.visatravel.fr\/en\/product\/insurance-pack-assistance-cancellation-30-days\/","og_locale":"en_US","og_type":"article","og_title":"Insurance Pack ASSISTANCE + CANCELLATION 16-30 days - Visa Travel International","og_description":"\u25cf Cancellation fees &#8211; Serious illness, serious accident, death of the insured and his or her family members up to the second degree (including relapse, aggravation of illness) &#8211; Pregnancy complications, &#8211; Psychic, mental or nervous illnesses with hospitalization of more than 4 days, &#8211; Contraindication and vaccination follow-up &#8211; Economic layoffs, &#8211; Serious harm [&hellip;]","og_url":"https:\/\/www.visatravel.fr\/en\/product\/insurance-pack-assistance-cancellation-30-days\/","og_site_name":"Visa Travel International","article_modified_time":"2026-01-20T10:11:47+00:00","twitter_card":"summary_large_image","twitter_misc":{"Est. reading time":"1 minute"},"schema":{"@context":"https:\/\/schema.org","@graph":[{"@type":"WebPage","@id":"https:\/\/www.visatravel.fr\/en\/product\/insurance-pack-assistance-cancellation-30-days\/","url":"https:\/\/www.visatravel.fr\/en\/product\/insurance-pack-assistance-cancellation-30-days\/","name":"Insurance Pack ASSISTANCE + CANCELLATION 16-30 days - Visa Travel International","isPartOf":{"@id":"https:\/\/www.visatravel.fr\/en\/#website"},"datePublished":"2021-07-27T11:41:36+00:00","dateModified":"2026-01-20T10:11:47+00:00","breadcrumb":{"@id":"https:\/\/www.visatravel.fr\/en\/product\/insurance-pack-assistance-cancellation-30-days\/#breadcrumb"},"inLanguage":"en-US","potentialAction":[{"@type":"ReadAction","target":["https:\/\/www.visatravel.fr\/en\/product\/insurance-pack-assistance-cancellation-30-days\/"]}]},{"@type":"BreadcrumbList","@id":"https:\/\/www.visatravel.fr\/en\/product\/insurance-pack-assistance-cancellation-30-days\/#breadcrumb","itemListElement":[{"@type":"ListItem","position":1,"name":"Home","item":"https:\/\/www.visatravel.fr\/en\/"},{"@type":"ListItem","position":2,"name":"Products","item":"https:\/\/www.visatravel.fr\/en\/shop\/"},{"@type":"ListItem","position":3,"name":"Insurance Pack ASSISTANCE + CANCELLATION 16-30 days"}]},{"@type":"WebSite","@id":"https:\/\/www.visatravel.fr\/en\/#website","url":"https:\/\/www.visatravel.fr\/en\/","name":"Visa Travel International","description":"Visa Travel International est une soci\u00e9t\u00e9 fran\u00e7aise d\u00e9di\u00e9e \u00e0 la mobilit\u00e9 dans le monde, dirig\u00e9e par des professionnels du tourisme \u00e0 votre \u00e9coute.","potentialAction":[{"@type":"SearchAction","target":{"@type":"EntryPoint","urlTemplate":"https:\/\/www.visatravel.fr\/en\/?s={search_term_string}"},"query-input":"required name=search_term_string"}],"inLanguage":"en-US"}]}},"_links":{"self":[{"href":"https:\/\/www.visatravel.fr\/en\/wp-json\/wp\/v2\/product\/256385"}],"collection":[{"href":"https:\/\/www.visatravel.fr\/en\/wp-json\/wp\/v2\/product"}],"about":[{"href":"https:\/\/www.visatravel.fr\/en\/wp-json\/wp\/v2\/types\/product"}],"wp:attachment":[{"href":"https:\/\/www.visatravel.fr\/en\/wp-json\/wp\/v2\/media?parent=256385"}],"wp:term":[{"taxonomy":"product_cat","embeddable":true,"href":"https:\/\/www.visatravel.fr\/en\/wp-json\/wp\/v2\/product_cat?post=256385"},{"taxonomy":"product_tag","embeddable":true,"href":"https:\/\/www.visatravel.fr\/en\/wp-json\/wp\/v2\/product_tag?post=256385"}],"curies":[{"name":"wp","href":"https:\/\/api.w.org\/{rel}","templated":true}]}}