{"id":256317,"date":"2021-01-27T09:42:25","date_gmt":"2021-01-27T09:42:25","guid":{"rendered":"https:\/\/vti.95.179.213.57.altelis.com\/product\/brazil-vivis-visit-visa\/"},"modified":"2026-02-27T16:08:47","modified_gmt":"2026-02-27T16:08:47","slug":"brazil-vivis-visit-visa","status":"publish","type":"product","link":"https:\/\/www.visatravel.fr\/en\/product\/brazil-vivis-visit-visa\/","title":{"rendered":"Brazil &#8211; VIVIS Visit Visa"},"content":{"rendered":"<p>Tourism; Visiting family and\/or friends; Transit; Conferences, seminars, fairs, conventions or meetings; Artistic or sporting activities (including technicians and other professionals who, as an incidental activity, participate in the artist&#8217;s or athlete&#8217;s activity); Voluntary service; Studies, research, teaching or scientific cooperation; Corporate events; Media coverage or filming and reporting; Business (commercial prospecting, signing contracts, auditing); Member of a crew of an airplane or ship; Adoption.<\/p>\n<p>Documents to be provided via this <a href=\"http:\/\/cgparis.itamaraty.gov.br\/fr\/visa_de_visite.xml\" target=\"_blank\" rel=\"noopener noreferrer\">link<\/a>.<\/p>\n","protected":false},"excerpt":{"rendered":"<p>Tourism; Visiting family and\/or friends; Transit; Conferences, seminars, fairs, conventions or meetings; Artistic or sporting activities (including technicians and other professionals who, as an incidental activity, participate in the artist&#8217;s or athlete&#8217;s activity); Voluntary service; Studies, research, teaching or scientific cooperation; Corporate events; Media coverage or filming and reporting; Business (commercial prospecting, signing contracts, auditing); Member of a crew of an airplane or ship; Adoption.<\/p>\n<p>Documents to be provided via this <a href=\"http:\/\/cgparis.itamaraty.gov.br\/fr\/visa_de_visite.xml\" target=\"_blank\" rel=\"noopener noreferrer\">link<\/a>.<\/p>\n","protected":false},"featured_media":0,"template":"","meta":{"_et_pb_use_builder":"","_et_pb_old_content":"","_et_gb_content_width":""},"product_cat":[45],"product_tag":[605],"yoast_head":"<!-- This site is optimized with the Yoast SEO plugin v19.7.1 - https:\/\/yoast.com\/wordpress\/plugins\/seo\/ -->\n<title>Brazil - VIVIS Visit Visa - Visa Travel International<\/title>\n<meta name=\"robots\" content=\"index, follow, max-snippet:-1, max-image-preview:large, max-video-preview:-1\" \/>\n<link rel=\"canonical\" href=\"https:\/\/www.visatravel.fr\/en\/product\/brazil-vivis-visit-visa\/\" \/>\n<meta property=\"og:locale\" content=\"en_US\" \/>\n<meta property=\"og:type\" content=\"article\" \/>\n<meta property=\"og:title\" content=\"Brazil - VIVIS Visit Visa - Visa Travel International\" \/>\n<meta property=\"og:description\" content=\"Tourism; Visiting family and\/or friends; Transit; Conferences, seminars, fairs, conventions or meetings; Artistic or sporting activities (including technicians and other professionals who, as an incidental activity, participate in the artist&#039;s or athlete&#039;s activity); Voluntary service; Studies, research, teaching or scientific cooperation; Corporate events; Media coverage or filming and reporting; Business (commercial prospecting, signing contracts, auditing); Member of a crew of an airplane or ship; Adoption. Documents to be provided via this link.\" \/>\n<meta property=\"og:url\" content=\"https:\/\/www.visatravel.fr\/en\/product\/brazil-vivis-visit-visa\/\" \/>\n<meta property=\"og:site_name\" content=\"Visa Travel International\" \/>\n<meta property=\"article:modified_time\" content=\"2026-02-27T16:08:47+00:00\" \/>\n<meta name=\"twitter:card\" content=\"summary_large_image\" \/>\n<script type=\"application\/ld+json\" class=\"yoast-schema-graph\">{\"@context\":\"https:\/\/schema.org\",\"@graph\":[{\"@type\":\"WebPage\",\"@id\":\"https:\/\/www.visatravel.fr\/en\/product\/brazil-vivis-visit-visa\/\",\"url\":\"https:\/\/www.visatravel.fr\/en\/product\/brazil-vivis-visit-visa\/\",\"name\":\"Brazil - VIVIS Visit Visa - Visa Travel International\",\"isPartOf\":{\"@id\":\"https:\/\/www.visatravel.fr\/en\/#website\"},\"datePublished\":\"2021-01-27T09:42:25+00:00\",\"dateModified\":\"2026-02-27T16:08:47+00:00\",\"breadcrumb\":{\"@id\":\"https:\/\/www.visatravel.fr\/en\/product\/brazil-vivis-visit-visa\/#breadcrumb\"},\"inLanguage\":\"en-US\",\"potentialAction\":[{\"@type\":\"ReadAction\",\"target\":[\"https:\/\/www.visatravel.fr\/en\/product\/brazil-vivis-visit-visa\/\"]}]},{\"@type\":\"BreadcrumbList\",\"@id\":\"https:\/\/www.visatravel.fr\/en\/product\/brazil-vivis-visit-visa\/#breadcrumb\",\"itemListElement\":[{\"@type\":\"ListItem\",\"position\":1,\"name\":\"Home\",\"item\":\"https:\/\/www.visatravel.fr\/en\/\"},{\"@type\":\"ListItem\",\"position\":2,\"name\":\"Products\",\"item\":\"https:\/\/www.visatravel.fr\/en\/shop\/\"},{\"@type\":\"ListItem\",\"position\":3,\"name\":\"Brazil &#8211; VIVIS Visit Visa\"}]},{\"@type\":\"WebSite\",\"@id\":\"https:\/\/www.visatravel.fr\/en\/#website\",\"url\":\"https:\/\/www.visatravel.fr\/en\/\",\"name\":\"Visa Travel International\",\"description\":\"Visa Travel International est une soci\u00e9t\u00e9 fran\u00e7aise d\u00e9di\u00e9e \u00e0 la mobilit\u00e9 dans le monde, dirig\u00e9e par des professionnels du tourisme \u00e0 votre \u00e9coute.\",\"potentialAction\":[{\"@type\":\"SearchAction\",\"target\":{\"@type\":\"EntryPoint\",\"urlTemplate\":\"https:\/\/www.visatravel.fr\/en\/?s={search_term_string}\"},\"query-input\":\"required name=search_term_string\"}],\"inLanguage\":\"en-US\"}]}<\/script>\n<!-- \/ Yoast SEO plugin. -->","yoast_head_json":{"title":"Brazil - VIVIS Visit Visa - Visa Travel International","robots":{"index":"index","follow":"follow","max-snippet":"max-snippet:-1","max-image-preview":"max-image-preview:large","max-video-preview":"max-video-preview:-1"},"canonical":"https:\/\/www.visatravel.fr\/en\/product\/brazil-vivis-visit-visa\/","og_locale":"en_US","og_type":"article","og_title":"Brazil - VIVIS Visit Visa - Visa Travel International","og_description":"Tourism; Visiting family and\/or friends; Transit; Conferences, seminars, fairs, conventions or meetings; Artistic or sporting activities (including technicians and other professionals who, as an incidental activity, participate in the artist's or athlete's activity); Voluntary service; Studies, research, teaching or scientific cooperation; Corporate events; Media coverage or filming and reporting; Business (commercial prospecting, signing contracts, auditing); Member of a crew of an airplane or ship; Adoption. Documents to be provided via this link.","og_url":"https:\/\/www.visatravel.fr\/en\/product\/brazil-vivis-visit-visa\/","og_site_name":"Visa Travel International","article_modified_time":"2026-02-27T16:08:47+00:00","twitter_card":"summary_large_image","schema":{"@context":"https:\/\/schema.org","@graph":[{"@type":"WebPage","@id":"https:\/\/www.visatravel.fr\/en\/product\/brazil-vivis-visit-visa\/","url":"https:\/\/www.visatravel.fr\/en\/product\/brazil-vivis-visit-visa\/","name":"Brazil - VIVIS Visit Visa - Visa Travel International","isPartOf":{"@id":"https:\/\/www.visatravel.fr\/en\/#website"},"datePublished":"2021-01-27T09:42:25+00:00","dateModified":"2026-02-27T16:08:47+00:00","breadcrumb":{"@id":"https:\/\/www.visatravel.fr\/en\/product\/brazil-vivis-visit-visa\/#breadcrumb"},"inLanguage":"en-US","potentialAction":[{"@type":"ReadAction","target":["https:\/\/www.visatravel.fr\/en\/product\/brazil-vivis-visit-visa\/"]}]},{"@type":"BreadcrumbList","@id":"https:\/\/www.visatravel.fr\/en\/product\/brazil-vivis-visit-visa\/#breadcrumb","itemListElement":[{"@type":"ListItem","position":1,"name":"Home","item":"https:\/\/www.visatravel.fr\/en\/"},{"@type":"ListItem","position":2,"name":"Products","item":"https:\/\/www.visatravel.fr\/en\/shop\/"},{"@type":"ListItem","position":3,"name":"Brazil &#8211; VIVIS Visit Visa"}]},{"@type":"WebSite","@id":"https:\/\/www.visatravel.fr\/en\/#website","url":"https:\/\/www.visatravel.fr\/en\/","name":"Visa Travel International","description":"Visa Travel International est une soci\u00e9t\u00e9 fran\u00e7aise d\u00e9di\u00e9e \u00e0 la mobilit\u00e9 dans le monde, dirig\u00e9e par des professionnels du tourisme \u00e0 votre \u00e9coute.","potentialAction":[{"@type":"SearchAction","target":{"@type":"EntryPoint","urlTemplate":"https:\/\/www.visatravel.fr\/en\/?s={search_term_string}"},"query-input":"required name=search_term_string"}],"inLanguage":"en-US"}]}},"_links":{"self":[{"href":"https:\/\/www.visatravel.fr\/en\/wp-json\/wp\/v2\/product\/256317"}],"collection":[{"href":"https:\/\/www.visatravel.fr\/en\/wp-json\/wp\/v2\/product"}],"about":[{"href":"https:\/\/www.visatravel.fr\/en\/wp-json\/wp\/v2\/types\/product"}],"wp:attachment":[{"href":"https:\/\/www.visatravel.fr\/en\/wp-json\/wp\/v2\/media?parent=256317"}],"wp:term":[{"taxonomy":"product_cat","embeddable":true,"href":"https:\/\/www.visatravel.fr\/en\/wp-json\/wp\/v2\/product_cat?post=256317"},{"taxonomy":"product_tag","embeddable":true,"href":"https:\/\/www.visatravel.fr\/en\/wp-json\/wp\/v2\/product_tag?post=256317"}],"curies":[{"name":"wp","href":"https:\/\/api.w.org\/{rel}","templated":true}]}}