{"id":256297,"date":"2021-01-27T09:16:11","date_gmt":"2021-01-27T09:16:11","guid":{"rendered":"https:\/\/vti.95.179.213.57.altelis.com\/product\/bresil-travail-assistance-technique-avec-ou-sans-contrat-de-travail\/"},"modified":"2026-02-13T12:00:13","modified_gmt":"2026-02-13T12:00:13","slug":"bresil-travail-assistance-technique-avec-ou-sans-contrat-de-travail","status":"publish","type":"product","link":"https:\/\/www.visatravel.fr\/en\/product\/bresil-travail-assistance-technique-avec-ou-sans-contrat-de-travail\/","title":{"rendered":"Br\u00e9sil &#8211; Travail, Assistance technique (avec ou sans contrat de travail) &#8211; Visa Temp V"},"content":{"rendered":"<p>Travail, Assistance technique (avec ou sans contrat de travail), \u00e9migr\u00e9 avec contrat de travail br\u00e9silien, stagiaire aupr\u00e8s d&#8217;entreprises*, membre de l&#8217;\u00e9quipage d&#8217;un navire<\/p>\n<p>* D&#8217;apr\u00e8s la RN (&#8220;Resolu\u00e7\u00e3o Normativa&#8221; du Conseil National d&#8217;Immigration &#8211; CNI) 42\/99, Le VITEM V ne s&#8217;applique qu&#8217;au stagiaire sous contrat avec une entreprise en France, pour un stage aupr\u00e8s d&#8217;une subsidiaire ou filiale br\u00e9silienne, pay\u00e9 par une source de l&#8217;\u00e9tranger.<\/p>\n<p>Les documents \u00e0 fournir via ce <a href=\"http:\/\/cgparis.itamaraty.gov.br\/fr\/vitem_v_-_travail.xml\" target=\"_blank\" rel=\"noopener noreferrer\">lien<\/a>.<\/p>\n","protected":false},"excerpt":{"rendered":"<p>Travail, Assistance technique (avec ou sans contrat de travail), \u00e9migr\u00e9 avec contrat de travail br\u00e9silien, stagiaire aupr\u00e8s d&#8217;entreprises*, membre de l&#8217;\u00e9quipage d&#8217;un navire<\/p>\n<p>* D&#8217;apr\u00e8s la RN (&#8220;Resolu\u00e7\u00e3o Normativa&#8221; du Conseil National d&#8217;Immigration &#8211; CNI) 42\/99, Le VITEM V ne s&#8217;applique qu&#8217;au stagiaire sous contrat avec une entreprise en France, pour un stage aupr\u00e8s d&#8217;une subsidiaire ou filiale br\u00e9silienne, pay\u00e9 par une source de l&#8217;\u00e9tranger.<\/p>\n<p>Les documents \u00e0 fournir via ce <a href=\"http:\/\/cgparis.itamaraty.gov.br\/fr\/vitem_v_-_travail.xml\" target=\"_blank\" rel=\"noopener noreferrer\">lien<\/a>.<\/p>\n","protected":false},"featured_media":0,"template":"","meta":{"_et_pb_use_builder":"","_et_pb_old_content":"","_et_gb_content_width":""},"product_cat":[45],"product_tag":[605],"yoast_head":"<!-- This site is optimized with the Yoast SEO plugin v19.7.1 - https:\/\/yoast.com\/wordpress\/plugins\/seo\/ -->\n<title>Br\u00e9sil - Travail, Assistance technique (avec ou sans contrat de travail) - Visa Temp V - Visa Travel International<\/title>\n<meta name=\"robots\" content=\"index, follow, max-snippet:-1, max-image-preview:large, max-video-preview:-1\" \/>\n<link rel=\"canonical\" href=\"https:\/\/www.visatravel.fr\/product\/bresil-travail-assistance-technique-avec-ou-sans-contrat-de-travail\/\" \/>\n<meta property=\"og:locale\" content=\"en_US\" \/>\n<meta property=\"og:type\" content=\"article\" \/>\n<meta property=\"og:title\" content=\"Br\u00e9sil - Travail, Assistance technique (avec ou sans contrat de travail) - Visa Temp V - Visa Travel International\" \/>\n<meta property=\"og:description\" content=\"Travail, Assistance technique (avec ou sans contrat de travail), \u00e9migr\u00e9 avec contrat de travail br\u00e9silien, stagiaire aupr\u00e8s d&#039;entreprises*, membre de l&#039;\u00e9quipage d&#039;un navire * D&#039;apr\u00e8s la RN (&quot;Resolu\u00e7\u00e3o Normativa&quot; du Conseil National d&#039;Immigration - CNI) 42\/99, Le VITEM V ne s&#039;applique qu&#039;au stagiaire sous contrat avec une entreprise en France, pour un stage aupr\u00e8s d&#039;une subsidiaire ou filiale br\u00e9silienne, pay\u00e9 par une source de l&#039;\u00e9tranger.  Les documents \u00e0 fournir via ce lien.\" \/>\n<meta property=\"og:url\" content=\"https:\/\/www.visatravel.fr\/product\/bresil-travail-assistance-technique-avec-ou-sans-contrat-de-travail\/\" \/>\n<meta property=\"og:site_name\" content=\"Visa Travel International\" \/>\n<meta property=\"article:modified_time\" content=\"2026-02-13T12:00:13+00:00\" \/>\n<meta name=\"twitter:card\" content=\"summary_large_image\" \/>\n<meta name=\"twitter:label1\" content=\"Est. reading time\" \/>\n\t<meta name=\"twitter:data1\" content=\"1 minute\" \/>\n<script type=\"application\/ld+json\" class=\"yoast-schema-graph\">{\"@context\":\"https:\/\/schema.org\",\"@graph\":[{\"@type\":\"WebPage\",\"@id\":\"https:\/\/www.visatravel.fr\/product\/bresil-travail-assistance-technique-avec-ou-sans-contrat-de-travail\/\",\"url\":\"https:\/\/www.visatravel.fr\/product\/bresil-travail-assistance-technique-avec-ou-sans-contrat-de-travail\/\",\"name\":\"Br\u00e9sil - Travail, Assistance technique (avec ou sans contrat de travail) - Visa Temp V - Visa Travel International\",\"isPartOf\":{\"@id\":\"https:\/\/www.visatravel.fr\/en\/#website\"},\"datePublished\":\"2021-01-27T09:16:11+00:00\",\"dateModified\":\"2026-02-13T12:00:13+00:00\",\"breadcrumb\":{\"@id\":\"https:\/\/www.visatravel.fr\/product\/bresil-travail-assistance-technique-avec-ou-sans-contrat-de-travail\/#breadcrumb\"},\"inLanguage\":\"en-US\",\"potentialAction\":[{\"@type\":\"ReadAction\",\"target\":[\"https:\/\/www.visatravel.fr\/product\/bresil-travail-assistance-technique-avec-ou-sans-contrat-de-travail\/\"]}]},{\"@type\":\"BreadcrumbList\",\"@id\":\"https:\/\/www.visatravel.fr\/product\/bresil-travail-assistance-technique-avec-ou-sans-contrat-de-travail\/#breadcrumb\",\"itemListElement\":[{\"@type\":\"ListItem\",\"position\":1,\"name\":\"Home\",\"item\":\"https:\/\/www.visatravel.fr\/en\/\"},{\"@type\":\"ListItem\",\"position\":2,\"name\":\"Products\",\"item\":\"https:\/\/www.visatravel.fr\/en\/shop\/\"},{\"@type\":\"ListItem\",\"position\":3,\"name\":\"Br\u00e9sil &#8211; Travail, Assistance technique (avec ou sans contrat de travail) &#8211; Visa Temp V\"}]},{\"@type\":\"WebSite\",\"@id\":\"https:\/\/www.visatravel.fr\/en\/#website\",\"url\":\"https:\/\/www.visatravel.fr\/en\/\",\"name\":\"Visa Travel International\",\"description\":\"Visa Travel International est une soci\u00e9t\u00e9 fran\u00e7aise d\u00e9di\u00e9e \u00e0 la mobilit\u00e9 dans le monde, dirig\u00e9e par des professionnels du tourisme \u00e0 votre \u00e9coute.\",\"potentialAction\":[{\"@type\":\"SearchAction\",\"target\":{\"@type\":\"EntryPoint\",\"urlTemplate\":\"https:\/\/www.visatravel.fr\/en\/?s={search_term_string}\"},\"query-input\":\"required name=search_term_string\"}],\"inLanguage\":\"en-US\"}]}<\/script>\n<!-- \/ Yoast SEO plugin. -->","yoast_head_json":{"title":"Br\u00e9sil - Travail, Assistance technique (avec ou sans contrat de travail) - Visa Temp V - Visa Travel International","robots":{"index":"index","follow":"follow","max-snippet":"max-snippet:-1","max-image-preview":"max-image-preview:large","max-video-preview":"max-video-preview:-1"},"canonical":"https:\/\/www.visatravel.fr\/product\/bresil-travail-assistance-technique-avec-ou-sans-contrat-de-travail\/","og_locale":"en_US","og_type":"article","og_title":"Br\u00e9sil - Travail, Assistance technique (avec ou sans contrat de travail) - Visa Temp V - Visa Travel International","og_description":"Travail, Assistance technique (avec ou sans contrat de travail), \u00e9migr\u00e9 avec contrat de travail br\u00e9silien, stagiaire aupr\u00e8s d'entreprises*, membre de l'\u00e9quipage d'un navire * D'apr\u00e8s la RN (\"Resolu\u00e7\u00e3o Normativa\" du Conseil National d'Immigration - CNI) 42\/99, Le VITEM V ne s'applique qu'au stagiaire sous contrat avec une entreprise en France, pour un stage aupr\u00e8s d'une subsidiaire ou filiale br\u00e9silienne, pay\u00e9 par une source de l'\u00e9tranger.  Les documents \u00e0 fournir via ce lien.","og_url":"https:\/\/www.visatravel.fr\/product\/bresil-travail-assistance-technique-avec-ou-sans-contrat-de-travail\/","og_site_name":"Visa Travel International","article_modified_time":"2026-02-13T12:00:13+00:00","twitter_card":"summary_large_image","twitter_misc":{"Est. reading time":"1 minute"},"schema":{"@context":"https:\/\/schema.org","@graph":[{"@type":"WebPage","@id":"https:\/\/www.visatravel.fr\/product\/bresil-travail-assistance-technique-avec-ou-sans-contrat-de-travail\/","url":"https:\/\/www.visatravel.fr\/product\/bresil-travail-assistance-technique-avec-ou-sans-contrat-de-travail\/","name":"Br\u00e9sil - Travail, Assistance technique (avec ou sans contrat de travail) - Visa Temp V - Visa Travel International","isPartOf":{"@id":"https:\/\/www.visatravel.fr\/en\/#website"},"datePublished":"2021-01-27T09:16:11+00:00","dateModified":"2026-02-13T12:00:13+00:00","breadcrumb":{"@id":"https:\/\/www.visatravel.fr\/product\/bresil-travail-assistance-technique-avec-ou-sans-contrat-de-travail\/#breadcrumb"},"inLanguage":"en-US","potentialAction":[{"@type":"ReadAction","target":["https:\/\/www.visatravel.fr\/product\/bresil-travail-assistance-technique-avec-ou-sans-contrat-de-travail\/"]}]},{"@type":"BreadcrumbList","@id":"https:\/\/www.visatravel.fr\/product\/bresil-travail-assistance-technique-avec-ou-sans-contrat-de-travail\/#breadcrumb","itemListElement":[{"@type":"ListItem","position":1,"name":"Home","item":"https:\/\/www.visatravel.fr\/en\/"},{"@type":"ListItem","position":2,"name":"Products","item":"https:\/\/www.visatravel.fr\/en\/shop\/"},{"@type":"ListItem","position":3,"name":"Br\u00e9sil &#8211; Travail, Assistance technique (avec ou sans contrat de travail) &#8211; Visa Temp V"}]},{"@type":"WebSite","@id":"https:\/\/www.visatravel.fr\/en\/#website","url":"https:\/\/www.visatravel.fr\/en\/","name":"Visa Travel International","description":"Visa Travel International est une soci\u00e9t\u00e9 fran\u00e7aise d\u00e9di\u00e9e \u00e0 la mobilit\u00e9 dans le monde, dirig\u00e9e par des professionnels du tourisme \u00e0 votre \u00e9coute.","potentialAction":[{"@type":"SearchAction","target":{"@type":"EntryPoint","urlTemplate":"https:\/\/www.visatravel.fr\/en\/?s={search_term_string}"},"query-input":"required name=search_term_string"}],"inLanguage":"en-US"}]}},"_links":{"self":[{"href":"https:\/\/www.visatravel.fr\/en\/wp-json\/wp\/v2\/product\/256297"}],"collection":[{"href":"https:\/\/www.visatravel.fr\/en\/wp-json\/wp\/v2\/product"}],"about":[{"href":"https:\/\/www.visatravel.fr\/en\/wp-json\/wp\/v2\/types\/product"}],"wp:attachment":[{"href":"https:\/\/www.visatravel.fr\/en\/wp-json\/wp\/v2\/media?parent=256297"}],"wp:term":[{"taxonomy":"product_cat","embeddable":true,"href":"https:\/\/www.visatravel.fr\/en\/wp-json\/wp\/v2\/product_cat?post=256297"},{"taxonomy":"product_tag","embeddable":true,"href":"https:\/\/www.visatravel.fr\/en\/wp-json\/wp\/v2\/product_tag?post=256297"}],"curies":[{"name":"wp","href":"https:\/\/api.w.org\/{rel}","templated":true}]}}