{"id":256292,"date":"2021-01-27T09:16:11","date_gmt":"2021-01-27T09:16:11","guid":{"rendered":"https:\/\/vti.95.179.213.57.altelis.com\/product\/bresil-visa-de-visite-vivis\/"},"modified":"2026-03-30T09:41:16","modified_gmt":"2026-03-30T09:41:16","slug":"bresil-visa-de-visite-vivis","status":"publish","type":"product","link":"https:\/\/www.visatravel.fr\/en\/product\/bresil-visa-de-visite-vivis\/","title":{"rendered":"Br\u00e9sil &#8211; Visa de Visite VIVIS"},"content":{"rendered":"<p>Tourisme; Visite de personne de la famille et\/ou amis; Transit; Conf\u00e9rences, s\u00e9minaires, foires, congr\u00e8s ou r\u00e9unions; Activit\u00e9s artistiques ou sportives (y compris des techniciens et d&#8217;autres professionnels qui, \u00e0 titre accessoire, participent \u00e0 l&#8217;activit\u00e9 de l&#8217;artiste ou du sportif); Service volontaire; \u00c9tudes, recherche, enseignement ou coop\u00e9ration scientifique; \u00c9v\u00e9nements d&#8217;entreprise; Couverture m\u00e9diatique ou tournage et reportage; Affaires (prospection commerciale, signature de contrats, audit); Membre d&#8217;\u00e9quipage d&#8217;un avion ou d&#8217;un navire; Adoption.<\/p>\n<p>Les documents \u00e0 fournir via ce <a href=\"http:\/\/cgparis.itamaraty.gov.br\/fr\/visa_de_visite.xml\" target=\"_blank\" rel=\"noopener noreferrer\">lien<\/a>.<\/p>\n","protected":false},"excerpt":{"rendered":"<p>Tourisme; Visite de personne de la famille et\/ou amis; Transit; Conf\u00e9rences, s\u00e9minaires, foires, congr\u00e8s ou r\u00e9unions; Activit\u00e9s artistiques ou sportives (y compris des techniciens et d&#8217;autres professionnels qui, \u00e0 titre accessoire, participent \u00e0 l&#8217;activit\u00e9 de l&#8217;artiste ou du sportif); Service volontaire; \u00c9tudes, recherche, enseignement ou coop\u00e9ration scientifique; \u00c9v\u00e9nements d&#8217;entreprise; Couverture m\u00e9diatique ou tournage et reportage; Affaires (prospection commerciale, signature de contrats, audit); Membre d&#8217;\u00e9quipage d&#8217;un avion ou d&#8217;un navire; Adoption.<\/p>\n<p>Les documents \u00e0 fournir via ce <a href=\"http:\/\/cgparis.itamaraty.gov.br\/fr\/visa_de_visite.xml\" target=\"_blank\" rel=\"noopener noreferrer\">lien<\/a>.<\/p>\n","protected":false},"featured_media":0,"template":"","meta":{"_et_pb_use_builder":"","_et_pb_old_content":"","_et_gb_content_width":""},"product_cat":[45],"product_tag":[605],"yoast_head":"<!-- This site is optimized with the Yoast SEO plugin v19.7.1 - https:\/\/yoast.com\/wordpress\/plugins\/seo\/ -->\n<title>Br\u00e9sil - Visa de Visite VIVIS - Visa Travel International<\/title>\n<meta name=\"robots\" content=\"index, follow, max-snippet:-1, max-image-preview:large, max-video-preview:-1\" \/>\n<link rel=\"canonical\" href=\"https:\/\/www.visatravel.fr\/product\/bresil-visa-de-visite-vivis\/\" \/>\n<meta property=\"og:locale\" content=\"en_US\" \/>\n<meta property=\"og:type\" content=\"article\" \/>\n<meta property=\"og:title\" content=\"Br\u00e9sil - Visa de Visite VIVIS - Visa Travel International\" \/>\n<meta property=\"og:description\" content=\"Tourisme; Visite de personne de la famille et\/ou amis; Transit; Conf\u00e9rences, s\u00e9minaires, foires, congr\u00e8s ou r\u00e9unions; Activit\u00e9s artistiques ou sportives (y compris des techniciens et d&#039;autres professionnels qui, \u00e0 titre accessoire, participent \u00e0 l&#039;activit\u00e9 de l&#039;artiste ou du sportif); Service volontaire; \u00c9tudes, recherche, enseignement ou coop\u00e9ration scientifique; \u00c9v\u00e9nements d&#039;entreprise; Couverture m\u00e9diatique ou tournage et reportage; Affaires (prospection commerciale, signature de contrats, audit); Membre d&#039;\u00e9quipage d&#039;un avion ou d&#039;un navire; Adoption.  Les documents \u00e0 fournir via ce lien.\" \/>\n<meta property=\"og:url\" content=\"https:\/\/www.visatravel.fr\/product\/bresil-visa-de-visite-vivis\/\" \/>\n<meta property=\"og:site_name\" content=\"Visa Travel International\" \/>\n<meta property=\"article:modified_time\" content=\"2026-03-30T09:41:16+00:00\" \/>\n<meta name=\"twitter:card\" content=\"summary_large_image\" \/>\n<meta name=\"twitter:label1\" content=\"Est. reading time\" \/>\n\t<meta name=\"twitter:data1\" content=\"1 minute\" \/>\n<script type=\"application\/ld+json\" class=\"yoast-schema-graph\">{\"@context\":\"https:\/\/schema.org\",\"@graph\":[{\"@type\":\"WebPage\",\"@id\":\"https:\/\/www.visatravel.fr\/product\/bresil-visa-de-visite-vivis\/\",\"url\":\"https:\/\/www.visatravel.fr\/product\/bresil-visa-de-visite-vivis\/\",\"name\":\"Br\u00e9sil - Visa de Visite VIVIS - Visa Travel International\",\"isPartOf\":{\"@id\":\"https:\/\/www.visatravel.fr\/en\/#website\"},\"datePublished\":\"2021-01-27T09:16:11+00:00\",\"dateModified\":\"2026-03-30T09:41:16+00:00\",\"breadcrumb\":{\"@id\":\"https:\/\/www.visatravel.fr\/product\/bresil-visa-de-visite-vivis\/#breadcrumb\"},\"inLanguage\":\"en-US\",\"potentialAction\":[{\"@type\":\"ReadAction\",\"target\":[\"https:\/\/www.visatravel.fr\/product\/bresil-visa-de-visite-vivis\/\"]}]},{\"@type\":\"BreadcrumbList\",\"@id\":\"https:\/\/www.visatravel.fr\/product\/bresil-visa-de-visite-vivis\/#breadcrumb\",\"itemListElement\":[{\"@type\":\"ListItem\",\"position\":1,\"name\":\"Home\",\"item\":\"https:\/\/www.visatravel.fr\/en\/\"},{\"@type\":\"ListItem\",\"position\":2,\"name\":\"Products\",\"item\":\"https:\/\/www.visatravel.fr\/en\/shop\/\"},{\"@type\":\"ListItem\",\"position\":3,\"name\":\"Br\u00e9sil &#8211; Visa de Visite VIVIS\"}]},{\"@type\":\"WebSite\",\"@id\":\"https:\/\/www.visatravel.fr\/en\/#website\",\"url\":\"https:\/\/www.visatravel.fr\/en\/\",\"name\":\"Visa Travel International\",\"description\":\"Visa Travel International est une soci\u00e9t\u00e9 fran\u00e7aise d\u00e9di\u00e9e \u00e0 la mobilit\u00e9 dans le monde, dirig\u00e9e par des professionnels du tourisme \u00e0 votre \u00e9coute.\",\"potentialAction\":[{\"@type\":\"SearchAction\",\"target\":{\"@type\":\"EntryPoint\",\"urlTemplate\":\"https:\/\/www.visatravel.fr\/en\/?s={search_term_string}\"},\"query-input\":\"required name=search_term_string\"}],\"inLanguage\":\"en-US\"}]}<\/script>\n<!-- \/ Yoast SEO plugin. -->","yoast_head_json":{"title":"Br\u00e9sil - Visa de Visite VIVIS - Visa Travel International","robots":{"index":"index","follow":"follow","max-snippet":"max-snippet:-1","max-image-preview":"max-image-preview:large","max-video-preview":"max-video-preview:-1"},"canonical":"https:\/\/www.visatravel.fr\/product\/bresil-visa-de-visite-vivis\/","og_locale":"en_US","og_type":"article","og_title":"Br\u00e9sil - Visa de Visite VIVIS - Visa Travel International","og_description":"Tourisme; Visite de personne de la famille et\/ou amis; Transit; Conf\u00e9rences, s\u00e9minaires, foires, congr\u00e8s ou r\u00e9unions; Activit\u00e9s artistiques ou sportives (y compris des techniciens et d'autres professionnels qui, \u00e0 titre accessoire, participent \u00e0 l'activit\u00e9 de l'artiste ou du sportif); Service volontaire; \u00c9tudes, recherche, enseignement ou coop\u00e9ration scientifique; \u00c9v\u00e9nements d'entreprise; Couverture m\u00e9diatique ou tournage et reportage; Affaires (prospection commerciale, signature de contrats, audit); Membre d'\u00e9quipage d'un avion ou d'un navire; Adoption.  Les documents \u00e0 fournir via ce lien.","og_url":"https:\/\/www.visatravel.fr\/product\/bresil-visa-de-visite-vivis\/","og_site_name":"Visa Travel International","article_modified_time":"2026-03-30T09:41:16+00:00","twitter_card":"summary_large_image","twitter_misc":{"Est. reading time":"1 minute"},"schema":{"@context":"https:\/\/schema.org","@graph":[{"@type":"WebPage","@id":"https:\/\/www.visatravel.fr\/product\/bresil-visa-de-visite-vivis\/","url":"https:\/\/www.visatravel.fr\/product\/bresil-visa-de-visite-vivis\/","name":"Br\u00e9sil - Visa de Visite VIVIS - Visa Travel International","isPartOf":{"@id":"https:\/\/www.visatravel.fr\/en\/#website"},"datePublished":"2021-01-27T09:16:11+00:00","dateModified":"2026-03-30T09:41:16+00:00","breadcrumb":{"@id":"https:\/\/www.visatravel.fr\/product\/bresil-visa-de-visite-vivis\/#breadcrumb"},"inLanguage":"en-US","potentialAction":[{"@type":"ReadAction","target":["https:\/\/www.visatravel.fr\/product\/bresil-visa-de-visite-vivis\/"]}]},{"@type":"BreadcrumbList","@id":"https:\/\/www.visatravel.fr\/product\/bresil-visa-de-visite-vivis\/#breadcrumb","itemListElement":[{"@type":"ListItem","position":1,"name":"Home","item":"https:\/\/www.visatravel.fr\/en\/"},{"@type":"ListItem","position":2,"name":"Products","item":"https:\/\/www.visatravel.fr\/en\/shop\/"},{"@type":"ListItem","position":3,"name":"Br\u00e9sil &#8211; Visa de Visite VIVIS"}]},{"@type":"WebSite","@id":"https:\/\/www.visatravel.fr\/en\/#website","url":"https:\/\/www.visatravel.fr\/en\/","name":"Visa Travel International","description":"Visa Travel International est une soci\u00e9t\u00e9 fran\u00e7aise d\u00e9di\u00e9e \u00e0 la mobilit\u00e9 dans le monde, dirig\u00e9e par des professionnels du tourisme \u00e0 votre \u00e9coute.","potentialAction":[{"@type":"SearchAction","target":{"@type":"EntryPoint","urlTemplate":"https:\/\/www.visatravel.fr\/en\/?s={search_term_string}"},"query-input":"required name=search_term_string"}],"inLanguage":"en-US"}]}},"_links":{"self":[{"href":"https:\/\/www.visatravel.fr\/en\/wp-json\/wp\/v2\/product\/256292"}],"collection":[{"href":"https:\/\/www.visatravel.fr\/en\/wp-json\/wp\/v2\/product"}],"about":[{"href":"https:\/\/www.visatravel.fr\/en\/wp-json\/wp\/v2\/types\/product"}],"wp:attachment":[{"href":"https:\/\/www.visatravel.fr\/en\/wp-json\/wp\/v2\/media?parent=256292"}],"wp:term":[{"taxonomy":"product_cat","embeddable":true,"href":"https:\/\/www.visatravel.fr\/en\/wp-json\/wp\/v2\/product_cat?post=256292"},{"taxonomy":"product_tag","embeddable":true,"href":"https:\/\/www.visatravel.fr\/en\/wp-json\/wp\/v2\/product_tag?post=256292"}],"curies":[{"name":"wp","href":"https:\/\/api.w.org\/{rel}","templated":true}]}}