{"id":252524,"date":"2021-01-04T10:51:27","date_gmt":"2021-01-04T10:51:27","guid":{"rendered":"https:\/\/vti.95.179.213.57.altelis.com\/product\/import-placeholder-for-330096\/"},"modified":"2026-02-27T16:08:25","modified_gmt":"2026-02-27T16:08:25","slug":"inde-business-visa-processing-time-between-48-hours-and-one-week","status":"publish","type":"product","link":"https:\/\/www.visatravel.fr\/en\/product\/inde-business-visa-processing-time-between-48-hours-and-one-week\/","title":{"rendered":"India &#8211; Business eVisa &#8211; Processing time between 5 and 10 days"},"content":{"rendered":"<p>This Visa has a minimum validity of three months for a minimum entry (the validity and the number of entries are to be defined in the file). The issuance of the Visa, its number of entries and its validity is at the discretion of the consulate.<\/p>\n","protected":false},"excerpt":{"rendered":"<p>This Visa has a minimum validity of three months for a minimum entry (the validity and the number of entries are to be defined in the file). The issuance of the Visa, its number of entries and its validity is at the discretion of the consulate.<\/p>\n","protected":false},"featured_media":0,"template":"","meta":{"_et_pb_use_builder":"","_et_pb_old_content":"","_et_gb_content_width":""},"product_cat":[48,318,623],"product_tag":[104],"yoast_head":"<!-- This site is optimized with the Yoast SEO plugin v19.7.1 - https:\/\/yoast.com\/wordpress\/plugins\/seo\/ -->\n<title>India - Business eVisa - Processing time between 5 and 10 days - Visa Travel International<\/title>\n<meta name=\"robots\" content=\"index, follow, max-snippet:-1, max-image-preview:large, max-video-preview:-1\" \/>\n<link rel=\"canonical\" href=\"https:\/\/www.visatravel.fr\/en\/product\/inde-business-visa-processing-time-between-48-hours-and-one-week\/\" \/>\n<meta property=\"og:locale\" content=\"en_US\" \/>\n<meta property=\"og:type\" content=\"article\" \/>\n<meta property=\"og:title\" content=\"India - Business eVisa - Processing time between 5 and 10 days - Visa Travel International\" \/>\n<meta property=\"og:description\" content=\"This Visa has a minimum validity of three months for a minimum entry (the validity and the number of entries are to be defined in the file). The issuance of the Visa, its number of entries and its validity is at the discretion of the consulate.\" \/>\n<meta property=\"og:url\" content=\"https:\/\/www.visatravel.fr\/en\/product\/inde-business-visa-processing-time-between-48-hours-and-one-week\/\" \/>\n<meta property=\"og:site_name\" content=\"Visa Travel International\" \/>\n<meta property=\"article:modified_time\" content=\"2026-02-27T16:08:25+00:00\" \/>\n<meta name=\"twitter:card\" content=\"summary_large_image\" \/>\n<meta name=\"twitter:label1\" content=\"Est. reading time\" \/>\n\t<meta name=\"twitter:data1\" content=\"1 minute\" \/>\n<script type=\"application\/ld+json\" class=\"yoast-schema-graph\">{\"@context\":\"https:\/\/schema.org\",\"@graph\":[{\"@type\":\"WebPage\",\"@id\":\"https:\/\/www.visatravel.fr\/en\/product\/inde-business-visa-processing-time-between-48-hours-and-one-week\/\",\"url\":\"https:\/\/www.visatravel.fr\/en\/product\/inde-business-visa-processing-time-between-48-hours-and-one-week\/\",\"name\":\"India - Business eVisa - Processing time between 5 and 10 days - Visa Travel International\",\"isPartOf\":{\"@id\":\"https:\/\/www.visatravel.fr\/en\/#website\"},\"datePublished\":\"2021-01-04T10:51:27+00:00\",\"dateModified\":\"2026-02-27T16:08:25+00:00\",\"breadcrumb\":{\"@id\":\"https:\/\/www.visatravel.fr\/en\/product\/inde-business-visa-processing-time-between-48-hours-and-one-week\/#breadcrumb\"},\"inLanguage\":\"en-US\",\"potentialAction\":[{\"@type\":\"ReadAction\",\"target\":[\"https:\/\/www.visatravel.fr\/en\/product\/inde-business-visa-processing-time-between-48-hours-and-one-week\/\"]}]},{\"@type\":\"BreadcrumbList\",\"@id\":\"https:\/\/www.visatravel.fr\/en\/product\/inde-business-visa-processing-time-between-48-hours-and-one-week\/#breadcrumb\",\"itemListElement\":[{\"@type\":\"ListItem\",\"position\":1,\"name\":\"Home\",\"item\":\"https:\/\/www.visatravel.fr\/en\/\"},{\"@type\":\"ListItem\",\"position\":2,\"name\":\"Products\",\"item\":\"https:\/\/www.visatravel.fr\/en\/shop\/\"},{\"@type\":\"ListItem\",\"position\":3,\"name\":\"India &#8211; Business eVisa &#8211; Processing time between 5 and 10 days\"}]},{\"@type\":\"WebSite\",\"@id\":\"https:\/\/www.visatravel.fr\/en\/#website\",\"url\":\"https:\/\/www.visatravel.fr\/en\/\",\"name\":\"Visa Travel International\",\"description\":\"Visa Travel International est une soci\u00e9t\u00e9 fran\u00e7aise d\u00e9di\u00e9e \u00e0 la mobilit\u00e9 dans le monde, dirig\u00e9e par des professionnels du tourisme \u00e0 votre \u00e9coute.\",\"potentialAction\":[{\"@type\":\"SearchAction\",\"target\":{\"@type\":\"EntryPoint\",\"urlTemplate\":\"https:\/\/www.visatravel.fr\/en\/?s={search_term_string}\"},\"query-input\":\"required name=search_term_string\"}],\"inLanguage\":\"en-US\"}]}<\/script>\n<!-- \/ Yoast SEO plugin. -->","yoast_head_json":{"title":"India - Business eVisa - Processing time between 5 and 10 days - Visa Travel International","robots":{"index":"index","follow":"follow","max-snippet":"max-snippet:-1","max-image-preview":"max-image-preview:large","max-video-preview":"max-video-preview:-1"},"canonical":"https:\/\/www.visatravel.fr\/en\/product\/inde-business-visa-processing-time-between-48-hours-and-one-week\/","og_locale":"en_US","og_type":"article","og_title":"India - Business eVisa - Processing time between 5 and 10 days - Visa Travel International","og_description":"This Visa has a minimum validity of three months for a minimum entry (the validity and the number of entries are to be defined in the file). The issuance of the Visa, its number of entries and its validity is at the discretion of the consulate.","og_url":"https:\/\/www.visatravel.fr\/en\/product\/inde-business-visa-processing-time-between-48-hours-and-one-week\/","og_site_name":"Visa Travel International","article_modified_time":"2026-02-27T16:08:25+00:00","twitter_card":"summary_large_image","twitter_misc":{"Est. reading time":"1 minute"},"schema":{"@context":"https:\/\/schema.org","@graph":[{"@type":"WebPage","@id":"https:\/\/www.visatravel.fr\/en\/product\/inde-business-visa-processing-time-between-48-hours-and-one-week\/","url":"https:\/\/www.visatravel.fr\/en\/product\/inde-business-visa-processing-time-between-48-hours-and-one-week\/","name":"India - Business eVisa - Processing time between 5 and 10 days - Visa Travel International","isPartOf":{"@id":"https:\/\/www.visatravel.fr\/en\/#website"},"datePublished":"2021-01-04T10:51:27+00:00","dateModified":"2026-02-27T16:08:25+00:00","breadcrumb":{"@id":"https:\/\/www.visatravel.fr\/en\/product\/inde-business-visa-processing-time-between-48-hours-and-one-week\/#breadcrumb"},"inLanguage":"en-US","potentialAction":[{"@type":"ReadAction","target":["https:\/\/www.visatravel.fr\/en\/product\/inde-business-visa-processing-time-between-48-hours-and-one-week\/"]}]},{"@type":"BreadcrumbList","@id":"https:\/\/www.visatravel.fr\/en\/product\/inde-business-visa-processing-time-between-48-hours-and-one-week\/#breadcrumb","itemListElement":[{"@type":"ListItem","position":1,"name":"Home","item":"https:\/\/www.visatravel.fr\/en\/"},{"@type":"ListItem","position":2,"name":"Products","item":"https:\/\/www.visatravel.fr\/en\/shop\/"},{"@type":"ListItem","position":3,"name":"India &#8211; Business eVisa &#8211; Processing time between 5 and 10 days"}]},{"@type":"WebSite","@id":"https:\/\/www.visatravel.fr\/en\/#website","url":"https:\/\/www.visatravel.fr\/en\/","name":"Visa Travel International","description":"Visa Travel International est une soci\u00e9t\u00e9 fran\u00e7aise d\u00e9di\u00e9e \u00e0 la mobilit\u00e9 dans le monde, dirig\u00e9e par des professionnels du tourisme \u00e0 votre \u00e9coute.","potentialAction":[{"@type":"SearchAction","target":{"@type":"EntryPoint","urlTemplate":"https:\/\/www.visatravel.fr\/en\/?s={search_term_string}"},"query-input":"required name=search_term_string"}],"inLanguage":"en-US"}]}},"_links":{"self":[{"href":"https:\/\/www.visatravel.fr\/en\/wp-json\/wp\/v2\/product\/252524"}],"collection":[{"href":"https:\/\/www.visatravel.fr\/en\/wp-json\/wp\/v2\/product"}],"about":[{"href":"https:\/\/www.visatravel.fr\/en\/wp-json\/wp\/v2\/types\/product"}],"wp:attachment":[{"href":"https:\/\/www.visatravel.fr\/en\/wp-json\/wp\/v2\/media?parent=252524"}],"wp:term":[{"taxonomy":"product_cat","embeddable":true,"href":"https:\/\/www.visatravel.fr\/en\/wp-json\/wp\/v2\/product_cat?post=252524"},{"taxonomy":"product_tag","embeddable":true,"href":"https:\/\/www.visatravel.fr\/en\/wp-json\/wp\/v2\/product_tag?post=252524"}],"curies":[{"name":"wp","href":"https:\/\/api.w.org\/{rel}","templated":true}]}}