{"id":252474,"date":"2021-01-04T10:51:07","date_gmt":"2021-01-04T10:51:07","guid":{"rendered":"https:\/\/vti.95.179.213.57.altelis.com\/product\/import-placeholder-for-330046\/"},"modified":"2026-03-09T14:26:03","modified_gmt":"2026-03-09T14:26:03","slug":"chine-72h-urgent-business-visa","status":"publish","type":"product","link":"https:\/\/www.visatravel.fr\/en\/product\/chine-72h-urgent-business-visa\/","title":{"rendered":"China &#8211; 72h Urgent Business Visa"},"content":{"rendered":"<p>This Visa has a minimum validity of three months for a minimum entry (the validity and the number of entries are to be defined in the file). The issuance of the Visa, its number of entries and its validity is at the discretion of the consulate.<\/p>\n","protected":false},"excerpt":{"rendered":"<p>This Visa has a minimum validity of three months for a minimum entry (the validity and the number of entries are to be defined in the file). The issuance of the Visa, its number of entries and its validity is at the discretion of the consulate.<\/p>\n","protected":false},"featured_media":0,"template":"","meta":{"_et_pb_use_builder":"","_et_pb_old_content":"","_et_gb_content_width":""},"product_cat":[48,47,45],"product_tag":[50],"yoast_head":"<!-- This site is optimized with the Yoast SEO plugin v19.7.1 - https:\/\/yoast.com\/wordpress\/plugins\/seo\/ -->\n<title>China - 72h Urgent Business Visa - Visa Travel International<\/title>\n<meta name=\"robots\" content=\"index, follow, max-snippet:-1, max-image-preview:large, max-video-preview:-1\" \/>\n<link rel=\"canonical\" href=\"https:\/\/www.visatravel.fr\/en\/product\/chine-72h-urgent-business-visa\/\" \/>\n<meta property=\"og:locale\" content=\"en_US\" \/>\n<meta property=\"og:type\" content=\"article\" \/>\n<meta property=\"og:title\" content=\"China - 72h Urgent Business Visa - Visa Travel International\" \/>\n<meta property=\"og:description\" content=\"This Visa has a minimum validity of three months for a minimum entry (the validity and the number of entries are to be defined in the file). The issuance of the Visa, its number of entries and its validity is at the discretion of the consulate.\" \/>\n<meta property=\"og:url\" content=\"https:\/\/www.visatravel.fr\/en\/product\/chine-72h-urgent-business-visa\/\" \/>\n<meta property=\"og:site_name\" content=\"Visa Travel International\" \/>\n<meta property=\"article:modified_time\" content=\"2026-03-09T14:26:03+00:00\" \/>\n<meta name=\"twitter:card\" content=\"summary_large_image\" \/>\n<meta name=\"twitter:label1\" content=\"Est. reading time\" \/>\n\t<meta name=\"twitter:data1\" content=\"1 minute\" \/>\n<script type=\"application\/ld+json\" class=\"yoast-schema-graph\">{\"@context\":\"https:\/\/schema.org\",\"@graph\":[{\"@type\":\"WebPage\",\"@id\":\"https:\/\/www.visatravel.fr\/en\/product\/chine-72h-urgent-business-visa\/\",\"url\":\"https:\/\/www.visatravel.fr\/en\/product\/chine-72h-urgent-business-visa\/\",\"name\":\"China - 72h Urgent Business Visa - Visa Travel International\",\"isPartOf\":{\"@id\":\"https:\/\/www.visatravel.fr\/en\/#website\"},\"datePublished\":\"2021-01-04T10:51:07+00:00\",\"dateModified\":\"2026-03-09T14:26:03+00:00\",\"breadcrumb\":{\"@id\":\"https:\/\/www.visatravel.fr\/en\/product\/chine-72h-urgent-business-visa\/#breadcrumb\"},\"inLanguage\":\"en-US\",\"potentialAction\":[{\"@type\":\"ReadAction\",\"target\":[\"https:\/\/www.visatravel.fr\/en\/product\/chine-72h-urgent-business-visa\/\"]}]},{\"@type\":\"BreadcrumbList\",\"@id\":\"https:\/\/www.visatravel.fr\/en\/product\/chine-72h-urgent-business-visa\/#breadcrumb\",\"itemListElement\":[{\"@type\":\"ListItem\",\"position\":1,\"name\":\"Home\",\"item\":\"https:\/\/www.visatravel.fr\/en\/\"},{\"@type\":\"ListItem\",\"position\":2,\"name\":\"Products\",\"item\":\"https:\/\/www.visatravel.fr\/en\/shop\/\"},{\"@type\":\"ListItem\",\"position\":3,\"name\":\"China &#8211; 72h Urgent Business Visa\"}]},{\"@type\":\"WebSite\",\"@id\":\"https:\/\/www.visatravel.fr\/en\/#website\",\"url\":\"https:\/\/www.visatravel.fr\/en\/\",\"name\":\"Visa Travel International\",\"description\":\"Visa Travel International est une soci\u00e9t\u00e9 fran\u00e7aise d\u00e9di\u00e9e \u00e0 la mobilit\u00e9 dans le monde, dirig\u00e9e par des professionnels du tourisme \u00e0 votre \u00e9coute.\",\"potentialAction\":[{\"@type\":\"SearchAction\",\"target\":{\"@type\":\"EntryPoint\",\"urlTemplate\":\"https:\/\/www.visatravel.fr\/en\/?s={search_term_string}\"},\"query-input\":\"required name=search_term_string\"}],\"inLanguage\":\"en-US\"}]}<\/script>\n<!-- \/ Yoast SEO plugin. -->","yoast_head_json":{"title":"China - 72h Urgent Business Visa - Visa Travel International","robots":{"index":"index","follow":"follow","max-snippet":"max-snippet:-1","max-image-preview":"max-image-preview:large","max-video-preview":"max-video-preview:-1"},"canonical":"https:\/\/www.visatravel.fr\/en\/product\/chine-72h-urgent-business-visa\/","og_locale":"en_US","og_type":"article","og_title":"China - 72h Urgent Business Visa - Visa Travel International","og_description":"This Visa has a minimum validity of three months for a minimum entry (the validity and the number of entries are to be defined in the file). The issuance of the Visa, its number of entries and its validity is at the discretion of the consulate.","og_url":"https:\/\/www.visatravel.fr\/en\/product\/chine-72h-urgent-business-visa\/","og_site_name":"Visa Travel International","article_modified_time":"2026-03-09T14:26:03+00:00","twitter_card":"summary_large_image","twitter_misc":{"Est. reading time":"1 minute"},"schema":{"@context":"https:\/\/schema.org","@graph":[{"@type":"WebPage","@id":"https:\/\/www.visatravel.fr\/en\/product\/chine-72h-urgent-business-visa\/","url":"https:\/\/www.visatravel.fr\/en\/product\/chine-72h-urgent-business-visa\/","name":"China - 72h Urgent Business Visa - Visa Travel International","isPartOf":{"@id":"https:\/\/www.visatravel.fr\/en\/#website"},"datePublished":"2021-01-04T10:51:07+00:00","dateModified":"2026-03-09T14:26:03+00:00","breadcrumb":{"@id":"https:\/\/www.visatravel.fr\/en\/product\/chine-72h-urgent-business-visa\/#breadcrumb"},"inLanguage":"en-US","potentialAction":[{"@type":"ReadAction","target":["https:\/\/www.visatravel.fr\/en\/product\/chine-72h-urgent-business-visa\/"]}]},{"@type":"BreadcrumbList","@id":"https:\/\/www.visatravel.fr\/en\/product\/chine-72h-urgent-business-visa\/#breadcrumb","itemListElement":[{"@type":"ListItem","position":1,"name":"Home","item":"https:\/\/www.visatravel.fr\/en\/"},{"@type":"ListItem","position":2,"name":"Products","item":"https:\/\/www.visatravel.fr\/en\/shop\/"},{"@type":"ListItem","position":3,"name":"China &#8211; 72h Urgent Business Visa"}]},{"@type":"WebSite","@id":"https:\/\/www.visatravel.fr\/en\/#website","url":"https:\/\/www.visatravel.fr\/en\/","name":"Visa Travel International","description":"Visa Travel International est une soci\u00e9t\u00e9 fran\u00e7aise d\u00e9di\u00e9e \u00e0 la mobilit\u00e9 dans le monde, dirig\u00e9e par des professionnels du tourisme \u00e0 votre \u00e9coute.","potentialAction":[{"@type":"SearchAction","target":{"@type":"EntryPoint","urlTemplate":"https:\/\/www.visatravel.fr\/en\/?s={search_term_string}"},"query-input":"required name=search_term_string"}],"inLanguage":"en-US"}]}},"_links":{"self":[{"href":"https:\/\/www.visatravel.fr\/en\/wp-json\/wp\/v2\/product\/252474"}],"collection":[{"href":"https:\/\/www.visatravel.fr\/en\/wp-json\/wp\/v2\/product"}],"about":[{"href":"https:\/\/www.visatravel.fr\/en\/wp-json\/wp\/v2\/types\/product"}],"wp:attachment":[{"href":"https:\/\/www.visatravel.fr\/en\/wp-json\/wp\/v2\/media?parent=252474"}],"wp:term":[{"taxonomy":"product_cat","embeddable":true,"href":"https:\/\/www.visatravel.fr\/en\/wp-json\/wp\/v2\/product_cat?post=252474"},{"taxonomy":"product_tag","embeddable":true,"href":"https:\/\/www.visatravel.fr\/en\/wp-json\/wp\/v2\/product_tag?post=252474"}],"curies":[{"name":"wp","href":"https:\/\/api.w.org\/{rel}","templated":true}]}}