{"id":252392,"date":"2021-01-04T10:49:05","date_gmt":"2021-01-04T10:49:05","guid":{"rendered":"https:\/\/vti.95.179.213.57.altelis.com\/product\/import-placeholder-for-330142\/"},"modified":"2026-02-13T12:00:07","modified_gmt":"2026-02-13T12:00:07","slug":"russie-visa-affaires-urgent-delai-de-traitement-compris-entre-48-et-72h","status":"publish","type":"product","link":"https:\/\/www.visatravel.fr\/en\/product\/russie-visa-affaires-urgent-delai-de-traitement-compris-entre-48-et-72h\/","title":{"rendered":"Russie &#8211; Visa Affaires Urgent &#8211; D\u00e9lai de traitement compris entre 48 et 72h"},"content":{"rendered":"<p>Ce Visa peut \u00eatre fait de date \u00e0 date (suivant les indications des documents propos\u00e9s)pour une demande de Visa simple entr\u00e9e ou peut avoir une validit\u00e9 sur une p\u00e9riode donn\u00e9e (g\u00e9n\u00e9ralement de trois mois \u00e0 un an), en simple ou multiples entr\u00e9es, toujours en rapport avec les documents propos\u00e9s.<\/p>\n","protected":false},"excerpt":{"rendered":"<p>Ce Visa peut \u00eatre fait de date \u00e0 date (suivant les indications des documents propos\u00e9s) pour une demande de Visa simple entr\u00e9e ou peut avoir une validit\u00e9 sur une p\u00e9riode donn\u00e9e (g\u00e9n\u00e9ralement de trois mois \u00e0 un an), en simple ou multiples entr\u00e9es, toujours en rapport avec les documents propos\u00e9s.<\/p>\n","protected":false},"featured_media":0,"template":"","meta":{"_et_pb_use_builder":"","_et_pb_old_content":"","_et_gb_content_width":""},"product_cat":[48,47,45],"product_tag":[52],"yoast_head":"<!-- This site is optimized with the Yoast SEO plugin v19.7.1 - https:\/\/yoast.com\/wordpress\/plugins\/seo\/ -->\n<title>Russie - Visa Affaires Urgent - D\u00e9lai de traitement compris entre 48 et 72h - Visa Travel International<\/title>\n<meta name=\"robots\" content=\"index, follow, max-snippet:-1, max-image-preview:large, max-video-preview:-1\" \/>\n<link rel=\"canonical\" href=\"https:\/\/www.visatravel.fr\/product\/russie-visa-affaires-urgent-delai-de-traitement-compris-entre-48-et-72h\/\" \/>\n<meta property=\"og:locale\" content=\"en_US\" \/>\n<meta property=\"og:type\" content=\"article\" \/>\n<meta property=\"og:title\" content=\"Russie - Visa Affaires Urgent - D\u00e9lai de traitement compris entre 48 et 72h - Visa Travel International\" \/>\n<meta property=\"og:description\" content=\"Ce Visa peut \u00eatre fait de date \u00e0 date (suivant les indications des documents propos\u00e9s) pour une demande de Visa simple entr\u00e9e ou peut avoir une validit\u00e9 sur une p\u00e9riode donn\u00e9e (g\u00e9n\u00e9ralement de trois mois \u00e0 un an), en simple ou multiples entr\u00e9es, toujours en rapport avec les documents propos\u00e9s.\" \/>\n<meta property=\"og:url\" content=\"https:\/\/www.visatravel.fr\/product\/russie-visa-affaires-urgent-delai-de-traitement-compris-entre-48-et-72h\/\" \/>\n<meta property=\"og:site_name\" content=\"Visa Travel International\" \/>\n<meta property=\"article:modified_time\" content=\"2026-02-13T12:00:07+00:00\" \/>\n<meta name=\"twitter:card\" content=\"summary_large_image\" \/>\n<meta name=\"twitter:label1\" content=\"Est. reading time\" \/>\n\t<meta name=\"twitter:data1\" content=\"1 minute\" \/>\n<script type=\"application\/ld+json\" class=\"yoast-schema-graph\">{\"@context\":\"https:\/\/schema.org\",\"@graph\":[{\"@type\":\"WebPage\",\"@id\":\"https:\/\/www.visatravel.fr\/product\/russie-visa-affaires-urgent-delai-de-traitement-compris-entre-48-et-72h\/\",\"url\":\"https:\/\/www.visatravel.fr\/product\/russie-visa-affaires-urgent-delai-de-traitement-compris-entre-48-et-72h\/\",\"name\":\"Russie - Visa Affaires Urgent - D\u00e9lai de traitement compris entre 48 et 72h - Visa Travel International\",\"isPartOf\":{\"@id\":\"https:\/\/www.visatravel.fr\/en\/#website\"},\"datePublished\":\"2021-01-04T10:49:05+00:00\",\"dateModified\":\"2026-02-13T12:00:07+00:00\",\"breadcrumb\":{\"@id\":\"https:\/\/www.visatravel.fr\/product\/russie-visa-affaires-urgent-delai-de-traitement-compris-entre-48-et-72h\/#breadcrumb\"},\"inLanguage\":\"en-US\",\"potentialAction\":[{\"@type\":\"ReadAction\",\"target\":[\"https:\/\/www.visatravel.fr\/product\/russie-visa-affaires-urgent-delai-de-traitement-compris-entre-48-et-72h\/\"]}]},{\"@type\":\"BreadcrumbList\",\"@id\":\"https:\/\/www.visatravel.fr\/product\/russie-visa-affaires-urgent-delai-de-traitement-compris-entre-48-et-72h\/#breadcrumb\",\"itemListElement\":[{\"@type\":\"ListItem\",\"position\":1,\"name\":\"Home\",\"item\":\"https:\/\/www.visatravel.fr\/en\/\"},{\"@type\":\"ListItem\",\"position\":2,\"name\":\"Products\",\"item\":\"https:\/\/www.visatravel.fr\/en\/shop\/\"},{\"@type\":\"ListItem\",\"position\":3,\"name\":\"Russie &#8211; Visa Affaires Urgent &#8211; D\u00e9lai de traitement compris entre 48 et 72h\"}]},{\"@type\":\"WebSite\",\"@id\":\"https:\/\/www.visatravel.fr\/en\/#website\",\"url\":\"https:\/\/www.visatravel.fr\/en\/\",\"name\":\"Visa Travel International\",\"description\":\"Visa Travel International est une soci\u00e9t\u00e9 fran\u00e7aise d\u00e9di\u00e9e \u00e0 la mobilit\u00e9 dans le monde, dirig\u00e9e par des professionnels du tourisme \u00e0 votre \u00e9coute.\",\"potentialAction\":[{\"@type\":\"SearchAction\",\"target\":{\"@type\":\"EntryPoint\",\"urlTemplate\":\"https:\/\/www.visatravel.fr\/en\/?s={search_term_string}\"},\"query-input\":\"required name=search_term_string\"}],\"inLanguage\":\"en-US\"}]}<\/script>\n<!-- \/ Yoast SEO plugin. -->","yoast_head_json":{"title":"Russie - Visa Affaires Urgent - D\u00e9lai de traitement compris entre 48 et 72h - Visa Travel International","robots":{"index":"index","follow":"follow","max-snippet":"max-snippet:-1","max-image-preview":"max-image-preview:large","max-video-preview":"max-video-preview:-1"},"canonical":"https:\/\/www.visatravel.fr\/product\/russie-visa-affaires-urgent-delai-de-traitement-compris-entre-48-et-72h\/","og_locale":"en_US","og_type":"article","og_title":"Russie - Visa Affaires Urgent - D\u00e9lai de traitement compris entre 48 et 72h - Visa Travel International","og_description":"Ce Visa peut \u00eatre fait de date \u00e0 date (suivant les indications des documents propos\u00e9s) pour une demande de Visa simple entr\u00e9e ou peut avoir une validit\u00e9 sur une p\u00e9riode donn\u00e9e (g\u00e9n\u00e9ralement de trois mois \u00e0 un an), en simple ou multiples entr\u00e9es, toujours en rapport avec les documents propos\u00e9s.","og_url":"https:\/\/www.visatravel.fr\/product\/russie-visa-affaires-urgent-delai-de-traitement-compris-entre-48-et-72h\/","og_site_name":"Visa Travel International","article_modified_time":"2026-02-13T12:00:07+00:00","twitter_card":"summary_large_image","twitter_misc":{"Est. reading time":"1 minute"},"schema":{"@context":"https:\/\/schema.org","@graph":[{"@type":"WebPage","@id":"https:\/\/www.visatravel.fr\/product\/russie-visa-affaires-urgent-delai-de-traitement-compris-entre-48-et-72h\/","url":"https:\/\/www.visatravel.fr\/product\/russie-visa-affaires-urgent-delai-de-traitement-compris-entre-48-et-72h\/","name":"Russie - Visa Affaires Urgent - D\u00e9lai de traitement compris entre 48 et 72h - Visa Travel International","isPartOf":{"@id":"https:\/\/www.visatravel.fr\/en\/#website"},"datePublished":"2021-01-04T10:49:05+00:00","dateModified":"2026-02-13T12:00:07+00:00","breadcrumb":{"@id":"https:\/\/www.visatravel.fr\/product\/russie-visa-affaires-urgent-delai-de-traitement-compris-entre-48-et-72h\/#breadcrumb"},"inLanguage":"en-US","potentialAction":[{"@type":"ReadAction","target":["https:\/\/www.visatravel.fr\/product\/russie-visa-affaires-urgent-delai-de-traitement-compris-entre-48-et-72h\/"]}]},{"@type":"BreadcrumbList","@id":"https:\/\/www.visatravel.fr\/product\/russie-visa-affaires-urgent-delai-de-traitement-compris-entre-48-et-72h\/#breadcrumb","itemListElement":[{"@type":"ListItem","position":1,"name":"Home","item":"https:\/\/www.visatravel.fr\/en\/"},{"@type":"ListItem","position":2,"name":"Products","item":"https:\/\/www.visatravel.fr\/en\/shop\/"},{"@type":"ListItem","position":3,"name":"Russie &#8211; Visa Affaires Urgent &#8211; D\u00e9lai de traitement compris entre 48 et 72h"}]},{"@type":"WebSite","@id":"https:\/\/www.visatravel.fr\/en\/#website","url":"https:\/\/www.visatravel.fr\/en\/","name":"Visa Travel International","description":"Visa Travel International est une soci\u00e9t\u00e9 fran\u00e7aise d\u00e9di\u00e9e \u00e0 la mobilit\u00e9 dans le monde, dirig\u00e9e par des professionnels du tourisme \u00e0 votre \u00e9coute.","potentialAction":[{"@type":"SearchAction","target":{"@type":"EntryPoint","urlTemplate":"https:\/\/www.visatravel.fr\/en\/?s={search_term_string}"},"query-input":"required name=search_term_string"}],"inLanguage":"en-US"}]}},"_links":{"self":[{"href":"https:\/\/www.visatravel.fr\/en\/wp-json\/wp\/v2\/product\/252392"}],"collection":[{"href":"https:\/\/www.visatravel.fr\/en\/wp-json\/wp\/v2\/product"}],"about":[{"href":"https:\/\/www.visatravel.fr\/en\/wp-json\/wp\/v2\/types\/product"}],"wp:attachment":[{"href":"https:\/\/www.visatravel.fr\/en\/wp-json\/wp\/v2\/media?parent=252392"}],"wp:term":[{"taxonomy":"product_cat","embeddable":true,"href":"https:\/\/www.visatravel.fr\/en\/wp-json\/wp\/v2\/product_cat?post=252392"},{"taxonomy":"product_tag","embeddable":true,"href":"https:\/\/www.visatravel.fr\/en\/wp-json\/wp\/v2\/product_tag?post=252392"}],"curies":[{"name":"wp","href":"https:\/\/api.w.org\/{rel}","templated":true}]}}