{"id":252346,"date":"2021-01-04T10:48:53","date_gmt":"2021-01-04T10:48:53","guid":{"rendered":"https:\/\/vti.95.179.213.57.altelis.com\/product\/import-placeholder-for-330095\/"},"modified":"2026-03-25T07:55:40","modified_gmt":"2026-03-25T07:55:40","slug":"guinee-conakry-visa-tourisme-multiples-entrees-delai-de-traitement-compris-entre-2-et-4-jours","status":"publish","type":"product","link":"https:\/\/www.visatravel.fr\/en\/product\/guinee-conakry-visa-tourisme-multiples-entrees-delai-de-traitement-compris-entre-2-et-4-jours\/","title":{"rendered":"Guin\u00e9e Conakry &#8211; eVisa Tourisme Multiples Entr\u00e9es &#8211; D\u00e9lai de traitement compris entre 2 et 4 jours"},"content":{"rendered":"<p>Ce Visa a une validit\u00e9 de 90 jours pour de multiples entr\u00e9es<\/p>\n","protected":false},"excerpt":{"rendered":"<p>Ce Visa a une validit\u00e9 de 90 jours pour de multiples entr\u00e9es.<\/p>\n","protected":false},"featured_media":0,"template":"","meta":{"_et_pb_use_builder":"","_et_pb_old_content":"","_et_gb_content_width":""},"product_cat":[49,45],"product_tag":[103],"yoast_head":"<!-- This site is optimized with the Yoast SEO plugin v19.7.1 - https:\/\/yoast.com\/wordpress\/plugins\/seo\/ -->\n<title>Guin\u00e9e Conakry - eVisa Tourisme Multiples Entr\u00e9es - D\u00e9lai de traitement compris entre 2 et 4 jours - Visa Travel International<\/title>\n<meta name=\"robots\" content=\"index, follow, max-snippet:-1, max-image-preview:large, max-video-preview:-1\" \/>\n<link rel=\"canonical\" href=\"https:\/\/www.visatravel.fr\/product\/guinee-conakry-visa-tourisme-multiples-entrees-delai-de-traitement-compris-entre-2-et-4-jours\/\" \/>\n<meta property=\"og:locale\" content=\"en_US\" \/>\n<meta property=\"og:type\" content=\"article\" \/>\n<meta property=\"og:title\" content=\"Guin\u00e9e Conakry - eVisa Tourisme Multiples Entr\u00e9es - D\u00e9lai de traitement compris entre 2 et 4 jours - Visa Travel International\" \/>\n<meta property=\"og:description\" content=\"Ce Visa a une validit\u00e9 de 90 jours pour de multiples entr\u00e9es.\" \/>\n<meta property=\"og:url\" content=\"https:\/\/www.visatravel.fr\/product\/guinee-conakry-visa-tourisme-multiples-entrees-delai-de-traitement-compris-entre-2-et-4-jours\/\" \/>\n<meta property=\"og:site_name\" content=\"Visa Travel International\" \/>\n<meta property=\"article:modified_time\" content=\"2026-03-25T07:55:40+00:00\" \/>\n<meta name=\"twitter:card\" content=\"summary_large_image\" \/>\n<meta name=\"twitter:label1\" content=\"Est. reading time\" \/>\n\t<meta name=\"twitter:data1\" content=\"1 minute\" \/>\n<script type=\"application\/ld+json\" class=\"yoast-schema-graph\">{\"@context\":\"https:\/\/schema.org\",\"@graph\":[{\"@type\":\"WebPage\",\"@id\":\"https:\/\/www.visatravel.fr\/product\/guinee-conakry-visa-tourisme-multiples-entrees-delai-de-traitement-compris-entre-2-et-4-jours\/\",\"url\":\"https:\/\/www.visatravel.fr\/product\/guinee-conakry-visa-tourisme-multiples-entrees-delai-de-traitement-compris-entre-2-et-4-jours\/\",\"name\":\"Guin\u00e9e Conakry - eVisa Tourisme Multiples Entr\u00e9es - D\u00e9lai de traitement compris entre 2 et 4 jours - Visa Travel International\",\"isPartOf\":{\"@id\":\"https:\/\/www.visatravel.fr\/en\/#website\"},\"datePublished\":\"2021-01-04T10:48:53+00:00\",\"dateModified\":\"2026-03-25T07:55:40+00:00\",\"breadcrumb\":{\"@id\":\"https:\/\/www.visatravel.fr\/product\/guinee-conakry-visa-tourisme-multiples-entrees-delai-de-traitement-compris-entre-2-et-4-jours\/#breadcrumb\"},\"inLanguage\":\"en-US\",\"potentialAction\":[{\"@type\":\"ReadAction\",\"target\":[\"https:\/\/www.visatravel.fr\/product\/guinee-conakry-visa-tourisme-multiples-entrees-delai-de-traitement-compris-entre-2-et-4-jours\/\"]}]},{\"@type\":\"BreadcrumbList\",\"@id\":\"https:\/\/www.visatravel.fr\/product\/guinee-conakry-visa-tourisme-multiples-entrees-delai-de-traitement-compris-entre-2-et-4-jours\/#breadcrumb\",\"itemListElement\":[{\"@type\":\"ListItem\",\"position\":1,\"name\":\"Home\",\"item\":\"https:\/\/www.visatravel.fr\/en\/\"},{\"@type\":\"ListItem\",\"position\":2,\"name\":\"Products\",\"item\":\"https:\/\/www.visatravel.fr\/en\/shop\/\"},{\"@type\":\"ListItem\",\"position\":3,\"name\":\"Guin\u00e9e Conakry &#8211; eVisa Tourisme Multiples Entr\u00e9es &#8211; D\u00e9lai de traitement compris entre 2 et 4 jours\"}]},{\"@type\":\"WebSite\",\"@id\":\"https:\/\/www.visatravel.fr\/en\/#website\",\"url\":\"https:\/\/www.visatravel.fr\/en\/\",\"name\":\"Visa Travel International\",\"description\":\"Visa Travel International est une soci\u00e9t\u00e9 fran\u00e7aise d\u00e9di\u00e9e \u00e0 la mobilit\u00e9 dans le monde, dirig\u00e9e par des professionnels du tourisme \u00e0 votre \u00e9coute.\",\"potentialAction\":[{\"@type\":\"SearchAction\",\"target\":{\"@type\":\"EntryPoint\",\"urlTemplate\":\"https:\/\/www.visatravel.fr\/en\/?s={search_term_string}\"},\"query-input\":\"required name=search_term_string\"}],\"inLanguage\":\"en-US\"}]}<\/script>\n<!-- \/ Yoast SEO plugin. -->","yoast_head_json":{"title":"Guin\u00e9e Conakry - eVisa Tourisme Multiples Entr\u00e9es - D\u00e9lai de traitement compris entre 2 et 4 jours - Visa Travel International","robots":{"index":"index","follow":"follow","max-snippet":"max-snippet:-1","max-image-preview":"max-image-preview:large","max-video-preview":"max-video-preview:-1"},"canonical":"https:\/\/www.visatravel.fr\/product\/guinee-conakry-visa-tourisme-multiples-entrees-delai-de-traitement-compris-entre-2-et-4-jours\/","og_locale":"en_US","og_type":"article","og_title":"Guin\u00e9e Conakry - eVisa Tourisme Multiples Entr\u00e9es - D\u00e9lai de traitement compris entre 2 et 4 jours - Visa Travel International","og_description":"Ce Visa a une validit\u00e9 de 90 jours pour de multiples entr\u00e9es.","og_url":"https:\/\/www.visatravel.fr\/product\/guinee-conakry-visa-tourisme-multiples-entrees-delai-de-traitement-compris-entre-2-et-4-jours\/","og_site_name":"Visa Travel International","article_modified_time":"2026-03-25T07:55:40+00:00","twitter_card":"summary_large_image","twitter_misc":{"Est. reading time":"1 minute"},"schema":{"@context":"https:\/\/schema.org","@graph":[{"@type":"WebPage","@id":"https:\/\/www.visatravel.fr\/product\/guinee-conakry-visa-tourisme-multiples-entrees-delai-de-traitement-compris-entre-2-et-4-jours\/","url":"https:\/\/www.visatravel.fr\/product\/guinee-conakry-visa-tourisme-multiples-entrees-delai-de-traitement-compris-entre-2-et-4-jours\/","name":"Guin\u00e9e Conakry - eVisa Tourisme Multiples Entr\u00e9es - D\u00e9lai de traitement compris entre 2 et 4 jours - Visa Travel International","isPartOf":{"@id":"https:\/\/www.visatravel.fr\/en\/#website"},"datePublished":"2021-01-04T10:48:53+00:00","dateModified":"2026-03-25T07:55:40+00:00","breadcrumb":{"@id":"https:\/\/www.visatravel.fr\/product\/guinee-conakry-visa-tourisme-multiples-entrees-delai-de-traitement-compris-entre-2-et-4-jours\/#breadcrumb"},"inLanguage":"en-US","potentialAction":[{"@type":"ReadAction","target":["https:\/\/www.visatravel.fr\/product\/guinee-conakry-visa-tourisme-multiples-entrees-delai-de-traitement-compris-entre-2-et-4-jours\/"]}]},{"@type":"BreadcrumbList","@id":"https:\/\/www.visatravel.fr\/product\/guinee-conakry-visa-tourisme-multiples-entrees-delai-de-traitement-compris-entre-2-et-4-jours\/#breadcrumb","itemListElement":[{"@type":"ListItem","position":1,"name":"Home","item":"https:\/\/www.visatravel.fr\/en\/"},{"@type":"ListItem","position":2,"name":"Products","item":"https:\/\/www.visatravel.fr\/en\/shop\/"},{"@type":"ListItem","position":3,"name":"Guin\u00e9e Conakry &#8211; eVisa Tourisme Multiples Entr\u00e9es &#8211; D\u00e9lai de traitement compris entre 2 et 4 jours"}]},{"@type":"WebSite","@id":"https:\/\/www.visatravel.fr\/en\/#website","url":"https:\/\/www.visatravel.fr\/en\/","name":"Visa Travel International","description":"Visa Travel International est une soci\u00e9t\u00e9 fran\u00e7aise d\u00e9di\u00e9e \u00e0 la mobilit\u00e9 dans le monde, dirig\u00e9e par des professionnels du tourisme \u00e0 votre \u00e9coute.","potentialAction":[{"@type":"SearchAction","target":{"@type":"EntryPoint","urlTemplate":"https:\/\/www.visatravel.fr\/en\/?s={search_term_string}"},"query-input":"required name=search_term_string"}],"inLanguage":"en-US"}]}},"_links":{"self":[{"href":"https:\/\/www.visatravel.fr\/en\/wp-json\/wp\/v2\/product\/252346"}],"collection":[{"href":"https:\/\/www.visatravel.fr\/en\/wp-json\/wp\/v2\/product"}],"about":[{"href":"https:\/\/www.visatravel.fr\/en\/wp-json\/wp\/v2\/types\/product"}],"wp:attachment":[{"href":"https:\/\/www.visatravel.fr\/en\/wp-json\/wp\/v2\/media?parent=252346"}],"wp:term":[{"taxonomy":"product_cat","embeddable":true,"href":"https:\/\/www.visatravel.fr\/en\/wp-json\/wp\/v2\/product_cat?post=252346"},{"taxonomy":"product_tag","embeddable":true,"href":"https:\/\/www.visatravel.fr\/en\/wp-json\/wp\/v2\/product_tag?post=252346"}],"curies":[{"name":"wp","href":"https:\/\/api.w.org\/{rel}","templated":true}]}}