{"id":252298,"date":"2021-01-04T10:48:33","date_gmt":"2021-01-04T10:48:33","guid":{"rendered":"https:\/\/vti.95.179.213.57.altelis.com\/product\/import-placeholder-for-330047\/"},"modified":"2026-02-13T11:59:38","modified_gmt":"2026-02-13T11:59:38","slug":"chine-visa-affaires-urgent-72h-avec-assistance-depot-empreintes","status":"publish","type":"product","link":"https:\/\/www.visatravel.fr\/en\/product\/chine-visa-affaires-urgent-72h-avec-assistance-depot-empreintes\/","title":{"rendered":"Chine &#8211; Visa Affaires Urgent 72h"},"content":{"rendered":"<p>Ce Visa a une validit\u00e9 minimum de trois mois pour une entr\u00e9e minimum (la validit\u00e9 ainsi que le nombre d&#8217;entr\u00e9es sont \u00e0 d\u00e9finir dans le dossier). La d\u00e9livrance du Visa, son nombre d&#8217;entr\u00e9es ainsi que sa validit\u00e9 reste \u00e0 la discr\u00e9tion du consulat.<\/p>\n","protected":false},"excerpt":{"rendered":"<p>Ce Visa a une validit\u00e9 minimum de trois mois pour une entr\u00e9e minimum (la validit\u00e9 ainsi que le nombre d&#8217;entr\u00e9es sont \u00e0 d\u00e9finir dans le dossier). La d\u00e9livrance du Visa, son nombre d&#8217;entr\u00e9es ainsi que sa validit\u00e9 reste \u00e0 la discr\u00e9tion du consulat.<\/p>\n","protected":false},"featured_media":0,"template":"","meta":{"_et_pb_use_builder":"","_et_pb_old_content":"","_et_gb_content_width":""},"product_cat":[48,47,45],"product_tag":[50],"yoast_head":"<!-- This site is optimized with the Yoast SEO plugin v19.7.1 - https:\/\/yoast.com\/wordpress\/plugins\/seo\/ -->\n<title>Chine - Visa Affaires Urgent 72h - Visa Travel International<\/title>\n<meta name=\"robots\" content=\"index, follow, max-snippet:-1, max-image-preview:large, max-video-preview:-1\" \/>\n<link rel=\"canonical\" href=\"https:\/\/www.visatravel.fr\/product\/chine-visa-affaires-urgent-72h-avec-assistance-depot-empreintes\/\" \/>\n<meta property=\"og:locale\" content=\"en_US\" \/>\n<meta property=\"og:type\" content=\"article\" \/>\n<meta property=\"og:title\" content=\"Chine - Visa Affaires Urgent 72h - Visa Travel International\" \/>\n<meta property=\"og:description\" content=\"Ce Visa a une validit\u00e9 minimum de trois mois pour une entr\u00e9e minimum (la validit\u00e9 ainsi que le nombre d&#039;entr\u00e9es sont \u00e0 d\u00e9finir dans le dossier). La d\u00e9livrance du Visa, son nombre d&#039;entr\u00e9es ainsi que sa validit\u00e9 reste \u00e0 la discr\u00e9tion du consulat.\" \/>\n<meta property=\"og:url\" content=\"https:\/\/www.visatravel.fr\/product\/chine-visa-affaires-urgent-72h-avec-assistance-depot-empreintes\/\" \/>\n<meta property=\"og:site_name\" content=\"Visa Travel International\" \/>\n<meta property=\"article:modified_time\" content=\"2026-02-13T11:59:38+00:00\" \/>\n<meta name=\"twitter:card\" content=\"summary_large_image\" \/>\n<meta name=\"twitter:label1\" content=\"Est. reading time\" \/>\n\t<meta name=\"twitter:data1\" content=\"1 minute\" \/>\n<script type=\"application\/ld+json\" class=\"yoast-schema-graph\">{\"@context\":\"https:\/\/schema.org\",\"@graph\":[{\"@type\":\"WebPage\",\"@id\":\"https:\/\/www.visatravel.fr\/product\/chine-visa-affaires-urgent-72h-avec-assistance-depot-empreintes\/\",\"url\":\"https:\/\/www.visatravel.fr\/product\/chine-visa-affaires-urgent-72h-avec-assistance-depot-empreintes\/\",\"name\":\"Chine - Visa Affaires Urgent 72h - Visa Travel International\",\"isPartOf\":{\"@id\":\"https:\/\/www.visatravel.fr\/en\/#website\"},\"datePublished\":\"2021-01-04T10:48:33+00:00\",\"dateModified\":\"2026-02-13T11:59:38+00:00\",\"breadcrumb\":{\"@id\":\"https:\/\/www.visatravel.fr\/product\/chine-visa-affaires-urgent-72h-avec-assistance-depot-empreintes\/#breadcrumb\"},\"inLanguage\":\"en-US\",\"potentialAction\":[{\"@type\":\"ReadAction\",\"target\":[\"https:\/\/www.visatravel.fr\/product\/chine-visa-affaires-urgent-72h-avec-assistance-depot-empreintes\/\"]}]},{\"@type\":\"BreadcrumbList\",\"@id\":\"https:\/\/www.visatravel.fr\/product\/chine-visa-affaires-urgent-72h-avec-assistance-depot-empreintes\/#breadcrumb\",\"itemListElement\":[{\"@type\":\"ListItem\",\"position\":1,\"name\":\"Home\",\"item\":\"https:\/\/www.visatravel.fr\/en\/\"},{\"@type\":\"ListItem\",\"position\":2,\"name\":\"Products\",\"item\":\"https:\/\/www.visatravel.fr\/en\/shop\/\"},{\"@type\":\"ListItem\",\"position\":3,\"name\":\"Chine &#8211; Visa Affaires Urgent 72h\"}]},{\"@type\":\"WebSite\",\"@id\":\"https:\/\/www.visatravel.fr\/en\/#website\",\"url\":\"https:\/\/www.visatravel.fr\/en\/\",\"name\":\"Visa Travel International\",\"description\":\"Visa Travel International est une soci\u00e9t\u00e9 fran\u00e7aise d\u00e9di\u00e9e \u00e0 la mobilit\u00e9 dans le monde, dirig\u00e9e par des professionnels du tourisme \u00e0 votre \u00e9coute.\",\"potentialAction\":[{\"@type\":\"SearchAction\",\"target\":{\"@type\":\"EntryPoint\",\"urlTemplate\":\"https:\/\/www.visatravel.fr\/en\/?s={search_term_string}\"},\"query-input\":\"required name=search_term_string\"}],\"inLanguage\":\"en-US\"}]}<\/script>\n<!-- \/ Yoast SEO plugin. -->","yoast_head_json":{"title":"Chine - Visa Affaires Urgent 72h - Visa Travel International","robots":{"index":"index","follow":"follow","max-snippet":"max-snippet:-1","max-image-preview":"max-image-preview:large","max-video-preview":"max-video-preview:-1"},"canonical":"https:\/\/www.visatravel.fr\/product\/chine-visa-affaires-urgent-72h-avec-assistance-depot-empreintes\/","og_locale":"en_US","og_type":"article","og_title":"Chine - Visa Affaires Urgent 72h - Visa Travel International","og_description":"Ce Visa a une validit\u00e9 minimum de trois mois pour une entr\u00e9e minimum (la validit\u00e9 ainsi que le nombre d'entr\u00e9es sont \u00e0 d\u00e9finir dans le dossier). La d\u00e9livrance du Visa, son nombre d'entr\u00e9es ainsi que sa validit\u00e9 reste \u00e0 la discr\u00e9tion du consulat.","og_url":"https:\/\/www.visatravel.fr\/product\/chine-visa-affaires-urgent-72h-avec-assistance-depot-empreintes\/","og_site_name":"Visa Travel International","article_modified_time":"2026-02-13T11:59:38+00:00","twitter_card":"summary_large_image","twitter_misc":{"Est. reading time":"1 minute"},"schema":{"@context":"https:\/\/schema.org","@graph":[{"@type":"WebPage","@id":"https:\/\/www.visatravel.fr\/product\/chine-visa-affaires-urgent-72h-avec-assistance-depot-empreintes\/","url":"https:\/\/www.visatravel.fr\/product\/chine-visa-affaires-urgent-72h-avec-assistance-depot-empreintes\/","name":"Chine - Visa Affaires Urgent 72h - Visa Travel International","isPartOf":{"@id":"https:\/\/www.visatravel.fr\/en\/#website"},"datePublished":"2021-01-04T10:48:33+00:00","dateModified":"2026-02-13T11:59:38+00:00","breadcrumb":{"@id":"https:\/\/www.visatravel.fr\/product\/chine-visa-affaires-urgent-72h-avec-assistance-depot-empreintes\/#breadcrumb"},"inLanguage":"en-US","potentialAction":[{"@type":"ReadAction","target":["https:\/\/www.visatravel.fr\/product\/chine-visa-affaires-urgent-72h-avec-assistance-depot-empreintes\/"]}]},{"@type":"BreadcrumbList","@id":"https:\/\/www.visatravel.fr\/product\/chine-visa-affaires-urgent-72h-avec-assistance-depot-empreintes\/#breadcrumb","itemListElement":[{"@type":"ListItem","position":1,"name":"Home","item":"https:\/\/www.visatravel.fr\/en\/"},{"@type":"ListItem","position":2,"name":"Products","item":"https:\/\/www.visatravel.fr\/en\/shop\/"},{"@type":"ListItem","position":3,"name":"Chine &#8211; Visa Affaires Urgent 72h"}]},{"@type":"WebSite","@id":"https:\/\/www.visatravel.fr\/en\/#website","url":"https:\/\/www.visatravel.fr\/en\/","name":"Visa Travel International","description":"Visa Travel International est une soci\u00e9t\u00e9 fran\u00e7aise d\u00e9di\u00e9e \u00e0 la mobilit\u00e9 dans le monde, dirig\u00e9e par des professionnels du tourisme \u00e0 votre \u00e9coute.","potentialAction":[{"@type":"SearchAction","target":{"@type":"EntryPoint","urlTemplate":"https:\/\/www.visatravel.fr\/en\/?s={search_term_string}"},"query-input":"required name=search_term_string"}],"inLanguage":"en-US"}]}},"_links":{"self":[{"href":"https:\/\/www.visatravel.fr\/en\/wp-json\/wp\/v2\/product\/252298"}],"collection":[{"href":"https:\/\/www.visatravel.fr\/en\/wp-json\/wp\/v2\/product"}],"about":[{"href":"https:\/\/www.visatravel.fr\/en\/wp-json\/wp\/v2\/types\/product"}],"wp:attachment":[{"href":"https:\/\/www.visatravel.fr\/en\/wp-json\/wp\/v2\/media?parent=252298"}],"wp:term":[{"taxonomy":"product_cat","embeddable":true,"href":"https:\/\/www.visatravel.fr\/en\/wp-json\/wp\/v2\/product_cat?post=252298"},{"taxonomy":"product_tag","embeddable":true,"href":"https:\/\/www.visatravel.fr\/en\/wp-json\/wp\/v2\/product_tag?post=252298"}],"curies":[{"name":"wp","href":"https:\/\/api.w.org\/{rel}","templated":true}]}}